{"id":618,"date":"2024-10-17T15:41:07","date_gmt":"2024-10-17T15:41:07","guid":{"rendered":"https:\/\/express-hotel-aosta.ms2.decms.eu\/?page_id=618"},"modified":"2024-12-06T13:56:39","modified_gmt":"2024-12-06T13:56:39","slug":"standard-doppelzimmer","status":"publish","type":"page","link":"https:\/\/www.hotelexpressaosta.it\/de\/zimmer\/zimmer-standard\/standard-doppelzimmer\/","title":{"rendered":"Standard Doppelzimmer"},"content":{"rendered":"<p>Das Standard-Doppelzimmer bietet eine einfache und komfortable Umgebung, ideal f\u00fcr eine oder zwei Personen, die im Herzen von Aosta nach Komfort suchen.<\/p>\n<p>Dank der gro\u00dfen Fenster ist es hell und mit einem Schreibtisch, einem Flachbildfernseher und einem Wasserkocher f\u00fcr Tee oder Kaffee ausgestattet.<\/p>\n<p>Der Holzboden und die schlichte Einrichtung sorgen f\u00fcr Komfort und Funktionalit\u00e4t, perfekt f\u00fcr Freizeit- oder Gesch\u00e4ftsreisen.<\/p>\n","protected":false},"excerpt":{"rendered":"<p>Das Standard-Doppelzimmer bietet eine einfache und komfortable Umgebung, ideal f\u00fcr eine oder zwei Personen, die im Herzen von Aosta nach Komfort suchen. Dank der gro\u00dfen Fenster ist es hell und mit einem Schreibtisch, einem Flachbildfernseher und einem Wasserkocher f\u00fcr Tee oder Kaffee ausgestattet. Der Holzboden und die schlichte Einrichtung sorgen f\u00fcr Komfort und Funktionalit\u00e4t, perfekt [&hellip;]<\/p>\n","protected":false},"author":12,"featured_media":1178,"parent":688,"menu_order":9,"comment_status":"closed","ping_status":"closed","template":"template-single-room.php","meta":{"footnotes":""},"class_list":["post-618","page","type-page","status-publish","has-post-thumbnail","hentry"],"yoast_head":"<!-- This site is optimized with the Yoast SEO plugin v27.3 - https:\/\/yoast.com\/product\/yoast-seo-wordpress\/ -->\n<title>Standard Doppelzimmer &#8211; Express Hotel Aosta<\/title>\n<meta name=\"description\" content=\"Das Standard-Doppelzimmer bietet eine einfache und komfortable Umgebung, ideal f\u00fcr eine oder zwei Personen, die im Herzen von Aosta nach Komfort suchen.  Dank der gro\u00dfen Fenster ist es hell und mit einem Schreibtisch, einem Flachbildfernseher und einem Wasserkocher f\u00fcr Tee oder Kaffee ausgestattet.  Der Holzboden und die schlichte Einrichtung sorgen f\u00fcr Komfort und Funktionalit\u00e4t, perfekt f\u00fcr Freizeit- oder Gesch\u00e4ftsreisen..\" \/>\n<meta name=\"robots\" content=\"index, follow, max-snippet:-1, max-image-preview:large, max-video-preview:-1\" \/>\n<link rel=\"canonical\" href=\"https:\/\/www.hotelexpressaosta.it\/de\/zimmer\/zimmer-standard\/standard-doppelzimmer\/\" \/>\n<meta property=\"og:locale\" content=\"de_DE\" \/>\n<meta property=\"og:type\" content=\"article\" \/>\n<meta property=\"og:title\" content=\"Standard Doppelzimmer &#8211; Express Hotel Aosta\" \/>\n<meta property=\"og:description\" content=\"Das Standard-Doppelzimmer bietet eine einfache und komfortable Umgebung, ideal f\u00fcr eine oder zwei Personen, die im Herzen von Aosta nach Komfort suchen.  Dank der gro\u00dfen Fenster ist es hell und mit einem Schreibtisch, einem Flachbildfernseher und einem Wasserkocher f\u00fcr Tee oder Kaffee ausgestattet.  Der Holzboden und die schlichte Einrichtung sorgen f\u00fcr Komfort und Funktionalit\u00e4t, perfekt f\u00fcr Freizeit- oder Gesch\u00e4ftsreisen..\" \/>\n<meta property=\"og:url\" content=\"https:\/\/www.hotelexpressaosta.it\/de\/zimmer\/zimmer-standard\/standard-doppelzimmer\/\" \/>\n<meta property=\"og:site_name\" content=\"Express Hotel Aosta\" \/>\n<meta property=\"article:publisher\" content=\"https:\/\/www.facebook.com\/ExpressAosta\" \/>\n<meta property=\"article:modified_time\" content=\"2024-12-06T13:56:39+00:00\" \/>\n<meta property=\"og:image\" content=\"https:\/\/www.hotelexpressaosta.it\/wp-content\/uploads\/sites\/171\/2024\/12\/Doppia-Standard-Twin.history2.jpg\" \/>\n\t<meta property=\"og:image:width\" content=\"644\" \/>\n\t<meta property=\"og:image:height\" content=\"475\" \/>\n\t<meta property=\"og:image:type\" content=\"image\/jpeg\" \/>\n<meta name=\"twitter:card\" content=\"summary_large_image\" \/>\n<meta name=\"twitter:site\" content=\"@hotelexpressao\" \/>\n<meta name=\"twitter:label1\" content=\"Gesch\u00e4tzte Lesezeit\" \/>\n\t<meta name=\"twitter:data1\" content=\"1 Minute\" \/>\n<script type=\"application\/ld+json\" class=\"yoast-schema-graph\">{\"@context\":\"https:\\\/\\\/schema.org\",\"@graph\":[{\"@type\":\"WebPage\",\"@id\":\"https:\\\/\\\/www.hotelexpressaosta.it\\\/de\\\/zimmer\\\/zimmer-standard\\\/standard-doppelzimmer\\\/\",\"url\":\"https:\\\/\\\/www.hotelexpressaosta.it\\\/de\\\/zimmer\\\/zimmer-standard\\\/standard-doppelzimmer\\\/\",\"name\":\"Standard Doppelzimmer &#8211; Express Hotel Aosta\",\"isPartOf\":{\"@id\":\"https:\\\/\\\/www.hotelexpressaosta.it\\\/de\\\/#website\"},\"primaryImageOfPage\":{\"@id\":\"https:\\\/\\\/www.hotelexpressaosta.it\\\/de\\\/zimmer\\\/zimmer-standard\\\/standard-doppelzimmer\\\/#primaryimage\"},\"image\":{\"@id\":\"https:\\\/\\\/www.hotelexpressaosta.it\\\/de\\\/zimmer\\\/zimmer-standard\\\/standard-doppelzimmer\\\/#primaryimage\"},\"thumbnailUrl\":\"https:\\\/\\\/www.hotelexpressaosta.it\\\/wp-content\\\/uploads\\\/sites\\\/171\\\/2025\\\/12\\\/Standard-10pro.jpeg\",\"datePublished\":\"2024-10-17T15:41:07+00:00\",\"dateModified\":\"2024-12-06T13:56:39+00:00\",\"description\":\"Das Standard-Doppelzimmer bietet eine einfache und komfortable Umgebung, ideal f\u00fcr eine oder zwei Personen, die im Herzen von Aosta nach Komfort suchen. Dank der gro\u00dfen Fenster ist es hell und mit einem Schreibtisch, einem Flachbildfernseher und einem Wasserkocher f\u00fcr Tee oder Kaffee ausgestattet. Der Holzboden und die schlichte Einrichtung sorgen f\u00fcr Komfort und Funktionalit\u00e4t, perfekt f\u00fcr Freizeit- oder Gesch\u00e4ftsreisen..\",\"breadcrumb\":{\"@id\":\"https:\\\/\\\/www.hotelexpressaosta.it\\\/de\\\/zimmer\\\/zimmer-standard\\\/standard-doppelzimmer\\\/#breadcrumb\"},\"inLanguage\":\"de-DE\",\"potentialAction\":[{\"@type\":\"ReadAction\",\"target\":[\"https:\\\/\\\/www.hotelexpressaosta.it\\\/de\\\/zimmer\\\/zimmer-standard\\\/standard-doppelzimmer\\\/\"]}]},{\"@type\":\"ImageObject\",\"inLanguage\":\"de-DE\",\"@id\":\"https:\\\/\\\/www.hotelexpressaosta.it\\\/de\\\/zimmer\\\/zimmer-standard\\\/standard-doppelzimmer\\\/#primaryimage\",\"url\":\"https:\\\/\\\/www.hotelexpressaosta.it\\\/wp-content\\\/uploads\\\/sites\\\/171\\\/2025\\\/12\\\/Standard-10pro.jpeg\",\"contentUrl\":\"https:\\\/\\\/www.hotelexpressaosta.it\\\/wp-content\\\/uploads\\\/sites\\\/171\\\/2025\\\/12\\\/Standard-10pro.jpeg\",\"width\":1595,\"height\":1200},{\"@type\":\"BreadcrumbList\",\"@id\":\"https:\\\/\\\/www.hotelexpressaosta.it\\\/de\\\/zimmer\\\/zimmer-standard\\\/standard-doppelzimmer\\\/#breadcrumb\",\"itemListElement\":[{\"@type\":\"ListItem\",\"position\":1,\"name\":\"Home\",\"item\":\"https:\\\/\\\/www.hotelexpressaosta.it\\\/de\\\/\"},{\"@type\":\"ListItem\",\"position\":2,\"name\":\"Zimmer\",\"item\":\"https:\\\/\\\/www.hotelexpressaosta.it\\\/de\\\/zimmer\\\/\"},{\"@type\":\"ListItem\",\"position\":3,\"name\":\"Zimmer Standard\",\"item\":\"https:\\\/\\\/www.hotelexpressaosta.it\\\/de\\\/zimmer\\\/zimmer-standard\\\/\"},{\"@type\":\"ListItem\",\"position\":4,\"name\":\"Standard Doppelzimmer\"}]},{\"@type\":\"WebSite\",\"@id\":\"https:\\\/\\\/www.hotelexpressaosta.it\\\/de\\\/#website\",\"url\":\"https:\\\/\\\/www.hotelexpressaosta.it\\\/de\\\/\",\"name\":\"Express Hotel Aosta\",\"description\":\"Express Hotel im Herzen von Aosta gelegen\",\"publisher\":{\"@id\":\"https:\\\/\\\/www.hotelexpressaosta.it\\\/de\\\/#organization\"},\"alternateName\":\"Express Hotel Aosta\",\"potentialAction\":[{\"@type\":\"SearchAction\",\"target\":{\"@type\":\"EntryPoint\",\"urlTemplate\":\"https:\\\/\\\/www.hotelexpressaosta.it\\\/de\\\/?s={search_term_string}\"},\"query-input\":{\"@type\":\"PropertyValueSpecification\",\"valueRequired\":true,\"valueName\":\"search_term_string\"}}],\"inLanguage\":\"de-DE\"},{\"@type\":\"Organization\",\"@id\":\"https:\\\/\\\/www.hotelexpressaosta.it\\\/de\\\/#organization\",\"name\":\"Express Hotel Aosta\",\"alternateName\":\"Express Hotel Aosta\",\"url\":\"https:\\\/\\\/www.hotelexpressaosta.it\\\/de\\\/\",\"logo\":{\"@type\":\"ImageObject\",\"inLanguage\":\"de-DE\",\"@id\":\"https:\\\/\\\/www.hotelexpressaosta.it\\\/de\\\/#\\\/schema\\\/logo\\\/image\\\/\",\"url\":\"https:\\\/\\\/www.hotelexpressaosta.it\\\/wp-content\\\/uploads\\\/sites\\\/171\\\/2024\\\/10\\\/1-logo-express.png\",\"contentUrl\":\"https:\\\/\\\/www.hotelexpressaosta.it\\\/wp-content\\\/uploads\\\/sites\\\/171\\\/2024\\\/10\\\/1-logo-express.png\",\"width\":250,\"height\":77,\"caption\":\"Express Hotel Aosta\"},\"image\":{\"@id\":\"https:\\\/\\\/www.hotelexpressaosta.it\\\/de\\\/#\\\/schema\\\/logo\\\/image\\\/\"},\"sameAs\":[\"https:\\\/\\\/www.facebook.com\\\/ExpressAosta\",\"https:\\\/\\\/x.com\\\/hotelexpressao\"]}]}<\/script>\n<!-- \/ Yoast SEO plugin. -->","yoast_head_json":{"title":"Standard Doppelzimmer &#8211; Express Hotel Aosta","description":"Das Standard-Doppelzimmer bietet eine einfache und komfortable Umgebung, ideal f\u00fcr eine oder zwei Personen, die im Herzen von Aosta nach Komfort suchen.  Dank der gro\u00dfen Fenster ist es hell und mit einem Schreibtisch, einem Flachbildfernseher und einem Wasserkocher f\u00fcr Tee oder Kaffee ausgestattet.  Der Holzboden und die schlichte Einrichtung sorgen f\u00fcr Komfort und Funktionalit\u00e4t, perfekt f\u00fcr Freizeit- oder Gesch\u00e4ftsreisen..","robots":{"index":"index","follow":"follow","max-snippet":"max-snippet:-1","max-image-preview":"max-image-preview:large","max-video-preview":"max-video-preview:-1"},"canonical":"https:\/\/www.hotelexpressaosta.it\/de\/zimmer\/zimmer-standard\/standard-doppelzimmer\/","og_locale":"de_DE","og_type":"article","og_title":"Standard Doppelzimmer &#8211; Express Hotel Aosta","og_description":"Das Standard-Doppelzimmer bietet eine einfache und komfortable Umgebung, ideal f\u00fcr eine oder zwei Personen, die im Herzen von Aosta nach Komfort suchen.  Dank der gro\u00dfen Fenster ist es hell und mit einem Schreibtisch, einem Flachbildfernseher und einem Wasserkocher f\u00fcr Tee oder Kaffee ausgestattet.  Der Holzboden und die schlichte Einrichtung sorgen f\u00fcr Komfort und Funktionalit\u00e4t, perfekt f\u00fcr Freizeit- oder Gesch\u00e4ftsreisen..","og_url":"https:\/\/www.hotelexpressaosta.it\/de\/zimmer\/zimmer-standard\/standard-doppelzimmer\/","og_site_name":"Express Hotel Aosta","article_publisher":"https:\/\/www.facebook.com\/ExpressAosta","article_modified_time":"2024-12-06T13:56:39+00:00","og_image":[{"width":644,"height":475,"url":"https:\/\/www.hotelexpressaosta.it\/wp-content\/uploads\/sites\/171\/2024\/12\/Doppia-Standard-Twin.history2.jpg","type":"image\/jpeg"}],"twitter_card":"summary_large_image","twitter_site":"@hotelexpressao","twitter_misc":{"Gesch\u00e4tzte Lesezeit":"1 Minute"},"schema":{"@context":"https:\/\/schema.org","@graph":[{"@type":"WebPage","@id":"https:\/\/www.hotelexpressaosta.it\/de\/zimmer\/zimmer-standard\/standard-doppelzimmer\/","url":"https:\/\/www.hotelexpressaosta.it\/de\/zimmer\/zimmer-standard\/standard-doppelzimmer\/","name":"Standard Doppelzimmer &#8211; Express Hotel Aosta","isPartOf":{"@id":"https:\/\/www.hotelexpressaosta.it\/de\/#website"},"primaryImageOfPage":{"@id":"https:\/\/www.hotelexpressaosta.it\/de\/zimmer\/zimmer-standard\/standard-doppelzimmer\/#primaryimage"},"image":{"@id":"https:\/\/www.hotelexpressaosta.it\/de\/zimmer\/zimmer-standard\/standard-doppelzimmer\/#primaryimage"},"thumbnailUrl":"https:\/\/www.hotelexpressaosta.it\/wp-content\/uploads\/sites\/171\/2025\/12\/Standard-10pro.jpeg","datePublished":"2024-10-17T15:41:07+00:00","dateModified":"2024-12-06T13:56:39+00:00","description":"Das Standard-Doppelzimmer bietet eine einfache und komfortable Umgebung, ideal f\u00fcr eine oder zwei Personen, die im Herzen von Aosta nach Komfort suchen. Dank der gro\u00dfen Fenster ist es hell und mit einem Schreibtisch, einem Flachbildfernseher und einem Wasserkocher f\u00fcr Tee oder Kaffee ausgestattet. Der Holzboden und die schlichte Einrichtung sorgen f\u00fcr Komfort und Funktionalit\u00e4t, perfekt f\u00fcr Freizeit- oder Gesch\u00e4ftsreisen..","breadcrumb":{"@id":"https:\/\/www.hotelexpressaosta.it\/de\/zimmer\/zimmer-standard\/standard-doppelzimmer\/#breadcrumb"},"inLanguage":"de-DE","potentialAction":[{"@type":"ReadAction","target":["https:\/\/www.hotelexpressaosta.it\/de\/zimmer\/zimmer-standard\/standard-doppelzimmer\/"]}]},{"@type":"ImageObject","inLanguage":"de-DE","@id":"https:\/\/www.hotelexpressaosta.it\/de\/zimmer\/zimmer-standard\/standard-doppelzimmer\/#primaryimage","url":"https:\/\/www.hotelexpressaosta.it\/wp-content\/uploads\/sites\/171\/2025\/12\/Standard-10pro.jpeg","contentUrl":"https:\/\/www.hotelexpressaosta.it\/wp-content\/uploads\/sites\/171\/2025\/12\/Standard-10pro.jpeg","width":1595,"height":1200},{"@type":"BreadcrumbList","@id":"https:\/\/www.hotelexpressaosta.it\/de\/zimmer\/zimmer-standard\/standard-doppelzimmer\/#breadcrumb","itemListElement":[{"@type":"ListItem","position":1,"name":"Home","item":"https:\/\/www.hotelexpressaosta.it\/de\/"},{"@type":"ListItem","position":2,"name":"Zimmer","item":"https:\/\/www.hotelexpressaosta.it\/de\/zimmer\/"},{"@type":"ListItem","position":3,"name":"Zimmer Standard","item":"https:\/\/www.hotelexpressaosta.it\/de\/zimmer\/zimmer-standard\/"},{"@type":"ListItem","position":4,"name":"Standard Doppelzimmer"}]},{"@type":"WebSite","@id":"https:\/\/www.hotelexpressaosta.it\/de\/#website","url":"https:\/\/www.hotelexpressaosta.it\/de\/","name":"Express Hotel Aosta","description":"Express Hotel im Herzen von Aosta gelegen","publisher":{"@id":"https:\/\/www.hotelexpressaosta.it\/de\/#organization"},"alternateName":"Express Hotel Aosta","potentialAction":[{"@type":"SearchAction","target":{"@type":"EntryPoint","urlTemplate":"https:\/\/www.hotelexpressaosta.it\/de\/?s={search_term_string}"},"query-input":{"@type":"PropertyValueSpecification","valueRequired":true,"valueName":"search_term_string"}}],"inLanguage":"de-DE"},{"@type":"Organization","@id":"https:\/\/www.hotelexpressaosta.it\/de\/#organization","name":"Express Hotel Aosta","alternateName":"Express Hotel Aosta","url":"https:\/\/www.hotelexpressaosta.it\/de\/","logo":{"@type":"ImageObject","inLanguage":"de-DE","@id":"https:\/\/www.hotelexpressaosta.it\/de\/#\/schema\/logo\/image\/","url":"https:\/\/www.hotelexpressaosta.it\/wp-content\/uploads\/sites\/171\/2024\/10\/1-logo-express.png","contentUrl":"https:\/\/www.hotelexpressaosta.it\/wp-content\/uploads\/sites\/171\/2024\/10\/1-logo-express.png","width":250,"height":77,"caption":"Express Hotel Aosta"},"image":{"@id":"https:\/\/www.hotelexpressaosta.it\/de\/#\/schema\/logo\/image\/"},"sameAs":["https:\/\/www.facebook.com\/ExpressAosta","https:\/\/x.com\/hotelexpressao"]}]}},"acf":[],"_links":{"self":[{"href":"https:\/\/www.hotelexpressaosta.it\/de\/wp-json\/wp\/v2\/pages\/618","targetHints":{"allow":["GET"]}}],"collection":[{"href":"https:\/\/www.hotelexpressaosta.it\/de\/wp-json\/wp\/v2\/pages"}],"about":[{"href":"https:\/\/www.hotelexpressaosta.it\/de\/wp-json\/wp\/v2\/types\/page"}],"author":[{"embeddable":true,"href":"https:\/\/www.hotelexpressaosta.it\/de\/wp-json\/wp\/v2\/users\/12"}],"replies":[{"embeddable":true,"href":"https:\/\/www.hotelexpressaosta.it\/de\/wp-json\/wp\/v2\/comments?post=618"}],"version-history":[{"count":0,"href":"https:\/\/www.hotelexpressaosta.it\/de\/wp-json\/wp\/v2\/pages\/618\/revisions"}],"up":[{"embeddable":true,"href":"https:\/\/www.hotelexpressaosta.it\/de\/wp-json\/wp\/v2\/pages\/688"}],"wp:featuredmedia":[{"embeddable":true,"href":"https:\/\/www.hotelexpressaosta.it\/de\/wp-json\/wp\/v2\/media\/1178"}],"wp:attachment":[{"href":"https:\/\/www.hotelexpressaosta.it\/de\/wp-json\/wp\/v2\/media?parent=618"}],"curies":[{"name":"wp","href":"https:\/\/api.w.org\/{rel}","templated":true}]}}