{"id":636,"date":"2024-10-01T12:06:42","date_gmt":"2024-10-01T12:06:42","guid":{"rendered":"https:\/\/express-hotel-aosta.ms2.decms.eu\/servizi\/"},"modified":"2024-12-30T09:29:19","modified_gmt":"2024-12-30T09:29:19","slug":"service","status":"publish","type":"page","link":"https:\/\/www.hotelexpressaosta.it\/de\/service\/","title":{"rendered":"Dienstleistungen"},"content":{"rendered":"<p><strong>Das Express Hotel,<\/strong> im Herzen von Aosta gelegen, ist der ideale Ort f\u00fcr alle, die w\u00e4hrend ihres Aufenthalts Komfort, Praktikabilit\u00e4t und einen tadellosen Service suchen. Wir bieten eine vollst\u00e4ndige Palette an Dienstleistungen, die darauf ausgerichtet sind, unseren G\u00e4sten ein unvergessliches Erlebnis zu garantieren.<\/p>\n","protected":false},"excerpt":{"rendered":"<p>Das Express Hotel, im Herzen von Aosta gelegen, ist der ideale Ort f\u00fcr alle, die w\u00e4hrend ihres Aufenthalts Komfort, Praktikabilit\u00e4t und einen tadellosen Service suchen. Wir bieten eine vollst\u00e4ndige Palette an Dienstleistungen, die darauf ausgerichtet sind, unseren G\u00e4sten ein unvergessliches Erlebnis zu garantieren.<\/p>\n","protected":false},"author":12,"featured_media":373,"parent":0,"menu_order":75,"comment_status":"closed","ping_status":"closed","template":"template-services.php","meta":{"footnotes":""},"yoast_head":"<!-- This site is optimized with the Yoast SEO plugin v22.3 - https:\/\/yoast.com\/wordpress\/plugins\/seo\/ -->\n<title>Dienstleistungen &#8211; Express Hotel Aosta<\/title>\n<meta name=\"description\" content=\"Das Express Hotel, im Herzen von Aosta gelegen, ist der ideale Ort f\u00fcr alle, die w\u00e4hrend ihres Aufenthalts Komfort, Praktikabilit\u00e4t und einen tadellosen Service suchen. Wir bieten eine vollst\u00e4ndige Palette an Dienstleistungen, die darauf ausgerichtet sind, unseren G\u00e4sten ein unvergessliches Erlebnis zu garantieren.\" \/>\n<meta name=\"robots\" content=\"index, follow, max-snippet:-1, max-image-preview:large, max-video-preview:-1\" \/>\n<link rel=\"canonical\" href=\"https:\/\/www.hotelexpressaosta.it\/de\/service\/\" \/>\n<meta property=\"og:locale\" content=\"de_DE\" \/>\n<meta property=\"og:type\" content=\"article\" \/>\n<meta property=\"og:title\" content=\"Dienstleistungen &#8211; Express Hotel Aosta\" \/>\n<meta property=\"og:description\" content=\"Das Express Hotel, im Herzen von Aosta gelegen, ist der ideale Ort f\u00fcr alle, die w\u00e4hrend ihres Aufenthalts Komfort, Praktikabilit\u00e4t und einen tadellosen Service suchen. Wir bieten eine vollst\u00e4ndige Palette an Dienstleistungen, die darauf ausgerichtet sind, unseren G\u00e4sten ein unvergessliches Erlebnis zu garantieren.\" \/>\n<meta property=\"og:url\" content=\"https:\/\/www.hotelexpressaosta.it\/de\/service\/\" \/>\n<meta property=\"og:site_name\" content=\"Express Hotel Aosta\" \/>\n<meta property=\"article:publisher\" content=\"https:\/\/www.facebook.com\/ExpressAosta\" \/>\n<meta property=\"article:modified_time\" content=\"2024-12-30T09:29:19+00:00\" \/>\n<meta property=\"og:image\" content=\"https:\/\/www.hotelexpressaosta.it\/wp-content\/uploads\/sites\/171\/2024\/10\/LOUNGE-1.jpg\" \/>\n\t<meta property=\"og:image:width\" content=\"1200\" \/>\n\t<meta property=\"og:image:height\" content=\"674\" \/>\n\t<meta property=\"og:image:type\" content=\"image\/jpeg\" \/>\n<meta name=\"twitter:card\" content=\"summary_large_image\" \/>\n<meta name=\"twitter:site\" content=\"@hotelexpressao\" \/>\n<meta name=\"twitter:label1\" content=\"Gesch\u00e4tzte Lesezeit\" \/>\n\t<meta name=\"twitter:data1\" content=\"1 Minute\" \/>\n<script type=\"application\/ld+json\" class=\"yoast-schema-graph\">{\"@context\":\"https:\/\/schema.org\",\"@graph\":[{\"@type\":\"WebPage\",\"@id\":\"https:\/\/www.hotelexpressaosta.it\/de\/service\/\",\"url\":\"https:\/\/www.hotelexpressaosta.it\/de\/service\/\",\"name\":\"Dienstleistungen &#8211; Express Hotel Aosta\",\"isPartOf\":{\"@id\":\"https:\/\/www.hotelexpressaosta.it\/de\/#website\"},\"primaryImageOfPage\":{\"@id\":\"https:\/\/www.hotelexpressaosta.it\/de\/service\/#primaryimage\"},\"image\":{\"@id\":\"https:\/\/www.hotelexpressaosta.it\/de\/service\/#primaryimage\"},\"thumbnailUrl\":\"https:\/\/www.hotelexpressaosta.it\/wp-content\/uploads\/sites\/171\/2024\/10\/LOUNGE-1.jpg\",\"datePublished\":\"2024-10-01T12:06:42+00:00\",\"dateModified\":\"2024-12-30T09:29:19+00:00\",\"description\":\"Das Express Hotel, im Herzen von Aosta gelegen, ist der ideale Ort f\u00fcr alle, die w\u00e4hrend ihres Aufenthalts Komfort, Praktikabilit\u00e4t und einen tadellosen Service suchen. Wir bieten eine vollst\u00e4ndige Palette an Dienstleistungen, die darauf ausgerichtet sind, unseren G\u00e4sten ein unvergessliches Erlebnis zu garantieren.\",\"breadcrumb\":{\"@id\":\"https:\/\/www.hotelexpressaosta.it\/de\/service\/#breadcrumb\"},\"inLanguage\":\"de-DE\",\"potentialAction\":[{\"@type\":\"ReadAction\",\"target\":[\"https:\/\/www.hotelexpressaosta.it\/de\/service\/\"]}]},{\"@type\":\"ImageObject\",\"inLanguage\":\"de-DE\",\"@id\":\"https:\/\/www.hotelexpressaosta.it\/de\/service\/#primaryimage\",\"url\":\"https:\/\/www.hotelexpressaosta.it\/wp-content\/uploads\/sites\/171\/2024\/10\/LOUNGE-1.jpg\",\"contentUrl\":\"https:\/\/www.hotelexpressaosta.it\/wp-content\/uploads\/sites\/171\/2024\/10\/LOUNGE-1.jpg\",\"width\":1200,\"height\":674},{\"@type\":\"BreadcrumbList\",\"@id\":\"https:\/\/www.hotelexpressaosta.it\/de\/service\/#breadcrumb\",\"itemListElement\":[{\"@type\":\"ListItem\",\"position\":1,\"name\":\"Home\",\"item\":\"https:\/\/www.hotelexpressaosta.it\/de\/\"},{\"@type\":\"ListItem\",\"position\":2,\"name\":\"Dienstleistungen\"}]},{\"@type\":\"WebSite\",\"@id\":\"https:\/\/www.hotelexpressaosta.it\/de\/#website\",\"url\":\"https:\/\/www.hotelexpressaosta.it\/de\/\",\"name\":\"Express Hotel Aosta\",\"description\":\"Express Hotel im Herzen von Aosta gelegen\",\"publisher\":{\"@id\":\"https:\/\/www.hotelexpressaosta.it\/de\/#organization\"},\"alternateName\":\"Express Hotel Aosta\",\"potentialAction\":[{\"@type\":\"SearchAction\",\"target\":{\"@type\":\"EntryPoint\",\"urlTemplate\":\"https:\/\/www.hotelexpressaosta.it\/de\/?s={search_term_string}\"},\"query-input\":\"required name=search_term_string\"}],\"inLanguage\":\"de-DE\"},{\"@type\":\"Organization\",\"@id\":\"https:\/\/www.hotelexpressaosta.it\/de\/#organization\",\"name\":\"Express Hotel Aosta\",\"alternateName\":\"Express Hotel Aosta\",\"url\":\"https:\/\/www.hotelexpressaosta.it\/de\/\",\"logo\":{\"@type\":\"ImageObject\",\"inLanguage\":\"de-DE\",\"@id\":\"https:\/\/www.hotelexpressaosta.it\/de\/#\/schema\/logo\/image\/\",\"url\":\"https:\/\/www.hotelexpressaosta.it\/wp-content\/uploads\/sites\/171\/2024\/10\/1-logo-express.png\",\"contentUrl\":\"https:\/\/www.hotelexpressaosta.it\/wp-content\/uploads\/sites\/171\/2024\/10\/1-logo-express.png\",\"width\":250,\"height\":77,\"caption\":\"Express Hotel Aosta\"},\"image\":{\"@id\":\"https:\/\/www.hotelexpressaosta.it\/de\/#\/schema\/logo\/image\/\"},\"sameAs\":[\"https:\/\/www.facebook.com\/ExpressAosta\",\"https:\/\/twitter.com\/hotelexpressao\"]}]}<\/script>\n<!-- \/ Yoast SEO plugin. -->","yoast_head_json":{"title":"Dienstleistungen &#8211; Express Hotel Aosta","description":"Das Express Hotel, im Herzen von Aosta gelegen, ist der ideale Ort f\u00fcr alle, die w\u00e4hrend ihres Aufenthalts Komfort, Praktikabilit\u00e4t und einen tadellosen Service suchen. Wir bieten eine vollst\u00e4ndige Palette an Dienstleistungen, die darauf ausgerichtet sind, unseren G\u00e4sten ein unvergessliches Erlebnis zu garantieren.","robots":{"index":"index","follow":"follow","max-snippet":"max-snippet:-1","max-image-preview":"max-image-preview:large","max-video-preview":"max-video-preview:-1"},"canonical":"https:\/\/www.hotelexpressaosta.it\/de\/service\/","og_locale":"de_DE","og_type":"article","og_title":"Dienstleistungen &#8211; Express Hotel Aosta","og_description":"Das Express Hotel, im Herzen von Aosta gelegen, ist der ideale Ort f\u00fcr alle, die w\u00e4hrend ihres Aufenthalts Komfort, Praktikabilit\u00e4t und einen tadellosen Service suchen. Wir bieten eine vollst\u00e4ndige Palette an Dienstleistungen, die darauf ausgerichtet sind, unseren G\u00e4sten ein unvergessliches Erlebnis zu garantieren.","og_url":"https:\/\/www.hotelexpressaosta.it\/de\/service\/","og_site_name":"Express Hotel Aosta","article_publisher":"https:\/\/www.facebook.com\/ExpressAosta","article_modified_time":"2024-12-30T09:29:19+00:00","og_image":[{"width":1200,"height":674,"url":"https:\/\/www.hotelexpressaosta.it\/wp-content\/uploads\/sites\/171\/2024\/10\/LOUNGE-1.jpg","type":"image\/jpeg"}],"twitter_card":"summary_large_image","twitter_site":"@hotelexpressao","twitter_misc":{"Gesch\u00e4tzte Lesezeit":"1 Minute"},"schema":{"@context":"https:\/\/schema.org","@graph":[{"@type":"WebPage","@id":"https:\/\/www.hotelexpressaosta.it\/de\/service\/","url":"https:\/\/www.hotelexpressaosta.it\/de\/service\/","name":"Dienstleistungen &#8211; Express Hotel Aosta","isPartOf":{"@id":"https:\/\/www.hotelexpressaosta.it\/de\/#website"},"primaryImageOfPage":{"@id":"https:\/\/www.hotelexpressaosta.it\/de\/service\/#primaryimage"},"image":{"@id":"https:\/\/www.hotelexpressaosta.it\/de\/service\/#primaryimage"},"thumbnailUrl":"https:\/\/www.hotelexpressaosta.it\/wp-content\/uploads\/sites\/171\/2024\/10\/LOUNGE-1.jpg","datePublished":"2024-10-01T12:06:42+00:00","dateModified":"2024-12-30T09:29:19+00:00","description":"Das Express Hotel, im Herzen von Aosta gelegen, ist der ideale Ort f\u00fcr alle, die w\u00e4hrend ihres Aufenthalts Komfort, Praktikabilit\u00e4t und einen tadellosen Service suchen. Wir bieten eine vollst\u00e4ndige Palette an Dienstleistungen, die darauf ausgerichtet sind, unseren G\u00e4sten ein unvergessliches Erlebnis zu garantieren.","breadcrumb":{"@id":"https:\/\/www.hotelexpressaosta.it\/de\/service\/#breadcrumb"},"inLanguage":"de-DE","potentialAction":[{"@type":"ReadAction","target":["https:\/\/www.hotelexpressaosta.it\/de\/service\/"]}]},{"@type":"ImageObject","inLanguage":"de-DE","@id":"https:\/\/www.hotelexpressaosta.it\/de\/service\/#primaryimage","url":"https:\/\/www.hotelexpressaosta.it\/wp-content\/uploads\/sites\/171\/2024\/10\/LOUNGE-1.jpg","contentUrl":"https:\/\/www.hotelexpressaosta.it\/wp-content\/uploads\/sites\/171\/2024\/10\/LOUNGE-1.jpg","width":1200,"height":674},{"@type":"BreadcrumbList","@id":"https:\/\/www.hotelexpressaosta.it\/de\/service\/#breadcrumb","itemListElement":[{"@type":"ListItem","position":1,"name":"Home","item":"https:\/\/www.hotelexpressaosta.it\/de\/"},{"@type":"ListItem","position":2,"name":"Dienstleistungen"}]},{"@type":"WebSite","@id":"https:\/\/www.hotelexpressaosta.it\/de\/#website","url":"https:\/\/www.hotelexpressaosta.it\/de\/","name":"Express Hotel Aosta","description":"Express Hotel im Herzen von Aosta gelegen","publisher":{"@id":"https:\/\/www.hotelexpressaosta.it\/de\/#organization"},"alternateName":"Express Hotel Aosta","potentialAction":[{"@type":"SearchAction","target":{"@type":"EntryPoint","urlTemplate":"https:\/\/www.hotelexpressaosta.it\/de\/?s={search_term_string}"},"query-input":"required name=search_term_string"}],"inLanguage":"de-DE"},{"@type":"Organization","@id":"https:\/\/www.hotelexpressaosta.it\/de\/#organization","name":"Express Hotel Aosta","alternateName":"Express Hotel Aosta","url":"https:\/\/www.hotelexpressaosta.it\/de\/","logo":{"@type":"ImageObject","inLanguage":"de-DE","@id":"https:\/\/www.hotelexpressaosta.it\/de\/#\/schema\/logo\/image\/","url":"https:\/\/www.hotelexpressaosta.it\/wp-content\/uploads\/sites\/171\/2024\/10\/1-logo-express.png","contentUrl":"https:\/\/www.hotelexpressaosta.it\/wp-content\/uploads\/sites\/171\/2024\/10\/1-logo-express.png","width":250,"height":77,"caption":"Express Hotel Aosta"},"image":{"@id":"https:\/\/www.hotelexpressaosta.it\/de\/#\/schema\/logo\/image\/"},"sameAs":["https:\/\/www.facebook.com\/ExpressAosta","https:\/\/twitter.com\/hotelexpressao"]}]}},"acf":[],"_links":{"self":[{"href":"https:\/\/www.hotelexpressaosta.it\/de\/wp-json\/wp\/v2\/pages\/636"}],"collection":[{"href":"https:\/\/www.hotelexpressaosta.it\/de\/wp-json\/wp\/v2\/pages"}],"about":[{"href":"https:\/\/www.hotelexpressaosta.it\/de\/wp-json\/wp\/v2\/types\/page"}],"author":[{"embeddable":true,"href":"https:\/\/www.hotelexpressaosta.it\/de\/wp-json\/wp\/v2\/users\/12"}],"replies":[{"embeddable":true,"href":"https:\/\/www.hotelexpressaosta.it\/de\/wp-json\/wp\/v2\/comments?post=636"}],"version-history":[{"count":0,"href":"https:\/\/www.hotelexpressaosta.it\/de\/wp-json\/wp\/v2\/pages\/636\/revisions"}],"wp:featuredmedia":[{"embeddable":true,"href":"https:\/\/www.hotelexpressaosta.it\/de\/wp-json\/wp\/v2\/media\/373"}],"wp:attachment":[{"href":"https:\/\/www.hotelexpressaosta.it\/de\/wp-json\/wp\/v2\/media?parent=636"}],"curies":[{"name":"wp","href":"https:\/\/api.w.org\/{rel}","templated":true}]}}