{"id":688,"date":"2024-10-02T15:21:42","date_gmt":"2024-10-02T15:21:42","guid":{"rendered":"https:\/\/express-hotel-aosta.ms2.decms.eu\/?page_id=688"},"modified":"2024-12-09T17:52:47","modified_gmt":"2024-12-09T17:52:47","slug":"zimmer-standard","status":"publish","type":"page","link":"https:\/\/www.hotelexpressaosta.it\/de\/zimmer\/zimmer-standard\/","title":{"rendered":"Zimmer Standard"},"content":{"rendered":"<p>Die Standard-Zimmer, k\u00fcrzlich renoviert, bieten eine einladende und moderne Atmosph\u00e4re auf einer Fl\u00e4che von 18 m\u00b2. Ausgestattet mit zwei Einzelbetten zeichnet sich das Zimmer durch ein funktionales Design mit warmen, angenehmen Farbt\u00f6nen aus. Der Holzfu\u00dfboden verleiht einen Hauch von Eleganz, w\u00e4hrend die schlichte Einrichtung Komfort und Praktikabilit\u00e4t w\u00e4hrend des Aufenthalts garantiert.<\/p>\n<p>Der Arbeitsbereich, mit einem ger\u00e4umigen Schreibtisch und Steckdosen sowohl neben dem Bett als auch am Tisch, ist ideal f\u00fcr diejenigen, die einen Raum zum Konzentrieren oder zum Anschlie\u00dfen ihrer Ger\u00e4te ben\u00f6tigen.<\/p>\n<details>\n<summary>Occupancy<\/summary>\n<ul>\n<li><a href=\"https:\/\/express-hotel-aosta.ms2.decms.eu\/de\/standard-einzelzimmer\/\">STANDARD EINZELZIMMER<\/a><br \/>\nMax. 1 Person<\/li>\n<li><a href=\"https:\/\/express-hotel-aosta.ms2.decms.eu\/de\/standard-doppelzimmer\/\">STANDARD DOPPELZIMMER<\/a><br \/>\nMax. 2 Personen &#8211; 2 separate Betten<\/li>\n<\/ul>\n<\/details>\n<details>\n<summary>Ausstattung in allen Zimmern<\/summary>\n<p><em>Klimaanlage &#8211; WLAN &#8211; 43&#8243; Smart-TV &#8211; Privates Badezimmer mit Dusche, Haartrockner und Pflegeprodukten &#8211; Parkplatz &#8211; Holzfu\u00dfboden &#8211; Schreibtisch &#8211; Elektronische Schl\u00f6sser<\/em><\/p>\n<\/details>\n","protected":false},"excerpt":{"rendered":"<p>Die Standard-Zimmer, k\u00fcrzlich renoviert, bieten eine einladende und moderne Atmosph\u00e4re auf einer Fl\u00e4che von 18 m\u00b2. Ausgestattet mit zwei Einzelbetten zeichnet sich das Zimmer durch ein funktionales Design mit warmen, angenehmen Farbt\u00f6nen aus. Der Holzfu\u00dfboden verleiht einen Hauch von Eleganz, w\u00e4hrend die schlichte Einrichtung Komfort und Praktikabilit\u00e4t w\u00e4hrend des Aufenthalts garantiert. Der Arbeitsbereich, mit einem [&hellip;]<\/p>\n","protected":false},"author":12,"featured_media":1178,"parent":691,"menu_order":7,"comment_status":"closed","ping_status":"closed","template":"template-rooms-2.php","meta":{"footnotes":""},"class_list":["post-688","page","type-page","status-publish","has-post-thumbnail","hentry"],"yoast_head":"<!-- This site is optimized with the Yoast SEO plugin v27.3 - https:\/\/yoast.com\/product\/yoast-seo-wordpress\/ -->\n<title>Zimmer Standard &#8211; Express Hotel Aosta<\/title>\n<meta name=\"description\" content=\"Die Standard-Zimmer, k\u00fcrzlich renoviert, bieten eine einladende und moderne Atmosph\u00e4re auf einer Fl\u00e4che von 18 m\u00b2. Ausgestattet mit zwei Einzelbetten zeichnet sich das Zimmer durch ein funktionales Design mit warmen, angenehmen Farbt\u00f6nen aus\" \/>\n<meta name=\"robots\" content=\"index, follow, max-snippet:-1, max-image-preview:large, max-video-preview:-1\" \/>\n<link rel=\"canonical\" href=\"https:\/\/www.hotelexpressaosta.it\/de\/zimmer\/zimmer-standard\/\" \/>\n<meta property=\"og:locale\" content=\"de_DE\" \/>\n<meta property=\"og:type\" content=\"article\" \/>\n<meta property=\"og:title\" content=\"Zimmer Standard &#8211; Express Hotel Aosta\" \/>\n<meta property=\"og:description\" content=\"Die Standard-Zimmer, k\u00fcrzlich renoviert, bieten eine einladende und moderne Atmosph\u00e4re auf einer Fl\u00e4che von 18 m\u00b2. Ausgestattet mit zwei Einzelbetten zeichnet sich das Zimmer durch ein funktionales Design mit warmen, angenehmen Farbt\u00f6nen aus\" \/>\n<meta property=\"og:url\" content=\"https:\/\/www.hotelexpressaosta.it\/de\/zimmer\/zimmer-standard\/\" \/>\n<meta property=\"og:site_name\" content=\"Express Hotel Aosta\" \/>\n<meta property=\"article:publisher\" content=\"https:\/\/www.facebook.com\/ExpressAosta\" \/>\n<meta property=\"article:modified_time\" content=\"2024-12-09T17:52:47+00:00\" \/>\n<meta property=\"og:image\" content=\"https:\/\/www.hotelexpressaosta.it\/wp-content\/uploads\/sites\/171\/2024\/10\/Doppia-Standard-Twin.jpg\" \/>\n\t<meta property=\"og:image:width\" content=\"1100\" \/>\n\t<meta property=\"og:image:height\" content=\"475\" \/>\n\t<meta property=\"og:image:type\" content=\"image\/jpeg\" \/>\n<meta name=\"twitter:card\" content=\"summary_large_image\" \/>\n<meta name=\"twitter:site\" content=\"@hotelexpressao\" \/>\n<meta name=\"twitter:label1\" content=\"Gesch\u00e4tzte Lesezeit\" \/>\n\t<meta name=\"twitter:data1\" content=\"1 Minute\" \/>\n<script type=\"application\/ld+json\" class=\"yoast-schema-graph\">{\"@context\":\"https:\\\/\\\/schema.org\",\"@graph\":[{\"@type\":\"WebPage\",\"@id\":\"https:\\\/\\\/www.hotelexpressaosta.it\\\/de\\\/zimmer\\\/zimmer-standard\\\/\",\"url\":\"https:\\\/\\\/www.hotelexpressaosta.it\\\/de\\\/zimmer\\\/zimmer-standard\\\/\",\"name\":\"Zimmer Standard &#8211; Express Hotel Aosta\",\"isPartOf\":{\"@id\":\"https:\\\/\\\/www.hotelexpressaosta.it\\\/de\\\/#website\"},\"primaryImageOfPage\":{\"@id\":\"https:\\\/\\\/www.hotelexpressaosta.it\\\/de\\\/zimmer\\\/zimmer-standard\\\/#primaryimage\"},\"image\":{\"@id\":\"https:\\\/\\\/www.hotelexpressaosta.it\\\/de\\\/zimmer\\\/zimmer-standard\\\/#primaryimage\"},\"thumbnailUrl\":\"https:\\\/\\\/www.hotelexpressaosta.it\\\/wp-content\\\/uploads\\\/sites\\\/171\\\/2025\\\/12\\\/Standard-10pro.jpeg\",\"datePublished\":\"2024-10-02T15:21:42+00:00\",\"dateModified\":\"2024-12-09T17:52:47+00:00\",\"description\":\"Die Standard-Zimmer, k\u00fcrzlich renoviert, bieten eine einladende und moderne Atmosph\u00e4re auf einer Fl\u00e4che von 18 m\u00b2. Ausgestattet mit zwei Einzelbetten zeichnet sich das Zimmer durch ein funktionales Design mit warmen, angenehmen Farbt\u00f6nen aus\",\"breadcrumb\":{\"@id\":\"https:\\\/\\\/www.hotelexpressaosta.it\\\/de\\\/zimmer\\\/zimmer-standard\\\/#breadcrumb\"},\"inLanguage\":\"de-DE\",\"potentialAction\":[{\"@type\":\"ReadAction\",\"target\":[\"https:\\\/\\\/www.hotelexpressaosta.it\\\/de\\\/zimmer\\\/zimmer-standard\\\/\"]}]},{\"@type\":\"ImageObject\",\"inLanguage\":\"de-DE\",\"@id\":\"https:\\\/\\\/www.hotelexpressaosta.it\\\/de\\\/zimmer\\\/zimmer-standard\\\/#primaryimage\",\"url\":\"https:\\\/\\\/www.hotelexpressaosta.it\\\/wp-content\\\/uploads\\\/sites\\\/171\\\/2025\\\/12\\\/Standard-10pro.jpeg\",\"contentUrl\":\"https:\\\/\\\/www.hotelexpressaosta.it\\\/wp-content\\\/uploads\\\/sites\\\/171\\\/2025\\\/12\\\/Standard-10pro.jpeg\",\"width\":1595,\"height\":1200},{\"@type\":\"BreadcrumbList\",\"@id\":\"https:\\\/\\\/www.hotelexpressaosta.it\\\/de\\\/zimmer\\\/zimmer-standard\\\/#breadcrumb\",\"itemListElement\":[{\"@type\":\"ListItem\",\"position\":1,\"name\":\"Home\",\"item\":\"https:\\\/\\\/www.hotelexpressaosta.it\\\/de\\\/\"},{\"@type\":\"ListItem\",\"position\":2,\"name\":\"Zimmer\",\"item\":\"https:\\\/\\\/www.hotelexpressaosta.it\\\/de\\\/zimmer\\\/\"},{\"@type\":\"ListItem\",\"position\":3,\"name\":\"Zimmer Standard\"}]},{\"@type\":\"WebSite\",\"@id\":\"https:\\\/\\\/www.hotelexpressaosta.it\\\/de\\\/#website\",\"url\":\"https:\\\/\\\/www.hotelexpressaosta.it\\\/de\\\/\",\"name\":\"Express Hotel Aosta\",\"description\":\"Express Hotel im Herzen von Aosta gelegen\",\"publisher\":{\"@id\":\"https:\\\/\\\/www.hotelexpressaosta.it\\\/de\\\/#organization\"},\"alternateName\":\"Express Hotel Aosta\",\"potentialAction\":[{\"@type\":\"SearchAction\",\"target\":{\"@type\":\"EntryPoint\",\"urlTemplate\":\"https:\\\/\\\/www.hotelexpressaosta.it\\\/de\\\/?s={search_term_string}\"},\"query-input\":{\"@type\":\"PropertyValueSpecification\",\"valueRequired\":true,\"valueName\":\"search_term_string\"}}],\"inLanguage\":\"de-DE\"},{\"@type\":\"Organization\",\"@id\":\"https:\\\/\\\/www.hotelexpressaosta.it\\\/de\\\/#organization\",\"name\":\"Express Hotel Aosta\",\"alternateName\":\"Express Hotel Aosta\",\"url\":\"https:\\\/\\\/www.hotelexpressaosta.it\\\/de\\\/\",\"logo\":{\"@type\":\"ImageObject\",\"inLanguage\":\"de-DE\",\"@id\":\"https:\\\/\\\/www.hotelexpressaosta.it\\\/de\\\/#\\\/schema\\\/logo\\\/image\\\/\",\"url\":\"https:\\\/\\\/www.hotelexpressaosta.it\\\/wp-content\\\/uploads\\\/sites\\\/171\\\/2024\\\/10\\\/1-logo-express.png\",\"contentUrl\":\"https:\\\/\\\/www.hotelexpressaosta.it\\\/wp-content\\\/uploads\\\/sites\\\/171\\\/2024\\\/10\\\/1-logo-express.png\",\"width\":250,\"height\":77,\"caption\":\"Express Hotel Aosta\"},\"image\":{\"@id\":\"https:\\\/\\\/www.hotelexpressaosta.it\\\/de\\\/#\\\/schema\\\/logo\\\/image\\\/\"},\"sameAs\":[\"https:\\\/\\\/www.facebook.com\\\/ExpressAosta\",\"https:\\\/\\\/x.com\\\/hotelexpressao\"]}]}<\/script>\n<!-- \/ Yoast SEO plugin. -->","yoast_head_json":{"title":"Zimmer Standard &#8211; Express Hotel Aosta","description":"Die Standard-Zimmer, k\u00fcrzlich renoviert, bieten eine einladende und moderne Atmosph\u00e4re auf einer Fl\u00e4che von 18 m\u00b2. Ausgestattet mit zwei Einzelbetten zeichnet sich das Zimmer durch ein funktionales Design mit warmen, angenehmen Farbt\u00f6nen aus","robots":{"index":"index","follow":"follow","max-snippet":"max-snippet:-1","max-image-preview":"max-image-preview:large","max-video-preview":"max-video-preview:-1"},"canonical":"https:\/\/www.hotelexpressaosta.it\/de\/zimmer\/zimmer-standard\/","og_locale":"de_DE","og_type":"article","og_title":"Zimmer Standard &#8211; Express Hotel Aosta","og_description":"Die Standard-Zimmer, k\u00fcrzlich renoviert, bieten eine einladende und moderne Atmosph\u00e4re auf einer Fl\u00e4che von 18 m\u00b2. Ausgestattet mit zwei Einzelbetten zeichnet sich das Zimmer durch ein funktionales Design mit warmen, angenehmen Farbt\u00f6nen aus","og_url":"https:\/\/www.hotelexpressaosta.it\/de\/zimmer\/zimmer-standard\/","og_site_name":"Express Hotel Aosta","article_publisher":"https:\/\/www.facebook.com\/ExpressAosta","article_modified_time":"2024-12-09T17:52:47+00:00","og_image":[{"width":1100,"height":475,"url":"https:\/\/www.hotelexpressaosta.it\/wp-content\/uploads\/sites\/171\/2024\/10\/Doppia-Standard-Twin.jpg","type":"image\/jpeg"}],"twitter_card":"summary_large_image","twitter_site":"@hotelexpressao","twitter_misc":{"Gesch\u00e4tzte Lesezeit":"1 Minute"},"schema":{"@context":"https:\/\/schema.org","@graph":[{"@type":"WebPage","@id":"https:\/\/www.hotelexpressaosta.it\/de\/zimmer\/zimmer-standard\/","url":"https:\/\/www.hotelexpressaosta.it\/de\/zimmer\/zimmer-standard\/","name":"Zimmer Standard &#8211; Express Hotel Aosta","isPartOf":{"@id":"https:\/\/www.hotelexpressaosta.it\/de\/#website"},"primaryImageOfPage":{"@id":"https:\/\/www.hotelexpressaosta.it\/de\/zimmer\/zimmer-standard\/#primaryimage"},"image":{"@id":"https:\/\/www.hotelexpressaosta.it\/de\/zimmer\/zimmer-standard\/#primaryimage"},"thumbnailUrl":"https:\/\/www.hotelexpressaosta.it\/wp-content\/uploads\/sites\/171\/2025\/12\/Standard-10pro.jpeg","datePublished":"2024-10-02T15:21:42+00:00","dateModified":"2024-12-09T17:52:47+00:00","description":"Die Standard-Zimmer, k\u00fcrzlich renoviert, bieten eine einladende und moderne Atmosph\u00e4re auf einer Fl\u00e4che von 18 m\u00b2. Ausgestattet mit zwei Einzelbetten zeichnet sich das Zimmer durch ein funktionales Design mit warmen, angenehmen Farbt\u00f6nen aus","breadcrumb":{"@id":"https:\/\/www.hotelexpressaosta.it\/de\/zimmer\/zimmer-standard\/#breadcrumb"},"inLanguage":"de-DE","potentialAction":[{"@type":"ReadAction","target":["https:\/\/www.hotelexpressaosta.it\/de\/zimmer\/zimmer-standard\/"]}]},{"@type":"ImageObject","inLanguage":"de-DE","@id":"https:\/\/www.hotelexpressaosta.it\/de\/zimmer\/zimmer-standard\/#primaryimage","url":"https:\/\/www.hotelexpressaosta.it\/wp-content\/uploads\/sites\/171\/2025\/12\/Standard-10pro.jpeg","contentUrl":"https:\/\/www.hotelexpressaosta.it\/wp-content\/uploads\/sites\/171\/2025\/12\/Standard-10pro.jpeg","width":1595,"height":1200},{"@type":"BreadcrumbList","@id":"https:\/\/www.hotelexpressaosta.it\/de\/zimmer\/zimmer-standard\/#breadcrumb","itemListElement":[{"@type":"ListItem","position":1,"name":"Home","item":"https:\/\/www.hotelexpressaosta.it\/de\/"},{"@type":"ListItem","position":2,"name":"Zimmer","item":"https:\/\/www.hotelexpressaosta.it\/de\/zimmer\/"},{"@type":"ListItem","position":3,"name":"Zimmer Standard"}]},{"@type":"WebSite","@id":"https:\/\/www.hotelexpressaosta.it\/de\/#website","url":"https:\/\/www.hotelexpressaosta.it\/de\/","name":"Express Hotel Aosta","description":"Express Hotel im Herzen von Aosta gelegen","publisher":{"@id":"https:\/\/www.hotelexpressaosta.it\/de\/#organization"},"alternateName":"Express Hotel Aosta","potentialAction":[{"@type":"SearchAction","target":{"@type":"EntryPoint","urlTemplate":"https:\/\/www.hotelexpressaosta.it\/de\/?s={search_term_string}"},"query-input":{"@type":"PropertyValueSpecification","valueRequired":true,"valueName":"search_term_string"}}],"inLanguage":"de-DE"},{"@type":"Organization","@id":"https:\/\/www.hotelexpressaosta.it\/de\/#organization","name":"Express Hotel Aosta","alternateName":"Express Hotel Aosta","url":"https:\/\/www.hotelexpressaosta.it\/de\/","logo":{"@type":"ImageObject","inLanguage":"de-DE","@id":"https:\/\/www.hotelexpressaosta.it\/de\/#\/schema\/logo\/image\/","url":"https:\/\/www.hotelexpressaosta.it\/wp-content\/uploads\/sites\/171\/2024\/10\/1-logo-express.png","contentUrl":"https:\/\/www.hotelexpressaosta.it\/wp-content\/uploads\/sites\/171\/2024\/10\/1-logo-express.png","width":250,"height":77,"caption":"Express Hotel Aosta"},"image":{"@id":"https:\/\/www.hotelexpressaosta.it\/de\/#\/schema\/logo\/image\/"},"sameAs":["https:\/\/www.facebook.com\/ExpressAosta","https:\/\/x.com\/hotelexpressao"]}]}},"acf":[],"_links":{"self":[{"href":"https:\/\/www.hotelexpressaosta.it\/de\/wp-json\/wp\/v2\/pages\/688","targetHints":{"allow":["GET"]}}],"collection":[{"href":"https:\/\/www.hotelexpressaosta.it\/de\/wp-json\/wp\/v2\/pages"}],"about":[{"href":"https:\/\/www.hotelexpressaosta.it\/de\/wp-json\/wp\/v2\/types\/page"}],"author":[{"embeddable":true,"href":"https:\/\/www.hotelexpressaosta.it\/de\/wp-json\/wp\/v2\/users\/12"}],"replies":[{"embeddable":true,"href":"https:\/\/www.hotelexpressaosta.it\/de\/wp-json\/wp\/v2\/comments?post=688"}],"version-history":[{"count":0,"href":"https:\/\/www.hotelexpressaosta.it\/de\/wp-json\/wp\/v2\/pages\/688\/revisions"}],"up":[{"embeddable":true,"href":"https:\/\/www.hotelexpressaosta.it\/de\/wp-json\/wp\/v2\/pages\/691"}],"wp:featuredmedia":[{"embeddable":true,"href":"https:\/\/www.hotelexpressaosta.it\/de\/wp-json\/wp\/v2\/media\/1178"}],"wp:attachment":[{"href":"https:\/\/www.hotelexpressaosta.it\/de\/wp-json\/wp\/v2\/media?parent=688"}],"curies":[{"name":"wp","href":"https:\/\/api.w.org\/{rel}","templated":true}]}}