{"id":694,"date":"2024-10-03T15:26:13","date_gmt":"2024-10-03T15:26:13","guid":{"rendered":"https:\/\/express-hotel-aosta.ms2.decms.eu\/?page_id=694"},"modified":"2024-12-06T15:00:45","modified_gmt":"2024-12-06T15:00:45","slug":"freizeit","status":"publish","type":"page","link":"https:\/\/www.hotelexpressaosta.it\/de\/freizeit\/","title":{"rendered":"Freizeit"},"content":{"rendered":"<p>Aufgrund seiner Lage ist das <strong>Express Hotel<\/strong> das ideale Ziel f\u00fcr einen wunderbaren Besuch in der Region, eine kleine Perle mit viel Charme, zwischen den h\u00f6chsten Gipfeln in Europa wie <strong>Mont Blanc, Monte Rosa, das Matterhorn, Gran Paradiso <\/strong>gelegen<strong>.<\/strong><\/p>\n<p>Das <strong>Valle d\u2019Aosta<\/strong> wird somit in der Lage, um die vielen Sehensw\u00fcrdigkeiten der historischen, k\u00fcnstlerischen und naturalistischen Seen, W\u00e4lder und Wasserf\u00e4lle zu erobern. Verpassen Sie nicht die ber\u00fchmten <strong>Schl\u00f6sser im Aosta-Tal<\/strong>, die <strong>Festung von Bard<\/strong> mit seinem ber\u00fchmten internationalen Ausstellungen und nat\u00fcrlich sollten <strong>Sie nicht verpassen einen Besuch in der r\u00f6mischen Stadt Aosta<\/strong> oder man k\u00f6nnte die Gelegenheit nutzen, um einen Tag verw\u00f6hnen und Wellness verbringen nach <strong>St. Didier<\/strong> und <strong>St. Vincent Pre<\/strong>.<\/p>\n<p>F\u00fcr die Liebhaber der authentischen K\u00fcche gibt es viele Restaurants, wo Sie die typische Gastronomie, Pensionen, Ferien auf dem Bauernhof genie\u00dfen k\u00f6nnen.<\/p>\n<p>Verbringen Sie einen Tag in der Val d\u2019Aosta bedeutet regenerieren K\u00f6rper und Geist in unber\u00fchrter Natur eingetaucht, aus der Zeit sein, zu erforschen kleine D\u00f6rfer voller Charme, lokale Produkte zu entdecken, die den Charakter seiner Bewohner darstellen.<\/p>\n<p>Und f\u00fcr diejenigen, tastete Gl\u00fcck wollte die Chance nicht entgehen, verbringen Sie einen Abend im <strong>Casino von St. Vincent.<\/strong><\/p>\n","protected":false},"excerpt":{"rendered":"<p>Aufgrund seiner Lage ist das Express Hotel das ideale Ziel f\u00fcr einen wunderbaren Besuch in der Region, eine kleine Perle mit viel Charme, zwischen den h\u00f6chsten Gipfeln in Europa wie Mont Blanc, Monte Rosa, das Matterhorn, Gran Paradiso gelegen. Das Valle d\u2019Aosta wird somit in der Lage, um die vielen Sehensw\u00fcrdigkeiten der historischen, k\u00fcnstlerischen und [&hellip;]<\/p>\n","protected":false},"author":12,"featured_media":334,"parent":0,"menu_order":120,"comment_status":"closed","ping_status":"closed","template":"template-surroundings.php","meta":{"footnotes":""},"yoast_head":"<!-- This site is optimized with the Yoast SEO plugin v22.3 - https:\/\/yoast.com\/wordpress\/plugins\/seo\/ -->\n<title>Freizeit &#8211; Express Hotel Aosta<\/title>\n<meta name=\"description\" content=\"Aufgrund seiner Lage ist das Express Hotel das ideale Ziel f\u00fcr einen wunderbaren Besuch in der Region, eine kleine Perle mit viel Charme, zwischen den h\u00f6chsten Gipfeln in Europa wie Mont Blanc, Monte Rosa, das Matterhorn, Gran Paradiso gelegen.  Das Valle d\u2019Aosta wird somit in der Lage, um die vielen Sehensw\u00fcrdigkeiten der historischen, k\u00fcnstlerischen und naturalistischen Seen, W\u00e4lder und Wasserf\u00e4lle zu erobern. Verpassen Sie nicht die ber\u00fchmten Schl\u00f6sser im Aosta-Tal, die Festung von Bard mit seinem ber\u00fchmten internationalen Ausstellungen und nat\u00fcrlich sollten Sie nicht verpassen einen Besuch in der r\u00f6mischen Stadt Aosta oder man k\u00f6nnte die Gelegenheit nutzen, um einen Tag verw\u00f6hnen und Wellness verbringen nach St\" \/>\n<meta name=\"robots\" content=\"index, follow, max-snippet:-1, max-image-preview:large, max-video-preview:-1\" \/>\n<link rel=\"canonical\" href=\"https:\/\/www.hotelexpressaosta.it\/de\/freizeit\/\" \/>\n<meta property=\"og:locale\" content=\"de_DE\" \/>\n<meta property=\"og:type\" content=\"article\" \/>\n<meta property=\"og:title\" content=\"Freizeit &#8211; Express Hotel Aosta\" \/>\n<meta property=\"og:description\" content=\"Aufgrund seiner Lage ist das Express Hotel das ideale Ziel f\u00fcr einen wunderbaren Besuch in der Region, eine kleine Perle mit viel Charme, zwischen den h\u00f6chsten Gipfeln in Europa wie Mont Blanc, Monte Rosa, das Matterhorn, Gran Paradiso gelegen.  Das Valle d\u2019Aosta wird somit in der Lage, um die vielen Sehensw\u00fcrdigkeiten der historischen, k\u00fcnstlerischen und naturalistischen Seen, W\u00e4lder und Wasserf\u00e4lle zu erobern. Verpassen Sie nicht die ber\u00fchmten Schl\u00f6sser im Aosta-Tal, die Festung von Bard mit seinem ber\u00fchmten internationalen Ausstellungen und nat\u00fcrlich sollten Sie nicht verpassen einen Besuch in der r\u00f6mischen Stadt Aosta oder man k\u00f6nnte die Gelegenheit nutzen, um einen Tag verw\u00f6hnen und Wellness verbringen nach St\" \/>\n<meta property=\"og:url\" content=\"https:\/\/www.hotelexpressaosta.it\/de\/freizeit\/\" \/>\n<meta property=\"og:site_name\" content=\"Express Hotel Aosta\" \/>\n<meta property=\"article:publisher\" content=\"https:\/\/www.facebook.com\/ExpressAosta\" \/>\n<meta property=\"article:modified_time\" content=\"2024-12-06T15:00:45+00:00\" \/>\n<meta property=\"og:image\" content=\"https:\/\/www.hotelexpressaosta.it\/wp-content\/uploads\/sites\/171\/2024\/10\/composition-clothes-accessories-suitcase-1.jpg\" \/>\n\t<meta property=\"og:image:width\" content=\"1200\" \/>\n\t<meta property=\"og:image:height\" content=\"800\" \/>\n\t<meta property=\"og:image:type\" content=\"image\/jpeg\" \/>\n<meta name=\"twitter:card\" content=\"summary_large_image\" \/>\n<meta name=\"twitter:site\" content=\"@hotelexpressao\" \/>\n<meta name=\"twitter:label1\" content=\"Gesch\u00e4tzte Lesezeit\" \/>\n\t<meta name=\"twitter:data1\" content=\"2 Minuten\" \/>\n<script type=\"application\/ld+json\" class=\"yoast-schema-graph\">{\"@context\":\"https:\/\/schema.org\",\"@graph\":[{\"@type\":\"WebPage\",\"@id\":\"https:\/\/www.hotelexpressaosta.it\/de\/freizeit\/\",\"url\":\"https:\/\/www.hotelexpressaosta.it\/de\/freizeit\/\",\"name\":\"Freizeit &#8211; Express Hotel Aosta\",\"isPartOf\":{\"@id\":\"https:\/\/www.hotelexpressaosta.it\/de\/#website\"},\"primaryImageOfPage\":{\"@id\":\"https:\/\/www.hotelexpressaosta.it\/de\/freizeit\/#primaryimage\"},\"image\":{\"@id\":\"https:\/\/www.hotelexpressaosta.it\/de\/freizeit\/#primaryimage\"},\"thumbnailUrl\":\"https:\/\/www.hotelexpressaosta.it\/wp-content\/uploads\/sites\/171\/2024\/10\/composition-clothes-accessories-suitcase-1.jpg\",\"datePublished\":\"2024-10-03T15:26:13+00:00\",\"dateModified\":\"2024-12-06T15:00:45+00:00\",\"description\":\"Aufgrund seiner Lage ist das Express Hotel das ideale Ziel f\u00fcr einen wunderbaren Besuch in der Region, eine kleine Perle mit viel Charme, zwischen den h\u00f6chsten Gipfeln in Europa wie Mont Blanc, Monte Rosa, das Matterhorn, Gran Paradiso gelegen. Das Valle d\u2019Aosta wird somit in der Lage, um die vielen Sehensw\u00fcrdigkeiten der historischen, k\u00fcnstlerischen und naturalistischen Seen, W\u00e4lder und Wasserf\u00e4lle zu erobern. Verpassen Sie nicht die ber\u00fchmten Schl\u00f6sser im Aosta-Tal, die Festung von Bard mit seinem ber\u00fchmten internationalen Ausstellungen und nat\u00fcrlich sollten Sie nicht verpassen einen Besuch in der r\u00f6mischen Stadt Aosta oder man k\u00f6nnte die Gelegenheit nutzen, um einen Tag verw\u00f6hnen und Wellness verbringen nach St\",\"breadcrumb\":{\"@id\":\"https:\/\/www.hotelexpressaosta.it\/de\/freizeit\/#breadcrumb\"},\"inLanguage\":\"de-DE\",\"potentialAction\":[{\"@type\":\"ReadAction\",\"target\":[\"https:\/\/www.hotelexpressaosta.it\/de\/freizeit\/\"]}]},{\"@type\":\"ImageObject\",\"inLanguage\":\"de-DE\",\"@id\":\"https:\/\/www.hotelexpressaosta.it\/de\/freizeit\/#primaryimage\",\"url\":\"https:\/\/www.hotelexpressaosta.it\/wp-content\/uploads\/sites\/171\/2024\/10\/composition-clothes-accessories-suitcase-1.jpg\",\"contentUrl\":\"https:\/\/www.hotelexpressaosta.it\/wp-content\/uploads\/sites\/171\/2024\/10\/composition-clothes-accessories-suitcase-1.jpg\",\"width\":1200,\"height\":800},{\"@type\":\"BreadcrumbList\",\"@id\":\"https:\/\/www.hotelexpressaosta.it\/de\/freizeit\/#breadcrumb\",\"itemListElement\":[{\"@type\":\"ListItem\",\"position\":1,\"name\":\"Home\",\"item\":\"https:\/\/www.hotelexpressaosta.it\/de\/\"},{\"@type\":\"ListItem\",\"position\":2,\"name\":\"Freizeit\"}]},{\"@type\":\"WebSite\",\"@id\":\"https:\/\/www.hotelexpressaosta.it\/de\/#website\",\"url\":\"https:\/\/www.hotelexpressaosta.it\/de\/\",\"name\":\"Express Hotel Aosta\",\"description\":\"Express Hotel im Herzen von Aosta gelegen\",\"publisher\":{\"@id\":\"https:\/\/www.hotelexpressaosta.it\/de\/#organization\"},\"alternateName\":\"Express Hotel Aosta\",\"potentialAction\":[{\"@type\":\"SearchAction\",\"target\":{\"@type\":\"EntryPoint\",\"urlTemplate\":\"https:\/\/www.hotelexpressaosta.it\/de\/?s={search_term_string}\"},\"query-input\":\"required name=search_term_string\"}],\"inLanguage\":\"de-DE\"},{\"@type\":\"Organization\",\"@id\":\"https:\/\/www.hotelexpressaosta.it\/de\/#organization\",\"name\":\"Express Hotel Aosta\",\"alternateName\":\"Express Hotel Aosta\",\"url\":\"https:\/\/www.hotelexpressaosta.it\/de\/\",\"logo\":{\"@type\":\"ImageObject\",\"inLanguage\":\"de-DE\",\"@id\":\"https:\/\/www.hotelexpressaosta.it\/de\/#\/schema\/logo\/image\/\",\"url\":\"https:\/\/www.hotelexpressaosta.it\/wp-content\/uploads\/sites\/171\/2024\/10\/1-logo-express.png\",\"contentUrl\":\"https:\/\/www.hotelexpressaosta.it\/wp-content\/uploads\/sites\/171\/2024\/10\/1-logo-express.png\",\"width\":250,\"height\":77,\"caption\":\"Express Hotel Aosta\"},\"image\":{\"@id\":\"https:\/\/www.hotelexpressaosta.it\/de\/#\/schema\/logo\/image\/\"},\"sameAs\":[\"https:\/\/www.facebook.com\/ExpressAosta\",\"https:\/\/twitter.com\/hotelexpressao\"]}]}<\/script>\n<!-- \/ Yoast SEO plugin. -->","yoast_head_json":{"title":"Freizeit &#8211; Express Hotel Aosta","description":"Aufgrund seiner Lage ist das Express Hotel das ideale Ziel f\u00fcr einen wunderbaren Besuch in der Region, eine kleine Perle mit viel Charme, zwischen den h\u00f6chsten Gipfeln in Europa wie Mont Blanc, Monte Rosa, das Matterhorn, Gran Paradiso gelegen.  Das Valle d\u2019Aosta wird somit in der Lage, um die vielen Sehensw\u00fcrdigkeiten der historischen, k\u00fcnstlerischen und naturalistischen Seen, W\u00e4lder und Wasserf\u00e4lle zu erobern. Verpassen Sie nicht die ber\u00fchmten Schl\u00f6sser im Aosta-Tal, die Festung von Bard mit seinem ber\u00fchmten internationalen Ausstellungen und nat\u00fcrlich sollten Sie nicht verpassen einen Besuch in der r\u00f6mischen Stadt Aosta oder man k\u00f6nnte die Gelegenheit nutzen, um einen Tag verw\u00f6hnen und Wellness verbringen nach St","robots":{"index":"index","follow":"follow","max-snippet":"max-snippet:-1","max-image-preview":"max-image-preview:large","max-video-preview":"max-video-preview:-1"},"canonical":"https:\/\/www.hotelexpressaosta.it\/de\/freizeit\/","og_locale":"de_DE","og_type":"article","og_title":"Freizeit &#8211; Express Hotel Aosta","og_description":"Aufgrund seiner Lage ist das Express Hotel das ideale Ziel f\u00fcr einen wunderbaren Besuch in der Region, eine kleine Perle mit viel Charme, zwischen den h\u00f6chsten Gipfeln in Europa wie Mont Blanc, Monte Rosa, das Matterhorn, Gran Paradiso gelegen.  Das Valle d\u2019Aosta wird somit in der Lage, um die vielen Sehensw\u00fcrdigkeiten der historischen, k\u00fcnstlerischen und naturalistischen Seen, W\u00e4lder und Wasserf\u00e4lle zu erobern. Verpassen Sie nicht die ber\u00fchmten Schl\u00f6sser im Aosta-Tal, die Festung von Bard mit seinem ber\u00fchmten internationalen Ausstellungen und nat\u00fcrlich sollten Sie nicht verpassen einen Besuch in der r\u00f6mischen Stadt Aosta oder man k\u00f6nnte die Gelegenheit nutzen, um einen Tag verw\u00f6hnen und Wellness verbringen nach St","og_url":"https:\/\/www.hotelexpressaosta.it\/de\/freizeit\/","og_site_name":"Express Hotel Aosta","article_publisher":"https:\/\/www.facebook.com\/ExpressAosta","article_modified_time":"2024-12-06T15:00:45+00:00","og_image":[{"width":1200,"height":800,"url":"https:\/\/www.hotelexpressaosta.it\/wp-content\/uploads\/sites\/171\/2024\/10\/composition-clothes-accessories-suitcase-1.jpg","type":"image\/jpeg"}],"twitter_card":"summary_large_image","twitter_site":"@hotelexpressao","twitter_misc":{"Gesch\u00e4tzte Lesezeit":"2 Minuten"},"schema":{"@context":"https:\/\/schema.org","@graph":[{"@type":"WebPage","@id":"https:\/\/www.hotelexpressaosta.it\/de\/freizeit\/","url":"https:\/\/www.hotelexpressaosta.it\/de\/freizeit\/","name":"Freizeit &#8211; Express Hotel Aosta","isPartOf":{"@id":"https:\/\/www.hotelexpressaosta.it\/de\/#website"},"primaryImageOfPage":{"@id":"https:\/\/www.hotelexpressaosta.it\/de\/freizeit\/#primaryimage"},"image":{"@id":"https:\/\/www.hotelexpressaosta.it\/de\/freizeit\/#primaryimage"},"thumbnailUrl":"https:\/\/www.hotelexpressaosta.it\/wp-content\/uploads\/sites\/171\/2024\/10\/composition-clothes-accessories-suitcase-1.jpg","datePublished":"2024-10-03T15:26:13+00:00","dateModified":"2024-12-06T15:00:45+00:00","description":"Aufgrund seiner Lage ist das Express Hotel das ideale Ziel f\u00fcr einen wunderbaren Besuch in der Region, eine kleine Perle mit viel Charme, zwischen den h\u00f6chsten Gipfeln in Europa wie Mont Blanc, Monte Rosa, das Matterhorn, Gran Paradiso gelegen. Das Valle d\u2019Aosta wird somit in der Lage, um die vielen Sehensw\u00fcrdigkeiten der historischen, k\u00fcnstlerischen und naturalistischen Seen, W\u00e4lder und Wasserf\u00e4lle zu erobern. Verpassen Sie nicht die ber\u00fchmten Schl\u00f6sser im Aosta-Tal, die Festung von Bard mit seinem ber\u00fchmten internationalen Ausstellungen und nat\u00fcrlich sollten Sie nicht verpassen einen Besuch in der r\u00f6mischen Stadt Aosta oder man k\u00f6nnte die Gelegenheit nutzen, um einen Tag verw\u00f6hnen und Wellness verbringen nach St","breadcrumb":{"@id":"https:\/\/www.hotelexpressaosta.it\/de\/freizeit\/#breadcrumb"},"inLanguage":"de-DE","potentialAction":[{"@type":"ReadAction","target":["https:\/\/www.hotelexpressaosta.it\/de\/freizeit\/"]}]},{"@type":"ImageObject","inLanguage":"de-DE","@id":"https:\/\/www.hotelexpressaosta.it\/de\/freizeit\/#primaryimage","url":"https:\/\/www.hotelexpressaosta.it\/wp-content\/uploads\/sites\/171\/2024\/10\/composition-clothes-accessories-suitcase-1.jpg","contentUrl":"https:\/\/www.hotelexpressaosta.it\/wp-content\/uploads\/sites\/171\/2024\/10\/composition-clothes-accessories-suitcase-1.jpg","width":1200,"height":800},{"@type":"BreadcrumbList","@id":"https:\/\/www.hotelexpressaosta.it\/de\/freizeit\/#breadcrumb","itemListElement":[{"@type":"ListItem","position":1,"name":"Home","item":"https:\/\/www.hotelexpressaosta.it\/de\/"},{"@type":"ListItem","position":2,"name":"Freizeit"}]},{"@type":"WebSite","@id":"https:\/\/www.hotelexpressaosta.it\/de\/#website","url":"https:\/\/www.hotelexpressaosta.it\/de\/","name":"Express Hotel Aosta","description":"Express Hotel im Herzen von Aosta gelegen","publisher":{"@id":"https:\/\/www.hotelexpressaosta.it\/de\/#organization"},"alternateName":"Express Hotel Aosta","potentialAction":[{"@type":"SearchAction","target":{"@type":"EntryPoint","urlTemplate":"https:\/\/www.hotelexpressaosta.it\/de\/?s={search_term_string}"},"query-input":"required name=search_term_string"}],"inLanguage":"de-DE"},{"@type":"Organization","@id":"https:\/\/www.hotelexpressaosta.it\/de\/#organization","name":"Express Hotel Aosta","alternateName":"Express Hotel Aosta","url":"https:\/\/www.hotelexpressaosta.it\/de\/","logo":{"@type":"ImageObject","inLanguage":"de-DE","@id":"https:\/\/www.hotelexpressaosta.it\/de\/#\/schema\/logo\/image\/","url":"https:\/\/www.hotelexpressaosta.it\/wp-content\/uploads\/sites\/171\/2024\/10\/1-logo-express.png","contentUrl":"https:\/\/www.hotelexpressaosta.it\/wp-content\/uploads\/sites\/171\/2024\/10\/1-logo-express.png","width":250,"height":77,"caption":"Express Hotel Aosta"},"image":{"@id":"https:\/\/www.hotelexpressaosta.it\/de\/#\/schema\/logo\/image\/"},"sameAs":["https:\/\/www.facebook.com\/ExpressAosta","https:\/\/twitter.com\/hotelexpressao"]}]}},"acf":[],"_links":{"self":[{"href":"https:\/\/www.hotelexpressaosta.it\/de\/wp-json\/wp\/v2\/pages\/694"}],"collection":[{"href":"https:\/\/www.hotelexpressaosta.it\/de\/wp-json\/wp\/v2\/pages"}],"about":[{"href":"https:\/\/www.hotelexpressaosta.it\/de\/wp-json\/wp\/v2\/types\/page"}],"author":[{"embeddable":true,"href":"https:\/\/www.hotelexpressaosta.it\/de\/wp-json\/wp\/v2\/users\/12"}],"replies":[{"embeddable":true,"href":"https:\/\/www.hotelexpressaosta.it\/de\/wp-json\/wp\/v2\/comments?post=694"}],"version-history":[{"count":0,"href":"https:\/\/www.hotelexpressaosta.it\/de\/wp-json\/wp\/v2\/pages\/694\/revisions"}],"wp:featuredmedia":[{"embeddable":true,"href":"https:\/\/www.hotelexpressaosta.it\/de\/wp-json\/wp\/v2\/media\/334"}],"wp:attachment":[{"href":"https:\/\/www.hotelexpressaosta.it\/de\/wp-json\/wp\/v2\/media?parent=694"}],"curies":[{"name":"wp","href":"https:\/\/api.w.org\/{rel}","templated":true}]}}