{"id":701,"date":"2024-10-03T16:55:54","date_gmt":"2024-10-03T16:55:54","guid":{"rendered":"https:\/\/express-hotel-aosta.ms2.decms.eu\/?page_id=701"},"modified":"2024-12-06T16:37:40","modified_gmt":"2024-12-06T16:37:40","slug":"entspannungs-liebhaber","status":"publish","type":"page","link":"https:\/\/www.hotelexpressaosta.it\/de\/freizeit\/entspannungs-liebhaber\/","title":{"rendered":"Entspannungs-Liebhaber"},"content":{"rendered":"<p>Seit Urzeiten wird gesagt, dass ein gesunder Geist den K\u00f6rper gesund zu begleiten. Um ein gutes Gef\u00fchl, dann, was bessere Idee, als im\u00a0Hotel Express Aosta\u00a0f\u00fcr einen Besuch in Terme Val D\u2019Aosta bleiben?<br \/>\nNeben den vielen M\u00f6glichkeiten, die unsere Region, k\u00f6nnen Sie verbringen Stunden erholsamen und sehr vorteilhaft f\u00fcr die B\u00e4der von St. Vincent und den Thermen von Pr\u00e9-Saint-Didier.<\/p>\n","protected":false},"excerpt":{"rendered":"<p>Seit Urzeiten wird gesagt, dass ein gesunder Geist den K\u00f6rper gesund zu begleiten. Um ein gutes Gef\u00fchl, dann, was bessere Idee, als im\u00a0Hotel Express Aosta\u00a0f\u00fcr einen Besuch in Terme Val D\u2019Aosta bleiben? Neben den vielen M\u00f6glichkeiten, die unsere Region, k\u00f6nnen Sie verbringen Stunden erholsamen und sehr vorteilhaft f\u00fcr die B\u00e4der von St. Vincent und den [&hellip;]<\/p>\n","protected":false},"author":12,"featured_media":202,"parent":694,"menu_order":64,"comment_status":"closed","ping_status":"closed","template":"template-default-2.php","meta":{"footnotes":""},"yoast_head":"<!-- This site is optimized with the Yoast SEO plugin v22.3 - https:\/\/yoast.com\/wordpress\/plugins\/seo\/ -->\n<title>Entspannungs-Liebhaber &#8211; Express Hotel Aosta<\/title>\n<meta name=\"description\" content=\"Seit Urzeiten wird gesagt, dass ein gesunder Geist den K\u00f6rper gesund zu begleiten. Um ein gutes Gef\u00fchl, dann, was bessere Idee, als im\u00a0Hotel Express Aosta\u00a0f\u00fcr einen Besuch in Terme Val D\u2019Aosta bleiben? Neben den vielen M\u00f6glichkeiten, die unsere Region, k\u00f6nnen Sie verbringen Stunden erholsamen und sehr vorteilhaft f\u00fcr die B\u00e4der von St\" \/>\n<meta name=\"robots\" content=\"index, follow, max-snippet:-1, max-image-preview:large, max-video-preview:-1\" \/>\n<link rel=\"canonical\" href=\"https:\/\/www.hotelexpressaosta.it\/de\/freizeit\/entspannungs-liebhaber\/\" \/>\n<meta property=\"og:locale\" content=\"de_DE\" \/>\n<meta property=\"og:type\" content=\"article\" \/>\n<meta property=\"og:title\" content=\"Entspannungs-Liebhaber &#8211; Express Hotel Aosta\" \/>\n<meta property=\"og:description\" content=\"Seit Urzeiten wird gesagt, dass ein gesunder Geist den K\u00f6rper gesund zu begleiten. Um ein gutes Gef\u00fchl, dann, was bessere Idee, als im\u00a0Hotel Express Aosta\u00a0f\u00fcr einen Besuch in Terme Val D\u2019Aosta bleiben? Neben den vielen M\u00f6glichkeiten, die unsere Region, k\u00f6nnen Sie verbringen Stunden erholsamen und sehr vorteilhaft f\u00fcr die B\u00e4der von St\" \/>\n<meta property=\"og:url\" content=\"https:\/\/www.hotelexpressaosta.it\/de\/freizeit\/entspannungs-liebhaber\/\" \/>\n<meta property=\"og:site_name\" content=\"Express Hotel Aosta\" \/>\n<meta property=\"article:publisher\" content=\"https:\/\/www.facebook.com\/ExpressAosta\" \/>\n<meta property=\"article:modified_time\" content=\"2024-12-06T16:37:40+00:00\" \/>\n<meta property=\"og:image\" content=\"https:\/\/www.hotelexpressaosta.it\/wp-content\/uploads\/sites\/171\/2024\/10\/beautiful-young-woman-lying-waiting-her-massage-spa-concept-1.jpg\" \/>\n\t<meta property=\"og:image:width\" content=\"1200\" \/>\n\t<meta property=\"og:image:height\" content=\"417\" \/>\n\t<meta property=\"og:image:type\" content=\"image\/jpeg\" \/>\n<meta name=\"twitter:card\" content=\"summary_large_image\" \/>\n<meta name=\"twitter:site\" content=\"@hotelexpressao\" \/>\n<meta name=\"twitter:label1\" content=\"Gesch\u00e4tzte Lesezeit\" \/>\n\t<meta name=\"twitter:data1\" content=\"1 Minute\" \/>\n<script type=\"application\/ld+json\" class=\"yoast-schema-graph\">{\"@context\":\"https:\/\/schema.org\",\"@graph\":[{\"@type\":\"WebPage\",\"@id\":\"https:\/\/www.hotelexpressaosta.it\/de\/freizeit\/entspannungs-liebhaber\/\",\"url\":\"https:\/\/www.hotelexpressaosta.it\/de\/freizeit\/entspannungs-liebhaber\/\",\"name\":\"Entspannungs-Liebhaber &#8211; Express Hotel Aosta\",\"isPartOf\":{\"@id\":\"https:\/\/www.hotelexpressaosta.it\/de\/#website\"},\"primaryImageOfPage\":{\"@id\":\"https:\/\/www.hotelexpressaosta.it\/de\/freizeit\/entspannungs-liebhaber\/#primaryimage\"},\"image\":{\"@id\":\"https:\/\/www.hotelexpressaosta.it\/de\/freizeit\/entspannungs-liebhaber\/#primaryimage\"},\"thumbnailUrl\":\"https:\/\/www.hotelexpressaosta.it\/wp-content\/uploads\/sites\/171\/2024\/10\/beautiful-young-woman-lying-waiting-her-massage-spa-concept-1-e1750525014522.jpg\",\"datePublished\":\"2024-10-03T16:55:54+00:00\",\"dateModified\":\"2024-12-06T16:37:40+00:00\",\"description\":\"Seit Urzeiten wird gesagt, dass ein gesunder Geist den K\u00f6rper gesund zu begleiten. Um ein gutes Gef\u00fchl, dann, was bessere Idee, als im\u00a0Hotel Express Aosta\u00a0f\u00fcr einen Besuch in Terme Val D\u2019Aosta bleiben? Neben den vielen M\u00f6glichkeiten, die unsere Region, k\u00f6nnen Sie verbringen Stunden erholsamen und sehr vorteilhaft f\u00fcr die B\u00e4der von St\",\"breadcrumb\":{\"@id\":\"https:\/\/www.hotelexpressaosta.it\/de\/freizeit\/entspannungs-liebhaber\/#breadcrumb\"},\"inLanguage\":\"de-DE\",\"potentialAction\":[{\"@type\":\"ReadAction\",\"target\":[\"https:\/\/www.hotelexpressaosta.it\/de\/freizeit\/entspannungs-liebhaber\/\"]}]},{\"@type\":\"ImageObject\",\"inLanguage\":\"de-DE\",\"@id\":\"https:\/\/www.hotelexpressaosta.it\/de\/freizeit\/entspannungs-liebhaber\/#primaryimage\",\"url\":\"https:\/\/www.hotelexpressaosta.it\/wp-content\/uploads\/sites\/171\/2024\/10\/beautiful-young-woman-lying-waiting-her-massage-spa-concept-1-e1750525014522.jpg\",\"contentUrl\":\"https:\/\/www.hotelexpressaosta.it\/wp-content\/uploads\/sites\/171\/2024\/10\/beautiful-young-woman-lying-waiting-her-massage-spa-concept-1-e1750525014522.jpg\",\"width\":1200,\"height\":417,\"caption\":\"Benessere e Relax\"},{\"@type\":\"BreadcrumbList\",\"@id\":\"https:\/\/www.hotelexpressaosta.it\/de\/freizeit\/entspannungs-liebhaber\/#breadcrumb\",\"itemListElement\":[{\"@type\":\"ListItem\",\"position\":1,\"name\":\"Home\",\"item\":\"https:\/\/www.hotelexpressaosta.it\/de\/\"},{\"@type\":\"ListItem\",\"position\":2,\"name\":\"Freizeit\",\"item\":\"https:\/\/www.hotelexpressaosta.it\/de\/freizeit\/\"},{\"@type\":\"ListItem\",\"position\":3,\"name\":\"Entspannungs-Liebhaber\"}]},{\"@type\":\"WebSite\",\"@id\":\"https:\/\/www.hotelexpressaosta.it\/de\/#website\",\"url\":\"https:\/\/www.hotelexpressaosta.it\/de\/\",\"name\":\"Express Hotel Aosta\",\"description\":\"Express Hotel im Herzen von Aosta gelegen\",\"publisher\":{\"@id\":\"https:\/\/www.hotelexpressaosta.it\/de\/#organization\"},\"alternateName\":\"Express Hotel Aosta\",\"potentialAction\":[{\"@type\":\"SearchAction\",\"target\":{\"@type\":\"EntryPoint\",\"urlTemplate\":\"https:\/\/www.hotelexpressaosta.it\/de\/?s={search_term_string}\"},\"query-input\":\"required name=search_term_string\"}],\"inLanguage\":\"de-DE\"},{\"@type\":\"Organization\",\"@id\":\"https:\/\/www.hotelexpressaosta.it\/de\/#organization\",\"name\":\"Express Hotel Aosta\",\"alternateName\":\"Express Hotel Aosta\",\"url\":\"https:\/\/www.hotelexpressaosta.it\/de\/\",\"logo\":{\"@type\":\"ImageObject\",\"inLanguage\":\"de-DE\",\"@id\":\"https:\/\/www.hotelexpressaosta.it\/de\/#\/schema\/logo\/image\/\",\"url\":\"https:\/\/www.hotelexpressaosta.it\/wp-content\/uploads\/sites\/171\/2024\/10\/1-logo-express.png\",\"contentUrl\":\"https:\/\/www.hotelexpressaosta.it\/wp-content\/uploads\/sites\/171\/2024\/10\/1-logo-express.png\",\"width\":250,\"height\":77,\"caption\":\"Express Hotel Aosta\"},\"image\":{\"@id\":\"https:\/\/www.hotelexpressaosta.it\/de\/#\/schema\/logo\/image\/\"},\"sameAs\":[\"https:\/\/www.facebook.com\/ExpressAosta\",\"https:\/\/twitter.com\/hotelexpressao\"]}]}<\/script>\n<!-- \/ Yoast SEO plugin. -->","yoast_head_json":{"title":"Entspannungs-Liebhaber &#8211; Express Hotel Aosta","description":"Seit Urzeiten wird gesagt, dass ein gesunder Geist den K\u00f6rper gesund zu begleiten. Um ein gutes Gef\u00fchl, dann, was bessere Idee, als im\u00a0Hotel Express Aosta\u00a0f\u00fcr einen Besuch in Terme Val D\u2019Aosta bleiben? Neben den vielen M\u00f6glichkeiten, die unsere Region, k\u00f6nnen Sie verbringen Stunden erholsamen und sehr vorteilhaft f\u00fcr die B\u00e4der von St","robots":{"index":"index","follow":"follow","max-snippet":"max-snippet:-1","max-image-preview":"max-image-preview:large","max-video-preview":"max-video-preview:-1"},"canonical":"https:\/\/www.hotelexpressaosta.it\/de\/freizeit\/entspannungs-liebhaber\/","og_locale":"de_DE","og_type":"article","og_title":"Entspannungs-Liebhaber &#8211; Express Hotel Aosta","og_description":"Seit Urzeiten wird gesagt, dass ein gesunder Geist den K\u00f6rper gesund zu begleiten. Um ein gutes Gef\u00fchl, dann, was bessere Idee, als im\u00a0Hotel Express Aosta\u00a0f\u00fcr einen Besuch in Terme Val D\u2019Aosta bleiben? Neben den vielen M\u00f6glichkeiten, die unsere Region, k\u00f6nnen Sie verbringen Stunden erholsamen und sehr vorteilhaft f\u00fcr die B\u00e4der von St","og_url":"https:\/\/www.hotelexpressaosta.it\/de\/freizeit\/entspannungs-liebhaber\/","og_site_name":"Express Hotel Aosta","article_publisher":"https:\/\/www.facebook.com\/ExpressAosta","article_modified_time":"2024-12-06T16:37:40+00:00","og_image":[{"width":1200,"height":417,"url":"https:\/\/www.hotelexpressaosta.it\/wp-content\/uploads\/sites\/171\/2024\/10\/beautiful-young-woman-lying-waiting-her-massage-spa-concept-1.jpg","type":"image\/jpeg"}],"twitter_card":"summary_large_image","twitter_site":"@hotelexpressao","twitter_misc":{"Gesch\u00e4tzte Lesezeit":"1 Minute"},"schema":{"@context":"https:\/\/schema.org","@graph":[{"@type":"WebPage","@id":"https:\/\/www.hotelexpressaosta.it\/de\/freizeit\/entspannungs-liebhaber\/","url":"https:\/\/www.hotelexpressaosta.it\/de\/freizeit\/entspannungs-liebhaber\/","name":"Entspannungs-Liebhaber &#8211; Express Hotel Aosta","isPartOf":{"@id":"https:\/\/www.hotelexpressaosta.it\/de\/#website"},"primaryImageOfPage":{"@id":"https:\/\/www.hotelexpressaosta.it\/de\/freizeit\/entspannungs-liebhaber\/#primaryimage"},"image":{"@id":"https:\/\/www.hotelexpressaosta.it\/de\/freizeit\/entspannungs-liebhaber\/#primaryimage"},"thumbnailUrl":"https:\/\/www.hotelexpressaosta.it\/wp-content\/uploads\/sites\/171\/2024\/10\/beautiful-young-woman-lying-waiting-her-massage-spa-concept-1-e1750525014522.jpg","datePublished":"2024-10-03T16:55:54+00:00","dateModified":"2024-12-06T16:37:40+00:00","description":"Seit Urzeiten wird gesagt, dass ein gesunder Geist den K\u00f6rper gesund zu begleiten. Um ein gutes Gef\u00fchl, dann, was bessere Idee, als im\u00a0Hotel Express Aosta\u00a0f\u00fcr einen Besuch in Terme Val D\u2019Aosta bleiben? Neben den vielen M\u00f6glichkeiten, die unsere Region, k\u00f6nnen Sie verbringen Stunden erholsamen und sehr vorteilhaft f\u00fcr die B\u00e4der von St","breadcrumb":{"@id":"https:\/\/www.hotelexpressaosta.it\/de\/freizeit\/entspannungs-liebhaber\/#breadcrumb"},"inLanguage":"de-DE","potentialAction":[{"@type":"ReadAction","target":["https:\/\/www.hotelexpressaosta.it\/de\/freizeit\/entspannungs-liebhaber\/"]}]},{"@type":"ImageObject","inLanguage":"de-DE","@id":"https:\/\/www.hotelexpressaosta.it\/de\/freizeit\/entspannungs-liebhaber\/#primaryimage","url":"https:\/\/www.hotelexpressaosta.it\/wp-content\/uploads\/sites\/171\/2024\/10\/beautiful-young-woman-lying-waiting-her-massage-spa-concept-1-e1750525014522.jpg","contentUrl":"https:\/\/www.hotelexpressaosta.it\/wp-content\/uploads\/sites\/171\/2024\/10\/beautiful-young-woman-lying-waiting-her-massage-spa-concept-1-e1750525014522.jpg","width":1200,"height":417,"caption":"Benessere e Relax"},{"@type":"BreadcrumbList","@id":"https:\/\/www.hotelexpressaosta.it\/de\/freizeit\/entspannungs-liebhaber\/#breadcrumb","itemListElement":[{"@type":"ListItem","position":1,"name":"Home","item":"https:\/\/www.hotelexpressaosta.it\/de\/"},{"@type":"ListItem","position":2,"name":"Freizeit","item":"https:\/\/www.hotelexpressaosta.it\/de\/freizeit\/"},{"@type":"ListItem","position":3,"name":"Entspannungs-Liebhaber"}]},{"@type":"WebSite","@id":"https:\/\/www.hotelexpressaosta.it\/de\/#website","url":"https:\/\/www.hotelexpressaosta.it\/de\/","name":"Express Hotel Aosta","description":"Express Hotel im Herzen von Aosta gelegen","publisher":{"@id":"https:\/\/www.hotelexpressaosta.it\/de\/#organization"},"alternateName":"Express Hotel Aosta","potentialAction":[{"@type":"SearchAction","target":{"@type":"EntryPoint","urlTemplate":"https:\/\/www.hotelexpressaosta.it\/de\/?s={search_term_string}"},"query-input":"required name=search_term_string"}],"inLanguage":"de-DE"},{"@type":"Organization","@id":"https:\/\/www.hotelexpressaosta.it\/de\/#organization","name":"Express Hotel Aosta","alternateName":"Express Hotel Aosta","url":"https:\/\/www.hotelexpressaosta.it\/de\/","logo":{"@type":"ImageObject","inLanguage":"de-DE","@id":"https:\/\/www.hotelexpressaosta.it\/de\/#\/schema\/logo\/image\/","url":"https:\/\/www.hotelexpressaosta.it\/wp-content\/uploads\/sites\/171\/2024\/10\/1-logo-express.png","contentUrl":"https:\/\/www.hotelexpressaosta.it\/wp-content\/uploads\/sites\/171\/2024\/10\/1-logo-express.png","width":250,"height":77,"caption":"Express Hotel Aosta"},"image":{"@id":"https:\/\/www.hotelexpressaosta.it\/de\/#\/schema\/logo\/image\/"},"sameAs":["https:\/\/www.facebook.com\/ExpressAosta","https:\/\/twitter.com\/hotelexpressao"]}]}},"acf":[],"_links":{"self":[{"href":"https:\/\/www.hotelexpressaosta.it\/de\/wp-json\/wp\/v2\/pages\/701"}],"collection":[{"href":"https:\/\/www.hotelexpressaosta.it\/de\/wp-json\/wp\/v2\/pages"}],"about":[{"href":"https:\/\/www.hotelexpressaosta.it\/de\/wp-json\/wp\/v2\/types\/page"}],"author":[{"embeddable":true,"href":"https:\/\/www.hotelexpressaosta.it\/de\/wp-json\/wp\/v2\/users\/12"}],"replies":[{"embeddable":true,"href":"https:\/\/www.hotelexpressaosta.it\/de\/wp-json\/wp\/v2\/comments?post=701"}],"version-history":[{"count":0,"href":"https:\/\/www.hotelexpressaosta.it\/de\/wp-json\/wp\/v2\/pages\/701\/revisions"}],"up":[{"embeddable":true,"href":"https:\/\/www.hotelexpressaosta.it\/de\/wp-json\/wp\/v2\/pages\/694"}],"wp:featuredmedia":[{"embeddable":true,"href":"https:\/\/www.hotelexpressaosta.it\/de\/wp-json\/wp\/v2\/media\/202"}],"wp:attachment":[{"href":"https:\/\/www.hotelexpressaosta.it\/de\/wp-json\/wp\/v2\/media?parent=701"}],"curies":[{"name":"wp","href":"https:\/\/api.w.org\/{rel}","templated":true}]}}