{"id":726,"date":"2024-10-02T12:43:58","date_gmt":"2024-10-02T12:43:58","guid":{"rendered":"https:\/\/express-hotel-aosta.ms2.decms.eu\/?page_id=726"},"modified":"2024-12-09T15:10:52","modified_gmt":"2024-12-09T15:10:52","slug":"tagung","status":"publish","type":"page","link":"https:\/\/www.hotelexpressaosta.it\/de\/tagung\/","title":{"rendered":"Tagung"},"content":{"rendered":"<p>Sehr oft Sie das Bed\u00fcrfnis versp\u00fcren, \u201c<strong>an einem Tisch sitzen<\/strong>\u201d, wie sie sagen, und eine Bestandsaufnahme der Situation. Jeder anst\u00e4ndige Unternehmen sollten regelm\u00e4\u00dfig ihre Richtlinien, \u00fcberpr\u00fcfen Sie die Erreichung der Ziele und strategischen Entscheidungen und funktional f\u00fcr die wirtschaftliche Entwicklung.<\/p>\n<p>Denken Sie dar\u00fcber nach, wie es sein kann, sch\u00f6n, die Landschaft Einstellung des Val d\u2019Aosta f\u00fcr Ihre\u00a0<strong>Business-Meetings<\/strong>\u00a0und die Effizienz der Struktur an der Express Hotel, ein besonders geeigneter als Treffpunkt haben und finde mich angesichts ihrer gro\u00dfen Zug\u00e4nglichkeit, angesichts der N\u00e4he Flughafen und Autobahn.<\/p>\n","protected":false},"excerpt":{"rendered":"<p>Sehr oft Sie das Bed\u00fcrfnis versp\u00fcren, \u201can einem Tisch sitzen\u201d, wie sie sagen, und eine Bestandsaufnahme der Situation. Jeder anst\u00e4ndige Unternehmen sollten regelm\u00e4\u00dfig ihre Richtlinien, \u00fcberpr\u00fcfen Sie die Erreichung der Ziele und strategischen Entscheidungen und funktional f\u00fcr die wirtschaftliche Entwicklung. Denken Sie dar\u00fcber nach, wie es sein kann, sch\u00f6n, die Landschaft Einstellung des Val d\u2019Aosta [&hellip;]<\/p>\n","protected":false},"author":12,"featured_media":79,"parent":0,"menu_order":70,"comment_status":"closed","ping_status":"closed","template":"template-meeting.php","meta":{"footnotes":""},"yoast_head":"<!-- This site is optimized with the Yoast SEO plugin v22.3 - https:\/\/yoast.com\/wordpress\/plugins\/seo\/ -->\n<title>Tagung &#8211; Express Hotel Aosta<\/title>\n<meta name=\"description\" content=\"Sehr oft Sie das Bed\u00fcrfnis versp\u00fcren, \u201can einem Tisch sitzen\u201d, wie sie sagen, und eine Bestandsaufnahme der Situation. Jeder anst\u00e4ndige Unternehmen sollten regelm\u00e4\u00dfig ihre Richtlinien, \u00fcberpr\u00fcfen Sie die Erreichung der Ziele und strategischen Entscheidungen und funktional f\u00fcr die wirtschaftliche Entwicklung.  Denken Sie dar\u00fcber nach, wie es sein kann, sch\u00f6n, die Landschaft Einstellung des Val d\u2019Aosta f\u00fcr Ihre\u00a0Business-Meetings\u00a0und die Effizienz der Struktur an der Express Hotel, ein besonders geeigneter als Treffpunkt haben und finde mich angesichts ihrer gro\u00dfen Zug\u00e4nglichkeit, angesichts der N\u00e4he Flughafen und Autobahn.\" \/>\n<meta name=\"robots\" content=\"index, follow, max-snippet:-1, max-image-preview:large, max-video-preview:-1\" \/>\n<link rel=\"canonical\" href=\"https:\/\/www.hotelexpressaosta.it\/de\/tagung\/\" \/>\n<meta property=\"og:locale\" content=\"de_DE\" \/>\n<meta property=\"og:type\" content=\"article\" \/>\n<meta property=\"og:title\" content=\"Tagung &#8211; Express Hotel Aosta\" \/>\n<meta property=\"og:description\" content=\"Sehr oft Sie das Bed\u00fcrfnis versp\u00fcren, \u201can einem Tisch sitzen\u201d, wie sie sagen, und eine Bestandsaufnahme der Situation. Jeder anst\u00e4ndige Unternehmen sollten regelm\u00e4\u00dfig ihre Richtlinien, \u00fcberpr\u00fcfen Sie die Erreichung der Ziele und strategischen Entscheidungen und funktional f\u00fcr die wirtschaftliche Entwicklung.  Denken Sie dar\u00fcber nach, wie es sein kann, sch\u00f6n, die Landschaft Einstellung des Val d\u2019Aosta f\u00fcr Ihre\u00a0Business-Meetings\u00a0und die Effizienz der Struktur an der Express Hotel, ein besonders geeigneter als Treffpunkt haben und finde mich angesichts ihrer gro\u00dfen Zug\u00e4nglichkeit, angesichts der N\u00e4he Flughafen und Autobahn.\" \/>\n<meta property=\"og:url\" content=\"https:\/\/www.hotelexpressaosta.it\/de\/tagung\/\" \/>\n<meta property=\"og:site_name\" content=\"Express Hotel Aosta\" \/>\n<meta property=\"article:publisher\" content=\"https:\/\/www.facebook.com\/ExpressAosta\" \/>\n<meta property=\"article:modified_time\" content=\"2024-12-09T15:10:52+00:00\" \/>\n<meta property=\"og:image\" content=\"https:\/\/www.hotelexpressaosta.it\/wp-content\/uploads\/sites\/171\/2024\/10\/Sala-meeting-1.jpg\" \/>\n\t<meta property=\"og:image:width\" content=\"1200\" \/>\n\t<meta property=\"og:image:height\" content=\"800\" \/>\n\t<meta property=\"og:image:type\" content=\"image\/jpeg\" \/>\n<meta name=\"twitter:card\" content=\"summary_large_image\" \/>\n<meta name=\"twitter:site\" content=\"@hotelexpressao\" \/>\n<meta name=\"twitter:label1\" content=\"Gesch\u00e4tzte Lesezeit\" \/>\n\t<meta name=\"twitter:data1\" content=\"1 Minute\" \/>\n<script type=\"application\/ld+json\" class=\"yoast-schema-graph\">{\"@context\":\"https:\/\/schema.org\",\"@graph\":[{\"@type\":\"WebPage\",\"@id\":\"https:\/\/www.hotelexpressaosta.it\/de\/tagung\/\",\"url\":\"https:\/\/www.hotelexpressaosta.it\/de\/tagung\/\",\"name\":\"Tagung &#8211; Express Hotel Aosta\",\"isPartOf\":{\"@id\":\"https:\/\/www.hotelexpressaosta.it\/de\/#website\"},\"primaryImageOfPage\":{\"@id\":\"https:\/\/www.hotelexpressaosta.it\/de\/tagung\/#primaryimage\"},\"image\":{\"@id\":\"https:\/\/www.hotelexpressaosta.it\/de\/tagung\/#primaryimage\"},\"thumbnailUrl\":\"https:\/\/www.hotelexpressaosta.it\/wp-content\/uploads\/sites\/171\/2024\/10\/Sala-meeting-1.jpg\",\"datePublished\":\"2024-10-02T12:43:58+00:00\",\"dateModified\":\"2024-12-09T15:10:52+00:00\",\"description\":\"Sehr oft Sie das Bed\u00fcrfnis versp\u00fcren, \u201can einem Tisch sitzen\u201d, wie sie sagen, und eine Bestandsaufnahme der Situation. Jeder anst\u00e4ndige Unternehmen sollten regelm\u00e4\u00dfig ihre Richtlinien, \u00fcberpr\u00fcfen Sie die Erreichung der Ziele und strategischen Entscheidungen und funktional f\u00fcr die wirtschaftliche Entwicklung. Denken Sie dar\u00fcber nach, wie es sein kann, sch\u00f6n, die Landschaft Einstellung des Val d\u2019Aosta f\u00fcr Ihre\u00a0Business-Meetings\u00a0und die Effizienz der Struktur an der Express Hotel, ein besonders geeigneter als Treffpunkt haben und finde mich angesichts ihrer gro\u00dfen Zug\u00e4nglichkeit, angesichts der N\u00e4he Flughafen und Autobahn.\",\"breadcrumb\":{\"@id\":\"https:\/\/www.hotelexpressaosta.it\/de\/tagung\/#breadcrumb\"},\"inLanguage\":\"de-DE\",\"potentialAction\":[{\"@type\":\"ReadAction\",\"target\":[\"https:\/\/www.hotelexpressaosta.it\/de\/tagung\/\"]}]},{\"@type\":\"ImageObject\",\"inLanguage\":\"de-DE\",\"@id\":\"https:\/\/www.hotelexpressaosta.it\/de\/tagung\/#primaryimage\",\"url\":\"https:\/\/www.hotelexpressaosta.it\/wp-content\/uploads\/sites\/171\/2024\/10\/Sala-meeting-1.jpg\",\"contentUrl\":\"https:\/\/www.hotelexpressaosta.it\/wp-content\/uploads\/sites\/171\/2024\/10\/Sala-meeting-1.jpg\",\"width\":1200,\"height\":800},{\"@type\":\"BreadcrumbList\",\"@id\":\"https:\/\/www.hotelexpressaosta.it\/de\/tagung\/#breadcrumb\",\"itemListElement\":[{\"@type\":\"ListItem\",\"position\":1,\"name\":\"Home\",\"item\":\"https:\/\/www.hotelexpressaosta.it\/de\/\"},{\"@type\":\"ListItem\",\"position\":2,\"name\":\"Tagung\"}]},{\"@type\":\"WebSite\",\"@id\":\"https:\/\/www.hotelexpressaosta.it\/de\/#website\",\"url\":\"https:\/\/www.hotelexpressaosta.it\/de\/\",\"name\":\"Express Hotel Aosta\",\"description\":\"Express Hotel im Herzen von Aosta gelegen\",\"publisher\":{\"@id\":\"https:\/\/www.hotelexpressaosta.it\/de\/#organization\"},\"alternateName\":\"Express Hotel Aosta\",\"potentialAction\":[{\"@type\":\"SearchAction\",\"target\":{\"@type\":\"EntryPoint\",\"urlTemplate\":\"https:\/\/www.hotelexpressaosta.it\/de\/?s={search_term_string}\"},\"query-input\":\"required name=search_term_string\"}],\"inLanguage\":\"de-DE\"},{\"@type\":\"Organization\",\"@id\":\"https:\/\/www.hotelexpressaosta.it\/de\/#organization\",\"name\":\"Express Hotel Aosta\",\"alternateName\":\"Express Hotel Aosta\",\"url\":\"https:\/\/www.hotelexpressaosta.it\/de\/\",\"logo\":{\"@type\":\"ImageObject\",\"inLanguage\":\"de-DE\",\"@id\":\"https:\/\/www.hotelexpressaosta.it\/de\/#\/schema\/logo\/image\/\",\"url\":\"https:\/\/www.hotelexpressaosta.it\/wp-content\/uploads\/sites\/171\/2024\/10\/1-logo-express.png\",\"contentUrl\":\"https:\/\/www.hotelexpressaosta.it\/wp-content\/uploads\/sites\/171\/2024\/10\/1-logo-express.png\",\"width\":250,\"height\":77,\"caption\":\"Express Hotel Aosta\"},\"image\":{\"@id\":\"https:\/\/www.hotelexpressaosta.it\/de\/#\/schema\/logo\/image\/\"},\"sameAs\":[\"https:\/\/www.facebook.com\/ExpressAosta\",\"https:\/\/twitter.com\/hotelexpressao\"]}]}<\/script>\n<!-- \/ Yoast SEO plugin. -->","yoast_head_json":{"title":"Tagung &#8211; Express Hotel Aosta","description":"Sehr oft Sie das Bed\u00fcrfnis versp\u00fcren, \u201can einem Tisch sitzen\u201d, wie sie sagen, und eine Bestandsaufnahme der Situation. Jeder anst\u00e4ndige Unternehmen sollten regelm\u00e4\u00dfig ihre Richtlinien, \u00fcberpr\u00fcfen Sie die Erreichung der Ziele und strategischen Entscheidungen und funktional f\u00fcr die wirtschaftliche Entwicklung.  Denken Sie dar\u00fcber nach, wie es sein kann, sch\u00f6n, die Landschaft Einstellung des Val d\u2019Aosta f\u00fcr Ihre\u00a0Business-Meetings\u00a0und die Effizienz der Struktur an der Express Hotel, ein besonders geeigneter als Treffpunkt haben und finde mich angesichts ihrer gro\u00dfen Zug\u00e4nglichkeit, angesichts der N\u00e4he Flughafen und Autobahn.","robots":{"index":"index","follow":"follow","max-snippet":"max-snippet:-1","max-image-preview":"max-image-preview:large","max-video-preview":"max-video-preview:-1"},"canonical":"https:\/\/www.hotelexpressaosta.it\/de\/tagung\/","og_locale":"de_DE","og_type":"article","og_title":"Tagung &#8211; Express Hotel Aosta","og_description":"Sehr oft Sie das Bed\u00fcrfnis versp\u00fcren, \u201can einem Tisch sitzen\u201d, wie sie sagen, und eine Bestandsaufnahme der Situation. Jeder anst\u00e4ndige Unternehmen sollten regelm\u00e4\u00dfig ihre Richtlinien, \u00fcberpr\u00fcfen Sie die Erreichung der Ziele und strategischen Entscheidungen und funktional f\u00fcr die wirtschaftliche Entwicklung.  Denken Sie dar\u00fcber nach, wie es sein kann, sch\u00f6n, die Landschaft Einstellung des Val d\u2019Aosta f\u00fcr Ihre\u00a0Business-Meetings\u00a0und die Effizienz der Struktur an der Express Hotel, ein besonders geeigneter als Treffpunkt haben und finde mich angesichts ihrer gro\u00dfen Zug\u00e4nglichkeit, angesichts der N\u00e4he Flughafen und Autobahn.","og_url":"https:\/\/www.hotelexpressaosta.it\/de\/tagung\/","og_site_name":"Express Hotel Aosta","article_publisher":"https:\/\/www.facebook.com\/ExpressAosta","article_modified_time":"2024-12-09T15:10:52+00:00","og_image":[{"width":1200,"height":800,"url":"https:\/\/www.hotelexpressaosta.it\/wp-content\/uploads\/sites\/171\/2024\/10\/Sala-meeting-1.jpg","type":"image\/jpeg"}],"twitter_card":"summary_large_image","twitter_site":"@hotelexpressao","twitter_misc":{"Gesch\u00e4tzte Lesezeit":"1 Minute"},"schema":{"@context":"https:\/\/schema.org","@graph":[{"@type":"WebPage","@id":"https:\/\/www.hotelexpressaosta.it\/de\/tagung\/","url":"https:\/\/www.hotelexpressaosta.it\/de\/tagung\/","name":"Tagung &#8211; Express Hotel Aosta","isPartOf":{"@id":"https:\/\/www.hotelexpressaosta.it\/de\/#website"},"primaryImageOfPage":{"@id":"https:\/\/www.hotelexpressaosta.it\/de\/tagung\/#primaryimage"},"image":{"@id":"https:\/\/www.hotelexpressaosta.it\/de\/tagung\/#primaryimage"},"thumbnailUrl":"https:\/\/www.hotelexpressaosta.it\/wp-content\/uploads\/sites\/171\/2024\/10\/Sala-meeting-1.jpg","datePublished":"2024-10-02T12:43:58+00:00","dateModified":"2024-12-09T15:10:52+00:00","description":"Sehr oft Sie das Bed\u00fcrfnis versp\u00fcren, \u201can einem Tisch sitzen\u201d, wie sie sagen, und eine Bestandsaufnahme der Situation. Jeder anst\u00e4ndige Unternehmen sollten regelm\u00e4\u00dfig ihre Richtlinien, \u00fcberpr\u00fcfen Sie die Erreichung der Ziele und strategischen Entscheidungen und funktional f\u00fcr die wirtschaftliche Entwicklung. Denken Sie dar\u00fcber nach, wie es sein kann, sch\u00f6n, die Landschaft Einstellung des Val d\u2019Aosta f\u00fcr Ihre\u00a0Business-Meetings\u00a0und die Effizienz der Struktur an der Express Hotel, ein besonders geeigneter als Treffpunkt haben und finde mich angesichts ihrer gro\u00dfen Zug\u00e4nglichkeit, angesichts der N\u00e4he Flughafen und Autobahn.","breadcrumb":{"@id":"https:\/\/www.hotelexpressaosta.it\/de\/tagung\/#breadcrumb"},"inLanguage":"de-DE","potentialAction":[{"@type":"ReadAction","target":["https:\/\/www.hotelexpressaosta.it\/de\/tagung\/"]}]},{"@type":"ImageObject","inLanguage":"de-DE","@id":"https:\/\/www.hotelexpressaosta.it\/de\/tagung\/#primaryimage","url":"https:\/\/www.hotelexpressaosta.it\/wp-content\/uploads\/sites\/171\/2024\/10\/Sala-meeting-1.jpg","contentUrl":"https:\/\/www.hotelexpressaosta.it\/wp-content\/uploads\/sites\/171\/2024\/10\/Sala-meeting-1.jpg","width":1200,"height":800},{"@type":"BreadcrumbList","@id":"https:\/\/www.hotelexpressaosta.it\/de\/tagung\/#breadcrumb","itemListElement":[{"@type":"ListItem","position":1,"name":"Home","item":"https:\/\/www.hotelexpressaosta.it\/de\/"},{"@type":"ListItem","position":2,"name":"Tagung"}]},{"@type":"WebSite","@id":"https:\/\/www.hotelexpressaosta.it\/de\/#website","url":"https:\/\/www.hotelexpressaosta.it\/de\/","name":"Express Hotel Aosta","description":"Express Hotel im Herzen von Aosta gelegen","publisher":{"@id":"https:\/\/www.hotelexpressaosta.it\/de\/#organization"},"alternateName":"Express Hotel Aosta","potentialAction":[{"@type":"SearchAction","target":{"@type":"EntryPoint","urlTemplate":"https:\/\/www.hotelexpressaosta.it\/de\/?s={search_term_string}"},"query-input":"required name=search_term_string"}],"inLanguage":"de-DE"},{"@type":"Organization","@id":"https:\/\/www.hotelexpressaosta.it\/de\/#organization","name":"Express Hotel Aosta","alternateName":"Express Hotel Aosta","url":"https:\/\/www.hotelexpressaosta.it\/de\/","logo":{"@type":"ImageObject","inLanguage":"de-DE","@id":"https:\/\/www.hotelexpressaosta.it\/de\/#\/schema\/logo\/image\/","url":"https:\/\/www.hotelexpressaosta.it\/wp-content\/uploads\/sites\/171\/2024\/10\/1-logo-express.png","contentUrl":"https:\/\/www.hotelexpressaosta.it\/wp-content\/uploads\/sites\/171\/2024\/10\/1-logo-express.png","width":250,"height":77,"caption":"Express Hotel Aosta"},"image":{"@id":"https:\/\/www.hotelexpressaosta.it\/de\/#\/schema\/logo\/image\/"},"sameAs":["https:\/\/www.facebook.com\/ExpressAosta","https:\/\/twitter.com\/hotelexpressao"]}]}},"acf":[],"_links":{"self":[{"href":"https:\/\/www.hotelexpressaosta.it\/de\/wp-json\/wp\/v2\/pages\/726"}],"collection":[{"href":"https:\/\/www.hotelexpressaosta.it\/de\/wp-json\/wp\/v2\/pages"}],"about":[{"href":"https:\/\/www.hotelexpressaosta.it\/de\/wp-json\/wp\/v2\/types\/page"}],"author":[{"embeddable":true,"href":"https:\/\/www.hotelexpressaosta.it\/de\/wp-json\/wp\/v2\/users\/12"}],"replies":[{"embeddable":true,"href":"https:\/\/www.hotelexpressaosta.it\/de\/wp-json\/wp\/v2\/comments?post=726"}],"version-history":[{"count":0,"href":"https:\/\/www.hotelexpressaosta.it\/de\/wp-json\/wp\/v2\/pages\/726\/revisions"}],"wp:featuredmedia":[{"embeddable":true,"href":"https:\/\/www.hotelexpressaosta.it\/de\/wp-json\/wp\/v2\/media\/79"}],"wp:attachment":[{"href":"https:\/\/www.hotelexpressaosta.it\/de\/wp-json\/wp\/v2\/media?parent=726"}],"curies":[{"name":"wp","href":"https:\/\/api.w.org\/{rel}","templated":true}]}}