{"id":739,"date":"2024-10-11T14:38:02","date_gmt":"2024-10-11T14:38:02","guid":{"rendered":"https:\/\/express-hotel-aosta.ms2.decms.eu\/?page_id=739"},"modified":"2024-12-09T17:13:00","modified_gmt":"2024-12-09T17:13:00","slug":"superior-vierbettzimmer","status":"publish","type":"page","link":"https:\/\/www.hotelexpressaosta.it\/de\/zimmer\/zimmer-superior\/superior-vierbettzimmer\/","title":{"rendered":"Superior Vierbettzimmer"},"content":{"rendered":"<p>Unser Superior-Vierbettzimmer, 25 m\u00b2 gro\u00df, ist perfekt, um 3 oder 4 Personen unterzubringen.<\/p>\n<p>Der Raum ist mit einer bequemen Sitzecke mit Schlafsofa ausgestattet, ideal als drittes Bett f\u00fcr 2 Erwachsene, um sich vor dem Fernseher zu entspannen oder einen Tee\/Kaffee zu genie\u00dfen.<\/p>\n<p>Es ist m\u00f6glich, bei der Buchung 4 Einzelbetten anzufordern. Wir werden gerne alle W\u00fcnsche erf\u00fcllen, um einen komfortablen Aufenthalt zu gew\u00e4hrleisten.<\/p>\n<p>&nbsp;<\/p>\n","protected":false},"excerpt":{"rendered":"<p>Unser Superior-Vierbettzimmer, 25 m\u00b2 gro\u00df, ist perfekt, um 3 oder 4 Personen unterzubringen. Der Raum ist mit einer bequemen Sitzecke mit Schlafsofa ausgestattet, ideal als drittes Bett f\u00fcr 2 Erwachsene, um sich vor dem Fernseher zu entspannen oder einen Tee\/Kaffee zu genie\u00dfen. Es ist m\u00f6glich, bei der Buchung 4 Einzelbetten anzufordern. Wir werden gerne alle [&hellip;]<\/p>\n","protected":false},"author":12,"featured_media":1287,"parent":743,"menu_order":19,"comment_status":"closed","ping_status":"closed","template":"template-single-room.php","meta":{"footnotes":""},"yoast_head":"<!-- This site is optimized with the Yoast SEO plugin v22.3 - https:\/\/yoast.com\/wordpress\/plugins\/seo\/ -->\n<title>Superior Vierbettzimmer &#8211; Express Hotel Aosta<\/title>\n<meta name=\"description\" content=\"Unser Superior-Vierbettzimmer, 25 m\u00b2 gro\u00df, ist perfekt, um 3 oder 4 Personen unterzubringen.  Der Raum ist mit einer bequemen Sitzecke mit Schlafsofa ausgestattet, ideal als drittes Bett f\u00fcr 2 Erwachsene, um sich vor dem Fernseher zu entspannen oder einen Tee\/Kaffee zu genie\u00dfen.  Es ist m\u00f6glich, bei der Buchung 4 Einzelbetten anzufordern. Wir werden gerne alle W\u00fcnsche erf\u00fcllen, um einen komfortablen Aufenthalt zu gew\u00e4hrleisten.  &nbsp;\" \/>\n<meta name=\"robots\" content=\"index, follow, max-snippet:-1, max-image-preview:large, max-video-preview:-1\" \/>\n<link rel=\"canonical\" href=\"https:\/\/www.hotelexpressaosta.it\/de\/zimmer\/zimmer-superior\/superior-vierbettzimmer\/\" \/>\n<meta property=\"og:locale\" content=\"de_DE\" \/>\n<meta property=\"og:type\" content=\"article\" \/>\n<meta property=\"og:title\" content=\"Superior Vierbettzimmer &#8211; Express Hotel Aosta\" \/>\n<meta property=\"og:description\" content=\"Unser Superior-Vierbettzimmer, 25 m\u00b2 gro\u00df, ist perfekt, um 3 oder 4 Personen unterzubringen.  Der Raum ist mit einer bequemen Sitzecke mit Schlafsofa ausgestattet, ideal als drittes Bett f\u00fcr 2 Erwachsene, um sich vor dem Fernseher zu entspannen oder einen Tee\/Kaffee zu genie\u00dfen.  Es ist m\u00f6glich, bei der Buchung 4 Einzelbetten anzufordern. Wir werden gerne alle W\u00fcnsche erf\u00fcllen, um einen komfortablen Aufenthalt zu gew\u00e4hrleisten.  &nbsp;\" \/>\n<meta property=\"og:url\" content=\"https:\/\/www.hotelexpressaosta.it\/de\/zimmer\/zimmer-superior\/superior-vierbettzimmer\/\" \/>\n<meta property=\"og:site_name\" content=\"Express Hotel Aosta\" \/>\n<meta property=\"article:publisher\" content=\"https:\/\/www.facebook.com\/ExpressAosta\" \/>\n<meta property=\"article:modified_time\" content=\"2024-12-09T17:13:00+00:00\" \/>\n<meta property=\"og:image\" content=\"https:\/\/www.hotelexpressaosta.it\/wp-content\/uploads\/sites\/171\/2024\/10\/Camera-a-4-letti.jpg\" \/>\n\t<meta property=\"og:image:width\" content=\"1200\" \/>\n\t<meta property=\"og:image:height\" content=\"800\" \/>\n\t<meta property=\"og:image:type\" content=\"image\/jpeg\" \/>\n<meta name=\"twitter:card\" content=\"summary_large_image\" \/>\n<meta name=\"twitter:site\" content=\"@hotelexpressao\" \/>\n<meta name=\"twitter:label1\" content=\"Gesch\u00e4tzte Lesezeit\" \/>\n\t<meta name=\"twitter:data1\" content=\"1 Minute\" \/>\n<script type=\"application\/ld+json\" class=\"yoast-schema-graph\">{\"@context\":\"https:\/\/schema.org\",\"@graph\":[{\"@type\":\"WebPage\",\"@id\":\"https:\/\/www.hotelexpressaosta.it\/de\/zimmer\/zimmer-superior\/superior-vierbettzimmer\/\",\"url\":\"https:\/\/www.hotelexpressaosta.it\/de\/zimmer\/zimmer-superior\/superior-vierbettzimmer\/\",\"name\":\"Superior Vierbettzimmer &#8211; Express Hotel Aosta\",\"isPartOf\":{\"@id\":\"https:\/\/www.hotelexpressaosta.it\/de\/#website\"},\"primaryImageOfPage\":{\"@id\":\"https:\/\/www.hotelexpressaosta.it\/de\/zimmer\/zimmer-superior\/superior-vierbettzimmer\/#primaryimage\"},\"image\":{\"@id\":\"https:\/\/www.hotelexpressaosta.it\/de\/zimmer\/zimmer-superior\/superior-vierbettzimmer\/#primaryimage\"},\"thumbnailUrl\":\"https:\/\/www.hotelexpressaosta.it\/wp-content\/uploads\/sites\/171\/2025\/12\/Quadrupla-rev.-3\u00b0p-MXX-10pro.jpeg\",\"datePublished\":\"2024-10-11T14:38:02+00:00\",\"dateModified\":\"2024-12-09T17:13:00+00:00\",\"description\":\"Unser Superior-Vierbettzimmer, 25 m\u00b2 gro\u00df, ist perfekt, um 3 oder 4 Personen unterzubringen. Der Raum ist mit einer bequemen Sitzecke mit Schlafsofa ausgestattet, ideal als drittes Bett f\u00fcr 2 Erwachsene, um sich vor dem Fernseher zu entspannen oder einen Tee\/Kaffee zu genie\u00dfen. Es ist m\u00f6glich, bei der Buchung 4 Einzelbetten anzufordern. Wir werden gerne alle W\u00fcnsche erf\u00fcllen, um einen komfortablen Aufenthalt zu gew\u00e4hrleisten. &nbsp;\",\"breadcrumb\":{\"@id\":\"https:\/\/www.hotelexpressaosta.it\/de\/zimmer\/zimmer-superior\/superior-vierbettzimmer\/#breadcrumb\"},\"inLanguage\":\"de-DE\",\"potentialAction\":[{\"@type\":\"ReadAction\",\"target\":[\"https:\/\/www.hotelexpressaosta.it\/de\/zimmer\/zimmer-superior\/superior-vierbettzimmer\/\"]}]},{\"@type\":\"ImageObject\",\"inLanguage\":\"de-DE\",\"@id\":\"https:\/\/www.hotelexpressaosta.it\/de\/zimmer\/zimmer-superior\/superior-vierbettzimmer\/#primaryimage\",\"url\":\"https:\/\/www.hotelexpressaosta.it\/wp-content\/uploads\/sites\/171\/2025\/12\/Quadrupla-rev.-3\u00b0p-MXX-10pro.jpeg\",\"contentUrl\":\"https:\/\/www.hotelexpressaosta.it\/wp-content\/uploads\/sites\/171\/2025\/12\/Quadrupla-rev.-3\u00b0p-MXX-10pro.jpeg\",\"width\":1594,\"height\":1200},{\"@type\":\"BreadcrumbList\",\"@id\":\"https:\/\/www.hotelexpressaosta.it\/de\/zimmer\/zimmer-superior\/superior-vierbettzimmer\/#breadcrumb\",\"itemListElement\":[{\"@type\":\"ListItem\",\"position\":1,\"name\":\"Home\",\"item\":\"https:\/\/www.hotelexpressaosta.it\/de\/\"},{\"@type\":\"ListItem\",\"position\":2,\"name\":\"Zimmer\",\"item\":\"https:\/\/www.hotelexpressaosta.it\/de\/zimmer\/\"},{\"@type\":\"ListItem\",\"position\":3,\"name\":\"Zimmer Superior\",\"item\":\"https:\/\/www.hotelexpressaosta.it\/de\/zimmer\/zimmer-superior\/\"},{\"@type\":\"ListItem\",\"position\":4,\"name\":\"Superior Vierbettzimmer\"}]},{\"@type\":\"WebSite\",\"@id\":\"https:\/\/www.hotelexpressaosta.it\/de\/#website\",\"url\":\"https:\/\/www.hotelexpressaosta.it\/de\/\",\"name\":\"Express Hotel Aosta\",\"description\":\"Express Hotel im Herzen von Aosta gelegen\",\"publisher\":{\"@id\":\"https:\/\/www.hotelexpressaosta.it\/de\/#organization\"},\"alternateName\":\"Express Hotel Aosta\",\"potentialAction\":[{\"@type\":\"SearchAction\",\"target\":{\"@type\":\"EntryPoint\",\"urlTemplate\":\"https:\/\/www.hotelexpressaosta.it\/de\/?s={search_term_string}\"},\"query-input\":\"required name=search_term_string\"}],\"inLanguage\":\"de-DE\"},{\"@type\":\"Organization\",\"@id\":\"https:\/\/www.hotelexpressaosta.it\/de\/#organization\",\"name\":\"Express Hotel Aosta\",\"alternateName\":\"Express Hotel Aosta\",\"url\":\"https:\/\/www.hotelexpressaosta.it\/de\/\",\"logo\":{\"@type\":\"ImageObject\",\"inLanguage\":\"de-DE\",\"@id\":\"https:\/\/www.hotelexpressaosta.it\/de\/#\/schema\/logo\/image\/\",\"url\":\"https:\/\/www.hotelexpressaosta.it\/wp-content\/uploads\/sites\/171\/2024\/10\/1-logo-express.png\",\"contentUrl\":\"https:\/\/www.hotelexpressaosta.it\/wp-content\/uploads\/sites\/171\/2024\/10\/1-logo-express.png\",\"width\":250,\"height\":77,\"caption\":\"Express Hotel Aosta\"},\"image\":{\"@id\":\"https:\/\/www.hotelexpressaosta.it\/de\/#\/schema\/logo\/image\/\"},\"sameAs\":[\"https:\/\/www.facebook.com\/ExpressAosta\",\"https:\/\/twitter.com\/hotelexpressao\"]}]}<\/script>\n<!-- \/ Yoast SEO plugin. -->","yoast_head_json":{"title":"Superior Vierbettzimmer &#8211; Express Hotel Aosta","description":"Unser Superior-Vierbettzimmer, 25 m\u00b2 gro\u00df, ist perfekt, um 3 oder 4 Personen unterzubringen.  Der Raum ist mit einer bequemen Sitzecke mit Schlafsofa ausgestattet, ideal als drittes Bett f\u00fcr 2 Erwachsene, um sich vor dem Fernseher zu entspannen oder einen Tee\/Kaffee zu genie\u00dfen.  Es ist m\u00f6glich, bei der Buchung 4 Einzelbetten anzufordern. Wir werden gerne alle W\u00fcnsche erf\u00fcllen, um einen komfortablen Aufenthalt zu gew\u00e4hrleisten.  &nbsp;","robots":{"index":"index","follow":"follow","max-snippet":"max-snippet:-1","max-image-preview":"max-image-preview:large","max-video-preview":"max-video-preview:-1"},"canonical":"https:\/\/www.hotelexpressaosta.it\/de\/zimmer\/zimmer-superior\/superior-vierbettzimmer\/","og_locale":"de_DE","og_type":"article","og_title":"Superior Vierbettzimmer &#8211; Express Hotel Aosta","og_description":"Unser Superior-Vierbettzimmer, 25 m\u00b2 gro\u00df, ist perfekt, um 3 oder 4 Personen unterzubringen.  Der Raum ist mit einer bequemen Sitzecke mit Schlafsofa ausgestattet, ideal als drittes Bett f\u00fcr 2 Erwachsene, um sich vor dem Fernseher zu entspannen oder einen Tee\/Kaffee zu genie\u00dfen.  Es ist m\u00f6glich, bei der Buchung 4 Einzelbetten anzufordern. Wir werden gerne alle W\u00fcnsche erf\u00fcllen, um einen komfortablen Aufenthalt zu gew\u00e4hrleisten.  &nbsp;","og_url":"https:\/\/www.hotelexpressaosta.it\/de\/zimmer\/zimmer-superior\/superior-vierbettzimmer\/","og_site_name":"Express Hotel Aosta","article_publisher":"https:\/\/www.facebook.com\/ExpressAosta","article_modified_time":"2024-12-09T17:13:00+00:00","og_image":[{"width":1200,"height":800,"url":"https:\/\/www.hotelexpressaosta.it\/wp-content\/uploads\/sites\/171\/2024\/10\/Camera-a-4-letti.jpg","type":"image\/jpeg"}],"twitter_card":"summary_large_image","twitter_site":"@hotelexpressao","twitter_misc":{"Gesch\u00e4tzte Lesezeit":"1 Minute"},"schema":{"@context":"https:\/\/schema.org","@graph":[{"@type":"WebPage","@id":"https:\/\/www.hotelexpressaosta.it\/de\/zimmer\/zimmer-superior\/superior-vierbettzimmer\/","url":"https:\/\/www.hotelexpressaosta.it\/de\/zimmer\/zimmer-superior\/superior-vierbettzimmer\/","name":"Superior Vierbettzimmer &#8211; Express Hotel Aosta","isPartOf":{"@id":"https:\/\/www.hotelexpressaosta.it\/de\/#website"},"primaryImageOfPage":{"@id":"https:\/\/www.hotelexpressaosta.it\/de\/zimmer\/zimmer-superior\/superior-vierbettzimmer\/#primaryimage"},"image":{"@id":"https:\/\/www.hotelexpressaosta.it\/de\/zimmer\/zimmer-superior\/superior-vierbettzimmer\/#primaryimage"},"thumbnailUrl":"https:\/\/www.hotelexpressaosta.it\/wp-content\/uploads\/sites\/171\/2025\/12\/Quadrupla-rev.-3\u00b0p-MXX-10pro.jpeg","datePublished":"2024-10-11T14:38:02+00:00","dateModified":"2024-12-09T17:13:00+00:00","description":"Unser Superior-Vierbettzimmer, 25 m\u00b2 gro\u00df, ist perfekt, um 3 oder 4 Personen unterzubringen. Der Raum ist mit einer bequemen Sitzecke mit Schlafsofa ausgestattet, ideal als drittes Bett f\u00fcr 2 Erwachsene, um sich vor dem Fernseher zu entspannen oder einen Tee\/Kaffee zu genie\u00dfen. Es ist m\u00f6glich, bei der Buchung 4 Einzelbetten anzufordern. Wir werden gerne alle W\u00fcnsche erf\u00fcllen, um einen komfortablen Aufenthalt zu gew\u00e4hrleisten. &nbsp;","breadcrumb":{"@id":"https:\/\/www.hotelexpressaosta.it\/de\/zimmer\/zimmer-superior\/superior-vierbettzimmer\/#breadcrumb"},"inLanguage":"de-DE","potentialAction":[{"@type":"ReadAction","target":["https:\/\/www.hotelexpressaosta.it\/de\/zimmer\/zimmer-superior\/superior-vierbettzimmer\/"]}]},{"@type":"ImageObject","inLanguage":"de-DE","@id":"https:\/\/www.hotelexpressaosta.it\/de\/zimmer\/zimmer-superior\/superior-vierbettzimmer\/#primaryimage","url":"https:\/\/www.hotelexpressaosta.it\/wp-content\/uploads\/sites\/171\/2025\/12\/Quadrupla-rev.-3\u00b0p-MXX-10pro.jpeg","contentUrl":"https:\/\/www.hotelexpressaosta.it\/wp-content\/uploads\/sites\/171\/2025\/12\/Quadrupla-rev.-3\u00b0p-MXX-10pro.jpeg","width":1594,"height":1200},{"@type":"BreadcrumbList","@id":"https:\/\/www.hotelexpressaosta.it\/de\/zimmer\/zimmer-superior\/superior-vierbettzimmer\/#breadcrumb","itemListElement":[{"@type":"ListItem","position":1,"name":"Home","item":"https:\/\/www.hotelexpressaosta.it\/de\/"},{"@type":"ListItem","position":2,"name":"Zimmer","item":"https:\/\/www.hotelexpressaosta.it\/de\/zimmer\/"},{"@type":"ListItem","position":3,"name":"Zimmer Superior","item":"https:\/\/www.hotelexpressaosta.it\/de\/zimmer\/zimmer-superior\/"},{"@type":"ListItem","position":4,"name":"Superior Vierbettzimmer"}]},{"@type":"WebSite","@id":"https:\/\/www.hotelexpressaosta.it\/de\/#website","url":"https:\/\/www.hotelexpressaosta.it\/de\/","name":"Express Hotel Aosta","description":"Express Hotel im Herzen von Aosta gelegen","publisher":{"@id":"https:\/\/www.hotelexpressaosta.it\/de\/#organization"},"alternateName":"Express Hotel Aosta","potentialAction":[{"@type":"SearchAction","target":{"@type":"EntryPoint","urlTemplate":"https:\/\/www.hotelexpressaosta.it\/de\/?s={search_term_string}"},"query-input":"required name=search_term_string"}],"inLanguage":"de-DE"},{"@type":"Organization","@id":"https:\/\/www.hotelexpressaosta.it\/de\/#organization","name":"Express Hotel Aosta","alternateName":"Express Hotel Aosta","url":"https:\/\/www.hotelexpressaosta.it\/de\/","logo":{"@type":"ImageObject","inLanguage":"de-DE","@id":"https:\/\/www.hotelexpressaosta.it\/de\/#\/schema\/logo\/image\/","url":"https:\/\/www.hotelexpressaosta.it\/wp-content\/uploads\/sites\/171\/2024\/10\/1-logo-express.png","contentUrl":"https:\/\/www.hotelexpressaosta.it\/wp-content\/uploads\/sites\/171\/2024\/10\/1-logo-express.png","width":250,"height":77,"caption":"Express Hotel Aosta"},"image":{"@id":"https:\/\/www.hotelexpressaosta.it\/de\/#\/schema\/logo\/image\/"},"sameAs":["https:\/\/www.facebook.com\/ExpressAosta","https:\/\/twitter.com\/hotelexpressao"]}]}},"acf":[],"_links":{"self":[{"href":"https:\/\/www.hotelexpressaosta.it\/de\/wp-json\/wp\/v2\/pages\/739"}],"collection":[{"href":"https:\/\/www.hotelexpressaosta.it\/de\/wp-json\/wp\/v2\/pages"}],"about":[{"href":"https:\/\/www.hotelexpressaosta.it\/de\/wp-json\/wp\/v2\/types\/page"}],"author":[{"embeddable":true,"href":"https:\/\/www.hotelexpressaosta.it\/de\/wp-json\/wp\/v2\/users\/12"}],"replies":[{"embeddable":true,"href":"https:\/\/www.hotelexpressaosta.it\/de\/wp-json\/wp\/v2\/comments?post=739"}],"version-history":[{"count":0,"href":"https:\/\/www.hotelexpressaosta.it\/de\/wp-json\/wp\/v2\/pages\/739\/revisions"}],"up":[{"embeddable":true,"href":"https:\/\/www.hotelexpressaosta.it\/de\/wp-json\/wp\/v2\/pages\/743"}],"wp:featuredmedia":[{"embeddable":true,"href":"https:\/\/www.hotelexpressaosta.it\/de\/wp-json\/wp\/v2\/media\/1287"}],"wp:attachment":[{"href":"https:\/\/www.hotelexpressaosta.it\/de\/wp-json\/wp\/v2\/media?parent=739"}],"curies":[{"name":"wp","href":"https:\/\/api.w.org\/{rel}","templated":true}]}}