{"id":743,"date":"2024-10-02T16:51:01","date_gmt":"2024-10-02T16:51:01","guid":{"rendered":"https:\/\/express-hotel-aosta.ms2.decms.eu\/?page_id=743"},"modified":"2025-01-02T15:43:04","modified_gmt":"2025-01-02T15:43:04","slug":"zimmer-superior","status":"publish","type":"page","link":"https:\/\/www.hotelexpressaosta.it\/de\/zimmer\/zimmer-superior\/","title":{"rendered":"Zimmer Superior"},"content":{"rendered":"<p>Die Superior-Zimmer, mit einer Fl\u00e4che von 25 m\u00b2, befinden sich im zweiten und dritten Stock des Hotels und wurden k\u00fcrzlich renoviert.<\/p>\n<p>Die Zimmer im zweiten Stock zeichnen sich durch eine Wand aus, die mit einer beeindruckenden Fotografie der Berge oder der Burgen des Aostatals dekoriert ist, was den G\u00e4sten eine authentische und immersive Atmosph\u00e4re bietet \u2013 perfekt f\u00fcr diejenigen, die sich als Teil der lokalen Landschaft f\u00fchlen m\u00f6chten.<\/p>\n<p>Die Zimmer sind mit ger\u00e4umigen Einzelbetten oder Doppelbetten sowie einem Schlafsofa ausgestattet.<\/p>\n<p>Das Hotel verf\u00fcgt auch <strong>\u00fcber vier speziell ausgestattete Zimmer f\u00fcr Menschen mit Behinderungen<\/strong>, die f\u00fcr maximalen Komfort und Barrierefreiheit konzipiert wurden. Diese Zimmer sind mit ger\u00e4umigen Badezimmern, Haltegriffen, bodengleichen Duschen und weiten Fl\u00e4chen ausgestattet, um die Bewegung zu erleichtern.<\/p>\n<details>\n<summary>Occupancy<\/summary>\n<ul>\n<li><a href=\"https:\/\/www.hotelexpressaosta.it\/de\/zimmer\/zimmer-superior\/superior-einzelzimmer\/\">SUPERIOR EINZELZIMMER<\/a><br \/>\nMax. 1 Person \u2013 Bett 1&#215;2 Meter<\/li>\n<li><a href=\"https:\/\/www.hotelexpressaosta.it\/de\/zimmer\/zimmer-superior\/superior-doppelzimmer\/\">SUPERIOR DOPPELZIMMER<\/a><br \/>\nMax. 2 Personen \u2013 2 Einzelbetten oder 1 Doppelbett<\/li>\n<li><a href=\"https:\/\/www.hotelexpressaosta.it\/de\/zimmer\/zimmer-superior\/superior-dreibettzimmer\/\">SUPERIOR DREIBETTZIMMER<\/a><br \/>\nMax. 3 Personen \u2013 3 Einzelbetten oder 1 Doppelbett + 1 Einzelbett<\/li>\n<li><a href=\"https:\/\/www.hotelexpressaosta.it\/de\/zimmer\/zimmer-superior\/superior-vierbettzimmer\/\">SUPERIOR VIERBETTZIMMER<\/a><br \/>\nMax. 4 Personen \u2013 4 Einzelbetten oder 1 Doppelbett + 2 Einzelbetten<\/li>\n<\/ul>\n<\/details>\n<details>\n<summary>Ausstattung in allen Zimmern<\/summary>\n<p><em>Klimaanlage \u2013 Wi-Fi \u2013 43\u201d Smart TV \u2013 Privatbad mit Dusche, Haartrockner und Pflegeprodukten \u2013 Parken \u2013 Parkettboden \u2013 Schreibtisch \u2013 Steckdosen in der N\u00e4he des Bettes und des Schreibtisches \u2013 Wohnbereich mit Sofa \u2013 Wasserkocher f\u00fcr Tee und Kaffee \u2013 Elektronische Schl\u00f6sser<\/em><\/p>\n<\/details>\n","protected":false},"excerpt":{"rendered":"<p>Die Superior-Zimmer, mit einer Fl\u00e4che von 25 m\u00b2, befinden sich im zweiten und dritten Stock des Hotels und wurden k\u00fcrzlich renoviert. Die Zimmer im zweiten Stock zeichnen sich durch eine Wand aus, die mit einer beeindruckenden Fotografie der Berge oder der Burgen des Aostatals dekoriert ist, was den G\u00e4sten eine authentische und immersive Atmosph\u00e4re bietet [&hellip;]<\/p>\n","protected":false},"author":12,"featured_media":1206,"parent":691,"menu_order":11,"comment_status":"closed","ping_status":"closed","template":"template-rooms-2.php","meta":{"footnotes":""},"class_list":["post-743","page","type-page","status-publish","has-post-thumbnail","hentry"],"yoast_head":"<!-- This site is optimized with the Yoast SEO plugin v27.3 - https:\/\/yoast.com\/product\/yoast-seo-wordpress\/ -->\n<title>Zimmer Superior &#8211; Express Hotel Aosta<\/title>\n<meta name=\"description\" content=\"Die Superior-Zimmer, mit einer Fl\u00e4che von 25 m\u00b2, befinden sich im zweiten und dritten Stock des Hotels und wurden k\u00fcrzlich renoviert.  Die Zimmer im zweiten Stock zeichnen sich durch eine Wand aus, die mit einer beeindruckenden Fotografie der Berge oder der Burgen des Aostatals dekoriert ist, was den G\u00e4sten eine authentische und immersive Atmosph\u00e4re bietet \u2013 perfekt f\u00fcr diejenigen, die sich als Teil der lokalen Landschaft f\u00fchlen m\u00f6chten.  Die Zimmer sind mit ger\u00e4umigen Einzelbetten oder Doppelbetten sowie einem Schlafsofa ausgestattet.  Das Hotel verf\u00fcgt auch \u00fcber vier speziell ausgestattete Zimmer f\u00fcr Menschen mit Behinderungen, die f\u00fcr maximalen Komfort und Barrierefreiheit konzipiert wurden. Diese Zimmer sind mit ger\u00e4umigen Badezimmern, Haltegriffen, bodengleichen Duschen und weiten Fl\u00e4chen ausgestattet, um die Bewegung zu erleichtern.  Occupancy   SUPERIOR EINZELZIMMER Max\" \/>\n<meta name=\"robots\" content=\"index, follow, max-snippet:-1, max-image-preview:large, max-video-preview:-1\" \/>\n<link rel=\"canonical\" href=\"https:\/\/www.hotelexpressaosta.it\/de\/zimmer\/zimmer-superior\/\" \/>\n<meta property=\"og:locale\" content=\"de_DE\" \/>\n<meta property=\"og:type\" content=\"article\" \/>\n<meta property=\"og:title\" content=\"Zimmer Superior &#8211; Express Hotel Aosta\" \/>\n<meta property=\"og:description\" content=\"Die Superior-Zimmer, mit einer Fl\u00e4che von 25 m\u00b2, befinden sich im zweiten und dritten Stock des Hotels und wurden k\u00fcrzlich renoviert.  Die Zimmer im zweiten Stock zeichnen sich durch eine Wand aus, die mit einer beeindruckenden Fotografie der Berge oder der Burgen des Aostatals dekoriert ist, was den G\u00e4sten eine authentische und immersive Atmosph\u00e4re bietet \u2013 perfekt f\u00fcr diejenigen, die sich als Teil der lokalen Landschaft f\u00fchlen m\u00f6chten.  Die Zimmer sind mit ger\u00e4umigen Einzelbetten oder Doppelbetten sowie einem Schlafsofa ausgestattet.  Das Hotel verf\u00fcgt auch \u00fcber vier speziell ausgestattete Zimmer f\u00fcr Menschen mit Behinderungen, die f\u00fcr maximalen Komfort und Barrierefreiheit konzipiert wurden. Diese Zimmer sind mit ger\u00e4umigen Badezimmern, Haltegriffen, bodengleichen Duschen und weiten Fl\u00e4chen ausgestattet, um die Bewegung zu erleichtern.  Occupancy   SUPERIOR EINZELZIMMER Max\" \/>\n<meta property=\"og:url\" content=\"https:\/\/www.hotelexpressaosta.it\/de\/zimmer\/zimmer-superior\/\" \/>\n<meta property=\"og:site_name\" content=\"Express Hotel Aosta\" \/>\n<meta property=\"article:publisher\" content=\"https:\/\/www.facebook.com\/ExpressAosta\" \/>\n<meta property=\"article:modified_time\" content=\"2025-01-02T15:43:04+00:00\" \/>\n<meta property=\"og:image\" content=\"https:\/\/www.hotelexpressaosta.it\/wp-content\/uploads\/sites\/171\/2024\/10\/Doppia-Superior-Matrimoniale-1.jpg\" \/>\n\t<meta property=\"og:image:width\" content=\"1100\" \/>\n\t<meta property=\"og:image:height\" content=\"574\" \/>\n\t<meta property=\"og:image:type\" content=\"image\/jpeg\" \/>\n<meta name=\"twitter:card\" content=\"summary_large_image\" \/>\n<meta name=\"twitter:site\" content=\"@hotelexpressao\" \/>\n<meta name=\"twitter:label1\" content=\"Gesch\u00e4tzte Lesezeit\" \/>\n\t<meta name=\"twitter:data1\" content=\"2 Minuten\" \/>\n<script type=\"application\/ld+json\" class=\"yoast-schema-graph\">{\"@context\":\"https:\\\/\\\/schema.org\",\"@graph\":[{\"@type\":\"WebPage\",\"@id\":\"https:\\\/\\\/www.hotelexpressaosta.it\\\/de\\\/zimmer\\\/zimmer-superior\\\/\",\"url\":\"https:\\\/\\\/www.hotelexpressaosta.it\\\/de\\\/zimmer\\\/zimmer-superior\\\/\",\"name\":\"Zimmer Superior &#8211; Express Hotel Aosta\",\"isPartOf\":{\"@id\":\"https:\\\/\\\/www.hotelexpressaosta.it\\\/de\\\/#website\"},\"primaryImageOfPage\":{\"@id\":\"https:\\\/\\\/www.hotelexpressaosta.it\\\/de\\\/zimmer\\\/zimmer-superior\\\/#primaryimage\"},\"image\":{\"@id\":\"https:\\\/\\\/www.hotelexpressaosta.it\\\/de\\\/zimmer\\\/zimmer-superior\\\/#primaryimage\"},\"thumbnailUrl\":\"https:\\\/\\\/www.hotelexpressaosta.it\\\/wp-content\\\/uploads\\\/sites\\\/171\\\/2025\\\/12\\\/211-10pro.jpeg\",\"datePublished\":\"2024-10-02T16:51:01+00:00\",\"dateModified\":\"2025-01-02T15:43:04+00:00\",\"description\":\"Die Superior-Zimmer, mit einer Fl\u00e4che von 25 m\u00b2, befinden sich im zweiten und dritten Stock des Hotels und wurden k\u00fcrzlich renoviert. Die Zimmer im zweiten Stock zeichnen sich durch eine Wand aus, die mit einer beeindruckenden Fotografie der Berge oder der Burgen des Aostatals dekoriert ist, was den G\u00e4sten eine authentische und immersive Atmosph\u00e4re bietet \u2013 perfekt f\u00fcr diejenigen, die sich als Teil der lokalen Landschaft f\u00fchlen m\u00f6chten. Die Zimmer sind mit ger\u00e4umigen Einzelbetten oder Doppelbetten sowie einem Schlafsofa ausgestattet. Das Hotel verf\u00fcgt auch \u00fcber vier speziell ausgestattete Zimmer f\u00fcr Menschen mit Behinderungen, die f\u00fcr maximalen Komfort und Barrierefreiheit konzipiert wurden. Diese Zimmer sind mit ger\u00e4umigen Badezimmern, Haltegriffen, bodengleichen Duschen und weiten Fl\u00e4chen ausgestattet, um die Bewegung zu erleichtern. Occupancy \u2022 SUPERIOR EINZELZIMMER Max\",\"breadcrumb\":{\"@id\":\"https:\\\/\\\/www.hotelexpressaosta.it\\\/de\\\/zimmer\\\/zimmer-superior\\\/#breadcrumb\"},\"inLanguage\":\"de-DE\",\"potentialAction\":[{\"@type\":\"ReadAction\",\"target\":[\"https:\\\/\\\/www.hotelexpressaosta.it\\\/de\\\/zimmer\\\/zimmer-superior\\\/\"]}]},{\"@type\":\"ImageObject\",\"inLanguage\":\"de-DE\",\"@id\":\"https:\\\/\\\/www.hotelexpressaosta.it\\\/de\\\/zimmer\\\/zimmer-superior\\\/#primaryimage\",\"url\":\"https:\\\/\\\/www.hotelexpressaosta.it\\\/wp-content\\\/uploads\\\/sites\\\/171\\\/2025\\\/12\\\/211-10pro.jpeg\",\"contentUrl\":\"https:\\\/\\\/www.hotelexpressaosta.it\\\/wp-content\\\/uploads\\\/sites\\\/171\\\/2025\\\/12\\\/211-10pro.jpeg\",\"width\":1595,\"height\":1200},{\"@type\":\"BreadcrumbList\",\"@id\":\"https:\\\/\\\/www.hotelexpressaosta.it\\\/de\\\/zimmer\\\/zimmer-superior\\\/#breadcrumb\",\"itemListElement\":[{\"@type\":\"ListItem\",\"position\":1,\"name\":\"Home\",\"item\":\"https:\\\/\\\/www.hotelexpressaosta.it\\\/de\\\/\"},{\"@type\":\"ListItem\",\"position\":2,\"name\":\"Zimmer\",\"item\":\"https:\\\/\\\/www.hotelexpressaosta.it\\\/de\\\/zimmer\\\/\"},{\"@type\":\"ListItem\",\"position\":3,\"name\":\"Zimmer Superior\"}]},{\"@type\":\"WebSite\",\"@id\":\"https:\\\/\\\/www.hotelexpressaosta.it\\\/de\\\/#website\",\"url\":\"https:\\\/\\\/www.hotelexpressaosta.it\\\/de\\\/\",\"name\":\"Express Hotel Aosta\",\"description\":\"Express Hotel im Herzen von Aosta gelegen\",\"publisher\":{\"@id\":\"https:\\\/\\\/www.hotelexpressaosta.it\\\/de\\\/#organization\"},\"alternateName\":\"Express Hotel Aosta\",\"potentialAction\":[{\"@type\":\"SearchAction\",\"target\":{\"@type\":\"EntryPoint\",\"urlTemplate\":\"https:\\\/\\\/www.hotelexpressaosta.it\\\/de\\\/?s={search_term_string}\"},\"query-input\":{\"@type\":\"PropertyValueSpecification\",\"valueRequired\":true,\"valueName\":\"search_term_string\"}}],\"inLanguage\":\"de-DE\"},{\"@type\":\"Organization\",\"@id\":\"https:\\\/\\\/www.hotelexpressaosta.it\\\/de\\\/#organization\",\"name\":\"Express Hotel Aosta\",\"alternateName\":\"Express Hotel Aosta\",\"url\":\"https:\\\/\\\/www.hotelexpressaosta.it\\\/de\\\/\",\"logo\":{\"@type\":\"ImageObject\",\"inLanguage\":\"de-DE\",\"@id\":\"https:\\\/\\\/www.hotelexpressaosta.it\\\/de\\\/#\\\/schema\\\/logo\\\/image\\\/\",\"url\":\"https:\\\/\\\/www.hotelexpressaosta.it\\\/wp-content\\\/uploads\\\/sites\\\/171\\\/2024\\\/10\\\/1-logo-express.png\",\"contentUrl\":\"https:\\\/\\\/www.hotelexpressaosta.it\\\/wp-content\\\/uploads\\\/sites\\\/171\\\/2024\\\/10\\\/1-logo-express.png\",\"width\":250,\"height\":77,\"caption\":\"Express Hotel Aosta\"},\"image\":{\"@id\":\"https:\\\/\\\/www.hotelexpressaosta.it\\\/de\\\/#\\\/schema\\\/logo\\\/image\\\/\"},\"sameAs\":[\"https:\\\/\\\/www.facebook.com\\\/ExpressAosta\",\"https:\\\/\\\/x.com\\\/hotelexpressao\"]}]}<\/script>\n<!-- \/ Yoast SEO plugin. -->","yoast_head_json":{"title":"Zimmer Superior &#8211; Express Hotel Aosta","description":"Die Superior-Zimmer, mit einer Fl\u00e4che von 25 m\u00b2, befinden sich im zweiten und dritten Stock des Hotels und wurden k\u00fcrzlich renoviert.  Die Zimmer im zweiten Stock zeichnen sich durch eine Wand aus, die mit einer beeindruckenden Fotografie der Berge oder der Burgen des Aostatals dekoriert ist, was den G\u00e4sten eine authentische und immersive Atmosph\u00e4re bietet \u2013 perfekt f\u00fcr diejenigen, die sich als Teil der lokalen Landschaft f\u00fchlen m\u00f6chten.  Die Zimmer sind mit ger\u00e4umigen Einzelbetten oder Doppelbetten sowie einem Schlafsofa ausgestattet.  Das Hotel verf\u00fcgt auch \u00fcber vier speziell ausgestattete Zimmer f\u00fcr Menschen mit Behinderungen, die f\u00fcr maximalen Komfort und Barrierefreiheit konzipiert wurden. Diese Zimmer sind mit ger\u00e4umigen Badezimmern, Haltegriffen, bodengleichen Duschen und weiten Fl\u00e4chen ausgestattet, um die Bewegung zu erleichtern.  Occupancy   SUPERIOR EINZELZIMMER Max","robots":{"index":"index","follow":"follow","max-snippet":"max-snippet:-1","max-image-preview":"max-image-preview:large","max-video-preview":"max-video-preview:-1"},"canonical":"https:\/\/www.hotelexpressaosta.it\/de\/zimmer\/zimmer-superior\/","og_locale":"de_DE","og_type":"article","og_title":"Zimmer Superior &#8211; Express Hotel Aosta","og_description":"Die Superior-Zimmer, mit einer Fl\u00e4che von 25 m\u00b2, befinden sich im zweiten und dritten Stock des Hotels und wurden k\u00fcrzlich renoviert.  Die Zimmer im zweiten Stock zeichnen sich durch eine Wand aus, die mit einer beeindruckenden Fotografie der Berge oder der Burgen des Aostatals dekoriert ist, was den G\u00e4sten eine authentische und immersive Atmosph\u00e4re bietet \u2013 perfekt f\u00fcr diejenigen, die sich als Teil der lokalen Landschaft f\u00fchlen m\u00f6chten.  Die Zimmer sind mit ger\u00e4umigen Einzelbetten oder Doppelbetten sowie einem Schlafsofa ausgestattet.  Das Hotel verf\u00fcgt auch \u00fcber vier speziell ausgestattete Zimmer f\u00fcr Menschen mit Behinderungen, die f\u00fcr maximalen Komfort und Barrierefreiheit konzipiert wurden. Diese Zimmer sind mit ger\u00e4umigen Badezimmern, Haltegriffen, bodengleichen Duschen und weiten Fl\u00e4chen ausgestattet, um die Bewegung zu erleichtern.  Occupancy   SUPERIOR EINZELZIMMER Max","og_url":"https:\/\/www.hotelexpressaosta.it\/de\/zimmer\/zimmer-superior\/","og_site_name":"Express Hotel Aosta","article_publisher":"https:\/\/www.facebook.com\/ExpressAosta","article_modified_time":"2025-01-02T15:43:04+00:00","og_image":[{"width":1100,"height":574,"url":"https:\/\/www.hotelexpressaosta.it\/wp-content\/uploads\/sites\/171\/2024\/10\/Doppia-Superior-Matrimoniale-1.jpg","type":"image\/jpeg"}],"twitter_card":"summary_large_image","twitter_site":"@hotelexpressao","twitter_misc":{"Gesch\u00e4tzte Lesezeit":"2 Minuten"},"schema":{"@context":"https:\/\/schema.org","@graph":[{"@type":"WebPage","@id":"https:\/\/www.hotelexpressaosta.it\/de\/zimmer\/zimmer-superior\/","url":"https:\/\/www.hotelexpressaosta.it\/de\/zimmer\/zimmer-superior\/","name":"Zimmer Superior &#8211; Express Hotel Aosta","isPartOf":{"@id":"https:\/\/www.hotelexpressaosta.it\/de\/#website"},"primaryImageOfPage":{"@id":"https:\/\/www.hotelexpressaosta.it\/de\/zimmer\/zimmer-superior\/#primaryimage"},"image":{"@id":"https:\/\/www.hotelexpressaosta.it\/de\/zimmer\/zimmer-superior\/#primaryimage"},"thumbnailUrl":"https:\/\/www.hotelexpressaosta.it\/wp-content\/uploads\/sites\/171\/2025\/12\/211-10pro.jpeg","datePublished":"2024-10-02T16:51:01+00:00","dateModified":"2025-01-02T15:43:04+00:00","description":"Die Superior-Zimmer, mit einer Fl\u00e4che von 25 m\u00b2, befinden sich im zweiten und dritten Stock des Hotels und wurden k\u00fcrzlich renoviert. Die Zimmer im zweiten Stock zeichnen sich durch eine Wand aus, die mit einer beeindruckenden Fotografie der Berge oder der Burgen des Aostatals dekoriert ist, was den G\u00e4sten eine authentische und immersive Atmosph\u00e4re bietet \u2013 perfekt f\u00fcr diejenigen, die sich als Teil der lokalen Landschaft f\u00fchlen m\u00f6chten. Die Zimmer sind mit ger\u00e4umigen Einzelbetten oder Doppelbetten sowie einem Schlafsofa ausgestattet. Das Hotel verf\u00fcgt auch \u00fcber vier speziell ausgestattete Zimmer f\u00fcr Menschen mit Behinderungen, die f\u00fcr maximalen Komfort und Barrierefreiheit konzipiert wurden. Diese Zimmer sind mit ger\u00e4umigen Badezimmern, Haltegriffen, bodengleichen Duschen und weiten Fl\u00e4chen ausgestattet, um die Bewegung zu erleichtern. Occupancy \u2022 SUPERIOR EINZELZIMMER Max","breadcrumb":{"@id":"https:\/\/www.hotelexpressaosta.it\/de\/zimmer\/zimmer-superior\/#breadcrumb"},"inLanguage":"de-DE","potentialAction":[{"@type":"ReadAction","target":["https:\/\/www.hotelexpressaosta.it\/de\/zimmer\/zimmer-superior\/"]}]},{"@type":"ImageObject","inLanguage":"de-DE","@id":"https:\/\/www.hotelexpressaosta.it\/de\/zimmer\/zimmer-superior\/#primaryimage","url":"https:\/\/www.hotelexpressaosta.it\/wp-content\/uploads\/sites\/171\/2025\/12\/211-10pro.jpeg","contentUrl":"https:\/\/www.hotelexpressaosta.it\/wp-content\/uploads\/sites\/171\/2025\/12\/211-10pro.jpeg","width":1595,"height":1200},{"@type":"BreadcrumbList","@id":"https:\/\/www.hotelexpressaosta.it\/de\/zimmer\/zimmer-superior\/#breadcrumb","itemListElement":[{"@type":"ListItem","position":1,"name":"Home","item":"https:\/\/www.hotelexpressaosta.it\/de\/"},{"@type":"ListItem","position":2,"name":"Zimmer","item":"https:\/\/www.hotelexpressaosta.it\/de\/zimmer\/"},{"@type":"ListItem","position":3,"name":"Zimmer Superior"}]},{"@type":"WebSite","@id":"https:\/\/www.hotelexpressaosta.it\/de\/#website","url":"https:\/\/www.hotelexpressaosta.it\/de\/","name":"Express Hotel Aosta","description":"Express Hotel im Herzen von Aosta gelegen","publisher":{"@id":"https:\/\/www.hotelexpressaosta.it\/de\/#organization"},"alternateName":"Express Hotel Aosta","potentialAction":[{"@type":"SearchAction","target":{"@type":"EntryPoint","urlTemplate":"https:\/\/www.hotelexpressaosta.it\/de\/?s={search_term_string}"},"query-input":{"@type":"PropertyValueSpecification","valueRequired":true,"valueName":"search_term_string"}}],"inLanguage":"de-DE"},{"@type":"Organization","@id":"https:\/\/www.hotelexpressaosta.it\/de\/#organization","name":"Express Hotel Aosta","alternateName":"Express Hotel Aosta","url":"https:\/\/www.hotelexpressaosta.it\/de\/","logo":{"@type":"ImageObject","inLanguage":"de-DE","@id":"https:\/\/www.hotelexpressaosta.it\/de\/#\/schema\/logo\/image\/","url":"https:\/\/www.hotelexpressaosta.it\/wp-content\/uploads\/sites\/171\/2024\/10\/1-logo-express.png","contentUrl":"https:\/\/www.hotelexpressaosta.it\/wp-content\/uploads\/sites\/171\/2024\/10\/1-logo-express.png","width":250,"height":77,"caption":"Express Hotel Aosta"},"image":{"@id":"https:\/\/www.hotelexpressaosta.it\/de\/#\/schema\/logo\/image\/"},"sameAs":["https:\/\/www.facebook.com\/ExpressAosta","https:\/\/x.com\/hotelexpressao"]}]}},"acf":[],"_links":{"self":[{"href":"https:\/\/www.hotelexpressaosta.it\/de\/wp-json\/wp\/v2\/pages\/743","targetHints":{"allow":["GET"]}}],"collection":[{"href":"https:\/\/www.hotelexpressaosta.it\/de\/wp-json\/wp\/v2\/pages"}],"about":[{"href":"https:\/\/www.hotelexpressaosta.it\/de\/wp-json\/wp\/v2\/types\/page"}],"author":[{"embeddable":true,"href":"https:\/\/www.hotelexpressaosta.it\/de\/wp-json\/wp\/v2\/users\/12"}],"replies":[{"embeddable":true,"href":"https:\/\/www.hotelexpressaosta.it\/de\/wp-json\/wp\/v2\/comments?post=743"}],"version-history":[{"count":0,"href":"https:\/\/www.hotelexpressaosta.it\/de\/wp-json\/wp\/v2\/pages\/743\/revisions"}],"up":[{"embeddable":true,"href":"https:\/\/www.hotelexpressaosta.it\/de\/wp-json\/wp\/v2\/pages\/691"}],"wp:featuredmedia":[{"embeddable":true,"href":"https:\/\/www.hotelexpressaosta.it\/de\/wp-json\/wp\/v2\/media\/1206"}],"wp:attachment":[{"href":"https:\/\/www.hotelexpressaosta.it\/de\/wp-json\/wp\/v2\/media?parent=743"}],"curies":[{"name":"wp","href":"https:\/\/api.w.org\/{rel}","templated":true}]}}