{"id":749,"date":"2024-10-03T13:51:04","date_gmt":"2024-10-03T13:51:04","guid":{"rendered":"https:\/\/express-hotel-aosta.ms2.decms.eu\/?page_id=749"},"modified":"2024-12-10T10:05:50","modified_gmt":"2024-12-10T10:05:50","slug":"family-rooom","status":"publish","type":"page","link":"https:\/\/www.hotelexpressaosta.it\/de\/zimmer\/family-rooom\/","title":{"rendered":"Family Rooom"},"content":{"rendered":"<p>Die Family Rooms, mit 25 m\u00b2, bieten Familien einen gem\u00fctlichen und funktionalen Raum.<\/p>\n<p>K\u00fcrzlich renoviert, zeichnen sich die Zimmer im 2. Stock durch eine einzigartige Dekoration aus: beeindruckende Gro\u00dfbilder der majest\u00e4tischen Berge oder der Burgen des Aostatals schm\u00fccken eine der W\u00e4nde und schaffen eine bezaubernde Atmosph\u00e4re.<\/p>\n<p>Die Family Rooms sind wahlweise mit einem Doppelbett oder zwei getrennten Betten verf\u00fcgbar und verf\u00fcgen \u00fcber ein Schlafsofa, das bequem 1 bis 2 Kinder bis zu 12 Jahren beherbergen kann \u2013 die perfekte L\u00f6sung f\u00fcr Familienreisen.<\/p>\n<details>\n<summary>Occupancy<\/summary>\n<p>4 Personen (2 Erwachsene \/ 2 Kinder) \u2013 Doppelbett + Schlafsofa <\/details>\n<details>\n<summary>Ausstattung in allen Zimmern<\/summary>\n<p><em>Klimaanlage \u2013 WLAN \u2013 43\u201d Smart TV \u2013 Privates Badezimmer mit Dusche, Haartrockner und Pflegeprodukten \u2013 Parkplatz \u2013 Parkett \u2013 Schreibtisch \u2013 Elektronische Schl\u00f6sser<\/em> <\/details>\n","protected":false},"excerpt":{"rendered":"<p>Die Family Rooms, mit 25 m\u00b2, bieten Familien einen gem\u00fctlichen und funktionalen Raum. K\u00fcrzlich renoviert, zeichnen sich die Zimmer im 2. Stock durch eine einzigartige Dekoration aus: beeindruckende Gro\u00dfbilder der majest\u00e4tischen Berge oder der Burgen des Aostatals schm\u00fccken eine der W\u00e4nde und schaffen eine bezaubernde Atmosph\u00e4re. Die Family Rooms sind wahlweise mit einem Doppelbett oder [&hellip;]<\/p>\n","protected":false},"author":12,"featured_media":1164,"parent":691,"menu_order":40,"comment_status":"closed","ping_status":"closed","template":"template-single-room.php","meta":{"footnotes":""},"yoast_head":"<!-- This site is optimized with the Yoast SEO plugin v22.3 - https:\/\/yoast.com\/wordpress\/plugins\/seo\/ -->\n<title>Family Rooom &#8211; Express Hotel Aosta<\/title>\n<meta name=\"description\" content=\"Die Family Rooms, mit 25 m\u00b2, bieten Familien einen gem\u00fctlichen und funktionalen Raum.  K\u00fcrzlich renoviert, zeichnen sich die Zimmer im 2. Stock durch eine einzigartige Dekoration aus: beeindruckende Gro\u00dfbilder der majest\u00e4tischen Berge oder der Burgen des Aostatals schm\u00fccken eine der W\u00e4nde und schaffen eine bezaubernde Atmosph\u00e4re.  Die Family Rooms sind wahlweise mit einem Doppelbett oder zwei getrennten Betten verf\u00fcgbar und verf\u00fcgen \u00fcber ein Schlafsofa, das bequem 1 bis 2 Kinder bis zu 12 Jahren beherbergen kann \u2013 die perfekte L\u00f6sung f\u00fcr Familienreisen.  Occupancy4 Personen (2 Erwachsene \/ 2 Kinder) \u2013 Doppelbett + Schlafsofa  Ausstattung in allen ZimmernKlimaanlage \u2013 WLAN \u2013 43\u201d Smart TV \u2013 Privates Badezimmer mit Dusche, Haartrockner und Pflegeprodukten \u2013 Parkplatz \u2013 Parkett \u2013 Schreibtisch \u2013 Elektronische Schl\u00f6sser\" \/>\n<meta name=\"robots\" content=\"index, follow, max-snippet:-1, max-image-preview:large, max-video-preview:-1\" \/>\n<link rel=\"canonical\" href=\"https:\/\/www.hotelexpressaosta.it\/de\/zimmer\/family-rooom\/\" \/>\n<meta property=\"og:locale\" content=\"de_DE\" \/>\n<meta property=\"og:type\" content=\"article\" \/>\n<meta property=\"og:title\" content=\"Family Rooom &#8211; Express Hotel Aosta\" \/>\n<meta property=\"og:description\" content=\"Die Family Rooms, mit 25 m\u00b2, bieten Familien einen gem\u00fctlichen und funktionalen Raum.  K\u00fcrzlich renoviert, zeichnen sich die Zimmer im 2. Stock durch eine einzigartige Dekoration aus: beeindruckende Gro\u00dfbilder der majest\u00e4tischen Berge oder der Burgen des Aostatals schm\u00fccken eine der W\u00e4nde und schaffen eine bezaubernde Atmosph\u00e4re.  Die Family Rooms sind wahlweise mit einem Doppelbett oder zwei getrennten Betten verf\u00fcgbar und verf\u00fcgen \u00fcber ein Schlafsofa, das bequem 1 bis 2 Kinder bis zu 12 Jahren beherbergen kann \u2013 die perfekte L\u00f6sung f\u00fcr Familienreisen.  Occupancy4 Personen (2 Erwachsene \/ 2 Kinder) \u2013 Doppelbett + Schlafsofa  Ausstattung in allen ZimmernKlimaanlage \u2013 WLAN \u2013 43\u201d Smart TV \u2013 Privates Badezimmer mit Dusche, Haartrockner und Pflegeprodukten \u2013 Parkplatz \u2013 Parkett \u2013 Schreibtisch \u2013 Elektronische Schl\u00f6sser\" \/>\n<meta property=\"og:url\" content=\"https:\/\/www.hotelexpressaosta.it\/de\/zimmer\/family-rooom\/\" \/>\n<meta property=\"og:site_name\" content=\"Express Hotel Aosta\" \/>\n<meta property=\"article:publisher\" content=\"https:\/\/www.facebook.com\/ExpressAosta\" \/>\n<meta property=\"article:modified_time\" content=\"2024-12-10T10:05:50+00:00\" \/>\n<meta property=\"og:image\" content=\"https:\/\/www.hotelexpressaosta.it\/wp-content\/uploads\/sites\/171\/2024\/10\/Superior-Family-1.jpg\" \/>\n\t<meta property=\"og:image:width\" content=\"1200\" \/>\n\t<meta property=\"og:image:height\" content=\"656\" \/>\n\t<meta property=\"og:image:type\" content=\"image\/jpeg\" \/>\n<meta name=\"twitter:card\" content=\"summary_large_image\" \/>\n<meta name=\"twitter:site\" content=\"@hotelexpressao\" \/>\n<meta name=\"twitter:label1\" content=\"Gesch\u00e4tzte Lesezeit\" \/>\n\t<meta name=\"twitter:data1\" content=\"1 Minute\" \/>\n<script type=\"application\/ld+json\" class=\"yoast-schema-graph\">{\"@context\":\"https:\/\/schema.org\",\"@graph\":[{\"@type\":\"WebPage\",\"@id\":\"https:\/\/www.hotelexpressaosta.it\/de\/zimmer\/family-rooom\/\",\"url\":\"https:\/\/www.hotelexpressaosta.it\/de\/zimmer\/family-rooom\/\",\"name\":\"Family Rooom &#8211; Express Hotel Aosta\",\"isPartOf\":{\"@id\":\"https:\/\/www.hotelexpressaosta.it\/de\/#website\"},\"primaryImageOfPage\":{\"@id\":\"https:\/\/www.hotelexpressaosta.it\/de\/zimmer\/family-rooom\/#primaryimage\"},\"image\":{\"@id\":\"https:\/\/www.hotelexpressaosta.it\/de\/zimmer\/family-rooom\/#primaryimage\"},\"thumbnailUrl\":\"https:\/\/www.hotelexpressaosta.it\/wp-content\/uploads\/sites\/171\/2025\/12\/Family-227-10pro.jpeg\",\"datePublished\":\"2024-10-03T13:51:04+00:00\",\"dateModified\":\"2024-12-10T10:05:50+00:00\",\"description\":\"Die Family Rooms, mit 25 m\u00b2, bieten Familien einen gem\u00fctlichen und funktionalen Raum. K\u00fcrzlich renoviert, zeichnen sich die Zimmer im 2. Stock durch eine einzigartige Dekoration aus: beeindruckende Gro\u00dfbilder der majest\u00e4tischen Berge oder der Burgen des Aostatals schm\u00fccken eine der W\u00e4nde und schaffen eine bezaubernde Atmosph\u00e4re. Die Family Rooms sind wahlweise mit einem Doppelbett oder zwei getrennten Betten verf\u00fcgbar und verf\u00fcgen \u00fcber ein Schlafsofa, das bequem 1 bis 2 Kinder bis zu 12 Jahren beherbergen kann \u2013 die perfekte L\u00f6sung f\u00fcr Familienreisen. Occupancy4 Personen (2 Erwachsene \/ 2 Kinder) \u2013 Doppelbett + Schlafsofa Ausstattung in allen ZimmernKlimaanlage \u2013 WLAN \u2013 43\u201d Smart TV \u2013 Privates Badezimmer mit Dusche, Haartrockner und Pflegeprodukten \u2013 Parkplatz \u2013 Parkett \u2013 Schreibtisch \u2013 Elektronische Schl\u00f6sser\",\"breadcrumb\":{\"@id\":\"https:\/\/www.hotelexpressaosta.it\/de\/zimmer\/family-rooom\/#breadcrumb\"},\"inLanguage\":\"de-DE\",\"potentialAction\":[{\"@type\":\"ReadAction\",\"target\":[\"https:\/\/www.hotelexpressaosta.it\/de\/zimmer\/family-rooom\/\"]}]},{\"@type\":\"ImageObject\",\"inLanguage\":\"de-DE\",\"@id\":\"https:\/\/www.hotelexpressaosta.it\/de\/zimmer\/family-rooom\/#primaryimage\",\"url\":\"https:\/\/www.hotelexpressaosta.it\/wp-content\/uploads\/sites\/171\/2025\/12\/Family-227-10pro.jpeg\",\"contentUrl\":\"https:\/\/www.hotelexpressaosta.it\/wp-content\/uploads\/sites\/171\/2025\/12\/Family-227-10pro.jpeg\",\"width\":1595,\"height\":1200},{\"@type\":\"BreadcrumbList\",\"@id\":\"https:\/\/www.hotelexpressaosta.it\/de\/zimmer\/family-rooom\/#breadcrumb\",\"itemListElement\":[{\"@type\":\"ListItem\",\"position\":1,\"name\":\"Home\",\"item\":\"https:\/\/www.hotelexpressaosta.it\/de\/\"},{\"@type\":\"ListItem\",\"position\":2,\"name\":\"Zimmer\",\"item\":\"https:\/\/www.hotelexpressaosta.it\/de\/zimmer\/\"},{\"@type\":\"ListItem\",\"position\":3,\"name\":\"Family Rooom\"}]},{\"@type\":\"WebSite\",\"@id\":\"https:\/\/www.hotelexpressaosta.it\/de\/#website\",\"url\":\"https:\/\/www.hotelexpressaosta.it\/de\/\",\"name\":\"Express Hotel Aosta\",\"description\":\"Express Hotel im Herzen von Aosta gelegen\",\"publisher\":{\"@id\":\"https:\/\/www.hotelexpressaosta.it\/de\/#organization\"},\"alternateName\":\"Express Hotel Aosta\",\"potentialAction\":[{\"@type\":\"SearchAction\",\"target\":{\"@type\":\"EntryPoint\",\"urlTemplate\":\"https:\/\/www.hotelexpressaosta.it\/de\/?s={search_term_string}\"},\"query-input\":\"required name=search_term_string\"}],\"inLanguage\":\"de-DE\"},{\"@type\":\"Organization\",\"@id\":\"https:\/\/www.hotelexpressaosta.it\/de\/#organization\",\"name\":\"Express Hotel Aosta\",\"alternateName\":\"Express Hotel Aosta\",\"url\":\"https:\/\/www.hotelexpressaosta.it\/de\/\",\"logo\":{\"@type\":\"ImageObject\",\"inLanguage\":\"de-DE\",\"@id\":\"https:\/\/www.hotelexpressaosta.it\/de\/#\/schema\/logo\/image\/\",\"url\":\"https:\/\/www.hotelexpressaosta.it\/wp-content\/uploads\/sites\/171\/2024\/10\/1-logo-express.png\",\"contentUrl\":\"https:\/\/www.hotelexpressaosta.it\/wp-content\/uploads\/sites\/171\/2024\/10\/1-logo-express.png\",\"width\":250,\"height\":77,\"caption\":\"Express Hotel Aosta\"},\"image\":{\"@id\":\"https:\/\/www.hotelexpressaosta.it\/de\/#\/schema\/logo\/image\/\"},\"sameAs\":[\"https:\/\/www.facebook.com\/ExpressAosta\",\"https:\/\/twitter.com\/hotelexpressao\"]}]}<\/script>\n<!-- \/ Yoast SEO plugin. -->","yoast_head_json":{"title":"Family Rooom &#8211; Express Hotel Aosta","description":"Die Family Rooms, mit 25 m\u00b2, bieten Familien einen gem\u00fctlichen und funktionalen Raum.  K\u00fcrzlich renoviert, zeichnen sich die Zimmer im 2. Stock durch eine einzigartige Dekoration aus: beeindruckende Gro\u00dfbilder der majest\u00e4tischen Berge oder der Burgen des Aostatals schm\u00fccken eine der W\u00e4nde und schaffen eine bezaubernde Atmosph\u00e4re.  Die Family Rooms sind wahlweise mit einem Doppelbett oder zwei getrennten Betten verf\u00fcgbar und verf\u00fcgen \u00fcber ein Schlafsofa, das bequem 1 bis 2 Kinder bis zu 12 Jahren beherbergen kann \u2013 die perfekte L\u00f6sung f\u00fcr Familienreisen.  Occupancy4 Personen (2 Erwachsene \/ 2 Kinder) \u2013 Doppelbett + Schlafsofa  Ausstattung in allen ZimmernKlimaanlage \u2013 WLAN \u2013 43\u201d Smart TV \u2013 Privates Badezimmer mit Dusche, Haartrockner und Pflegeprodukten \u2013 Parkplatz \u2013 Parkett \u2013 Schreibtisch \u2013 Elektronische Schl\u00f6sser","robots":{"index":"index","follow":"follow","max-snippet":"max-snippet:-1","max-image-preview":"max-image-preview:large","max-video-preview":"max-video-preview:-1"},"canonical":"https:\/\/www.hotelexpressaosta.it\/de\/zimmer\/family-rooom\/","og_locale":"de_DE","og_type":"article","og_title":"Family Rooom &#8211; Express Hotel Aosta","og_description":"Die Family Rooms, mit 25 m\u00b2, bieten Familien einen gem\u00fctlichen und funktionalen Raum.  K\u00fcrzlich renoviert, zeichnen sich die Zimmer im 2. Stock durch eine einzigartige Dekoration aus: beeindruckende Gro\u00dfbilder der majest\u00e4tischen Berge oder der Burgen des Aostatals schm\u00fccken eine der W\u00e4nde und schaffen eine bezaubernde Atmosph\u00e4re.  Die Family Rooms sind wahlweise mit einem Doppelbett oder zwei getrennten Betten verf\u00fcgbar und verf\u00fcgen \u00fcber ein Schlafsofa, das bequem 1 bis 2 Kinder bis zu 12 Jahren beherbergen kann \u2013 die perfekte L\u00f6sung f\u00fcr Familienreisen.  Occupancy4 Personen (2 Erwachsene \/ 2 Kinder) \u2013 Doppelbett + Schlafsofa  Ausstattung in allen ZimmernKlimaanlage \u2013 WLAN \u2013 43\u201d Smart TV \u2013 Privates Badezimmer mit Dusche, Haartrockner und Pflegeprodukten \u2013 Parkplatz \u2013 Parkett \u2013 Schreibtisch \u2013 Elektronische Schl\u00f6sser","og_url":"https:\/\/www.hotelexpressaosta.it\/de\/zimmer\/family-rooom\/","og_site_name":"Express Hotel Aosta","article_publisher":"https:\/\/www.facebook.com\/ExpressAosta","article_modified_time":"2024-12-10T10:05:50+00:00","og_image":[{"width":1200,"height":656,"url":"https:\/\/www.hotelexpressaosta.it\/wp-content\/uploads\/sites\/171\/2024\/10\/Superior-Family-1.jpg","type":"image\/jpeg"}],"twitter_card":"summary_large_image","twitter_site":"@hotelexpressao","twitter_misc":{"Gesch\u00e4tzte Lesezeit":"1 Minute"},"schema":{"@context":"https:\/\/schema.org","@graph":[{"@type":"WebPage","@id":"https:\/\/www.hotelexpressaosta.it\/de\/zimmer\/family-rooom\/","url":"https:\/\/www.hotelexpressaosta.it\/de\/zimmer\/family-rooom\/","name":"Family Rooom &#8211; Express Hotel Aosta","isPartOf":{"@id":"https:\/\/www.hotelexpressaosta.it\/de\/#website"},"primaryImageOfPage":{"@id":"https:\/\/www.hotelexpressaosta.it\/de\/zimmer\/family-rooom\/#primaryimage"},"image":{"@id":"https:\/\/www.hotelexpressaosta.it\/de\/zimmer\/family-rooom\/#primaryimage"},"thumbnailUrl":"https:\/\/www.hotelexpressaosta.it\/wp-content\/uploads\/sites\/171\/2025\/12\/Family-227-10pro.jpeg","datePublished":"2024-10-03T13:51:04+00:00","dateModified":"2024-12-10T10:05:50+00:00","description":"Die Family Rooms, mit 25 m\u00b2, bieten Familien einen gem\u00fctlichen und funktionalen Raum. K\u00fcrzlich renoviert, zeichnen sich die Zimmer im 2. Stock durch eine einzigartige Dekoration aus: beeindruckende Gro\u00dfbilder der majest\u00e4tischen Berge oder der Burgen des Aostatals schm\u00fccken eine der W\u00e4nde und schaffen eine bezaubernde Atmosph\u00e4re. Die Family Rooms sind wahlweise mit einem Doppelbett oder zwei getrennten Betten verf\u00fcgbar und verf\u00fcgen \u00fcber ein Schlafsofa, das bequem 1 bis 2 Kinder bis zu 12 Jahren beherbergen kann \u2013 die perfekte L\u00f6sung f\u00fcr Familienreisen. Occupancy4 Personen (2 Erwachsene \/ 2 Kinder) \u2013 Doppelbett + Schlafsofa Ausstattung in allen ZimmernKlimaanlage \u2013 WLAN \u2013 43\u201d Smart TV \u2013 Privates Badezimmer mit Dusche, Haartrockner und Pflegeprodukten \u2013 Parkplatz \u2013 Parkett \u2013 Schreibtisch \u2013 Elektronische Schl\u00f6sser","breadcrumb":{"@id":"https:\/\/www.hotelexpressaosta.it\/de\/zimmer\/family-rooom\/#breadcrumb"},"inLanguage":"de-DE","potentialAction":[{"@type":"ReadAction","target":["https:\/\/www.hotelexpressaosta.it\/de\/zimmer\/family-rooom\/"]}]},{"@type":"ImageObject","inLanguage":"de-DE","@id":"https:\/\/www.hotelexpressaosta.it\/de\/zimmer\/family-rooom\/#primaryimage","url":"https:\/\/www.hotelexpressaosta.it\/wp-content\/uploads\/sites\/171\/2025\/12\/Family-227-10pro.jpeg","contentUrl":"https:\/\/www.hotelexpressaosta.it\/wp-content\/uploads\/sites\/171\/2025\/12\/Family-227-10pro.jpeg","width":1595,"height":1200},{"@type":"BreadcrumbList","@id":"https:\/\/www.hotelexpressaosta.it\/de\/zimmer\/family-rooom\/#breadcrumb","itemListElement":[{"@type":"ListItem","position":1,"name":"Home","item":"https:\/\/www.hotelexpressaosta.it\/de\/"},{"@type":"ListItem","position":2,"name":"Zimmer","item":"https:\/\/www.hotelexpressaosta.it\/de\/zimmer\/"},{"@type":"ListItem","position":3,"name":"Family Rooom"}]},{"@type":"WebSite","@id":"https:\/\/www.hotelexpressaosta.it\/de\/#website","url":"https:\/\/www.hotelexpressaosta.it\/de\/","name":"Express Hotel Aosta","description":"Express Hotel im Herzen von Aosta gelegen","publisher":{"@id":"https:\/\/www.hotelexpressaosta.it\/de\/#organization"},"alternateName":"Express Hotel Aosta","potentialAction":[{"@type":"SearchAction","target":{"@type":"EntryPoint","urlTemplate":"https:\/\/www.hotelexpressaosta.it\/de\/?s={search_term_string}"},"query-input":"required name=search_term_string"}],"inLanguage":"de-DE"},{"@type":"Organization","@id":"https:\/\/www.hotelexpressaosta.it\/de\/#organization","name":"Express Hotel Aosta","alternateName":"Express Hotel Aosta","url":"https:\/\/www.hotelexpressaosta.it\/de\/","logo":{"@type":"ImageObject","inLanguage":"de-DE","@id":"https:\/\/www.hotelexpressaosta.it\/de\/#\/schema\/logo\/image\/","url":"https:\/\/www.hotelexpressaosta.it\/wp-content\/uploads\/sites\/171\/2024\/10\/1-logo-express.png","contentUrl":"https:\/\/www.hotelexpressaosta.it\/wp-content\/uploads\/sites\/171\/2024\/10\/1-logo-express.png","width":250,"height":77,"caption":"Express Hotel Aosta"},"image":{"@id":"https:\/\/www.hotelexpressaosta.it\/de\/#\/schema\/logo\/image\/"},"sameAs":["https:\/\/www.facebook.com\/ExpressAosta","https:\/\/twitter.com\/hotelexpressao"]}]}},"acf":[],"_links":{"self":[{"href":"https:\/\/www.hotelexpressaosta.it\/de\/wp-json\/wp\/v2\/pages\/749"}],"collection":[{"href":"https:\/\/www.hotelexpressaosta.it\/de\/wp-json\/wp\/v2\/pages"}],"about":[{"href":"https:\/\/www.hotelexpressaosta.it\/de\/wp-json\/wp\/v2\/types\/page"}],"author":[{"embeddable":true,"href":"https:\/\/www.hotelexpressaosta.it\/de\/wp-json\/wp\/v2\/users\/12"}],"replies":[{"embeddable":true,"href":"https:\/\/www.hotelexpressaosta.it\/de\/wp-json\/wp\/v2\/comments?post=749"}],"version-history":[{"count":0,"href":"https:\/\/www.hotelexpressaosta.it\/de\/wp-json\/wp\/v2\/pages\/749\/revisions"}],"up":[{"embeddable":true,"href":"https:\/\/www.hotelexpressaosta.it\/de\/wp-json\/wp\/v2\/pages\/691"}],"wp:featuredmedia":[{"embeddable":true,"href":"https:\/\/www.hotelexpressaosta.it\/de\/wp-json\/wp\/v2\/media\/1164"}],"wp:attachment":[{"href":"https:\/\/www.hotelexpressaosta.it\/de\/wp-json\/wp\/v2\/media?parent=749"}],"curies":[{"name":"wp","href":"https:\/\/api.w.org\/{rel}","templated":true}]}}