{"id":752,"date":"2024-10-18T08:26:18","date_gmt":"2024-10-18T08:26:18","guid":{"rendered":"https:\/\/express-hotel-aosta.ms2.decms.eu\/?page_id=752"},"modified":"2024-12-10T11:40:03","modified_gmt":"2024-12-10T11:40:03","slug":"deluxe-einzelzimmer","status":"publish","type":"page","link":"https:\/\/www.hotelexpressaosta.it\/de\/zimmer\/zimmer-deluxe\/deluxe-einzelzimmer\/","title":{"rendered":"Deluxe Einzelzimmer"},"content":{"rendered":"<p>Unsere k\u00fcrzlich renovierten Deluxe-Zimmer befinden sich im 2. Stock und zeichnen sich durch eine Wand aus, die mit einer beeindruckenden Gro\u00dffotografie der Berge oder der Burgen des Aostatals dekoriert ist. Sie bieten maximalen Komfort dank eines gro\u00dfz\u00fcgigen Wohnbereichs, der mit einem bequemen Sofa und zwei Sesseln ausgestattet ist \u2013 ideal zum Entspannen nach einem Tag der Erkundung oder der Arbeit.<\/p>\n<p>Mit einer Fl\u00e4che von 30 m\u00b2 wurde das Deluxe-Zimmer entworfen, um einen einladenden und entspannenden Aufenthalt in Aosta zu gew\u00e4hrleisten.<\/p>\n<p>Es ist mit einem eleganten Doppelbett ausgestattet, ideal f\u00fcr G\u00e4ste, die eine ruhige und komfortable Umgebung zum Ausruhen suchen.<\/p>\n<p>&nbsp;<\/p>\n","protected":false},"excerpt":{"rendered":"<p>Unsere k\u00fcrzlich renovierten Deluxe-Zimmer befinden sich im 2. Stock und zeichnen sich durch eine Wand aus, die mit einer beeindruckenden Gro\u00dffotografie der Berge oder der Burgen des Aostatals dekoriert ist. Sie bieten maximalen Komfort dank eines gro\u00dfz\u00fcgigen Wohnbereichs, der mit einem bequemen Sofa und zwei Sesseln ausgestattet ist \u2013 ideal zum Entspannen nach einem Tag [&hellip;]<\/p>\n","protected":false},"author":12,"featured_media":1307,"parent":764,"menu_order":30,"comment_status":"closed","ping_status":"closed","template":"template-single-room.php","meta":{"footnotes":""},"class_list":["post-752","page","type-page","status-publish","has-post-thumbnail","hentry"],"yoast_head":"<!-- This site is optimized with the Yoast SEO plugin v27.3 - https:\/\/yoast.com\/product\/yoast-seo-wordpress\/ -->\n<title>Deluxe Einzelzimmer &#8211; Express Hotel Aosta<\/title>\n<meta name=\"description\" content=\"Unsere k\u00fcrzlich renovierten Deluxe-Zimmer befinden sich im 2. Stock und zeichnen sich durch eine Wand aus, die mit einer beeindruckenden Gro\u00dffotografie der Berge oder der Burgen des Aostatals dekoriert ist\" \/>\n<meta name=\"robots\" content=\"index, follow, max-snippet:-1, max-image-preview:large, max-video-preview:-1\" \/>\n<link rel=\"canonical\" href=\"https:\/\/www.hotelexpressaosta.it\/de\/zimmer\/zimmer-deluxe\/deluxe-einzelzimmer\/\" \/>\n<meta property=\"og:locale\" content=\"de_DE\" \/>\n<meta property=\"og:type\" content=\"article\" \/>\n<meta property=\"og:title\" content=\"Deluxe Einzelzimmer &#8211; Express Hotel Aosta\" \/>\n<meta property=\"og:description\" content=\"Unsere k\u00fcrzlich renovierten Deluxe-Zimmer befinden sich im 2. Stock und zeichnen sich durch eine Wand aus, die mit einer beeindruckenden Gro\u00dffotografie der Berge oder der Burgen des Aostatals dekoriert ist\" \/>\n<meta property=\"og:url\" content=\"https:\/\/www.hotelexpressaosta.it\/de\/zimmer\/zimmer-deluxe\/deluxe-einzelzimmer\/\" \/>\n<meta property=\"og:site_name\" content=\"Express Hotel Aosta\" \/>\n<meta property=\"article:publisher\" content=\"https:\/\/www.facebook.com\/ExpressAosta\" \/>\n<meta property=\"article:modified_time\" content=\"2024-12-10T11:40:03+00:00\" \/>\n<meta property=\"og:image\" content=\"https:\/\/www.hotelexpressaosta.it\/wp-content\/uploads\/sites\/171\/2024\/10\/Camera-Deluxe.jpg\" \/>\n\t<meta property=\"og:image:width\" content=\"1200\" \/>\n\t<meta property=\"og:image:height\" content=\"800\" \/>\n\t<meta property=\"og:image:type\" content=\"image\/jpeg\" \/>\n<meta name=\"twitter:card\" content=\"summary_large_image\" \/>\n<meta name=\"twitter:site\" content=\"@hotelexpressao\" \/>\n<meta name=\"twitter:label1\" content=\"Gesch\u00e4tzte Lesezeit\" \/>\n\t<meta name=\"twitter:data1\" content=\"1 Minute\" \/>\n<script type=\"application\/ld+json\" class=\"yoast-schema-graph\">{\"@context\":\"https:\\\/\\\/schema.org\",\"@graph\":[{\"@type\":\"WebPage\",\"@id\":\"https:\\\/\\\/www.hotelexpressaosta.it\\\/de\\\/zimmer\\\/zimmer-deluxe\\\/deluxe-einzelzimmer\\\/\",\"url\":\"https:\\\/\\\/www.hotelexpressaosta.it\\\/de\\\/zimmer\\\/zimmer-deluxe\\\/deluxe-einzelzimmer\\\/\",\"name\":\"Deluxe Einzelzimmer &#8211; Express Hotel Aosta\",\"isPartOf\":{\"@id\":\"https:\\\/\\\/www.hotelexpressaosta.it\\\/de\\\/#website\"},\"primaryImageOfPage\":{\"@id\":\"https:\\\/\\\/www.hotelexpressaosta.it\\\/de\\\/zimmer\\\/zimmer-deluxe\\\/deluxe-einzelzimmer\\\/#primaryimage\"},\"image\":{\"@id\":\"https:\\\/\\\/www.hotelexpressaosta.it\\\/de\\\/zimmer\\\/zimmer-deluxe\\\/deluxe-einzelzimmer\\\/#primaryimage\"},\"thumbnailUrl\":\"https:\\\/\\\/www.hotelexpressaosta.it\\\/wp-content\\\/uploads\\\/sites\\\/171\\\/2025\\\/12\\\/218-Deluxe-M-2\u00b0p-10pro.jpeg\",\"datePublished\":\"2024-10-18T08:26:18+00:00\",\"dateModified\":\"2024-12-10T11:40:03+00:00\",\"description\":\"Unsere k\u00fcrzlich renovierten Deluxe-Zimmer befinden sich im 2. Stock und zeichnen sich durch eine Wand aus, die mit einer beeindruckenden Gro\u00dffotografie der Berge oder der Burgen des Aostatals dekoriert ist\",\"breadcrumb\":{\"@id\":\"https:\\\/\\\/www.hotelexpressaosta.it\\\/de\\\/zimmer\\\/zimmer-deluxe\\\/deluxe-einzelzimmer\\\/#breadcrumb\"},\"inLanguage\":\"de-DE\",\"potentialAction\":[{\"@type\":\"ReadAction\",\"target\":[\"https:\\\/\\\/www.hotelexpressaosta.it\\\/de\\\/zimmer\\\/zimmer-deluxe\\\/deluxe-einzelzimmer\\\/\"]}]},{\"@type\":\"ImageObject\",\"inLanguage\":\"de-DE\",\"@id\":\"https:\\\/\\\/www.hotelexpressaosta.it\\\/de\\\/zimmer\\\/zimmer-deluxe\\\/deluxe-einzelzimmer\\\/#primaryimage\",\"url\":\"https:\\\/\\\/www.hotelexpressaosta.it\\\/wp-content\\\/uploads\\\/sites\\\/171\\\/2025\\\/12\\\/218-Deluxe-M-2\u00b0p-10pro.jpeg\",\"contentUrl\":\"https:\\\/\\\/www.hotelexpressaosta.it\\\/wp-content\\\/uploads\\\/sites\\\/171\\\/2025\\\/12\\\/218-Deluxe-M-2\u00b0p-10pro.jpeg\",\"width\":1594,\"height\":1200},{\"@type\":\"BreadcrumbList\",\"@id\":\"https:\\\/\\\/www.hotelexpressaosta.it\\\/de\\\/zimmer\\\/zimmer-deluxe\\\/deluxe-einzelzimmer\\\/#breadcrumb\",\"itemListElement\":[{\"@type\":\"ListItem\",\"position\":1,\"name\":\"Home\",\"item\":\"https:\\\/\\\/www.hotelexpressaosta.it\\\/de\\\/\"},{\"@type\":\"ListItem\",\"position\":2,\"name\":\"Zimmer\",\"item\":\"https:\\\/\\\/www.hotelexpressaosta.it\\\/de\\\/zimmer\\\/\"},{\"@type\":\"ListItem\",\"position\":3,\"name\":\"Zimmer Deluxe\",\"item\":\"https:\\\/\\\/www.hotelexpressaosta.it\\\/de\\\/zimmer\\\/zimmer-deluxe\\\/\"},{\"@type\":\"ListItem\",\"position\":4,\"name\":\"Deluxe Einzelzimmer\"}]},{\"@type\":\"WebSite\",\"@id\":\"https:\\\/\\\/www.hotelexpressaosta.it\\\/de\\\/#website\",\"url\":\"https:\\\/\\\/www.hotelexpressaosta.it\\\/de\\\/\",\"name\":\"Express Hotel Aosta\",\"description\":\"Express Hotel im Herzen von Aosta gelegen\",\"publisher\":{\"@id\":\"https:\\\/\\\/www.hotelexpressaosta.it\\\/de\\\/#organization\"},\"alternateName\":\"Express Hotel Aosta\",\"potentialAction\":[{\"@type\":\"SearchAction\",\"target\":{\"@type\":\"EntryPoint\",\"urlTemplate\":\"https:\\\/\\\/www.hotelexpressaosta.it\\\/de\\\/?s={search_term_string}\"},\"query-input\":{\"@type\":\"PropertyValueSpecification\",\"valueRequired\":true,\"valueName\":\"search_term_string\"}}],\"inLanguage\":\"de-DE\"},{\"@type\":\"Organization\",\"@id\":\"https:\\\/\\\/www.hotelexpressaosta.it\\\/de\\\/#organization\",\"name\":\"Express Hotel Aosta\",\"alternateName\":\"Express Hotel Aosta\",\"url\":\"https:\\\/\\\/www.hotelexpressaosta.it\\\/de\\\/\",\"logo\":{\"@type\":\"ImageObject\",\"inLanguage\":\"de-DE\",\"@id\":\"https:\\\/\\\/www.hotelexpressaosta.it\\\/de\\\/#\\\/schema\\\/logo\\\/image\\\/\",\"url\":\"https:\\\/\\\/www.hotelexpressaosta.it\\\/wp-content\\\/uploads\\\/sites\\\/171\\\/2024\\\/10\\\/1-logo-express.png\",\"contentUrl\":\"https:\\\/\\\/www.hotelexpressaosta.it\\\/wp-content\\\/uploads\\\/sites\\\/171\\\/2024\\\/10\\\/1-logo-express.png\",\"width\":250,\"height\":77,\"caption\":\"Express Hotel Aosta\"},\"image\":{\"@id\":\"https:\\\/\\\/www.hotelexpressaosta.it\\\/de\\\/#\\\/schema\\\/logo\\\/image\\\/\"},\"sameAs\":[\"https:\\\/\\\/www.facebook.com\\\/ExpressAosta\",\"https:\\\/\\\/x.com\\\/hotelexpressao\"]}]}<\/script>\n<!-- \/ Yoast SEO plugin. -->","yoast_head_json":{"title":"Deluxe Einzelzimmer &#8211; Express Hotel Aosta","description":"Unsere k\u00fcrzlich renovierten Deluxe-Zimmer befinden sich im 2. Stock und zeichnen sich durch eine Wand aus, die mit einer beeindruckenden Gro\u00dffotografie der Berge oder der Burgen des Aostatals dekoriert ist","robots":{"index":"index","follow":"follow","max-snippet":"max-snippet:-1","max-image-preview":"max-image-preview:large","max-video-preview":"max-video-preview:-1"},"canonical":"https:\/\/www.hotelexpressaosta.it\/de\/zimmer\/zimmer-deluxe\/deluxe-einzelzimmer\/","og_locale":"de_DE","og_type":"article","og_title":"Deluxe Einzelzimmer &#8211; Express Hotel Aosta","og_description":"Unsere k\u00fcrzlich renovierten Deluxe-Zimmer befinden sich im 2. Stock und zeichnen sich durch eine Wand aus, die mit einer beeindruckenden Gro\u00dffotografie der Berge oder der Burgen des Aostatals dekoriert ist","og_url":"https:\/\/www.hotelexpressaosta.it\/de\/zimmer\/zimmer-deluxe\/deluxe-einzelzimmer\/","og_site_name":"Express Hotel Aosta","article_publisher":"https:\/\/www.facebook.com\/ExpressAosta","article_modified_time":"2024-12-10T11:40:03+00:00","og_image":[{"width":1200,"height":800,"url":"https:\/\/www.hotelexpressaosta.it\/wp-content\/uploads\/sites\/171\/2024\/10\/Camera-Deluxe.jpg","type":"image\/jpeg"}],"twitter_card":"summary_large_image","twitter_site":"@hotelexpressao","twitter_misc":{"Gesch\u00e4tzte Lesezeit":"1 Minute"},"schema":{"@context":"https:\/\/schema.org","@graph":[{"@type":"WebPage","@id":"https:\/\/www.hotelexpressaosta.it\/de\/zimmer\/zimmer-deluxe\/deluxe-einzelzimmer\/","url":"https:\/\/www.hotelexpressaosta.it\/de\/zimmer\/zimmer-deluxe\/deluxe-einzelzimmer\/","name":"Deluxe Einzelzimmer &#8211; Express Hotel Aosta","isPartOf":{"@id":"https:\/\/www.hotelexpressaosta.it\/de\/#website"},"primaryImageOfPage":{"@id":"https:\/\/www.hotelexpressaosta.it\/de\/zimmer\/zimmer-deluxe\/deluxe-einzelzimmer\/#primaryimage"},"image":{"@id":"https:\/\/www.hotelexpressaosta.it\/de\/zimmer\/zimmer-deluxe\/deluxe-einzelzimmer\/#primaryimage"},"thumbnailUrl":"https:\/\/www.hotelexpressaosta.it\/wp-content\/uploads\/sites\/171\/2025\/12\/218-Deluxe-M-2\u00b0p-10pro.jpeg","datePublished":"2024-10-18T08:26:18+00:00","dateModified":"2024-12-10T11:40:03+00:00","description":"Unsere k\u00fcrzlich renovierten Deluxe-Zimmer befinden sich im 2. Stock und zeichnen sich durch eine Wand aus, die mit einer beeindruckenden Gro\u00dffotografie der Berge oder der Burgen des Aostatals dekoriert ist","breadcrumb":{"@id":"https:\/\/www.hotelexpressaosta.it\/de\/zimmer\/zimmer-deluxe\/deluxe-einzelzimmer\/#breadcrumb"},"inLanguage":"de-DE","potentialAction":[{"@type":"ReadAction","target":["https:\/\/www.hotelexpressaosta.it\/de\/zimmer\/zimmer-deluxe\/deluxe-einzelzimmer\/"]}]},{"@type":"ImageObject","inLanguage":"de-DE","@id":"https:\/\/www.hotelexpressaosta.it\/de\/zimmer\/zimmer-deluxe\/deluxe-einzelzimmer\/#primaryimage","url":"https:\/\/www.hotelexpressaosta.it\/wp-content\/uploads\/sites\/171\/2025\/12\/218-Deluxe-M-2\u00b0p-10pro.jpeg","contentUrl":"https:\/\/www.hotelexpressaosta.it\/wp-content\/uploads\/sites\/171\/2025\/12\/218-Deluxe-M-2\u00b0p-10pro.jpeg","width":1594,"height":1200},{"@type":"BreadcrumbList","@id":"https:\/\/www.hotelexpressaosta.it\/de\/zimmer\/zimmer-deluxe\/deluxe-einzelzimmer\/#breadcrumb","itemListElement":[{"@type":"ListItem","position":1,"name":"Home","item":"https:\/\/www.hotelexpressaosta.it\/de\/"},{"@type":"ListItem","position":2,"name":"Zimmer","item":"https:\/\/www.hotelexpressaosta.it\/de\/zimmer\/"},{"@type":"ListItem","position":3,"name":"Zimmer Deluxe","item":"https:\/\/www.hotelexpressaosta.it\/de\/zimmer\/zimmer-deluxe\/"},{"@type":"ListItem","position":4,"name":"Deluxe Einzelzimmer"}]},{"@type":"WebSite","@id":"https:\/\/www.hotelexpressaosta.it\/de\/#website","url":"https:\/\/www.hotelexpressaosta.it\/de\/","name":"Express Hotel Aosta","description":"Express Hotel im Herzen von Aosta gelegen","publisher":{"@id":"https:\/\/www.hotelexpressaosta.it\/de\/#organization"},"alternateName":"Express Hotel Aosta","potentialAction":[{"@type":"SearchAction","target":{"@type":"EntryPoint","urlTemplate":"https:\/\/www.hotelexpressaosta.it\/de\/?s={search_term_string}"},"query-input":{"@type":"PropertyValueSpecification","valueRequired":true,"valueName":"search_term_string"}}],"inLanguage":"de-DE"},{"@type":"Organization","@id":"https:\/\/www.hotelexpressaosta.it\/de\/#organization","name":"Express Hotel Aosta","alternateName":"Express Hotel Aosta","url":"https:\/\/www.hotelexpressaosta.it\/de\/","logo":{"@type":"ImageObject","inLanguage":"de-DE","@id":"https:\/\/www.hotelexpressaosta.it\/de\/#\/schema\/logo\/image\/","url":"https:\/\/www.hotelexpressaosta.it\/wp-content\/uploads\/sites\/171\/2024\/10\/1-logo-express.png","contentUrl":"https:\/\/www.hotelexpressaosta.it\/wp-content\/uploads\/sites\/171\/2024\/10\/1-logo-express.png","width":250,"height":77,"caption":"Express Hotel Aosta"},"image":{"@id":"https:\/\/www.hotelexpressaosta.it\/de\/#\/schema\/logo\/image\/"},"sameAs":["https:\/\/www.facebook.com\/ExpressAosta","https:\/\/x.com\/hotelexpressao"]}]}},"acf":[],"_links":{"self":[{"href":"https:\/\/www.hotelexpressaosta.it\/de\/wp-json\/wp\/v2\/pages\/752","targetHints":{"allow":["GET"]}}],"collection":[{"href":"https:\/\/www.hotelexpressaosta.it\/de\/wp-json\/wp\/v2\/pages"}],"about":[{"href":"https:\/\/www.hotelexpressaosta.it\/de\/wp-json\/wp\/v2\/types\/page"}],"author":[{"embeddable":true,"href":"https:\/\/www.hotelexpressaosta.it\/de\/wp-json\/wp\/v2\/users\/12"}],"replies":[{"embeddable":true,"href":"https:\/\/www.hotelexpressaosta.it\/de\/wp-json\/wp\/v2\/comments?post=752"}],"version-history":[{"count":0,"href":"https:\/\/www.hotelexpressaosta.it\/de\/wp-json\/wp\/v2\/pages\/752\/revisions"}],"up":[{"embeddable":true,"href":"https:\/\/www.hotelexpressaosta.it\/de\/wp-json\/wp\/v2\/pages\/764"}],"wp:featuredmedia":[{"embeddable":true,"href":"https:\/\/www.hotelexpressaosta.it\/de\/wp-json\/wp\/v2\/media\/1307"}],"wp:attachment":[{"href":"https:\/\/www.hotelexpressaosta.it\/de\/wp-json\/wp\/v2\/media?parent=752"}],"curies":[{"name":"wp","href":"https:\/\/api.w.org\/{rel}","templated":true}]}}