{"id":761,"date":"2024-10-18T08:30:49","date_gmt":"2024-10-18T08:30:49","guid":{"rendered":"https:\/\/express-hotel-aosta.ms2.decms.eu\/?page_id=761"},"modified":"2024-12-10T17:45:25","modified_gmt":"2024-12-10T17:45:25","slug":"deluxe-vierbettzimmer","status":"publish","type":"page","link":"https:\/\/www.hotelexpressaosta.it\/de\/zimmer\/zimmer-deluxe\/deluxe-vierbettzimmer\/","title":{"rendered":"Deluxe Vierbettzimmer"},"content":{"rendered":"<p>K\u00fcrzlich renoviert, bieten die Deluxe-Zimmer eine gem\u00fctliche und moderne Atmosph\u00e4re. Jedes Zimmer ist mit einer dekorativen Wand ausgestattet, die eine beeindruckende Gro\u00dffotografie der Berge oder der Burgen des Aostatals zeigt, um die Sch\u00f6nheit der Region zu jeder Zeit zu genie\u00dfen.<\/p>\n<p>Diese Zimmer sind so gestaltet, dass sie maximalen Komfort bieten, mit einem gro\u00dfz\u00fcgigen Wohnbereich, der mit einem Sofa und zwei Sesseln ausgestattet ist \u2013 ideal, um sich nach einem langen Tag zu entspannen. Mit einer Fl\u00e4che von 30 m\u00b2 und 4 Schlafpl\u00e4tzen ist unser Deluxe-Zimmer die perfekte Wahl f\u00fcr einen Aufenthalt in Gesellschaft.<\/p>\n<p>&nbsp;<\/p>\n","protected":false},"excerpt":{"rendered":"<p>K\u00fcrzlich renoviert, bieten die Deluxe-Zimmer eine gem\u00fctliche und moderne Atmosph\u00e4re. Jedes Zimmer ist mit einer dekorativen Wand ausgestattet, die eine beeindruckende Gro\u00dffotografie der Berge oder der Burgen des Aostatals zeigt, um die Sch\u00f6nheit der Region zu jeder Zeit zu genie\u00dfen. Diese Zimmer sind so gestaltet, dass sie maximalen Komfort bieten, mit einem gro\u00dfz\u00fcgigen Wohnbereich, der [&hellip;]<\/p>\n","protected":false},"author":12,"featured_media":1242,"parent":764,"menu_order":34,"comment_status":"closed","ping_status":"closed","template":"template-single-room.php","meta":{"footnotes":""},"class_list":["post-761","page","type-page","status-publish","has-post-thumbnail","hentry"],"yoast_head":"<!-- This site is optimized with the Yoast SEO plugin v27.3 - https:\/\/yoast.com\/product\/yoast-seo-wordpress\/ -->\n<title>Deluxe Vierbettzimmer &#8211; Express Hotel Aosta<\/title>\n<meta name=\"description\" content=\"K\u00fcrzlich renoviert, bieten die Deluxe-Zimmer eine gem\u00fctliche und moderne Atmosph\u00e4re. Jedes Zimmer ist mit einer dekorativen Wand ausgestattet, die eine beeindruckende Gro\u00dffotografie der Berge oder der Burgen des Aostatals zeigt, um die Sch\u00f6nheit der Region zu jeder Zeit zu genie\u00dfen.  Diese Zimmer sind so gestaltet, dass sie maximalen Komfort bieten, mit einem gro\u00dfz\u00fcgigen Wohnbereich, der mit einem Sofa und zwei Sesseln ausgestattet ist \u2013 ideal, um sich nach einem langen Tag zu entspannen\" \/>\n<meta name=\"robots\" content=\"index, follow, max-snippet:-1, max-image-preview:large, max-video-preview:-1\" \/>\n<link rel=\"canonical\" href=\"https:\/\/www.hotelexpressaosta.it\/de\/zimmer\/zimmer-deluxe\/deluxe-vierbettzimmer\/\" \/>\n<meta property=\"og:locale\" content=\"de_DE\" \/>\n<meta property=\"og:type\" content=\"article\" \/>\n<meta property=\"og:title\" content=\"Deluxe Vierbettzimmer &#8211; Express Hotel Aosta\" \/>\n<meta property=\"og:description\" content=\"K\u00fcrzlich renoviert, bieten die Deluxe-Zimmer eine gem\u00fctliche und moderne Atmosph\u00e4re. Jedes Zimmer ist mit einer dekorativen Wand ausgestattet, die eine beeindruckende Gro\u00dffotografie der Berge oder der Burgen des Aostatals zeigt, um die Sch\u00f6nheit der Region zu jeder Zeit zu genie\u00dfen.  Diese Zimmer sind so gestaltet, dass sie maximalen Komfort bieten, mit einem gro\u00dfz\u00fcgigen Wohnbereich, der mit einem Sofa und zwei Sesseln ausgestattet ist \u2013 ideal, um sich nach einem langen Tag zu entspannen\" \/>\n<meta property=\"og:url\" content=\"https:\/\/www.hotelexpressaosta.it\/de\/zimmer\/zimmer-deluxe\/deluxe-vierbettzimmer\/\" \/>\n<meta property=\"og:site_name\" content=\"Express Hotel Aosta\" \/>\n<meta property=\"article:publisher\" content=\"https:\/\/www.facebook.com\/ExpressAosta\" \/>\n<meta property=\"article:modified_time\" content=\"2024-12-10T17:45:25+00:00\" \/>\n<meta property=\"og:image\" content=\"https:\/\/www.hotelexpressaosta.it\/wp-content\/uploads\/sites\/171\/2024\/10\/deluxe-DBL.jpg\" \/>\n\t<meta property=\"og:image:width\" content=\"1024\" \/>\n\t<meta property=\"og:image:height\" content=\"512\" \/>\n\t<meta property=\"og:image:type\" content=\"image\/jpeg\" \/>\n<meta name=\"twitter:card\" content=\"summary_large_image\" \/>\n<meta name=\"twitter:site\" content=\"@hotelexpressao\" \/>\n<meta name=\"twitter:label1\" content=\"Gesch\u00e4tzte Lesezeit\" \/>\n\t<meta name=\"twitter:data1\" content=\"1 Minute\" \/>\n<script type=\"application\/ld+json\" class=\"yoast-schema-graph\">{\"@context\":\"https:\\\/\\\/schema.org\",\"@graph\":[{\"@type\":\"WebPage\",\"@id\":\"https:\\\/\\\/www.hotelexpressaosta.it\\\/de\\\/zimmer\\\/zimmer-deluxe\\\/deluxe-vierbettzimmer\\\/\",\"url\":\"https:\\\/\\\/www.hotelexpressaosta.it\\\/de\\\/zimmer\\\/zimmer-deluxe\\\/deluxe-vierbettzimmer\\\/\",\"name\":\"Deluxe Vierbettzimmer &#8211; Express Hotel Aosta\",\"isPartOf\":{\"@id\":\"https:\\\/\\\/www.hotelexpressaosta.it\\\/de\\\/#website\"},\"primaryImageOfPage\":{\"@id\":\"https:\\\/\\\/www.hotelexpressaosta.it\\\/de\\\/zimmer\\\/zimmer-deluxe\\\/deluxe-vierbettzimmer\\\/#primaryimage\"},\"image\":{\"@id\":\"https:\\\/\\\/www.hotelexpressaosta.it\\\/de\\\/zimmer\\\/zimmer-deluxe\\\/deluxe-vierbettzimmer\\\/#primaryimage\"},\"thumbnailUrl\":\"https:\\\/\\\/www.hotelexpressaosta.it\\\/wp-content\\\/uploads\\\/sites\\\/171\\\/2025\\\/12\\\/Deluxe-MXX-10pro.jpeg\",\"datePublished\":\"2024-10-18T08:30:49+00:00\",\"dateModified\":\"2024-12-10T17:45:25+00:00\",\"description\":\"K\u00fcrzlich renoviert, bieten die Deluxe-Zimmer eine gem\u00fctliche und moderne Atmosph\u00e4re. Jedes Zimmer ist mit einer dekorativen Wand ausgestattet, die eine beeindruckende Gro\u00dffotografie der Berge oder der Burgen des Aostatals zeigt, um die Sch\u00f6nheit der Region zu jeder Zeit zu genie\u00dfen. Diese Zimmer sind so gestaltet, dass sie maximalen Komfort bieten, mit einem gro\u00dfz\u00fcgigen Wohnbereich, der mit einem Sofa und zwei Sesseln ausgestattet ist \u2013 ideal, um sich nach einem langen Tag zu entspannen\",\"breadcrumb\":{\"@id\":\"https:\\\/\\\/www.hotelexpressaosta.it\\\/de\\\/zimmer\\\/zimmer-deluxe\\\/deluxe-vierbettzimmer\\\/#breadcrumb\"},\"inLanguage\":\"de-DE\",\"potentialAction\":[{\"@type\":\"ReadAction\",\"target\":[\"https:\\\/\\\/www.hotelexpressaosta.it\\\/de\\\/zimmer\\\/zimmer-deluxe\\\/deluxe-vierbettzimmer\\\/\"]}]},{\"@type\":\"ImageObject\",\"inLanguage\":\"de-DE\",\"@id\":\"https:\\\/\\\/www.hotelexpressaosta.it\\\/de\\\/zimmer\\\/zimmer-deluxe\\\/deluxe-vierbettzimmer\\\/#primaryimage\",\"url\":\"https:\\\/\\\/www.hotelexpressaosta.it\\\/wp-content\\\/uploads\\\/sites\\\/171\\\/2025\\\/12\\\/Deluxe-MXX-10pro.jpeg\",\"contentUrl\":\"https:\\\/\\\/www.hotelexpressaosta.it\\\/wp-content\\\/uploads\\\/sites\\\/171\\\/2025\\\/12\\\/Deluxe-MXX-10pro.jpeg\",\"width\":1595,\"height\":1200},{\"@type\":\"BreadcrumbList\",\"@id\":\"https:\\\/\\\/www.hotelexpressaosta.it\\\/de\\\/zimmer\\\/zimmer-deluxe\\\/deluxe-vierbettzimmer\\\/#breadcrumb\",\"itemListElement\":[{\"@type\":\"ListItem\",\"position\":1,\"name\":\"Home\",\"item\":\"https:\\\/\\\/www.hotelexpressaosta.it\\\/de\\\/\"},{\"@type\":\"ListItem\",\"position\":2,\"name\":\"Zimmer\",\"item\":\"https:\\\/\\\/www.hotelexpressaosta.it\\\/de\\\/zimmer\\\/\"},{\"@type\":\"ListItem\",\"position\":3,\"name\":\"Zimmer Deluxe\",\"item\":\"https:\\\/\\\/www.hotelexpressaosta.it\\\/de\\\/zimmer\\\/zimmer-deluxe\\\/\"},{\"@type\":\"ListItem\",\"position\":4,\"name\":\"Deluxe Vierbettzimmer\"}]},{\"@type\":\"WebSite\",\"@id\":\"https:\\\/\\\/www.hotelexpressaosta.it\\\/de\\\/#website\",\"url\":\"https:\\\/\\\/www.hotelexpressaosta.it\\\/de\\\/\",\"name\":\"Express Hotel Aosta\",\"description\":\"Express Hotel im Herzen von Aosta gelegen\",\"publisher\":{\"@id\":\"https:\\\/\\\/www.hotelexpressaosta.it\\\/de\\\/#organization\"},\"alternateName\":\"Express Hotel Aosta\",\"potentialAction\":[{\"@type\":\"SearchAction\",\"target\":{\"@type\":\"EntryPoint\",\"urlTemplate\":\"https:\\\/\\\/www.hotelexpressaosta.it\\\/de\\\/?s={search_term_string}\"},\"query-input\":{\"@type\":\"PropertyValueSpecification\",\"valueRequired\":true,\"valueName\":\"search_term_string\"}}],\"inLanguage\":\"de-DE\"},{\"@type\":\"Organization\",\"@id\":\"https:\\\/\\\/www.hotelexpressaosta.it\\\/de\\\/#organization\",\"name\":\"Express Hotel Aosta\",\"alternateName\":\"Express Hotel Aosta\",\"url\":\"https:\\\/\\\/www.hotelexpressaosta.it\\\/de\\\/\",\"logo\":{\"@type\":\"ImageObject\",\"inLanguage\":\"de-DE\",\"@id\":\"https:\\\/\\\/www.hotelexpressaosta.it\\\/de\\\/#\\\/schema\\\/logo\\\/image\\\/\",\"url\":\"https:\\\/\\\/www.hotelexpressaosta.it\\\/wp-content\\\/uploads\\\/sites\\\/171\\\/2024\\\/10\\\/1-logo-express.png\",\"contentUrl\":\"https:\\\/\\\/www.hotelexpressaosta.it\\\/wp-content\\\/uploads\\\/sites\\\/171\\\/2024\\\/10\\\/1-logo-express.png\",\"width\":250,\"height\":77,\"caption\":\"Express Hotel Aosta\"},\"image\":{\"@id\":\"https:\\\/\\\/www.hotelexpressaosta.it\\\/de\\\/#\\\/schema\\\/logo\\\/image\\\/\"},\"sameAs\":[\"https:\\\/\\\/www.facebook.com\\\/ExpressAosta\",\"https:\\\/\\\/x.com\\\/hotelexpressao\"]}]}<\/script>\n<!-- \/ Yoast SEO plugin. -->","yoast_head_json":{"title":"Deluxe Vierbettzimmer &#8211; Express Hotel Aosta","description":"K\u00fcrzlich renoviert, bieten die Deluxe-Zimmer eine gem\u00fctliche und moderne Atmosph\u00e4re. Jedes Zimmer ist mit einer dekorativen Wand ausgestattet, die eine beeindruckende Gro\u00dffotografie der Berge oder der Burgen des Aostatals zeigt, um die Sch\u00f6nheit der Region zu jeder Zeit zu genie\u00dfen.  Diese Zimmer sind so gestaltet, dass sie maximalen Komfort bieten, mit einem gro\u00dfz\u00fcgigen Wohnbereich, der mit einem Sofa und zwei Sesseln ausgestattet ist \u2013 ideal, um sich nach einem langen Tag zu entspannen","robots":{"index":"index","follow":"follow","max-snippet":"max-snippet:-1","max-image-preview":"max-image-preview:large","max-video-preview":"max-video-preview:-1"},"canonical":"https:\/\/www.hotelexpressaosta.it\/de\/zimmer\/zimmer-deluxe\/deluxe-vierbettzimmer\/","og_locale":"de_DE","og_type":"article","og_title":"Deluxe Vierbettzimmer &#8211; Express Hotel Aosta","og_description":"K\u00fcrzlich renoviert, bieten die Deluxe-Zimmer eine gem\u00fctliche und moderne Atmosph\u00e4re. Jedes Zimmer ist mit einer dekorativen Wand ausgestattet, die eine beeindruckende Gro\u00dffotografie der Berge oder der Burgen des Aostatals zeigt, um die Sch\u00f6nheit der Region zu jeder Zeit zu genie\u00dfen.  Diese Zimmer sind so gestaltet, dass sie maximalen Komfort bieten, mit einem gro\u00dfz\u00fcgigen Wohnbereich, der mit einem Sofa und zwei Sesseln ausgestattet ist \u2013 ideal, um sich nach einem langen Tag zu entspannen","og_url":"https:\/\/www.hotelexpressaosta.it\/de\/zimmer\/zimmer-deluxe\/deluxe-vierbettzimmer\/","og_site_name":"Express Hotel Aosta","article_publisher":"https:\/\/www.facebook.com\/ExpressAosta","article_modified_time":"2024-12-10T17:45:25+00:00","og_image":[{"width":1024,"height":512,"url":"https:\/\/www.hotelexpressaosta.it\/wp-content\/uploads\/sites\/171\/2024\/10\/deluxe-DBL.jpg","type":"image\/jpeg"}],"twitter_card":"summary_large_image","twitter_site":"@hotelexpressao","twitter_misc":{"Gesch\u00e4tzte Lesezeit":"1 Minute"},"schema":{"@context":"https:\/\/schema.org","@graph":[{"@type":"WebPage","@id":"https:\/\/www.hotelexpressaosta.it\/de\/zimmer\/zimmer-deluxe\/deluxe-vierbettzimmer\/","url":"https:\/\/www.hotelexpressaosta.it\/de\/zimmer\/zimmer-deluxe\/deluxe-vierbettzimmer\/","name":"Deluxe Vierbettzimmer &#8211; Express Hotel Aosta","isPartOf":{"@id":"https:\/\/www.hotelexpressaosta.it\/de\/#website"},"primaryImageOfPage":{"@id":"https:\/\/www.hotelexpressaosta.it\/de\/zimmer\/zimmer-deluxe\/deluxe-vierbettzimmer\/#primaryimage"},"image":{"@id":"https:\/\/www.hotelexpressaosta.it\/de\/zimmer\/zimmer-deluxe\/deluxe-vierbettzimmer\/#primaryimage"},"thumbnailUrl":"https:\/\/www.hotelexpressaosta.it\/wp-content\/uploads\/sites\/171\/2025\/12\/Deluxe-MXX-10pro.jpeg","datePublished":"2024-10-18T08:30:49+00:00","dateModified":"2024-12-10T17:45:25+00:00","description":"K\u00fcrzlich renoviert, bieten die Deluxe-Zimmer eine gem\u00fctliche und moderne Atmosph\u00e4re. Jedes Zimmer ist mit einer dekorativen Wand ausgestattet, die eine beeindruckende Gro\u00dffotografie der Berge oder der Burgen des Aostatals zeigt, um die Sch\u00f6nheit der Region zu jeder Zeit zu genie\u00dfen. Diese Zimmer sind so gestaltet, dass sie maximalen Komfort bieten, mit einem gro\u00dfz\u00fcgigen Wohnbereich, der mit einem Sofa und zwei Sesseln ausgestattet ist \u2013 ideal, um sich nach einem langen Tag zu entspannen","breadcrumb":{"@id":"https:\/\/www.hotelexpressaosta.it\/de\/zimmer\/zimmer-deluxe\/deluxe-vierbettzimmer\/#breadcrumb"},"inLanguage":"de-DE","potentialAction":[{"@type":"ReadAction","target":["https:\/\/www.hotelexpressaosta.it\/de\/zimmer\/zimmer-deluxe\/deluxe-vierbettzimmer\/"]}]},{"@type":"ImageObject","inLanguage":"de-DE","@id":"https:\/\/www.hotelexpressaosta.it\/de\/zimmer\/zimmer-deluxe\/deluxe-vierbettzimmer\/#primaryimage","url":"https:\/\/www.hotelexpressaosta.it\/wp-content\/uploads\/sites\/171\/2025\/12\/Deluxe-MXX-10pro.jpeg","contentUrl":"https:\/\/www.hotelexpressaosta.it\/wp-content\/uploads\/sites\/171\/2025\/12\/Deluxe-MXX-10pro.jpeg","width":1595,"height":1200},{"@type":"BreadcrumbList","@id":"https:\/\/www.hotelexpressaosta.it\/de\/zimmer\/zimmer-deluxe\/deluxe-vierbettzimmer\/#breadcrumb","itemListElement":[{"@type":"ListItem","position":1,"name":"Home","item":"https:\/\/www.hotelexpressaosta.it\/de\/"},{"@type":"ListItem","position":2,"name":"Zimmer","item":"https:\/\/www.hotelexpressaosta.it\/de\/zimmer\/"},{"@type":"ListItem","position":3,"name":"Zimmer Deluxe","item":"https:\/\/www.hotelexpressaosta.it\/de\/zimmer\/zimmer-deluxe\/"},{"@type":"ListItem","position":4,"name":"Deluxe Vierbettzimmer"}]},{"@type":"WebSite","@id":"https:\/\/www.hotelexpressaosta.it\/de\/#website","url":"https:\/\/www.hotelexpressaosta.it\/de\/","name":"Express Hotel Aosta","description":"Express Hotel im Herzen von Aosta gelegen","publisher":{"@id":"https:\/\/www.hotelexpressaosta.it\/de\/#organization"},"alternateName":"Express Hotel Aosta","potentialAction":[{"@type":"SearchAction","target":{"@type":"EntryPoint","urlTemplate":"https:\/\/www.hotelexpressaosta.it\/de\/?s={search_term_string}"},"query-input":{"@type":"PropertyValueSpecification","valueRequired":true,"valueName":"search_term_string"}}],"inLanguage":"de-DE"},{"@type":"Organization","@id":"https:\/\/www.hotelexpressaosta.it\/de\/#organization","name":"Express Hotel Aosta","alternateName":"Express Hotel Aosta","url":"https:\/\/www.hotelexpressaosta.it\/de\/","logo":{"@type":"ImageObject","inLanguage":"de-DE","@id":"https:\/\/www.hotelexpressaosta.it\/de\/#\/schema\/logo\/image\/","url":"https:\/\/www.hotelexpressaosta.it\/wp-content\/uploads\/sites\/171\/2024\/10\/1-logo-express.png","contentUrl":"https:\/\/www.hotelexpressaosta.it\/wp-content\/uploads\/sites\/171\/2024\/10\/1-logo-express.png","width":250,"height":77,"caption":"Express Hotel Aosta"},"image":{"@id":"https:\/\/www.hotelexpressaosta.it\/de\/#\/schema\/logo\/image\/"},"sameAs":["https:\/\/www.facebook.com\/ExpressAosta","https:\/\/x.com\/hotelexpressao"]}]}},"acf":[],"_links":{"self":[{"href":"https:\/\/www.hotelexpressaosta.it\/de\/wp-json\/wp\/v2\/pages\/761","targetHints":{"allow":["GET"]}}],"collection":[{"href":"https:\/\/www.hotelexpressaosta.it\/de\/wp-json\/wp\/v2\/pages"}],"about":[{"href":"https:\/\/www.hotelexpressaosta.it\/de\/wp-json\/wp\/v2\/types\/page"}],"author":[{"embeddable":true,"href":"https:\/\/www.hotelexpressaosta.it\/de\/wp-json\/wp\/v2\/users\/12"}],"replies":[{"embeddable":true,"href":"https:\/\/www.hotelexpressaosta.it\/de\/wp-json\/wp\/v2\/comments?post=761"}],"version-history":[{"count":0,"href":"https:\/\/www.hotelexpressaosta.it\/de\/wp-json\/wp\/v2\/pages\/761\/revisions"}],"up":[{"embeddable":true,"href":"https:\/\/www.hotelexpressaosta.it\/de\/wp-json\/wp\/v2\/pages\/764"}],"wp:featuredmedia":[{"embeddable":true,"href":"https:\/\/www.hotelexpressaosta.it\/de\/wp-json\/wp\/v2\/media\/1242"}],"wp:attachment":[{"href":"https:\/\/www.hotelexpressaosta.it\/de\/wp-json\/wp\/v2\/media?parent=761"}],"curies":[{"name":"wp","href":"https:\/\/api.w.org\/{rel}","templated":true}]}}