{"id":764,"date":"2024-10-03T13:50:29","date_gmt":"2024-10-03T13:50:29","guid":{"rendered":"https:\/\/express-hotel-aosta.ms2.decms.eu\/?page_id=764"},"modified":"2025-01-02T15:52:52","modified_gmt":"2025-01-02T15:52:52","slug":"zimmer-deluxe","status":"publish","type":"page","link":"https:\/\/www.hotelexpressaosta.it\/de\/zimmer\/zimmer-deluxe\/","title":{"rendered":"Zimmer Deluxe"},"content":{"rendered":"<p>Die Deluxe-Zimmer, mit einer Fl\u00e4che von 30 m\u00b2, sind ger\u00e4umig und komfortabel, ausgestattet mit gro\u00dfen Panoramafenstern, die einen atemberaubenden Blick bieten.<\/p>\n<p>Jedes Zimmer verf\u00fcgt \u00fcber ein bequemes Schlafsofa und zwei Sessel, die ideal zum Entspannen sind. Die k\u00fcrzlich renovierten Zimmer im 2. Stock sind mit einer Wand dekoriert, die mit beeindruckenden Fotografien der malerischen Berge oder Schl\u00f6sser des Aostatals geschm\u00fcckt ist und dem Raum eine einzigartige Note verleiht.<\/p>\n<details>\n<summary>Occupancy<\/summary>\n<ul>\n<li><a href=\"https:\/\/www.hotelexpressaosta.it\/de\/zimmer\/zimmer-deluxe\/deluxe-einzelzimmer\/\">DELUXE EINZELZIMMER<\/a><br \/>\nMax 1 Person &#8211; Doppelbett<\/li>\n<li><a href=\"https:\/\/www.hotelexpressaosta.it\/de\/zimmer\/zimmer-deluxe\/deluxe-doppelzimmer\/\">DELUXE DOPPELZIMMER<\/a><br \/>\nMax 2 Personen &#8211; 2 Einzelbetten oder 1 Doppelbett<\/li>\n<li><a href=\"https:\/\/www.hotelexpressaosta.it\/de\/zimmer\/zimmer-deluxe\/deluxe-dreibettzimmer\/\">DELUXE DREIBETTZIMMER<\/a><br \/>\nMax 3 Personen &#8211; 3 Einzelbetten oder 1 Doppelbett + 1 Einzelbett<\/li>\n<li><a href=\"https:\/\/www.hotelexpressaosta.it\/de\/zimmer\/zimmer-deluxe\/deluxe-vierbettzimmer\/\">DELUXE VIERBETTZIMMER<\/a><br \/>\nMax 4 Personen &#8211; 4 Einzelbetten oder 1 Doppelbett + 2 Einzelbetten<\/li>\n<\/ul>\n<\/details>\n<details>\n<summary>Service in allen Zimmern<\/summary>\n<p><em>Ger\u00e4umiger Wohnbereich &#8211; Klimaanlage &#8211; WLAN &#8211; Smart-TV 43\u201d &#8211; Privatbad mit Dusche, Haartrockner und Pflegeprodukten &#8211; Parkplatz &#8211; Parkettboden &#8211; Gro\u00dfe Panoramaverglasung &#8211; Schreibtisch &#8211; Steckdosen in der N\u00e4he des Bettes und Schreibtisches &#8211; Sitzbereich mit Sofa &#8211; Wasserkocher f\u00fcr Tee und Kaffee &#8211; Elektronische Schl\u00f6sser<\/em> <\/details>\n","protected":false},"excerpt":{"rendered":"<p>Die Deluxe-Zimmer, mit einer Fl\u00e4che von 30 m\u00b2, sind ger\u00e4umig und komfortabel, ausgestattet mit gro\u00dfen Panoramafenstern, die einen atemberaubenden Blick bieten. Jedes Zimmer verf\u00fcgt \u00fcber ein bequemes Schlafsofa und zwei Sessel, die ideal zum Entspannen sind. Die k\u00fcrzlich renovierten Zimmer im 2. Stock sind mit einer Wand dekoriert, die mit beeindruckenden Fotografien der malerischen Berge [&hellip;]<\/p>\n","protected":false},"author":12,"featured_media":1303,"parent":691,"menu_order":25,"comment_status":"closed","ping_status":"closed","template":"template-rooms-2.php","meta":{"footnotes":""},"yoast_head":"<!-- This site is optimized with the Yoast SEO plugin v22.3 - https:\/\/yoast.com\/wordpress\/plugins\/seo\/ -->\n<title>Zimmer Deluxe &#8211; Express Hotel Aosta<\/title>\n<meta name=\"description\" content=\"Die Deluxe-Zimmer, mit einer Fl\u00e4che von 30 m\u00b2, sind ger\u00e4umig und komfortabel, ausgestattet mit gro\u00dfen Panoramafenstern, die einen atemberaubenden Blick bieten.  Jedes Zimmer verf\u00fcgt \u00fcber ein bequemes Schlafsofa und zwei Sessel, die ideal zum Entspannen sind. Die k\u00fcrzlich renovierten Zimmer im 2\" \/>\n<meta name=\"robots\" content=\"index, follow, max-snippet:-1, max-image-preview:large, max-video-preview:-1\" \/>\n<link rel=\"canonical\" href=\"https:\/\/www.hotelexpressaosta.it\/de\/zimmer\/zimmer-deluxe\/\" \/>\n<meta property=\"og:locale\" content=\"de_DE\" \/>\n<meta property=\"og:type\" content=\"article\" \/>\n<meta property=\"og:title\" content=\"Zimmer Deluxe &#8211; Express Hotel Aosta\" \/>\n<meta property=\"og:description\" content=\"Die Deluxe-Zimmer, mit einer Fl\u00e4che von 30 m\u00b2, sind ger\u00e4umig und komfortabel, ausgestattet mit gro\u00dfen Panoramafenstern, die einen atemberaubenden Blick bieten.  Jedes Zimmer verf\u00fcgt \u00fcber ein bequemes Schlafsofa und zwei Sessel, die ideal zum Entspannen sind. Die k\u00fcrzlich renovierten Zimmer im 2\" \/>\n<meta property=\"og:url\" content=\"https:\/\/www.hotelexpressaosta.it\/de\/zimmer\/zimmer-deluxe\/\" \/>\n<meta property=\"og:site_name\" content=\"Express Hotel Aosta\" \/>\n<meta property=\"article:publisher\" content=\"https:\/\/www.facebook.com\/ExpressAosta\" \/>\n<meta property=\"article:modified_time\" content=\"2025-01-02T15:52:52+00:00\" \/>\n<meta property=\"og:image\" content=\"https:\/\/www.hotelexpressaosta.it\/wp-content\/uploads\/sites\/171\/2024\/10\/Doppia-Deluxe-Matrimoniale.jpg\" \/>\n\t<meta property=\"og:image:width\" content=\"1200\" \/>\n\t<meta property=\"og:image:height\" content=\"586\" \/>\n\t<meta property=\"og:image:type\" content=\"image\/jpeg\" \/>\n<meta name=\"twitter:card\" content=\"summary_large_image\" \/>\n<meta name=\"twitter:site\" content=\"@hotelexpressao\" \/>\n<meta name=\"twitter:label1\" content=\"Gesch\u00e4tzte Lesezeit\" \/>\n\t<meta name=\"twitter:data1\" content=\"1 Minute\" \/>\n<script type=\"application\/ld+json\" class=\"yoast-schema-graph\">{\"@context\":\"https:\/\/schema.org\",\"@graph\":[{\"@type\":\"WebPage\",\"@id\":\"https:\/\/www.hotelexpressaosta.it\/de\/zimmer\/zimmer-deluxe\/\",\"url\":\"https:\/\/www.hotelexpressaosta.it\/de\/zimmer\/zimmer-deluxe\/\",\"name\":\"Zimmer Deluxe &#8211; Express Hotel Aosta\",\"isPartOf\":{\"@id\":\"https:\/\/www.hotelexpressaosta.it\/de\/#website\"},\"primaryImageOfPage\":{\"@id\":\"https:\/\/www.hotelexpressaosta.it\/de\/zimmer\/zimmer-deluxe\/#primaryimage\"},\"image\":{\"@id\":\"https:\/\/www.hotelexpressaosta.it\/de\/zimmer\/zimmer-deluxe\/#primaryimage\"},\"thumbnailUrl\":\"https:\/\/www.hotelexpressaosta.it\/wp-content\/uploads\/sites\/171\/2025\/12\/220-Deluxe-M-2\u00b0p-10pro.jpeg\",\"datePublished\":\"2024-10-03T13:50:29+00:00\",\"dateModified\":\"2025-01-02T15:52:52+00:00\",\"description\":\"Die Deluxe-Zimmer, mit einer Fl\u00e4che von 30 m\u00b2, sind ger\u00e4umig und komfortabel, ausgestattet mit gro\u00dfen Panoramafenstern, die einen atemberaubenden Blick bieten. Jedes Zimmer verf\u00fcgt \u00fcber ein bequemes Schlafsofa und zwei Sessel, die ideal zum Entspannen sind. Die k\u00fcrzlich renovierten Zimmer im 2\",\"breadcrumb\":{\"@id\":\"https:\/\/www.hotelexpressaosta.it\/de\/zimmer\/zimmer-deluxe\/#breadcrumb\"},\"inLanguage\":\"de-DE\",\"potentialAction\":[{\"@type\":\"ReadAction\",\"target\":[\"https:\/\/www.hotelexpressaosta.it\/de\/zimmer\/zimmer-deluxe\/\"]}]},{\"@type\":\"ImageObject\",\"inLanguage\":\"de-DE\",\"@id\":\"https:\/\/www.hotelexpressaosta.it\/de\/zimmer\/zimmer-deluxe\/#primaryimage\",\"url\":\"https:\/\/www.hotelexpressaosta.it\/wp-content\/uploads\/sites\/171\/2025\/12\/220-Deluxe-M-2\u00b0p-10pro.jpeg\",\"contentUrl\":\"https:\/\/www.hotelexpressaosta.it\/wp-content\/uploads\/sites\/171\/2025\/12\/220-Deluxe-M-2\u00b0p-10pro.jpeg\",\"width\":1594,\"height\":1200},{\"@type\":\"BreadcrumbList\",\"@id\":\"https:\/\/www.hotelexpressaosta.it\/de\/zimmer\/zimmer-deluxe\/#breadcrumb\",\"itemListElement\":[{\"@type\":\"ListItem\",\"position\":1,\"name\":\"Home\",\"item\":\"https:\/\/www.hotelexpressaosta.it\/de\/\"},{\"@type\":\"ListItem\",\"position\":2,\"name\":\"Zimmer\",\"item\":\"https:\/\/www.hotelexpressaosta.it\/de\/zimmer\/\"},{\"@type\":\"ListItem\",\"position\":3,\"name\":\"Zimmer Deluxe\"}]},{\"@type\":\"WebSite\",\"@id\":\"https:\/\/www.hotelexpressaosta.it\/de\/#website\",\"url\":\"https:\/\/www.hotelexpressaosta.it\/de\/\",\"name\":\"Express Hotel Aosta\",\"description\":\"Express Hotel im Herzen von Aosta gelegen\",\"publisher\":{\"@id\":\"https:\/\/www.hotelexpressaosta.it\/de\/#organization\"},\"alternateName\":\"Express Hotel Aosta\",\"potentialAction\":[{\"@type\":\"SearchAction\",\"target\":{\"@type\":\"EntryPoint\",\"urlTemplate\":\"https:\/\/www.hotelexpressaosta.it\/de\/?s={search_term_string}\"},\"query-input\":\"required name=search_term_string\"}],\"inLanguage\":\"de-DE\"},{\"@type\":\"Organization\",\"@id\":\"https:\/\/www.hotelexpressaosta.it\/de\/#organization\",\"name\":\"Express Hotel Aosta\",\"alternateName\":\"Express Hotel Aosta\",\"url\":\"https:\/\/www.hotelexpressaosta.it\/de\/\",\"logo\":{\"@type\":\"ImageObject\",\"inLanguage\":\"de-DE\",\"@id\":\"https:\/\/www.hotelexpressaosta.it\/de\/#\/schema\/logo\/image\/\",\"url\":\"https:\/\/www.hotelexpressaosta.it\/wp-content\/uploads\/sites\/171\/2024\/10\/1-logo-express.png\",\"contentUrl\":\"https:\/\/www.hotelexpressaosta.it\/wp-content\/uploads\/sites\/171\/2024\/10\/1-logo-express.png\",\"width\":250,\"height\":77,\"caption\":\"Express Hotel Aosta\"},\"image\":{\"@id\":\"https:\/\/www.hotelexpressaosta.it\/de\/#\/schema\/logo\/image\/\"},\"sameAs\":[\"https:\/\/www.facebook.com\/ExpressAosta\",\"https:\/\/twitter.com\/hotelexpressao\"]}]}<\/script>\n<!-- \/ Yoast SEO plugin. -->","yoast_head_json":{"title":"Zimmer Deluxe &#8211; Express Hotel Aosta","description":"Die Deluxe-Zimmer, mit einer Fl\u00e4che von 30 m\u00b2, sind ger\u00e4umig und komfortabel, ausgestattet mit gro\u00dfen Panoramafenstern, die einen atemberaubenden Blick bieten.  Jedes Zimmer verf\u00fcgt \u00fcber ein bequemes Schlafsofa und zwei Sessel, die ideal zum Entspannen sind. Die k\u00fcrzlich renovierten Zimmer im 2","robots":{"index":"index","follow":"follow","max-snippet":"max-snippet:-1","max-image-preview":"max-image-preview:large","max-video-preview":"max-video-preview:-1"},"canonical":"https:\/\/www.hotelexpressaosta.it\/de\/zimmer\/zimmer-deluxe\/","og_locale":"de_DE","og_type":"article","og_title":"Zimmer Deluxe &#8211; Express Hotel Aosta","og_description":"Die Deluxe-Zimmer, mit einer Fl\u00e4che von 30 m\u00b2, sind ger\u00e4umig und komfortabel, ausgestattet mit gro\u00dfen Panoramafenstern, die einen atemberaubenden Blick bieten.  Jedes Zimmer verf\u00fcgt \u00fcber ein bequemes Schlafsofa und zwei Sessel, die ideal zum Entspannen sind. Die k\u00fcrzlich renovierten Zimmer im 2","og_url":"https:\/\/www.hotelexpressaosta.it\/de\/zimmer\/zimmer-deluxe\/","og_site_name":"Express Hotel Aosta","article_publisher":"https:\/\/www.facebook.com\/ExpressAosta","article_modified_time":"2025-01-02T15:52:52+00:00","og_image":[{"width":1200,"height":586,"url":"https:\/\/www.hotelexpressaosta.it\/wp-content\/uploads\/sites\/171\/2024\/10\/Doppia-Deluxe-Matrimoniale.jpg","type":"image\/jpeg"}],"twitter_card":"summary_large_image","twitter_site":"@hotelexpressao","twitter_misc":{"Gesch\u00e4tzte Lesezeit":"1 Minute"},"schema":{"@context":"https:\/\/schema.org","@graph":[{"@type":"WebPage","@id":"https:\/\/www.hotelexpressaosta.it\/de\/zimmer\/zimmer-deluxe\/","url":"https:\/\/www.hotelexpressaosta.it\/de\/zimmer\/zimmer-deluxe\/","name":"Zimmer Deluxe &#8211; Express Hotel Aosta","isPartOf":{"@id":"https:\/\/www.hotelexpressaosta.it\/de\/#website"},"primaryImageOfPage":{"@id":"https:\/\/www.hotelexpressaosta.it\/de\/zimmer\/zimmer-deluxe\/#primaryimage"},"image":{"@id":"https:\/\/www.hotelexpressaosta.it\/de\/zimmer\/zimmer-deluxe\/#primaryimage"},"thumbnailUrl":"https:\/\/www.hotelexpressaosta.it\/wp-content\/uploads\/sites\/171\/2025\/12\/220-Deluxe-M-2\u00b0p-10pro.jpeg","datePublished":"2024-10-03T13:50:29+00:00","dateModified":"2025-01-02T15:52:52+00:00","description":"Die Deluxe-Zimmer, mit einer Fl\u00e4che von 30 m\u00b2, sind ger\u00e4umig und komfortabel, ausgestattet mit gro\u00dfen Panoramafenstern, die einen atemberaubenden Blick bieten. Jedes Zimmer verf\u00fcgt \u00fcber ein bequemes Schlafsofa und zwei Sessel, die ideal zum Entspannen sind. Die k\u00fcrzlich renovierten Zimmer im 2","breadcrumb":{"@id":"https:\/\/www.hotelexpressaosta.it\/de\/zimmer\/zimmer-deluxe\/#breadcrumb"},"inLanguage":"de-DE","potentialAction":[{"@type":"ReadAction","target":["https:\/\/www.hotelexpressaosta.it\/de\/zimmer\/zimmer-deluxe\/"]}]},{"@type":"ImageObject","inLanguage":"de-DE","@id":"https:\/\/www.hotelexpressaosta.it\/de\/zimmer\/zimmer-deluxe\/#primaryimage","url":"https:\/\/www.hotelexpressaosta.it\/wp-content\/uploads\/sites\/171\/2025\/12\/220-Deluxe-M-2\u00b0p-10pro.jpeg","contentUrl":"https:\/\/www.hotelexpressaosta.it\/wp-content\/uploads\/sites\/171\/2025\/12\/220-Deluxe-M-2\u00b0p-10pro.jpeg","width":1594,"height":1200},{"@type":"BreadcrumbList","@id":"https:\/\/www.hotelexpressaosta.it\/de\/zimmer\/zimmer-deluxe\/#breadcrumb","itemListElement":[{"@type":"ListItem","position":1,"name":"Home","item":"https:\/\/www.hotelexpressaosta.it\/de\/"},{"@type":"ListItem","position":2,"name":"Zimmer","item":"https:\/\/www.hotelexpressaosta.it\/de\/zimmer\/"},{"@type":"ListItem","position":3,"name":"Zimmer Deluxe"}]},{"@type":"WebSite","@id":"https:\/\/www.hotelexpressaosta.it\/de\/#website","url":"https:\/\/www.hotelexpressaosta.it\/de\/","name":"Express Hotel Aosta","description":"Express Hotel im Herzen von Aosta gelegen","publisher":{"@id":"https:\/\/www.hotelexpressaosta.it\/de\/#organization"},"alternateName":"Express Hotel Aosta","potentialAction":[{"@type":"SearchAction","target":{"@type":"EntryPoint","urlTemplate":"https:\/\/www.hotelexpressaosta.it\/de\/?s={search_term_string}"},"query-input":"required name=search_term_string"}],"inLanguage":"de-DE"},{"@type":"Organization","@id":"https:\/\/www.hotelexpressaosta.it\/de\/#organization","name":"Express Hotel Aosta","alternateName":"Express Hotel Aosta","url":"https:\/\/www.hotelexpressaosta.it\/de\/","logo":{"@type":"ImageObject","inLanguage":"de-DE","@id":"https:\/\/www.hotelexpressaosta.it\/de\/#\/schema\/logo\/image\/","url":"https:\/\/www.hotelexpressaosta.it\/wp-content\/uploads\/sites\/171\/2024\/10\/1-logo-express.png","contentUrl":"https:\/\/www.hotelexpressaosta.it\/wp-content\/uploads\/sites\/171\/2024\/10\/1-logo-express.png","width":250,"height":77,"caption":"Express Hotel Aosta"},"image":{"@id":"https:\/\/www.hotelexpressaosta.it\/de\/#\/schema\/logo\/image\/"},"sameAs":["https:\/\/www.facebook.com\/ExpressAosta","https:\/\/twitter.com\/hotelexpressao"]}]}},"acf":[],"_links":{"self":[{"href":"https:\/\/www.hotelexpressaosta.it\/de\/wp-json\/wp\/v2\/pages\/764"}],"collection":[{"href":"https:\/\/www.hotelexpressaosta.it\/de\/wp-json\/wp\/v2\/pages"}],"about":[{"href":"https:\/\/www.hotelexpressaosta.it\/de\/wp-json\/wp\/v2\/types\/page"}],"author":[{"embeddable":true,"href":"https:\/\/www.hotelexpressaosta.it\/de\/wp-json\/wp\/v2\/users\/12"}],"replies":[{"embeddable":true,"href":"https:\/\/www.hotelexpressaosta.it\/de\/wp-json\/wp\/v2\/comments?post=764"}],"version-history":[{"count":0,"href":"https:\/\/www.hotelexpressaosta.it\/de\/wp-json\/wp\/v2\/pages\/764\/revisions"}],"up":[{"embeddable":true,"href":"https:\/\/www.hotelexpressaosta.it\/de\/wp-json\/wp\/v2\/pages\/691"}],"wp:featuredmedia":[{"embeddable":true,"href":"https:\/\/www.hotelexpressaosta.it\/de\/wp-json\/wp\/v2\/media\/1303"}],"wp:attachment":[{"href":"https:\/\/www.hotelexpressaosta.it\/de\/wp-json\/wp\/v2\/media?parent=764"}],"curies":[{"name":"wp","href":"https:\/\/api.w.org\/{rel}","templated":true}]}}