{"id":767,"date":"2024-09-30T13:31:47","date_gmt":"2024-09-30T13:31:47","guid":{"rendered":"https:\/\/express-hotel-aosta.ms2.decms.eu\/?page_id=767"},"modified":"2025-01-07T17:33:01","modified_gmt":"2025-01-07T17:33:01","slug":"hotel-express","status":"publish","type":"page","link":"https:\/\/www.hotelexpressaosta.it\/de\/","title":{"rendered":"Hotel Express"},"content":{"rendered":"<p><strong>Das Hotel Express in Aosta Ost<\/strong> zeichnet sich durch <strong>seine strategische Lage aus, ideal sowohl f\u00fcr Gesch\u00e4ftsreisende als auch f\u00fcr diejenigen, die die Sch\u00f6nheiten des Aostatals erkunden m\u00f6chten<\/strong>. Nur wenige Minuten vom historischen Zentrum entfernt und verkehrsg\u00fcnstig an der Autobahnausfahrt gelegen, ist das Hotel der perfekte Ausgangspunkt f\u00fcr die Entdeckung von Skigebieten, Naturpfaden und den eindrucksvollen Schl\u00f6ssern des Aostatals.<\/p>\n<p>Die Unterkunft bietet <strong>moderne und komfortable Zimmer<\/strong>, die alle mit Klimaanlage, einem Flachbild-TV und Blick auf die umliegenden Berge ausgestattet sind. Das freundliche und stets verf\u00fcgbare Personal gibt Ihnen gerne Tipps zu Reiserouten, typischen Restaurants und Sehensw\u00fcrdigkeiten. Die famili\u00e4re und einladende Umgebung, kombiniert mit der Qualit\u00e4t der Dienstleistungen, machen unser Hotel zur idealen Wahl f\u00fcr einen erholsamen Urlaub oder einen kurzen Gesch\u00e4ftsaufenthalt.<\/p>\n","protected":false},"excerpt":{"rendered":"<p>Das Hotel Express in Aosta Ost zeichnet sich durch seine strategische Lage aus, ideal sowohl f\u00fcr Gesch\u00e4ftsreisende als auch f\u00fcr diejenigen, die die Sch\u00f6nheiten des Aostatals erkunden m\u00f6chten. Nur wenige Minuten vom historischen Zentrum entfernt und verkehrsg\u00fcnstig an der Autobahnausfahrt gelegen, ist das Hotel der perfekte Ausgangspunkt f\u00fcr die Entdeckung von Skigebieten, Naturpfaden und den [&hellip;]<\/p>\n","protected":false},"author":12,"featured_media":1327,"parent":0,"menu_order":-1,"comment_status":"closed","ping_status":"closed","template":"","meta":{"footnotes":""},"yoast_head":"<!-- This site is optimized with the Yoast SEO plugin v22.3 - https:\/\/yoast.com\/wordpress\/plugins\/seo\/ -->\n<title>Hotel Express &#8211; Express Hotel Aosta<\/title>\n<meta name=\"description\" content=\"Das Hotel Express in Aosta Ost zeichnet sich durch seine strategische Lage aus, ideal sowohl f\u00fcr Gesch\u00e4ftsreisende als auch f\u00fcr diejenigen, die die Sch\u00f6nheiten des Aostatals erkunden m\u00f6chten. Nur wenige Minuten vom historischen Zentrum entfernt und verkehrsg\u00fcnstig an der Autobahnausfahrt gelegen, ist das Hotel der perfekte Ausgangspunkt f\u00fcr die Entdeckung von Skigebieten, Naturpfaden und den eindrucksvollen Schl\u00f6ssern des Aostatals.  Die Unterkunft bietet moderne und komfortable Zimmer, die alle mit Klimaanlage, einem Flachbild-TV und Blick auf die umliegenden Berge ausgestattet sind\" \/>\n<meta name=\"robots\" content=\"index, follow, max-snippet:-1, max-image-preview:large, max-video-preview:-1\" \/>\n<link rel=\"canonical\" href=\"https:\/\/www.hotelexpressaosta.it\/de\/\" \/>\n<meta property=\"og:locale\" content=\"de_DE\" \/>\n<meta property=\"og:type\" content=\"article\" \/>\n<meta property=\"og:title\" content=\"Hotel Express &#8211; Express Hotel Aosta\" \/>\n<meta property=\"og:description\" content=\"Das Hotel Express in Aosta Ost zeichnet sich durch seine strategische Lage aus, ideal sowohl f\u00fcr Gesch\u00e4ftsreisende als auch f\u00fcr diejenigen, die die Sch\u00f6nheiten des Aostatals erkunden m\u00f6chten. Nur wenige Minuten vom historischen Zentrum entfernt und verkehrsg\u00fcnstig an der Autobahnausfahrt gelegen, ist das Hotel der perfekte Ausgangspunkt f\u00fcr die Entdeckung von Skigebieten, Naturpfaden und den eindrucksvollen Schl\u00f6ssern des Aostatals.  Die Unterkunft bietet moderne und komfortable Zimmer, die alle mit Klimaanlage, einem Flachbild-TV und Blick auf die umliegenden Berge ausgestattet sind\" \/>\n<meta property=\"og:url\" content=\"https:\/\/www.hotelexpressaosta.it\/de\/\" \/>\n<meta property=\"og:site_name\" content=\"Express Hotel Aosta\" \/>\n<meta property=\"article:publisher\" content=\"https:\/\/www.facebook.com\/ExpressAosta\" \/>\n<meta property=\"article:modified_time\" content=\"2025-01-07T17:33:01+00:00\" \/>\n<meta property=\"og:image\" content=\"https:\/\/www.hotelexpressaosta.it\/wp-content\/uploads\/sites\/171\/2024\/12\/HALL-INGRESSO-3.jpg\" \/>\n\t<meta property=\"og:image:width\" content=\"1200\" \/>\n\t<meta property=\"og:image:height\" content=\"674\" \/>\n\t<meta property=\"og:image:type\" content=\"image\/jpeg\" \/>\n<meta name=\"twitter:card\" content=\"summary_large_image\" \/>\n<meta name=\"twitter:site\" content=\"@hotelexpressao\" \/>\n<meta name=\"twitter:label1\" content=\"Gesch\u00e4tzte Lesezeit\" \/>\n\t<meta name=\"twitter:data1\" content=\"1 Minute\" \/>\n<script type=\"application\/ld+json\" class=\"yoast-schema-graph\">{\"@context\":\"https:\/\/schema.org\",\"@graph\":[{\"@type\":\"WebPage\",\"@id\":\"https:\/\/www.hotelexpressaosta.it\/de\/\",\"url\":\"https:\/\/www.hotelexpressaosta.it\/de\/\",\"name\":\"Hotel Express &#8211; Express Hotel Aosta\",\"isPartOf\":{\"@id\":\"https:\/\/www.hotelexpressaosta.it\/de\/#website\"},\"primaryImageOfPage\":{\"@id\":\"https:\/\/www.hotelexpressaosta.it\/de\/#primaryimage\"},\"image\":{\"@id\":\"https:\/\/www.hotelexpressaosta.it\/de\/#primaryimage\"},\"thumbnailUrl\":\"https:\/\/www.hotelexpressaosta.it\/wp-content\/uploads\/sites\/171\/2025\/12\/320-10pro.jpeg\",\"datePublished\":\"2024-09-30T13:31:47+00:00\",\"dateModified\":\"2025-01-07T17:33:01+00:00\",\"description\":\"Das Hotel Express in Aosta Ost zeichnet sich durch seine strategische Lage aus, ideal sowohl f\u00fcr Gesch\u00e4ftsreisende als auch f\u00fcr diejenigen, die die Sch\u00f6nheiten des Aostatals erkunden m\u00f6chten. Nur wenige Minuten vom historischen Zentrum entfernt und verkehrsg\u00fcnstig an der Autobahnausfahrt gelegen, ist das Hotel der perfekte Ausgangspunkt f\u00fcr die Entdeckung von Skigebieten, Naturpfaden und den eindrucksvollen Schl\u00f6ssern des Aostatals. Die Unterkunft bietet moderne und komfortable Zimmer, die alle mit Klimaanlage, einem Flachbild-TV und Blick auf die umliegenden Berge ausgestattet sind\",\"breadcrumb\":{\"@id\":\"https:\/\/www.hotelexpressaosta.it\/de\/#breadcrumb\"},\"inLanguage\":\"de-DE\",\"potentialAction\":[{\"@type\":\"ReadAction\",\"target\":[\"https:\/\/www.hotelexpressaosta.it\/de\/\"]}]},{\"@type\":\"ImageObject\",\"inLanguage\":\"de-DE\",\"@id\":\"https:\/\/www.hotelexpressaosta.it\/de\/#primaryimage\",\"url\":\"https:\/\/www.hotelexpressaosta.it\/wp-content\/uploads\/sites\/171\/2025\/12\/320-10pro.jpeg\",\"contentUrl\":\"https:\/\/www.hotelexpressaosta.it\/wp-content\/uploads\/sites\/171\/2025\/12\/320-10pro.jpeg\",\"width\":1594,\"height\":1200},{\"@type\":\"BreadcrumbList\",\"@id\":\"https:\/\/www.hotelexpressaosta.it\/de\/#breadcrumb\",\"itemListElement\":[{\"@type\":\"ListItem\",\"position\":1,\"name\":\"Home\",\"item\":\"https:\/\/www.hotelexpressaosta.it\/de\/\"},{\"@type\":\"ListItem\",\"position\":2,\"name\":\"Hotel Express\"}]},{\"@type\":\"WebSite\",\"@id\":\"https:\/\/www.hotelexpressaosta.it\/de\/#website\",\"url\":\"https:\/\/www.hotelexpressaosta.it\/de\/\",\"name\":\"Express Hotel Aosta\",\"description\":\"Express Hotel im Herzen von Aosta gelegen\",\"publisher\":{\"@id\":\"https:\/\/www.hotelexpressaosta.it\/de\/#organization\"},\"alternateName\":\"Express Hotel Aosta\",\"potentialAction\":[{\"@type\":\"SearchAction\",\"target\":{\"@type\":\"EntryPoint\",\"urlTemplate\":\"https:\/\/www.hotelexpressaosta.it\/de\/?s={search_term_string}\"},\"query-input\":\"required name=search_term_string\"}],\"inLanguage\":\"de-DE\"},{\"@type\":\"Organization\",\"@id\":\"https:\/\/www.hotelexpressaosta.it\/de\/#organization\",\"name\":\"Express Hotel Aosta\",\"alternateName\":\"Express Hotel Aosta\",\"url\":\"https:\/\/www.hotelexpressaosta.it\/de\/\",\"logo\":{\"@type\":\"ImageObject\",\"inLanguage\":\"de-DE\",\"@id\":\"https:\/\/www.hotelexpressaosta.it\/de\/#\/schema\/logo\/image\/\",\"url\":\"https:\/\/www.hotelexpressaosta.it\/wp-content\/uploads\/sites\/171\/2024\/10\/1-logo-express.png\",\"contentUrl\":\"https:\/\/www.hotelexpressaosta.it\/wp-content\/uploads\/sites\/171\/2024\/10\/1-logo-express.png\",\"width\":250,\"height\":77,\"caption\":\"Express Hotel Aosta\"},\"image\":{\"@id\":\"https:\/\/www.hotelexpressaosta.it\/de\/#\/schema\/logo\/image\/\"},\"sameAs\":[\"https:\/\/www.facebook.com\/ExpressAosta\",\"https:\/\/twitter.com\/hotelexpressao\"]}]}<\/script>\n<!-- \/ Yoast SEO plugin. -->","yoast_head_json":{"title":"Hotel Express &#8211; Express Hotel Aosta","description":"Das Hotel Express in Aosta Ost zeichnet sich durch seine strategische Lage aus, ideal sowohl f\u00fcr Gesch\u00e4ftsreisende als auch f\u00fcr diejenigen, die die Sch\u00f6nheiten des Aostatals erkunden m\u00f6chten. Nur wenige Minuten vom historischen Zentrum entfernt und verkehrsg\u00fcnstig an der Autobahnausfahrt gelegen, ist das Hotel der perfekte Ausgangspunkt f\u00fcr die Entdeckung von Skigebieten, Naturpfaden und den eindrucksvollen Schl\u00f6ssern des Aostatals.  Die Unterkunft bietet moderne und komfortable Zimmer, die alle mit Klimaanlage, einem Flachbild-TV und Blick auf die umliegenden Berge ausgestattet sind","robots":{"index":"index","follow":"follow","max-snippet":"max-snippet:-1","max-image-preview":"max-image-preview:large","max-video-preview":"max-video-preview:-1"},"canonical":"https:\/\/www.hotelexpressaosta.it\/de\/","og_locale":"de_DE","og_type":"article","og_title":"Hotel Express &#8211; Express Hotel Aosta","og_description":"Das Hotel Express in Aosta Ost zeichnet sich durch seine strategische Lage aus, ideal sowohl f\u00fcr Gesch\u00e4ftsreisende als auch f\u00fcr diejenigen, die die Sch\u00f6nheiten des Aostatals erkunden m\u00f6chten. Nur wenige Minuten vom historischen Zentrum entfernt und verkehrsg\u00fcnstig an der Autobahnausfahrt gelegen, ist das Hotel der perfekte Ausgangspunkt f\u00fcr die Entdeckung von Skigebieten, Naturpfaden und den eindrucksvollen Schl\u00f6ssern des Aostatals.  Die Unterkunft bietet moderne und komfortable Zimmer, die alle mit Klimaanlage, einem Flachbild-TV und Blick auf die umliegenden Berge ausgestattet sind","og_url":"https:\/\/www.hotelexpressaosta.it\/de\/","og_site_name":"Express Hotel Aosta","article_publisher":"https:\/\/www.facebook.com\/ExpressAosta","article_modified_time":"2025-01-07T17:33:01+00:00","og_image":[{"width":1200,"height":674,"url":"https:\/\/www.hotelexpressaosta.it\/wp-content\/uploads\/sites\/171\/2024\/12\/HALL-INGRESSO-3.jpg","type":"image\/jpeg"}],"twitter_card":"summary_large_image","twitter_site":"@hotelexpressao","twitter_misc":{"Gesch\u00e4tzte Lesezeit":"1 Minute"},"schema":{"@context":"https:\/\/schema.org","@graph":[{"@type":"WebPage","@id":"https:\/\/www.hotelexpressaosta.it\/de\/","url":"https:\/\/www.hotelexpressaosta.it\/de\/","name":"Hotel Express &#8211; Express Hotel Aosta","isPartOf":{"@id":"https:\/\/www.hotelexpressaosta.it\/de\/#website"},"primaryImageOfPage":{"@id":"https:\/\/www.hotelexpressaosta.it\/de\/#primaryimage"},"image":{"@id":"https:\/\/www.hotelexpressaosta.it\/de\/#primaryimage"},"thumbnailUrl":"https:\/\/www.hotelexpressaosta.it\/wp-content\/uploads\/sites\/171\/2025\/12\/320-10pro.jpeg","datePublished":"2024-09-30T13:31:47+00:00","dateModified":"2025-01-07T17:33:01+00:00","description":"Das Hotel Express in Aosta Ost zeichnet sich durch seine strategische Lage aus, ideal sowohl f\u00fcr Gesch\u00e4ftsreisende als auch f\u00fcr diejenigen, die die Sch\u00f6nheiten des Aostatals erkunden m\u00f6chten. Nur wenige Minuten vom historischen Zentrum entfernt und verkehrsg\u00fcnstig an der Autobahnausfahrt gelegen, ist das Hotel der perfekte Ausgangspunkt f\u00fcr die Entdeckung von Skigebieten, Naturpfaden und den eindrucksvollen Schl\u00f6ssern des Aostatals. Die Unterkunft bietet moderne und komfortable Zimmer, die alle mit Klimaanlage, einem Flachbild-TV und Blick auf die umliegenden Berge ausgestattet sind","breadcrumb":{"@id":"https:\/\/www.hotelexpressaosta.it\/de\/#breadcrumb"},"inLanguage":"de-DE","potentialAction":[{"@type":"ReadAction","target":["https:\/\/www.hotelexpressaosta.it\/de\/"]}]},{"@type":"ImageObject","inLanguage":"de-DE","@id":"https:\/\/www.hotelexpressaosta.it\/de\/#primaryimage","url":"https:\/\/www.hotelexpressaosta.it\/wp-content\/uploads\/sites\/171\/2025\/12\/320-10pro.jpeg","contentUrl":"https:\/\/www.hotelexpressaosta.it\/wp-content\/uploads\/sites\/171\/2025\/12\/320-10pro.jpeg","width":1594,"height":1200},{"@type":"BreadcrumbList","@id":"https:\/\/www.hotelexpressaosta.it\/de\/#breadcrumb","itemListElement":[{"@type":"ListItem","position":1,"name":"Home","item":"https:\/\/www.hotelexpressaosta.it\/de\/"},{"@type":"ListItem","position":2,"name":"Hotel Express"}]},{"@type":"WebSite","@id":"https:\/\/www.hotelexpressaosta.it\/de\/#website","url":"https:\/\/www.hotelexpressaosta.it\/de\/","name":"Express Hotel Aosta","description":"Express Hotel im Herzen von Aosta gelegen","publisher":{"@id":"https:\/\/www.hotelexpressaosta.it\/de\/#organization"},"alternateName":"Express Hotel Aosta","potentialAction":[{"@type":"SearchAction","target":{"@type":"EntryPoint","urlTemplate":"https:\/\/www.hotelexpressaosta.it\/de\/?s={search_term_string}"},"query-input":"required name=search_term_string"}],"inLanguage":"de-DE"},{"@type":"Organization","@id":"https:\/\/www.hotelexpressaosta.it\/de\/#organization","name":"Express Hotel Aosta","alternateName":"Express Hotel Aosta","url":"https:\/\/www.hotelexpressaosta.it\/de\/","logo":{"@type":"ImageObject","inLanguage":"de-DE","@id":"https:\/\/www.hotelexpressaosta.it\/de\/#\/schema\/logo\/image\/","url":"https:\/\/www.hotelexpressaosta.it\/wp-content\/uploads\/sites\/171\/2024\/10\/1-logo-express.png","contentUrl":"https:\/\/www.hotelexpressaosta.it\/wp-content\/uploads\/sites\/171\/2024\/10\/1-logo-express.png","width":250,"height":77,"caption":"Express Hotel Aosta"},"image":{"@id":"https:\/\/www.hotelexpressaosta.it\/de\/#\/schema\/logo\/image\/"},"sameAs":["https:\/\/www.facebook.com\/ExpressAosta","https:\/\/twitter.com\/hotelexpressao"]}]}},"acf":[],"_links":{"self":[{"href":"https:\/\/www.hotelexpressaosta.it\/de\/wp-json\/wp\/v2\/pages\/767"}],"collection":[{"href":"https:\/\/www.hotelexpressaosta.it\/de\/wp-json\/wp\/v2\/pages"}],"about":[{"href":"https:\/\/www.hotelexpressaosta.it\/de\/wp-json\/wp\/v2\/types\/page"}],"author":[{"embeddable":true,"href":"https:\/\/www.hotelexpressaosta.it\/de\/wp-json\/wp\/v2\/users\/12"}],"replies":[{"embeddable":true,"href":"https:\/\/www.hotelexpressaosta.it\/de\/wp-json\/wp\/v2\/comments?post=767"}],"version-history":[{"count":0,"href":"https:\/\/www.hotelexpressaosta.it\/de\/wp-json\/wp\/v2\/pages\/767\/revisions"}],"wp:featuredmedia":[{"embeddable":true,"href":"https:\/\/www.hotelexpressaosta.it\/de\/wp-json\/wp\/v2\/media\/1327"}],"wp:attachment":[{"href":"https:\/\/www.hotelexpressaosta.it\/de\/wp-json\/wp\/v2\/media?parent=767"}],"curies":[{"name":"wp","href":"https:\/\/api.w.org\/{rel}","templated":true}]}}