{"id":693,"date":"2024-10-03T15:26:13","date_gmt":"2024-10-03T15:26:13","guid":{"rendered":"https:\/\/express-hotel-aosta.ms2.decms.eu\/?page_id=693"},"modified":"2024-12-06T14:53:46","modified_gmt":"2024-12-06T14:53:46","slug":"temps-libre","status":"publish","type":"page","link":"https:\/\/www.hotelexpressaosta.it\/fr\/temps-libre\/","title":{"rendered":"Temps libre"},"content":{"rendered":"<p>Gr\u00e2ce \u00e0 sa position l\u2019<strong>Express H\u00f4tel<\/strong> est la destination id\u00e9ale pour la visite d\u2019une r\u00e9gion merveilleuse, une petite perle au grand charme, ins\u00e9r\u00e9e au milieu des sommets les plus \u00e9lev\u00e9s d\u2019Europe comme le <strong>Mont Blanc, le Mont Rose, le Cervin, le Grand Paradis.<\/strong><\/p>\n<p>La <strong>Vall\u00e9e d\u2019Aoste<\/strong> saura ainsi vous conqu\u00e9rir gr\u00e2ce aux nombreux attraits historiques, artistiques et naturels : lacs, for\u00eats et cascades. Il ne faut pas manquer de visiter les c\u00e9l\u00e8bres <strong>ch\u00e2teaux de la Vall\u00e9e d\u2019Aoste<\/strong>, le <strong>Fort de Bard<\/strong> avec ses c\u00e9l\u00e8bres expositions internationales et naturellement <strong>n\u2019oubliez pas de parcourir la ville romaine d\u2019Aoste<\/strong>. Vous pourriez \u00e9galement en profiter pour passer une journ\u00e9e de bien-\u00eatre et vous faire chouchouter aux thermes de <strong>Pr\u00e9 St. Didier<\/strong>.<\/p>\n<p>Pour les amoureux de la cuisine saine, les restaurants typiques sont nombreux et vous pourrez y d\u00e9guster la gastronomie caract\u00e9ristique tout comme dans les auberges et les structures de tourisme \u00e0 la ferme.<\/p>\n<p>Passer une journ\u00e9e en Val d\u2019Aoste signifie <strong>r\u00e9g\u00e9n\u00e9rer corps et esprit<\/strong> plong\u00e9s dans une nature vierge, se trouver en dehors du temps en explorant de petits villages pleins de charme, d\u00e9couvrir des produits typiques du territoire qui symbolisent aussi le caract\u00e8re de ses habitants.<\/p>\n<p>Et pour ceux qui veulent tenter leur chance, ne perdez pas l\u2019occasion de passer une soir\u00e9e au <strong>casino de St. Vincent<\/strong>.<\/p>\n","protected":false},"excerpt":{"rendered":"<p>Gr\u00e2ce \u00e0 sa position l\u2019Express H\u00f4tel est la destination id\u00e9ale pour la visite d\u2019une r\u00e9gion merveilleuse, une petite perle au grand charme, ins\u00e9r\u00e9e au milieu des sommets les plus \u00e9lev\u00e9s d\u2019Europe comme le Mont Blanc, le Mont Rose, le Cervin, le Grand Paradis. La Vall\u00e9e d\u2019Aoste saura ainsi vous conqu\u00e9rir gr\u00e2ce aux nombreux attraits historiques, [&hellip;]<\/p>\n","protected":false},"author":12,"featured_media":333,"parent":0,"menu_order":120,"comment_status":"closed","ping_status":"closed","template":"template-surroundings.php","meta":{"footnotes":""},"class_list":["post-693","page","type-page","status-publish","has-post-thumbnail","hentry"],"yoast_head":"<!-- This site is optimized with the Yoast SEO plugin v27.3 - https:\/\/yoast.com\/product\/yoast-seo-wordpress\/ -->\n<title>Temps libre &#8211; Express Hotel Aosta<\/title>\n<meta name=\"description\" content=\"Gr\u00e2ce \u00e0 sa position l\u2019Express H\u00f4tel est la destination id\u00e9ale pour la visite d\u2019une r\u00e9gion merveilleuse, une petite perle au grand charme, ins\u00e9r\u00e9e au milieu des sommets les plus \u00e9lev\u00e9s d\u2019Europe comme le Mont Blanc, le Mont Rose, le Cervin, le Grand Paradis.  La Vall\u00e9e d\u2019Aoste saura ainsi vous conqu\u00e9rir gr\u00e2ce aux nombreux attraits historiques, artistiques et naturels : lacs, for\u00eats et cascades. Il ne faut pas manquer de visiter les c\u00e9l\u00e8bres ch\u00e2teaux de la Vall\u00e9e d\u2019Aoste, le Fort de Bard avec ses c\u00e9l\u00e8bres expositions internationales et naturellement n\u2019oubliez pas de parcourir la ville romaine d\u2019Aoste\" \/>\n<meta name=\"robots\" content=\"index, follow, max-snippet:-1, max-image-preview:large, max-video-preview:-1\" \/>\n<link rel=\"canonical\" href=\"https:\/\/www.hotelexpressaosta.it\/fr\/temps-libre\/\" \/>\n<meta property=\"og:locale\" content=\"fr_FR\" \/>\n<meta property=\"og:type\" content=\"article\" \/>\n<meta property=\"og:title\" content=\"Temps libre &#8211; Express Hotel Aosta\" \/>\n<meta property=\"og:description\" content=\"Gr\u00e2ce \u00e0 sa position l\u2019Express H\u00f4tel est la destination id\u00e9ale pour la visite d\u2019une r\u00e9gion merveilleuse, une petite perle au grand charme, ins\u00e9r\u00e9e au milieu des sommets les plus \u00e9lev\u00e9s d\u2019Europe comme le Mont Blanc, le Mont Rose, le Cervin, le Grand Paradis.  La Vall\u00e9e d\u2019Aoste saura ainsi vous conqu\u00e9rir gr\u00e2ce aux nombreux attraits historiques, artistiques et naturels : lacs, for\u00eats et cascades. Il ne faut pas manquer de visiter les c\u00e9l\u00e8bres ch\u00e2teaux de la Vall\u00e9e d\u2019Aoste, le Fort de Bard avec ses c\u00e9l\u00e8bres expositions internationales et naturellement n\u2019oubliez pas de parcourir la ville romaine d\u2019Aoste\" \/>\n<meta property=\"og:url\" content=\"https:\/\/www.hotelexpressaosta.it\/fr\/temps-libre\/\" \/>\n<meta property=\"og:site_name\" content=\"Express Hotel Aosta\" \/>\n<meta property=\"article:publisher\" content=\"https:\/\/www.facebook.com\/ExpressAosta\" \/>\n<meta property=\"article:modified_time\" content=\"2024-12-06T14:53:46+00:00\" \/>\n<meta property=\"og:image\" content=\"https:\/\/www.hotelexpressaosta.it\/wp-content\/uploads\/sites\/171\/2024\/10\/composition-clothes-accessories-suitcase-1.jpg\" \/>\n\t<meta property=\"og:image:width\" content=\"1200\" \/>\n\t<meta property=\"og:image:height\" content=\"800\" \/>\n\t<meta property=\"og:image:type\" content=\"image\/jpeg\" \/>\n<meta name=\"twitter:card\" content=\"summary_large_image\" \/>\n<meta name=\"twitter:site\" content=\"@hotelexpressao\" \/>\n<meta name=\"twitter:label1\" content=\"Dur\u00e9e de lecture estim\u00e9e\" \/>\n\t<meta name=\"twitter:data1\" content=\"2 minutes\" \/>\n<script type=\"application\/ld+json\" class=\"yoast-schema-graph\">{\"@context\":\"https:\\\/\\\/schema.org\",\"@graph\":[{\"@type\":\"WebPage\",\"@id\":\"https:\\\/\\\/www.hotelexpressaosta.it\\\/fr\\\/temps-libre\\\/\",\"url\":\"https:\\\/\\\/www.hotelexpressaosta.it\\\/fr\\\/temps-libre\\\/\",\"name\":\"Temps libre &#8211; Express Hotel Aosta\",\"isPartOf\":{\"@id\":\"https:\\\/\\\/www.hotelexpressaosta.it\\\/fr\\\/#website\"},\"primaryImageOfPage\":{\"@id\":\"https:\\\/\\\/www.hotelexpressaosta.it\\\/fr\\\/temps-libre\\\/#primaryimage\"},\"image\":{\"@id\":\"https:\\\/\\\/www.hotelexpressaosta.it\\\/fr\\\/temps-libre\\\/#primaryimage\"},\"thumbnailUrl\":\"https:\\\/\\\/www.hotelexpressaosta.it\\\/wp-content\\\/uploads\\\/sites\\\/171\\\/2024\\\/10\\\/composition-clothes-accessories-suitcase-1.jpg\",\"datePublished\":\"2024-10-03T15:26:13+00:00\",\"dateModified\":\"2024-12-06T14:53:46+00:00\",\"description\":\"Gr\u00e2ce \u00e0 sa position l\u2019Express H\u00f4tel est la destination id\u00e9ale pour la visite d\u2019une r\u00e9gion merveilleuse, une petite perle au grand charme, ins\u00e9r\u00e9e au milieu des sommets les plus \u00e9lev\u00e9s d\u2019Europe comme le Mont Blanc, le Mont Rose, le Cervin, le Grand Paradis. La Vall\u00e9e d\u2019Aoste saura ainsi vous conqu\u00e9rir gr\u00e2ce aux nombreux attraits historiques, artistiques et naturels : lacs, for\u00eats et cascades. Il ne faut pas manquer de visiter les c\u00e9l\u00e8bres ch\u00e2teaux de la Vall\u00e9e d\u2019Aoste, le Fort de Bard avec ses c\u00e9l\u00e8bres expositions internationales et naturellement n\u2019oubliez pas de parcourir la ville romaine d\u2019Aoste\",\"breadcrumb\":{\"@id\":\"https:\\\/\\\/www.hotelexpressaosta.it\\\/fr\\\/temps-libre\\\/#breadcrumb\"},\"inLanguage\":\"fr-FR\",\"potentialAction\":[{\"@type\":\"ReadAction\",\"target\":[\"https:\\\/\\\/www.hotelexpressaosta.it\\\/fr\\\/temps-libre\\\/\"]}]},{\"@type\":\"ImageObject\",\"inLanguage\":\"fr-FR\",\"@id\":\"https:\\\/\\\/www.hotelexpressaosta.it\\\/fr\\\/temps-libre\\\/#primaryimage\",\"url\":\"https:\\\/\\\/www.hotelexpressaosta.it\\\/wp-content\\\/uploads\\\/sites\\\/171\\\/2024\\\/10\\\/composition-clothes-accessories-suitcase-1.jpg\",\"contentUrl\":\"https:\\\/\\\/www.hotelexpressaosta.it\\\/wp-content\\\/uploads\\\/sites\\\/171\\\/2024\\\/10\\\/composition-clothes-accessories-suitcase-1.jpg\",\"width\":1200,\"height\":800},{\"@type\":\"BreadcrumbList\",\"@id\":\"https:\\\/\\\/www.hotelexpressaosta.it\\\/fr\\\/temps-libre\\\/#breadcrumb\",\"itemListElement\":[{\"@type\":\"ListItem\",\"position\":1,\"name\":\"Home\",\"item\":\"https:\\\/\\\/www.hotelexpressaosta.it\\\/fr\\\/\"},{\"@type\":\"ListItem\",\"position\":2,\"name\":\"Temps libre\"}]},{\"@type\":\"WebSite\",\"@id\":\"https:\\\/\\\/www.hotelexpressaosta.it\\\/fr\\\/#website\",\"url\":\"https:\\\/\\\/www.hotelexpressaosta.it\\\/fr\\\/\",\"name\":\"Express Hotel Aosta\",\"description\":\"Express H\u00f4tel situ\u00e9 au c\u0153ur d'Aoste\",\"publisher\":{\"@id\":\"https:\\\/\\\/www.hotelexpressaosta.it\\\/fr\\\/#organization\"},\"alternateName\":\"Express Hotel Aosta\",\"potentialAction\":[{\"@type\":\"SearchAction\",\"target\":{\"@type\":\"EntryPoint\",\"urlTemplate\":\"https:\\\/\\\/www.hotelexpressaosta.it\\\/fr\\\/?s={search_term_string}\"},\"query-input\":{\"@type\":\"PropertyValueSpecification\",\"valueRequired\":true,\"valueName\":\"search_term_string\"}}],\"inLanguage\":\"fr-FR\"},{\"@type\":\"Organization\",\"@id\":\"https:\\\/\\\/www.hotelexpressaosta.it\\\/fr\\\/#organization\",\"name\":\"Express Hotel Aosta\",\"alternateName\":\"Express Hotel Aosta\",\"url\":\"https:\\\/\\\/www.hotelexpressaosta.it\\\/fr\\\/\",\"logo\":{\"@type\":\"ImageObject\",\"inLanguage\":\"fr-FR\",\"@id\":\"https:\\\/\\\/www.hotelexpressaosta.it\\\/fr\\\/#\\\/schema\\\/logo\\\/image\\\/\",\"url\":\"https:\\\/\\\/www.hotelexpressaosta.it\\\/wp-content\\\/uploads\\\/sites\\\/171\\\/2024\\\/10\\\/1-logo-express.png\",\"contentUrl\":\"https:\\\/\\\/www.hotelexpressaosta.it\\\/wp-content\\\/uploads\\\/sites\\\/171\\\/2024\\\/10\\\/1-logo-express.png\",\"width\":250,\"height\":77,\"caption\":\"Express Hotel Aosta\"},\"image\":{\"@id\":\"https:\\\/\\\/www.hotelexpressaosta.it\\\/fr\\\/#\\\/schema\\\/logo\\\/image\\\/\"},\"sameAs\":[\"https:\\\/\\\/www.facebook.com\\\/ExpressAosta\",\"https:\\\/\\\/x.com\\\/hotelexpressao\"]}]}<\/script>\n<!-- \/ Yoast SEO plugin. -->","yoast_head_json":{"title":"Temps libre &#8211; Express Hotel Aosta","description":"Gr\u00e2ce \u00e0 sa position l\u2019Express H\u00f4tel est la destination id\u00e9ale pour la visite d\u2019une r\u00e9gion merveilleuse, une petite perle au grand charme, ins\u00e9r\u00e9e au milieu des sommets les plus \u00e9lev\u00e9s d\u2019Europe comme le Mont Blanc, le Mont Rose, le Cervin, le Grand Paradis.  La Vall\u00e9e d\u2019Aoste saura ainsi vous conqu\u00e9rir gr\u00e2ce aux nombreux attraits historiques, artistiques et naturels : lacs, for\u00eats et cascades. Il ne faut pas manquer de visiter les c\u00e9l\u00e8bres ch\u00e2teaux de la Vall\u00e9e d\u2019Aoste, le Fort de Bard avec ses c\u00e9l\u00e8bres expositions internationales et naturellement n\u2019oubliez pas de parcourir la ville romaine d\u2019Aoste","robots":{"index":"index","follow":"follow","max-snippet":"max-snippet:-1","max-image-preview":"max-image-preview:large","max-video-preview":"max-video-preview:-1"},"canonical":"https:\/\/www.hotelexpressaosta.it\/fr\/temps-libre\/","og_locale":"fr_FR","og_type":"article","og_title":"Temps libre &#8211; Express Hotel Aosta","og_description":"Gr\u00e2ce \u00e0 sa position l\u2019Express H\u00f4tel est la destination id\u00e9ale pour la visite d\u2019une r\u00e9gion merveilleuse, une petite perle au grand charme, ins\u00e9r\u00e9e au milieu des sommets les plus \u00e9lev\u00e9s d\u2019Europe comme le Mont Blanc, le Mont Rose, le Cervin, le Grand Paradis.  La Vall\u00e9e d\u2019Aoste saura ainsi vous conqu\u00e9rir gr\u00e2ce aux nombreux attraits historiques, artistiques et naturels : lacs, for\u00eats et cascades. Il ne faut pas manquer de visiter les c\u00e9l\u00e8bres ch\u00e2teaux de la Vall\u00e9e d\u2019Aoste, le Fort de Bard avec ses c\u00e9l\u00e8bres expositions internationales et naturellement n\u2019oubliez pas de parcourir la ville romaine d\u2019Aoste","og_url":"https:\/\/www.hotelexpressaosta.it\/fr\/temps-libre\/","og_site_name":"Express Hotel Aosta","article_publisher":"https:\/\/www.facebook.com\/ExpressAosta","article_modified_time":"2024-12-06T14:53:46+00:00","og_image":[{"width":1200,"height":800,"url":"https:\/\/www.hotelexpressaosta.it\/wp-content\/uploads\/sites\/171\/2024\/10\/composition-clothes-accessories-suitcase-1.jpg","type":"image\/jpeg"}],"twitter_card":"summary_large_image","twitter_site":"@hotelexpressao","twitter_misc":{"Dur\u00e9e de lecture estim\u00e9e":"2 minutes"},"schema":{"@context":"https:\/\/schema.org","@graph":[{"@type":"WebPage","@id":"https:\/\/www.hotelexpressaosta.it\/fr\/temps-libre\/","url":"https:\/\/www.hotelexpressaosta.it\/fr\/temps-libre\/","name":"Temps libre &#8211; Express Hotel Aosta","isPartOf":{"@id":"https:\/\/www.hotelexpressaosta.it\/fr\/#website"},"primaryImageOfPage":{"@id":"https:\/\/www.hotelexpressaosta.it\/fr\/temps-libre\/#primaryimage"},"image":{"@id":"https:\/\/www.hotelexpressaosta.it\/fr\/temps-libre\/#primaryimage"},"thumbnailUrl":"https:\/\/www.hotelexpressaosta.it\/wp-content\/uploads\/sites\/171\/2024\/10\/composition-clothes-accessories-suitcase-1.jpg","datePublished":"2024-10-03T15:26:13+00:00","dateModified":"2024-12-06T14:53:46+00:00","description":"Gr\u00e2ce \u00e0 sa position l\u2019Express H\u00f4tel est la destination id\u00e9ale pour la visite d\u2019une r\u00e9gion merveilleuse, une petite perle au grand charme, ins\u00e9r\u00e9e au milieu des sommets les plus \u00e9lev\u00e9s d\u2019Europe comme le Mont Blanc, le Mont Rose, le Cervin, le Grand Paradis. La Vall\u00e9e d\u2019Aoste saura ainsi vous conqu\u00e9rir gr\u00e2ce aux nombreux attraits historiques, artistiques et naturels : lacs, for\u00eats et cascades. Il ne faut pas manquer de visiter les c\u00e9l\u00e8bres ch\u00e2teaux de la Vall\u00e9e d\u2019Aoste, le Fort de Bard avec ses c\u00e9l\u00e8bres expositions internationales et naturellement n\u2019oubliez pas de parcourir la ville romaine d\u2019Aoste","breadcrumb":{"@id":"https:\/\/www.hotelexpressaosta.it\/fr\/temps-libre\/#breadcrumb"},"inLanguage":"fr-FR","potentialAction":[{"@type":"ReadAction","target":["https:\/\/www.hotelexpressaosta.it\/fr\/temps-libre\/"]}]},{"@type":"ImageObject","inLanguage":"fr-FR","@id":"https:\/\/www.hotelexpressaosta.it\/fr\/temps-libre\/#primaryimage","url":"https:\/\/www.hotelexpressaosta.it\/wp-content\/uploads\/sites\/171\/2024\/10\/composition-clothes-accessories-suitcase-1.jpg","contentUrl":"https:\/\/www.hotelexpressaosta.it\/wp-content\/uploads\/sites\/171\/2024\/10\/composition-clothes-accessories-suitcase-1.jpg","width":1200,"height":800},{"@type":"BreadcrumbList","@id":"https:\/\/www.hotelexpressaosta.it\/fr\/temps-libre\/#breadcrumb","itemListElement":[{"@type":"ListItem","position":1,"name":"Home","item":"https:\/\/www.hotelexpressaosta.it\/fr\/"},{"@type":"ListItem","position":2,"name":"Temps libre"}]},{"@type":"WebSite","@id":"https:\/\/www.hotelexpressaosta.it\/fr\/#website","url":"https:\/\/www.hotelexpressaosta.it\/fr\/","name":"Express Hotel Aosta","description":"Express H\u00f4tel situ\u00e9 au c\u0153ur d'Aoste","publisher":{"@id":"https:\/\/www.hotelexpressaosta.it\/fr\/#organization"},"alternateName":"Express Hotel Aosta","potentialAction":[{"@type":"SearchAction","target":{"@type":"EntryPoint","urlTemplate":"https:\/\/www.hotelexpressaosta.it\/fr\/?s={search_term_string}"},"query-input":{"@type":"PropertyValueSpecification","valueRequired":true,"valueName":"search_term_string"}}],"inLanguage":"fr-FR"},{"@type":"Organization","@id":"https:\/\/www.hotelexpressaosta.it\/fr\/#organization","name":"Express Hotel Aosta","alternateName":"Express Hotel Aosta","url":"https:\/\/www.hotelexpressaosta.it\/fr\/","logo":{"@type":"ImageObject","inLanguage":"fr-FR","@id":"https:\/\/www.hotelexpressaosta.it\/fr\/#\/schema\/logo\/image\/","url":"https:\/\/www.hotelexpressaosta.it\/wp-content\/uploads\/sites\/171\/2024\/10\/1-logo-express.png","contentUrl":"https:\/\/www.hotelexpressaosta.it\/wp-content\/uploads\/sites\/171\/2024\/10\/1-logo-express.png","width":250,"height":77,"caption":"Express Hotel Aosta"},"image":{"@id":"https:\/\/www.hotelexpressaosta.it\/fr\/#\/schema\/logo\/image\/"},"sameAs":["https:\/\/www.facebook.com\/ExpressAosta","https:\/\/x.com\/hotelexpressao"]}]}},"acf":[],"_links":{"self":[{"href":"https:\/\/www.hotelexpressaosta.it\/fr\/wp-json\/wp\/v2\/pages\/693","targetHints":{"allow":["GET"]}}],"collection":[{"href":"https:\/\/www.hotelexpressaosta.it\/fr\/wp-json\/wp\/v2\/pages"}],"about":[{"href":"https:\/\/www.hotelexpressaosta.it\/fr\/wp-json\/wp\/v2\/types\/page"}],"author":[{"embeddable":true,"href":"https:\/\/www.hotelexpressaosta.it\/fr\/wp-json\/wp\/v2\/users\/12"}],"replies":[{"embeddable":true,"href":"https:\/\/www.hotelexpressaosta.it\/fr\/wp-json\/wp\/v2\/comments?post=693"}],"version-history":[{"count":0,"href":"https:\/\/www.hotelexpressaosta.it\/fr\/wp-json\/wp\/v2\/pages\/693\/revisions"}],"wp:featuredmedia":[{"embeddable":true,"href":"https:\/\/www.hotelexpressaosta.it\/fr\/wp-json\/wp\/v2\/media\/333"}],"wp:attachment":[{"href":"https:\/\/www.hotelexpressaosta.it\/fr\/wp-json\/wp\/v2\/media?parent=693"}],"curies":[{"name":"wp","href":"https:\/\/api.w.org\/{rel}","templated":true}]}}