{"id":725,"date":"2024-10-02T12:43:58","date_gmt":"2024-10-02T12:43:58","guid":{"rendered":"https:\/\/express-hotel-aosta.ms2.decms.eu\/?page_id=725"},"modified":"2024-12-09T14:51:11","modified_gmt":"2024-12-09T14:51:11","slug":"reunions","status":"publish","type":"page","link":"https:\/\/www.hotelexpressaosta.it\/fr\/reunions\/","title":{"rendered":"R\u00e9unions"},"content":{"rendered":"<p>On ressent tr\u00e8s souvent la n\u00e9cessit\u00e9 de \u00ab\u00a0s\u2019asseoir autour d\u2019une table\u00a0\u00bb comme \u00a0il est courant de dire, et de faire le point de la situation. Chaque entreprise qui se respecte doit revoir p\u00e9riodiquement ses lignes de conduite, v\u00e9rifier la r\u00e9alisation de ses objectifs et prendre des d\u00e9cisions strat\u00e9giques et fonctionnelles pour son d\u00e9veloppement \u00e9conomique.<\/p>\n<p>R\u00e9fl\u00e9chissez \u00e0 comme il serait agr\u00e9able de profiter du paysage de la\u00a0<strong>Vall\u00e9e d\u2019Aoste<\/strong>\u00a0comme cadre pour vos meetings d\u2019entreprise, le tout alli\u00e9 \u00e0 l\u2019efficacit\u00e9 de la structure de\u00a0<strong>l\u2019Express H\u00f4tel<\/strong>, h\u00f4tel particuli\u00e8rement indiqu\u00e9 comme point de rencontre et de r\u00e9unions gr\u00e2ce \u00e0 son acc\u00e8s tr\u00e8s ais\u00e9, d\u00fb \u00e0 la proximit\u00e9 de l\u2019a\u00e9roport et de l\u2019autoroute.<\/p>\n","protected":false},"excerpt":{"rendered":"<p>On ressent tr\u00e8s souvent la n\u00e9cessit\u00e9 de \u00ab\u00a0s\u2019asseoir autour d\u2019une table\u00a0\u00bb comme \u00a0il est courant de dire, et de faire le point de la situation. Chaque entreprise qui se respecte doit revoir p\u00e9riodiquement ses lignes de conduite, v\u00e9rifier la r\u00e9alisation de ses objectifs et prendre des d\u00e9cisions strat\u00e9giques et fonctionnelles pour son d\u00e9veloppement \u00e9conomique. R\u00e9fl\u00e9chissez [&hellip;]<\/p>\n","protected":false},"author":12,"featured_media":78,"parent":0,"menu_order":70,"comment_status":"closed","ping_status":"closed","template":"template-meeting.php","meta":{"footnotes":""},"yoast_head":"<!-- This site is optimized with the Yoast SEO plugin v22.3 - https:\/\/yoast.com\/wordpress\/plugins\/seo\/ -->\n<title>R\u00e9unions &#8211; Express Hotel Aosta<\/title>\n<meta name=\"description\" content=\"On ressent tr\u00e8s souvent la n\u00e9cessit\u00e9 de \u00ab\u00a0s\u2019asseoir autour d\u2019une table\u00a0\u00bb comme \u00a0il est courant de dire, et de faire le point de la situation. Chaque entreprise qui se respecte doit revoir p\u00e9riodiquement ses lignes de conduite, v\u00e9rifier la r\u00e9alisation de ses objectifs et prendre des d\u00e9cisions strat\u00e9giques et fonctionnelles pour son d\u00e9veloppement \u00e9conomique.  R\u00e9fl\u00e9chissez \u00e0 comme il serait agr\u00e9able de profiter du paysage de la\u00a0Vall\u00e9e d\u2019Aoste\u00a0comme cadre pour vos meetings d\u2019entreprise, le tout alli\u00e9 \u00e0 l\u2019efficacit\u00e9 de la structure de\u00a0l\u2019Express H\u00f4tel, h\u00f4tel particuli\u00e8rement indiqu\u00e9 comme point de rencontre et de r\u00e9unions gr\u00e2ce \u00e0 son acc\u00e8s tr\u00e8s ais\u00e9, d\u00fb \u00e0 la proximit\u00e9 de l\u2019a\u00e9roport et de l\u2019autoroute.\" \/>\n<meta name=\"robots\" content=\"index, follow, max-snippet:-1, max-image-preview:large, max-video-preview:-1\" \/>\n<link rel=\"canonical\" href=\"https:\/\/www.hotelexpressaosta.it\/fr\/reunions\/\" \/>\n<meta property=\"og:locale\" content=\"fr_FR\" \/>\n<meta property=\"og:type\" content=\"article\" \/>\n<meta property=\"og:title\" content=\"R\u00e9unions &#8211; Express Hotel Aosta\" \/>\n<meta property=\"og:description\" content=\"On ressent tr\u00e8s souvent la n\u00e9cessit\u00e9 de \u00ab\u00a0s\u2019asseoir autour d\u2019une table\u00a0\u00bb comme \u00a0il est courant de dire, et de faire le point de la situation. Chaque entreprise qui se respecte doit revoir p\u00e9riodiquement ses lignes de conduite, v\u00e9rifier la r\u00e9alisation de ses objectifs et prendre des d\u00e9cisions strat\u00e9giques et fonctionnelles pour son d\u00e9veloppement \u00e9conomique.  R\u00e9fl\u00e9chissez \u00e0 comme il serait agr\u00e9able de profiter du paysage de la\u00a0Vall\u00e9e d\u2019Aoste\u00a0comme cadre pour vos meetings d\u2019entreprise, le tout alli\u00e9 \u00e0 l\u2019efficacit\u00e9 de la structure de\u00a0l\u2019Express H\u00f4tel, h\u00f4tel particuli\u00e8rement indiqu\u00e9 comme point de rencontre et de r\u00e9unions gr\u00e2ce \u00e0 son acc\u00e8s tr\u00e8s ais\u00e9, d\u00fb \u00e0 la proximit\u00e9 de l\u2019a\u00e9roport et de l\u2019autoroute.\" \/>\n<meta property=\"og:url\" content=\"https:\/\/www.hotelexpressaosta.it\/fr\/reunions\/\" \/>\n<meta property=\"og:site_name\" content=\"Express Hotel Aosta\" \/>\n<meta property=\"article:publisher\" content=\"https:\/\/www.facebook.com\/ExpressAosta\" \/>\n<meta property=\"article:modified_time\" content=\"2024-12-09T14:51:11+00:00\" \/>\n<meta property=\"og:image\" content=\"https:\/\/www.hotelexpressaosta.it\/wp-content\/uploads\/sites\/171\/2024\/10\/Sala-meeting-1.jpg\" \/>\n\t<meta property=\"og:image:width\" content=\"1200\" \/>\n\t<meta property=\"og:image:height\" content=\"800\" \/>\n\t<meta property=\"og:image:type\" content=\"image\/jpeg\" \/>\n<meta name=\"twitter:card\" content=\"summary_large_image\" \/>\n<meta name=\"twitter:site\" content=\"@hotelexpressao\" \/>\n<meta name=\"twitter:label1\" content=\"Dur\u00e9e de lecture estim\u00e9e\" \/>\n\t<meta name=\"twitter:data1\" content=\"1 minute\" \/>\n<script type=\"application\/ld+json\" class=\"yoast-schema-graph\">{\"@context\":\"https:\/\/schema.org\",\"@graph\":[{\"@type\":\"WebPage\",\"@id\":\"https:\/\/www.hotelexpressaosta.it\/fr\/reunions\/\",\"url\":\"https:\/\/www.hotelexpressaosta.it\/fr\/reunions\/\",\"name\":\"R\u00e9unions &#8211; Express Hotel Aosta\",\"isPartOf\":{\"@id\":\"https:\/\/www.hotelexpressaosta.it\/fr\/#website\"},\"primaryImageOfPage\":{\"@id\":\"https:\/\/www.hotelexpressaosta.it\/fr\/reunions\/#primaryimage\"},\"image\":{\"@id\":\"https:\/\/www.hotelexpressaosta.it\/fr\/reunions\/#primaryimage\"},\"thumbnailUrl\":\"https:\/\/www.hotelexpressaosta.it\/wp-content\/uploads\/sites\/171\/2024\/10\/Sala-meeting-1.jpg\",\"datePublished\":\"2024-10-02T12:43:58+00:00\",\"dateModified\":\"2024-12-09T14:51:11+00:00\",\"description\":\"On ressent tr\u00e8s souvent la n\u00e9cessit\u00e9 de \u00ab\u00a0s\u2019asseoir autour d\u2019une table\u00a0\u00bb comme \u00a0il est courant de dire, et de faire le point de la situation. Chaque entreprise qui se respecte doit revoir p\u00e9riodiquement ses lignes de conduite, v\u00e9rifier la r\u00e9alisation de ses objectifs et prendre des d\u00e9cisions strat\u00e9giques et fonctionnelles pour son d\u00e9veloppement \u00e9conomique. R\u00e9fl\u00e9chissez \u00e0 comme il serait agr\u00e9able de profiter du paysage de la\u00a0Vall\u00e9e d\u2019Aoste\u00a0comme cadre pour vos meetings d\u2019entreprise, le tout alli\u00e9 \u00e0 l\u2019efficacit\u00e9 de la structure de\u00a0l\u2019Express H\u00f4tel, h\u00f4tel particuli\u00e8rement indiqu\u00e9 comme point de rencontre et de r\u00e9unions gr\u00e2ce \u00e0 son acc\u00e8s tr\u00e8s ais\u00e9, d\u00fb \u00e0 la proximit\u00e9 de l\u2019a\u00e9roport et de l\u2019autoroute.\",\"breadcrumb\":{\"@id\":\"https:\/\/www.hotelexpressaosta.it\/fr\/reunions\/#breadcrumb\"},\"inLanguage\":\"fr-FR\",\"potentialAction\":[{\"@type\":\"ReadAction\",\"target\":[\"https:\/\/www.hotelexpressaosta.it\/fr\/reunions\/\"]}]},{\"@type\":\"ImageObject\",\"inLanguage\":\"fr-FR\",\"@id\":\"https:\/\/www.hotelexpressaosta.it\/fr\/reunions\/#primaryimage\",\"url\":\"https:\/\/www.hotelexpressaosta.it\/wp-content\/uploads\/sites\/171\/2024\/10\/Sala-meeting-1.jpg\",\"contentUrl\":\"https:\/\/www.hotelexpressaosta.it\/wp-content\/uploads\/sites\/171\/2024\/10\/Sala-meeting-1.jpg\",\"width\":1200,\"height\":800},{\"@type\":\"BreadcrumbList\",\"@id\":\"https:\/\/www.hotelexpressaosta.it\/fr\/reunions\/#breadcrumb\",\"itemListElement\":[{\"@type\":\"ListItem\",\"position\":1,\"name\":\"Home\",\"item\":\"https:\/\/www.hotelexpressaosta.it\/fr\/\"},{\"@type\":\"ListItem\",\"position\":2,\"name\":\"R\u00e9unions\"}]},{\"@type\":\"WebSite\",\"@id\":\"https:\/\/www.hotelexpressaosta.it\/fr\/#website\",\"url\":\"https:\/\/www.hotelexpressaosta.it\/fr\/\",\"name\":\"Express Hotel Aosta\",\"description\":\"Express H\u00f4tel situ\u00e9 au c\u0153ur d'Aoste\",\"publisher\":{\"@id\":\"https:\/\/www.hotelexpressaosta.it\/fr\/#organization\"},\"alternateName\":\"Express Hotel Aosta\",\"potentialAction\":[{\"@type\":\"SearchAction\",\"target\":{\"@type\":\"EntryPoint\",\"urlTemplate\":\"https:\/\/www.hotelexpressaosta.it\/fr\/?s={search_term_string}\"},\"query-input\":\"required name=search_term_string\"}],\"inLanguage\":\"fr-FR\"},{\"@type\":\"Organization\",\"@id\":\"https:\/\/www.hotelexpressaosta.it\/fr\/#organization\",\"name\":\"Express Hotel Aosta\",\"alternateName\":\"Express Hotel Aosta\",\"url\":\"https:\/\/www.hotelexpressaosta.it\/fr\/\",\"logo\":{\"@type\":\"ImageObject\",\"inLanguage\":\"fr-FR\",\"@id\":\"https:\/\/www.hotelexpressaosta.it\/fr\/#\/schema\/logo\/image\/\",\"url\":\"https:\/\/www.hotelexpressaosta.it\/wp-content\/uploads\/sites\/171\/2024\/10\/1-logo-express.png\",\"contentUrl\":\"https:\/\/www.hotelexpressaosta.it\/wp-content\/uploads\/sites\/171\/2024\/10\/1-logo-express.png\",\"width\":250,\"height\":77,\"caption\":\"Express Hotel Aosta\"},\"image\":{\"@id\":\"https:\/\/www.hotelexpressaosta.it\/fr\/#\/schema\/logo\/image\/\"},\"sameAs\":[\"https:\/\/www.facebook.com\/ExpressAosta\",\"https:\/\/twitter.com\/hotelexpressao\"]}]}<\/script>\n<!-- \/ Yoast SEO plugin. -->","yoast_head_json":{"title":"R\u00e9unions &#8211; Express Hotel Aosta","description":"On ressent tr\u00e8s souvent la n\u00e9cessit\u00e9 de \u00ab\u00a0s\u2019asseoir autour d\u2019une table\u00a0\u00bb comme \u00a0il est courant de dire, et de faire le point de la situation. Chaque entreprise qui se respecte doit revoir p\u00e9riodiquement ses lignes de conduite, v\u00e9rifier la r\u00e9alisation de ses objectifs et prendre des d\u00e9cisions strat\u00e9giques et fonctionnelles pour son d\u00e9veloppement \u00e9conomique.  R\u00e9fl\u00e9chissez \u00e0 comme il serait agr\u00e9able de profiter du paysage de la\u00a0Vall\u00e9e d\u2019Aoste\u00a0comme cadre pour vos meetings d\u2019entreprise, le tout alli\u00e9 \u00e0 l\u2019efficacit\u00e9 de la structure de\u00a0l\u2019Express H\u00f4tel, h\u00f4tel particuli\u00e8rement indiqu\u00e9 comme point de rencontre et de r\u00e9unions gr\u00e2ce \u00e0 son acc\u00e8s tr\u00e8s ais\u00e9, d\u00fb \u00e0 la proximit\u00e9 de l\u2019a\u00e9roport et de l\u2019autoroute.","robots":{"index":"index","follow":"follow","max-snippet":"max-snippet:-1","max-image-preview":"max-image-preview:large","max-video-preview":"max-video-preview:-1"},"canonical":"https:\/\/www.hotelexpressaosta.it\/fr\/reunions\/","og_locale":"fr_FR","og_type":"article","og_title":"R\u00e9unions &#8211; Express Hotel Aosta","og_description":"On ressent tr\u00e8s souvent la n\u00e9cessit\u00e9 de \u00ab\u00a0s\u2019asseoir autour d\u2019une table\u00a0\u00bb comme \u00a0il est courant de dire, et de faire le point de la situation. Chaque entreprise qui se respecte doit revoir p\u00e9riodiquement ses lignes de conduite, v\u00e9rifier la r\u00e9alisation de ses objectifs et prendre des d\u00e9cisions strat\u00e9giques et fonctionnelles pour son d\u00e9veloppement \u00e9conomique.  R\u00e9fl\u00e9chissez \u00e0 comme il serait agr\u00e9able de profiter du paysage de la\u00a0Vall\u00e9e d\u2019Aoste\u00a0comme cadre pour vos meetings d\u2019entreprise, le tout alli\u00e9 \u00e0 l\u2019efficacit\u00e9 de la structure de\u00a0l\u2019Express H\u00f4tel, h\u00f4tel particuli\u00e8rement indiqu\u00e9 comme point de rencontre et de r\u00e9unions gr\u00e2ce \u00e0 son acc\u00e8s tr\u00e8s ais\u00e9, d\u00fb \u00e0 la proximit\u00e9 de l\u2019a\u00e9roport et de l\u2019autoroute.","og_url":"https:\/\/www.hotelexpressaosta.it\/fr\/reunions\/","og_site_name":"Express Hotel Aosta","article_publisher":"https:\/\/www.facebook.com\/ExpressAosta","article_modified_time":"2024-12-09T14:51:11+00:00","og_image":[{"width":1200,"height":800,"url":"https:\/\/www.hotelexpressaosta.it\/wp-content\/uploads\/sites\/171\/2024\/10\/Sala-meeting-1.jpg","type":"image\/jpeg"}],"twitter_card":"summary_large_image","twitter_site":"@hotelexpressao","twitter_misc":{"Dur\u00e9e de lecture estim\u00e9e":"1 minute"},"schema":{"@context":"https:\/\/schema.org","@graph":[{"@type":"WebPage","@id":"https:\/\/www.hotelexpressaosta.it\/fr\/reunions\/","url":"https:\/\/www.hotelexpressaosta.it\/fr\/reunions\/","name":"R\u00e9unions &#8211; Express Hotel Aosta","isPartOf":{"@id":"https:\/\/www.hotelexpressaosta.it\/fr\/#website"},"primaryImageOfPage":{"@id":"https:\/\/www.hotelexpressaosta.it\/fr\/reunions\/#primaryimage"},"image":{"@id":"https:\/\/www.hotelexpressaosta.it\/fr\/reunions\/#primaryimage"},"thumbnailUrl":"https:\/\/www.hotelexpressaosta.it\/wp-content\/uploads\/sites\/171\/2024\/10\/Sala-meeting-1.jpg","datePublished":"2024-10-02T12:43:58+00:00","dateModified":"2024-12-09T14:51:11+00:00","description":"On ressent tr\u00e8s souvent la n\u00e9cessit\u00e9 de \u00ab\u00a0s\u2019asseoir autour d\u2019une table\u00a0\u00bb comme \u00a0il est courant de dire, et de faire le point de la situation. Chaque entreprise qui se respecte doit revoir p\u00e9riodiquement ses lignes de conduite, v\u00e9rifier la r\u00e9alisation de ses objectifs et prendre des d\u00e9cisions strat\u00e9giques et fonctionnelles pour son d\u00e9veloppement \u00e9conomique. R\u00e9fl\u00e9chissez \u00e0 comme il serait agr\u00e9able de profiter du paysage de la\u00a0Vall\u00e9e d\u2019Aoste\u00a0comme cadre pour vos meetings d\u2019entreprise, le tout alli\u00e9 \u00e0 l\u2019efficacit\u00e9 de la structure de\u00a0l\u2019Express H\u00f4tel, h\u00f4tel particuli\u00e8rement indiqu\u00e9 comme point de rencontre et de r\u00e9unions gr\u00e2ce \u00e0 son acc\u00e8s tr\u00e8s ais\u00e9, d\u00fb \u00e0 la proximit\u00e9 de l\u2019a\u00e9roport et de l\u2019autoroute.","breadcrumb":{"@id":"https:\/\/www.hotelexpressaosta.it\/fr\/reunions\/#breadcrumb"},"inLanguage":"fr-FR","potentialAction":[{"@type":"ReadAction","target":["https:\/\/www.hotelexpressaosta.it\/fr\/reunions\/"]}]},{"@type":"ImageObject","inLanguage":"fr-FR","@id":"https:\/\/www.hotelexpressaosta.it\/fr\/reunions\/#primaryimage","url":"https:\/\/www.hotelexpressaosta.it\/wp-content\/uploads\/sites\/171\/2024\/10\/Sala-meeting-1.jpg","contentUrl":"https:\/\/www.hotelexpressaosta.it\/wp-content\/uploads\/sites\/171\/2024\/10\/Sala-meeting-1.jpg","width":1200,"height":800},{"@type":"BreadcrumbList","@id":"https:\/\/www.hotelexpressaosta.it\/fr\/reunions\/#breadcrumb","itemListElement":[{"@type":"ListItem","position":1,"name":"Home","item":"https:\/\/www.hotelexpressaosta.it\/fr\/"},{"@type":"ListItem","position":2,"name":"R\u00e9unions"}]},{"@type":"WebSite","@id":"https:\/\/www.hotelexpressaosta.it\/fr\/#website","url":"https:\/\/www.hotelexpressaosta.it\/fr\/","name":"Express Hotel Aosta","description":"Express H\u00f4tel situ\u00e9 au c\u0153ur d'Aoste","publisher":{"@id":"https:\/\/www.hotelexpressaosta.it\/fr\/#organization"},"alternateName":"Express Hotel Aosta","potentialAction":[{"@type":"SearchAction","target":{"@type":"EntryPoint","urlTemplate":"https:\/\/www.hotelexpressaosta.it\/fr\/?s={search_term_string}"},"query-input":"required name=search_term_string"}],"inLanguage":"fr-FR"},{"@type":"Organization","@id":"https:\/\/www.hotelexpressaosta.it\/fr\/#organization","name":"Express Hotel Aosta","alternateName":"Express Hotel Aosta","url":"https:\/\/www.hotelexpressaosta.it\/fr\/","logo":{"@type":"ImageObject","inLanguage":"fr-FR","@id":"https:\/\/www.hotelexpressaosta.it\/fr\/#\/schema\/logo\/image\/","url":"https:\/\/www.hotelexpressaosta.it\/wp-content\/uploads\/sites\/171\/2024\/10\/1-logo-express.png","contentUrl":"https:\/\/www.hotelexpressaosta.it\/wp-content\/uploads\/sites\/171\/2024\/10\/1-logo-express.png","width":250,"height":77,"caption":"Express Hotel Aosta"},"image":{"@id":"https:\/\/www.hotelexpressaosta.it\/fr\/#\/schema\/logo\/image\/"},"sameAs":["https:\/\/www.facebook.com\/ExpressAosta","https:\/\/twitter.com\/hotelexpressao"]}]}},"acf":[],"_links":{"self":[{"href":"https:\/\/www.hotelexpressaosta.it\/fr\/wp-json\/wp\/v2\/pages\/725"}],"collection":[{"href":"https:\/\/www.hotelexpressaosta.it\/fr\/wp-json\/wp\/v2\/pages"}],"about":[{"href":"https:\/\/www.hotelexpressaosta.it\/fr\/wp-json\/wp\/v2\/types\/page"}],"author":[{"embeddable":true,"href":"https:\/\/www.hotelexpressaosta.it\/fr\/wp-json\/wp\/v2\/users\/12"}],"replies":[{"embeddable":true,"href":"https:\/\/www.hotelexpressaosta.it\/fr\/wp-json\/wp\/v2\/comments?post=725"}],"version-history":[{"count":0,"href":"https:\/\/www.hotelexpressaosta.it\/fr\/wp-json\/wp\/v2\/pages\/725\/revisions"}],"wp:featuredmedia":[{"embeddable":true,"href":"https:\/\/www.hotelexpressaosta.it\/fr\/wp-json\/wp\/v2\/media\/78"}],"wp:attachment":[{"href":"https:\/\/www.hotelexpressaosta.it\/fr\/wp-json\/wp\/v2\/media?parent=725"}],"curies":[{"name":"wp","href":"https:\/\/api.w.org\/{rel}","templated":true}]}}