{"id":748,"date":"2024-10-03T13:51:04","date_gmt":"2024-10-03T13:51:04","guid":{"rendered":"https:\/\/express-hotel-aosta.ms2.decms.eu\/?page_id=748"},"modified":"2024-12-10T09:57:40","modified_gmt":"2024-12-10T09:57:40","slug":"chambre-familiale","status":"publish","type":"page","link":"https:\/\/www.hotelexpressaosta.it\/fr\/chambres\/chambre-familiale\/","title":{"rendered":"Chambre Familiale"},"content":{"rendered":"<p>Les Family Rooms, de 25 m\u00b2, offrent un espace chaleureux et fonctionnel pour les familles.<\/p>\n<p>R\u00e9cemment r\u00e9nov\u00e9es, les chambres situ\u00e9es au 2\u1d49 \u00e9tage se distinguent par une d\u00e9coration unique avec des fresques g\u00e9antes repr\u00e9sentant les majestueuses montagnes ou les ch\u00e2teaux de la Vall\u00e9e d&rsquo;Aoste sur l\u2019un des murs, cr\u00e9ant une ambiance fascinante.<\/p>\n<p>Les Family Rooms sont disponibles avec un lit double ou deux lits s\u00e9par\u00e9s, ainsi qu\u2019un canap\u00e9-lit con\u00e7u pour accueillir confortablement 1 ou 2 enfants jusqu\u2019\u00e0 12 ans, en faisant la solution id\u00e9ale pour les s\u00e9jours en famille.<\/p>\n<details>\n<summary>Occupancy<\/summary>\n<p>4 personnes (2 adultes \/ 2 enfants) &#8211; Lit double + canap\u00e9-lit <\/details>\n<details>\n<summary>\u00c9quipements dans toutes les chambres<\/summary>\n<p><em>Climatisation &#8211; Wi-Fi &#8211; Smart TV 43\u201d &#8211; Salle de bain priv\u00e9e avec douche, s\u00e8che-cheveux et articles de toilette &#8211; Parking &#8211; Parquet &#8211; Bureau &#8211; Serrures \u00e9lectroniques<\/em> <\/details>\n","protected":false},"excerpt":{"rendered":"<p>Les Family Rooms, de 25 m\u00b2, offrent un espace chaleureux et fonctionnel pour les familles. R\u00e9cemment r\u00e9nov\u00e9es, les chambres situ\u00e9es au 2\u1d49 \u00e9tage se distinguent par une d\u00e9coration unique avec des fresques g\u00e9antes repr\u00e9sentant les majestueuses montagnes ou les ch\u00e2teaux de la Vall\u00e9e d&rsquo;Aoste sur l\u2019un des murs, cr\u00e9ant une ambiance fascinante. Les Family Rooms [&hellip;]<\/p>\n","protected":false},"author":12,"featured_media":1163,"parent":690,"menu_order":40,"comment_status":"closed","ping_status":"closed","template":"template-single-room.php","meta":{"footnotes":""},"yoast_head":"<!-- This site is optimized with the Yoast SEO plugin v22.3 - https:\/\/yoast.com\/wordpress\/plugins\/seo\/ -->\n<title>Chambre Familiale &#8211; Express Hotel Aosta<\/title>\n<meta name=\"description\" content=\"Les Family Rooms, de 25 m\u00b2, offrent un espace chaleureux et fonctionnel pour les familles.  R\u00e9cemment r\u00e9nov\u00e9es, les chambres situ\u00e9es au 2\u1d49 \u00e9tage se distinguent par une d\u00e9coration unique avec des fresques g\u00e9antes repr\u00e9sentant les majestueuses montagnes ou les ch\u00e2teaux de la Vall\u00e9e d&#039;Aoste sur l\u2019un des murs, cr\u00e9ant une ambiance fascinante.  Les Family Rooms sont disponibles avec un lit double ou deux lits s\u00e9par\u00e9s, ainsi qu\u2019un canap\u00e9-lit con\u00e7u pour accueillir confortablement 1 ou 2 enfants jusqu\u2019\u00e0 12 ans, en faisant la solution id\u00e9ale pour les s\u00e9jours en famille.  Occupancy4 personnes (2 adultes \/ 2 enfants) - Lit double + canap\u00e9-lit  \u00c9quipements dans toutes les chambresClimatisation - Wi-Fi - Smart TV 43\u201d - Salle de bain priv\u00e9e avec douche, s\u00e8che-cheveux et articles de toilette - Parking - Parquet - Bureau - Serrures \u00e9lectroniques .\" \/>\n<meta name=\"robots\" content=\"index, follow, max-snippet:-1, max-image-preview:large, max-video-preview:-1\" \/>\n<link rel=\"canonical\" href=\"https:\/\/www.hotelexpressaosta.it\/fr\/chambres\/chambre-familiale\/\" \/>\n<meta property=\"og:locale\" content=\"fr_FR\" \/>\n<meta property=\"og:type\" content=\"article\" \/>\n<meta property=\"og:title\" content=\"Chambre Familiale &#8211; Express Hotel Aosta\" \/>\n<meta property=\"og:description\" content=\"Les Family Rooms, de 25 m\u00b2, offrent un espace chaleureux et fonctionnel pour les familles.  R\u00e9cemment r\u00e9nov\u00e9es, les chambres situ\u00e9es au 2\u1d49 \u00e9tage se distinguent par une d\u00e9coration unique avec des fresques g\u00e9antes repr\u00e9sentant les majestueuses montagnes ou les ch\u00e2teaux de la Vall\u00e9e d&#039;Aoste sur l\u2019un des murs, cr\u00e9ant une ambiance fascinante.  Les Family Rooms sont disponibles avec un lit double ou deux lits s\u00e9par\u00e9s, ainsi qu\u2019un canap\u00e9-lit con\u00e7u pour accueillir confortablement 1 ou 2 enfants jusqu\u2019\u00e0 12 ans, en faisant la solution id\u00e9ale pour les s\u00e9jours en famille.  Occupancy4 personnes (2 adultes \/ 2 enfants) - Lit double + canap\u00e9-lit  \u00c9quipements dans toutes les chambresClimatisation - Wi-Fi - Smart TV 43\u201d - Salle de bain priv\u00e9e avec douche, s\u00e8che-cheveux et articles de toilette - Parking - Parquet - Bureau - Serrures \u00e9lectroniques .\" \/>\n<meta property=\"og:url\" content=\"https:\/\/www.hotelexpressaosta.it\/fr\/chambres\/chambre-familiale\/\" \/>\n<meta property=\"og:site_name\" content=\"Express Hotel Aosta\" \/>\n<meta property=\"article:publisher\" content=\"https:\/\/www.facebook.com\/ExpressAosta\" \/>\n<meta property=\"article:modified_time\" content=\"2024-12-10T09:57:40+00:00\" \/>\n<meta property=\"og:image\" content=\"https:\/\/www.hotelexpressaosta.it\/wp-content\/uploads\/sites\/171\/2024\/10\/Superior-Family-1.jpg\" \/>\n\t<meta property=\"og:image:width\" content=\"1200\" \/>\n\t<meta property=\"og:image:height\" content=\"656\" \/>\n\t<meta property=\"og:image:type\" content=\"image\/jpeg\" \/>\n<meta name=\"twitter:card\" content=\"summary_large_image\" \/>\n<meta name=\"twitter:site\" content=\"@hotelexpressao\" \/>\n<meta name=\"twitter:label1\" content=\"Dur\u00e9e de lecture estim\u00e9e\" \/>\n\t<meta name=\"twitter:data1\" content=\"1 minute\" \/>\n<script type=\"application\/ld+json\" class=\"yoast-schema-graph\">{\"@context\":\"https:\/\/schema.org\",\"@graph\":[{\"@type\":\"WebPage\",\"@id\":\"https:\/\/www.hotelexpressaosta.it\/fr\/chambres\/chambre-familiale\/\",\"url\":\"https:\/\/www.hotelexpressaosta.it\/fr\/chambres\/chambre-familiale\/\",\"name\":\"Chambre Familiale &#8211; Express Hotel Aosta\",\"isPartOf\":{\"@id\":\"https:\/\/www.hotelexpressaosta.it\/fr\/#website\"},\"primaryImageOfPage\":{\"@id\":\"https:\/\/www.hotelexpressaosta.it\/fr\/chambres\/chambre-familiale\/#primaryimage\"},\"image\":{\"@id\":\"https:\/\/www.hotelexpressaosta.it\/fr\/chambres\/chambre-familiale\/#primaryimage\"},\"thumbnailUrl\":\"https:\/\/www.hotelexpressaosta.it\/wp-content\/uploads\/sites\/171\/2025\/12\/Family-227-10pro.jpeg\",\"datePublished\":\"2024-10-03T13:51:04+00:00\",\"dateModified\":\"2024-12-10T09:57:40+00:00\",\"description\":\"Les Family Rooms, de 25 m\u00b2, offrent un espace chaleureux et fonctionnel pour les familles. R\u00e9cemment r\u00e9nov\u00e9es, les chambres situ\u00e9es au 2\u1d49 \u00e9tage se distinguent par une d\u00e9coration unique avec des fresques g\u00e9antes repr\u00e9sentant les majestueuses montagnes ou les ch\u00e2teaux de la Vall\u00e9e d'Aoste sur l\u2019un des murs, cr\u00e9ant une ambiance fascinante. Les Family Rooms sont disponibles avec un lit double ou deux lits s\u00e9par\u00e9s, ainsi qu\u2019un canap\u00e9-lit con\u00e7u pour accueillir confortablement 1 ou 2 enfants jusqu\u2019\u00e0 12 ans, en faisant la solution id\u00e9ale pour les s\u00e9jours en famille. Occupancy4 personnes (2 adultes \/ 2 enfants) - Lit double + canap\u00e9-lit \u00c9quipements dans toutes les chambresClimatisation - Wi-Fi - Smart TV 43\u201d - Salle de bain priv\u00e9e avec douche, s\u00e8che-cheveux et articles de toilette - Parking - Parquet - Bureau - Serrures \u00e9lectroniques .\",\"breadcrumb\":{\"@id\":\"https:\/\/www.hotelexpressaosta.it\/fr\/chambres\/chambre-familiale\/#breadcrumb\"},\"inLanguage\":\"fr-FR\",\"potentialAction\":[{\"@type\":\"ReadAction\",\"target\":[\"https:\/\/www.hotelexpressaosta.it\/fr\/chambres\/chambre-familiale\/\"]}]},{\"@type\":\"ImageObject\",\"inLanguage\":\"fr-FR\",\"@id\":\"https:\/\/www.hotelexpressaosta.it\/fr\/chambres\/chambre-familiale\/#primaryimage\",\"url\":\"https:\/\/www.hotelexpressaosta.it\/wp-content\/uploads\/sites\/171\/2025\/12\/Family-227-10pro.jpeg\",\"contentUrl\":\"https:\/\/www.hotelexpressaosta.it\/wp-content\/uploads\/sites\/171\/2025\/12\/Family-227-10pro.jpeg\",\"width\":1595,\"height\":1200},{\"@type\":\"BreadcrumbList\",\"@id\":\"https:\/\/www.hotelexpressaosta.it\/fr\/chambres\/chambre-familiale\/#breadcrumb\",\"itemListElement\":[{\"@type\":\"ListItem\",\"position\":1,\"name\":\"Home\",\"item\":\"https:\/\/www.hotelexpressaosta.it\/fr\/\"},{\"@type\":\"ListItem\",\"position\":2,\"name\":\"Chambres\",\"item\":\"https:\/\/www.hotelexpressaosta.it\/fr\/chambres\/\"},{\"@type\":\"ListItem\",\"position\":3,\"name\":\"Chambre Familiale\"}]},{\"@type\":\"WebSite\",\"@id\":\"https:\/\/www.hotelexpressaosta.it\/fr\/#website\",\"url\":\"https:\/\/www.hotelexpressaosta.it\/fr\/\",\"name\":\"Express Hotel Aosta\",\"description\":\"Express H\u00f4tel situ\u00e9 au c\u0153ur d'Aoste\",\"publisher\":{\"@id\":\"https:\/\/www.hotelexpressaosta.it\/fr\/#organization\"},\"alternateName\":\"Express Hotel Aosta\",\"potentialAction\":[{\"@type\":\"SearchAction\",\"target\":{\"@type\":\"EntryPoint\",\"urlTemplate\":\"https:\/\/www.hotelexpressaosta.it\/fr\/?s={search_term_string}\"},\"query-input\":\"required name=search_term_string\"}],\"inLanguage\":\"fr-FR\"},{\"@type\":\"Organization\",\"@id\":\"https:\/\/www.hotelexpressaosta.it\/fr\/#organization\",\"name\":\"Express Hotel Aosta\",\"alternateName\":\"Express Hotel Aosta\",\"url\":\"https:\/\/www.hotelexpressaosta.it\/fr\/\",\"logo\":{\"@type\":\"ImageObject\",\"inLanguage\":\"fr-FR\",\"@id\":\"https:\/\/www.hotelexpressaosta.it\/fr\/#\/schema\/logo\/image\/\",\"url\":\"https:\/\/www.hotelexpressaosta.it\/wp-content\/uploads\/sites\/171\/2024\/10\/1-logo-express.png\",\"contentUrl\":\"https:\/\/www.hotelexpressaosta.it\/wp-content\/uploads\/sites\/171\/2024\/10\/1-logo-express.png\",\"width\":250,\"height\":77,\"caption\":\"Express Hotel Aosta\"},\"image\":{\"@id\":\"https:\/\/www.hotelexpressaosta.it\/fr\/#\/schema\/logo\/image\/\"},\"sameAs\":[\"https:\/\/www.facebook.com\/ExpressAosta\",\"https:\/\/twitter.com\/hotelexpressao\"]}]}<\/script>\n<!-- \/ Yoast SEO plugin. -->","yoast_head_json":{"title":"Chambre Familiale &#8211; Express Hotel Aosta","description":"Les Family Rooms, de 25 m\u00b2, offrent un espace chaleureux et fonctionnel pour les familles.  R\u00e9cemment r\u00e9nov\u00e9es, les chambres situ\u00e9es au 2\u1d49 \u00e9tage se distinguent par une d\u00e9coration unique avec des fresques g\u00e9antes repr\u00e9sentant les majestueuses montagnes ou les ch\u00e2teaux de la Vall\u00e9e d'Aoste sur l\u2019un des murs, cr\u00e9ant une ambiance fascinante.  Les Family Rooms sont disponibles avec un lit double ou deux lits s\u00e9par\u00e9s, ainsi qu\u2019un canap\u00e9-lit con\u00e7u pour accueillir confortablement 1 ou 2 enfants jusqu\u2019\u00e0 12 ans, en faisant la solution id\u00e9ale pour les s\u00e9jours en famille.  Occupancy4 personnes (2 adultes \/ 2 enfants) - Lit double + canap\u00e9-lit  \u00c9quipements dans toutes les chambresClimatisation - Wi-Fi - Smart TV 43\u201d - Salle de bain priv\u00e9e avec douche, s\u00e8che-cheveux et articles de toilette - Parking - Parquet - Bureau - Serrures \u00e9lectroniques .","robots":{"index":"index","follow":"follow","max-snippet":"max-snippet:-1","max-image-preview":"max-image-preview:large","max-video-preview":"max-video-preview:-1"},"canonical":"https:\/\/www.hotelexpressaosta.it\/fr\/chambres\/chambre-familiale\/","og_locale":"fr_FR","og_type":"article","og_title":"Chambre Familiale &#8211; Express Hotel Aosta","og_description":"Les Family Rooms, de 25 m\u00b2, offrent un espace chaleureux et fonctionnel pour les familles.  R\u00e9cemment r\u00e9nov\u00e9es, les chambres situ\u00e9es au 2\u1d49 \u00e9tage se distinguent par une d\u00e9coration unique avec des fresques g\u00e9antes repr\u00e9sentant les majestueuses montagnes ou les ch\u00e2teaux de la Vall\u00e9e d'Aoste sur l\u2019un des murs, cr\u00e9ant une ambiance fascinante.  Les Family Rooms sont disponibles avec un lit double ou deux lits s\u00e9par\u00e9s, ainsi qu\u2019un canap\u00e9-lit con\u00e7u pour accueillir confortablement 1 ou 2 enfants jusqu\u2019\u00e0 12 ans, en faisant la solution id\u00e9ale pour les s\u00e9jours en famille.  Occupancy4 personnes (2 adultes \/ 2 enfants) - Lit double + canap\u00e9-lit  \u00c9quipements dans toutes les chambresClimatisation - Wi-Fi - Smart TV 43\u201d - Salle de bain priv\u00e9e avec douche, s\u00e8che-cheveux et articles de toilette - Parking - Parquet - Bureau - Serrures \u00e9lectroniques .","og_url":"https:\/\/www.hotelexpressaosta.it\/fr\/chambres\/chambre-familiale\/","og_site_name":"Express Hotel Aosta","article_publisher":"https:\/\/www.facebook.com\/ExpressAosta","article_modified_time":"2024-12-10T09:57:40+00:00","og_image":[{"width":1200,"height":656,"url":"https:\/\/www.hotelexpressaosta.it\/wp-content\/uploads\/sites\/171\/2024\/10\/Superior-Family-1.jpg","type":"image\/jpeg"}],"twitter_card":"summary_large_image","twitter_site":"@hotelexpressao","twitter_misc":{"Dur\u00e9e de lecture estim\u00e9e":"1 minute"},"schema":{"@context":"https:\/\/schema.org","@graph":[{"@type":"WebPage","@id":"https:\/\/www.hotelexpressaosta.it\/fr\/chambres\/chambre-familiale\/","url":"https:\/\/www.hotelexpressaosta.it\/fr\/chambres\/chambre-familiale\/","name":"Chambre Familiale &#8211; Express Hotel Aosta","isPartOf":{"@id":"https:\/\/www.hotelexpressaosta.it\/fr\/#website"},"primaryImageOfPage":{"@id":"https:\/\/www.hotelexpressaosta.it\/fr\/chambres\/chambre-familiale\/#primaryimage"},"image":{"@id":"https:\/\/www.hotelexpressaosta.it\/fr\/chambres\/chambre-familiale\/#primaryimage"},"thumbnailUrl":"https:\/\/www.hotelexpressaosta.it\/wp-content\/uploads\/sites\/171\/2025\/12\/Family-227-10pro.jpeg","datePublished":"2024-10-03T13:51:04+00:00","dateModified":"2024-12-10T09:57:40+00:00","description":"Les Family Rooms, de 25 m\u00b2, offrent un espace chaleureux et fonctionnel pour les familles. R\u00e9cemment r\u00e9nov\u00e9es, les chambres situ\u00e9es au 2\u1d49 \u00e9tage se distinguent par une d\u00e9coration unique avec des fresques g\u00e9antes repr\u00e9sentant les majestueuses montagnes ou les ch\u00e2teaux de la Vall\u00e9e d'Aoste sur l\u2019un des murs, cr\u00e9ant une ambiance fascinante. Les Family Rooms sont disponibles avec un lit double ou deux lits s\u00e9par\u00e9s, ainsi qu\u2019un canap\u00e9-lit con\u00e7u pour accueillir confortablement 1 ou 2 enfants jusqu\u2019\u00e0 12 ans, en faisant la solution id\u00e9ale pour les s\u00e9jours en famille. Occupancy4 personnes (2 adultes \/ 2 enfants) - Lit double + canap\u00e9-lit \u00c9quipements dans toutes les chambresClimatisation - Wi-Fi - Smart TV 43\u201d - Salle de bain priv\u00e9e avec douche, s\u00e8che-cheveux et articles de toilette - Parking - Parquet - Bureau - Serrures \u00e9lectroniques .","breadcrumb":{"@id":"https:\/\/www.hotelexpressaosta.it\/fr\/chambres\/chambre-familiale\/#breadcrumb"},"inLanguage":"fr-FR","potentialAction":[{"@type":"ReadAction","target":["https:\/\/www.hotelexpressaosta.it\/fr\/chambres\/chambre-familiale\/"]}]},{"@type":"ImageObject","inLanguage":"fr-FR","@id":"https:\/\/www.hotelexpressaosta.it\/fr\/chambres\/chambre-familiale\/#primaryimage","url":"https:\/\/www.hotelexpressaosta.it\/wp-content\/uploads\/sites\/171\/2025\/12\/Family-227-10pro.jpeg","contentUrl":"https:\/\/www.hotelexpressaosta.it\/wp-content\/uploads\/sites\/171\/2025\/12\/Family-227-10pro.jpeg","width":1595,"height":1200},{"@type":"BreadcrumbList","@id":"https:\/\/www.hotelexpressaosta.it\/fr\/chambres\/chambre-familiale\/#breadcrumb","itemListElement":[{"@type":"ListItem","position":1,"name":"Home","item":"https:\/\/www.hotelexpressaosta.it\/fr\/"},{"@type":"ListItem","position":2,"name":"Chambres","item":"https:\/\/www.hotelexpressaosta.it\/fr\/chambres\/"},{"@type":"ListItem","position":3,"name":"Chambre Familiale"}]},{"@type":"WebSite","@id":"https:\/\/www.hotelexpressaosta.it\/fr\/#website","url":"https:\/\/www.hotelexpressaosta.it\/fr\/","name":"Express Hotel Aosta","description":"Express H\u00f4tel situ\u00e9 au c\u0153ur d'Aoste","publisher":{"@id":"https:\/\/www.hotelexpressaosta.it\/fr\/#organization"},"alternateName":"Express Hotel Aosta","potentialAction":[{"@type":"SearchAction","target":{"@type":"EntryPoint","urlTemplate":"https:\/\/www.hotelexpressaosta.it\/fr\/?s={search_term_string}"},"query-input":"required name=search_term_string"}],"inLanguage":"fr-FR"},{"@type":"Organization","@id":"https:\/\/www.hotelexpressaosta.it\/fr\/#organization","name":"Express Hotel Aosta","alternateName":"Express Hotel Aosta","url":"https:\/\/www.hotelexpressaosta.it\/fr\/","logo":{"@type":"ImageObject","inLanguage":"fr-FR","@id":"https:\/\/www.hotelexpressaosta.it\/fr\/#\/schema\/logo\/image\/","url":"https:\/\/www.hotelexpressaosta.it\/wp-content\/uploads\/sites\/171\/2024\/10\/1-logo-express.png","contentUrl":"https:\/\/www.hotelexpressaosta.it\/wp-content\/uploads\/sites\/171\/2024\/10\/1-logo-express.png","width":250,"height":77,"caption":"Express Hotel Aosta"},"image":{"@id":"https:\/\/www.hotelexpressaosta.it\/fr\/#\/schema\/logo\/image\/"},"sameAs":["https:\/\/www.facebook.com\/ExpressAosta","https:\/\/twitter.com\/hotelexpressao"]}]}},"acf":[],"_links":{"self":[{"href":"https:\/\/www.hotelexpressaosta.it\/fr\/wp-json\/wp\/v2\/pages\/748"}],"collection":[{"href":"https:\/\/www.hotelexpressaosta.it\/fr\/wp-json\/wp\/v2\/pages"}],"about":[{"href":"https:\/\/www.hotelexpressaosta.it\/fr\/wp-json\/wp\/v2\/types\/page"}],"author":[{"embeddable":true,"href":"https:\/\/www.hotelexpressaosta.it\/fr\/wp-json\/wp\/v2\/users\/12"}],"replies":[{"embeddable":true,"href":"https:\/\/www.hotelexpressaosta.it\/fr\/wp-json\/wp\/v2\/comments?post=748"}],"version-history":[{"count":0,"href":"https:\/\/www.hotelexpressaosta.it\/fr\/wp-json\/wp\/v2\/pages\/748\/revisions"}],"up":[{"embeddable":true,"href":"https:\/\/www.hotelexpressaosta.it\/fr\/wp-json\/wp\/v2\/pages\/690"}],"wp:featuredmedia":[{"embeddable":true,"href":"https:\/\/www.hotelexpressaosta.it\/fr\/wp-json\/wp\/v2\/media\/1163"}],"wp:attachment":[{"href":"https:\/\/www.hotelexpressaosta.it\/fr\/wp-json\/wp\/v2\/media?parent=748"}],"curies":[{"name":"wp","href":"https:\/\/api.w.org\/{rel}","templated":true}]}}