{"id":760,"date":"2024-10-18T08:30:49","date_gmt":"2024-10-18T08:30:49","guid":{"rendered":"https:\/\/express-hotel-aosta.ms2.decms.eu\/?page_id=760"},"modified":"2024-12-10T17:19:20","modified_gmt":"2024-12-10T17:19:20","slug":"deluxe-quadruple","status":"publish","type":"page","link":"https:\/\/www.hotelexpressaosta.it\/fr\/chambres\/chambre-deluxe\/deluxe-quadruple\/","title":{"rendered":"Deluxe Quadruple"},"content":{"rendered":"<p>R\u00e9cemment r\u00e9nov\u00e9es, les chambres Deluxe offrent un environnement accueillant et moderne. Chaque chambre est embellie par un mur d\u00e9coratif avec une impression saisissante des montagnes ou des ch\u00e2teaux de la Vall\u00e9e d&rsquo;Aoste, pour savourer \u00e0 tout moment les beaut\u00e9s de la r\u00e9gion.<\/p>\n<p>Con\u00e7ues pour garantir un confort maximal, ces chambres disposent d&rsquo;un vaste espace de s\u00e9jour avec un canap\u00e9 et deux fauteuils, parfaits pour se d\u00e9tendre \u00e0 la fin de la journ\u00e9e. D&rsquo;une superficie de 30 m\u00b2 et pouvant accueillir 4 personnes, notre chambre Deluxe est le choix id\u00e9al pour un s\u00e9jour en compagnie.<\/p>\n<p>&nbsp;<\/p>\n","protected":false},"excerpt":{"rendered":"<p>R\u00e9cemment r\u00e9nov\u00e9es, les chambres Deluxe offrent un environnement accueillant et moderne. Chaque chambre est embellie par un mur d\u00e9coratif avec une impression saisissante des montagnes ou des ch\u00e2teaux de la Vall\u00e9e d&rsquo;Aoste, pour savourer \u00e0 tout moment les beaut\u00e9s de la r\u00e9gion. Con\u00e7ues pour garantir un confort maximal, ces chambres disposent d&rsquo;un vaste espace de [&hellip;]<\/p>\n","protected":false},"author":12,"featured_media":1241,"parent":763,"menu_order":34,"comment_status":"closed","ping_status":"closed","template":"template-single-room.php","meta":{"footnotes":""},"class_list":["post-760","page","type-page","status-publish","has-post-thumbnail","hentry"],"yoast_head":"<!-- This site is optimized with the Yoast SEO plugin v27.3 - https:\/\/yoast.com\/product\/yoast-seo-wordpress\/ -->\n<title>Deluxe Quadruple &#8211; Express Hotel Aosta<\/title>\n<meta name=\"description\" content=\"R\u00e9cemment r\u00e9nov\u00e9es, les chambres Deluxe offrent un environnement accueillant et moderne. Chaque chambre est embellie par un mur d\u00e9coratif avec une impression saisissante des montagnes ou des ch\u00e2teaux de la Vall\u00e9e d&#039;Aoste, pour savourer \u00e0 tout moment les beaut\u00e9s de la r\u00e9gion.  Con\u00e7ues pour garantir un confort maximal, ces chambres disposent d&#039;un vaste espace de s\u00e9jour avec un canap\u00e9 et deux fauteuils, parfaits pour se d\u00e9tendre \u00e0 la fin de la journ\u00e9e\" \/>\n<meta name=\"robots\" content=\"index, follow, max-snippet:-1, max-image-preview:large, max-video-preview:-1\" \/>\n<link rel=\"canonical\" href=\"https:\/\/www.hotelexpressaosta.it\/fr\/chambres\/chambre-deluxe\/deluxe-quadruple\/\" \/>\n<meta property=\"og:locale\" content=\"fr_FR\" \/>\n<meta property=\"og:type\" content=\"article\" \/>\n<meta property=\"og:title\" content=\"Deluxe Quadruple &#8211; Express Hotel Aosta\" \/>\n<meta property=\"og:description\" content=\"R\u00e9cemment r\u00e9nov\u00e9es, les chambres Deluxe offrent un environnement accueillant et moderne. Chaque chambre est embellie par un mur d\u00e9coratif avec une impression saisissante des montagnes ou des ch\u00e2teaux de la Vall\u00e9e d&#039;Aoste, pour savourer \u00e0 tout moment les beaut\u00e9s de la r\u00e9gion.  Con\u00e7ues pour garantir un confort maximal, ces chambres disposent d&#039;un vaste espace de s\u00e9jour avec un canap\u00e9 et deux fauteuils, parfaits pour se d\u00e9tendre \u00e0 la fin de la journ\u00e9e\" \/>\n<meta property=\"og:url\" content=\"https:\/\/www.hotelexpressaosta.it\/fr\/chambres\/chambre-deluxe\/deluxe-quadruple\/\" \/>\n<meta property=\"og:site_name\" content=\"Express Hotel Aosta\" \/>\n<meta property=\"article:publisher\" content=\"https:\/\/www.facebook.com\/ExpressAosta\" \/>\n<meta property=\"article:modified_time\" content=\"2024-12-10T17:19:20+00:00\" \/>\n<meta property=\"og:image\" content=\"https:\/\/www.hotelexpressaosta.it\/wp-content\/uploads\/sites\/171\/2024\/10\/deluxe-DBL.jpg\" \/>\n\t<meta property=\"og:image:width\" content=\"1024\" \/>\n\t<meta property=\"og:image:height\" content=\"512\" \/>\n\t<meta property=\"og:image:type\" content=\"image\/jpeg\" \/>\n<meta name=\"twitter:card\" content=\"summary_large_image\" \/>\n<meta name=\"twitter:site\" content=\"@hotelexpressao\" \/>\n<meta name=\"twitter:label1\" content=\"Dur\u00e9e de lecture estim\u00e9e\" \/>\n\t<meta name=\"twitter:data1\" content=\"1 minute\" \/>\n<script type=\"application\/ld+json\" class=\"yoast-schema-graph\">{\"@context\":\"https:\\\/\\\/schema.org\",\"@graph\":[{\"@type\":\"WebPage\",\"@id\":\"https:\\\/\\\/www.hotelexpressaosta.it\\\/fr\\\/chambres\\\/chambre-deluxe\\\/deluxe-quadruple\\\/\",\"url\":\"https:\\\/\\\/www.hotelexpressaosta.it\\\/fr\\\/chambres\\\/chambre-deluxe\\\/deluxe-quadruple\\\/\",\"name\":\"Deluxe Quadruple &#8211; Express Hotel Aosta\",\"isPartOf\":{\"@id\":\"https:\\\/\\\/www.hotelexpressaosta.it\\\/fr\\\/#website\"},\"primaryImageOfPage\":{\"@id\":\"https:\\\/\\\/www.hotelexpressaosta.it\\\/fr\\\/chambres\\\/chambre-deluxe\\\/deluxe-quadruple\\\/#primaryimage\"},\"image\":{\"@id\":\"https:\\\/\\\/www.hotelexpressaosta.it\\\/fr\\\/chambres\\\/chambre-deluxe\\\/deluxe-quadruple\\\/#primaryimage\"},\"thumbnailUrl\":\"https:\\\/\\\/www.hotelexpressaosta.it\\\/wp-content\\\/uploads\\\/sites\\\/171\\\/2025\\\/12\\\/Deluxe-MXX-10pro.jpeg\",\"datePublished\":\"2024-10-18T08:30:49+00:00\",\"dateModified\":\"2024-12-10T17:19:20+00:00\",\"description\":\"R\u00e9cemment r\u00e9nov\u00e9es, les chambres Deluxe offrent un environnement accueillant et moderne. Chaque chambre est embellie par un mur d\u00e9coratif avec une impression saisissante des montagnes ou des ch\u00e2teaux de la Vall\u00e9e d'Aoste, pour savourer \u00e0 tout moment les beaut\u00e9s de la r\u00e9gion. Con\u00e7ues pour garantir un confort maximal, ces chambres disposent d'un vaste espace de s\u00e9jour avec un canap\u00e9 et deux fauteuils, parfaits pour se d\u00e9tendre \u00e0 la fin de la journ\u00e9e\",\"breadcrumb\":{\"@id\":\"https:\\\/\\\/www.hotelexpressaosta.it\\\/fr\\\/chambres\\\/chambre-deluxe\\\/deluxe-quadruple\\\/#breadcrumb\"},\"inLanguage\":\"fr-FR\",\"potentialAction\":[{\"@type\":\"ReadAction\",\"target\":[\"https:\\\/\\\/www.hotelexpressaosta.it\\\/fr\\\/chambres\\\/chambre-deluxe\\\/deluxe-quadruple\\\/\"]}]},{\"@type\":\"ImageObject\",\"inLanguage\":\"fr-FR\",\"@id\":\"https:\\\/\\\/www.hotelexpressaosta.it\\\/fr\\\/chambres\\\/chambre-deluxe\\\/deluxe-quadruple\\\/#primaryimage\",\"url\":\"https:\\\/\\\/www.hotelexpressaosta.it\\\/wp-content\\\/uploads\\\/sites\\\/171\\\/2025\\\/12\\\/Deluxe-MXX-10pro.jpeg\",\"contentUrl\":\"https:\\\/\\\/www.hotelexpressaosta.it\\\/wp-content\\\/uploads\\\/sites\\\/171\\\/2025\\\/12\\\/Deluxe-MXX-10pro.jpeg\",\"width\":1595,\"height\":1200},{\"@type\":\"BreadcrumbList\",\"@id\":\"https:\\\/\\\/www.hotelexpressaosta.it\\\/fr\\\/chambres\\\/chambre-deluxe\\\/deluxe-quadruple\\\/#breadcrumb\",\"itemListElement\":[{\"@type\":\"ListItem\",\"position\":1,\"name\":\"Home\",\"item\":\"https:\\\/\\\/www.hotelexpressaosta.it\\\/fr\\\/\"},{\"@type\":\"ListItem\",\"position\":2,\"name\":\"Chambres\",\"item\":\"https:\\\/\\\/www.hotelexpressaosta.it\\\/fr\\\/chambres\\\/\"},{\"@type\":\"ListItem\",\"position\":3,\"name\":\"Chambre Deluxe\",\"item\":\"https:\\\/\\\/www.hotelexpressaosta.it\\\/fr\\\/chambres\\\/chambre-deluxe\\\/\"},{\"@type\":\"ListItem\",\"position\":4,\"name\":\"Deluxe Quadruple\"}]},{\"@type\":\"WebSite\",\"@id\":\"https:\\\/\\\/www.hotelexpressaosta.it\\\/fr\\\/#website\",\"url\":\"https:\\\/\\\/www.hotelexpressaosta.it\\\/fr\\\/\",\"name\":\"Express Hotel Aosta\",\"description\":\"Express H\u00f4tel situ\u00e9 au c\u0153ur d'Aoste\",\"publisher\":{\"@id\":\"https:\\\/\\\/www.hotelexpressaosta.it\\\/fr\\\/#organization\"},\"alternateName\":\"Express Hotel Aosta\",\"potentialAction\":[{\"@type\":\"SearchAction\",\"target\":{\"@type\":\"EntryPoint\",\"urlTemplate\":\"https:\\\/\\\/www.hotelexpressaosta.it\\\/fr\\\/?s={search_term_string}\"},\"query-input\":{\"@type\":\"PropertyValueSpecification\",\"valueRequired\":true,\"valueName\":\"search_term_string\"}}],\"inLanguage\":\"fr-FR\"},{\"@type\":\"Organization\",\"@id\":\"https:\\\/\\\/www.hotelexpressaosta.it\\\/fr\\\/#organization\",\"name\":\"Express Hotel Aosta\",\"alternateName\":\"Express Hotel Aosta\",\"url\":\"https:\\\/\\\/www.hotelexpressaosta.it\\\/fr\\\/\",\"logo\":{\"@type\":\"ImageObject\",\"inLanguage\":\"fr-FR\",\"@id\":\"https:\\\/\\\/www.hotelexpressaosta.it\\\/fr\\\/#\\\/schema\\\/logo\\\/image\\\/\",\"url\":\"https:\\\/\\\/www.hotelexpressaosta.it\\\/wp-content\\\/uploads\\\/sites\\\/171\\\/2024\\\/10\\\/1-logo-express.png\",\"contentUrl\":\"https:\\\/\\\/www.hotelexpressaosta.it\\\/wp-content\\\/uploads\\\/sites\\\/171\\\/2024\\\/10\\\/1-logo-express.png\",\"width\":250,\"height\":77,\"caption\":\"Express Hotel Aosta\"},\"image\":{\"@id\":\"https:\\\/\\\/www.hotelexpressaosta.it\\\/fr\\\/#\\\/schema\\\/logo\\\/image\\\/\"},\"sameAs\":[\"https:\\\/\\\/www.facebook.com\\\/ExpressAosta\",\"https:\\\/\\\/x.com\\\/hotelexpressao\"]}]}<\/script>\n<!-- \/ Yoast SEO plugin. -->","yoast_head_json":{"title":"Deluxe Quadruple &#8211; Express Hotel Aosta","description":"R\u00e9cemment r\u00e9nov\u00e9es, les chambres Deluxe offrent un environnement accueillant et moderne. Chaque chambre est embellie par un mur d\u00e9coratif avec une impression saisissante des montagnes ou des ch\u00e2teaux de la Vall\u00e9e d'Aoste, pour savourer \u00e0 tout moment les beaut\u00e9s de la r\u00e9gion.  Con\u00e7ues pour garantir un confort maximal, ces chambres disposent d'un vaste espace de s\u00e9jour avec un canap\u00e9 et deux fauteuils, parfaits pour se d\u00e9tendre \u00e0 la fin de la journ\u00e9e","robots":{"index":"index","follow":"follow","max-snippet":"max-snippet:-1","max-image-preview":"max-image-preview:large","max-video-preview":"max-video-preview:-1"},"canonical":"https:\/\/www.hotelexpressaosta.it\/fr\/chambres\/chambre-deluxe\/deluxe-quadruple\/","og_locale":"fr_FR","og_type":"article","og_title":"Deluxe Quadruple &#8211; Express Hotel Aosta","og_description":"R\u00e9cemment r\u00e9nov\u00e9es, les chambres Deluxe offrent un environnement accueillant et moderne. Chaque chambre est embellie par un mur d\u00e9coratif avec une impression saisissante des montagnes ou des ch\u00e2teaux de la Vall\u00e9e d'Aoste, pour savourer \u00e0 tout moment les beaut\u00e9s de la r\u00e9gion.  Con\u00e7ues pour garantir un confort maximal, ces chambres disposent d'un vaste espace de s\u00e9jour avec un canap\u00e9 et deux fauteuils, parfaits pour se d\u00e9tendre \u00e0 la fin de la journ\u00e9e","og_url":"https:\/\/www.hotelexpressaosta.it\/fr\/chambres\/chambre-deluxe\/deluxe-quadruple\/","og_site_name":"Express Hotel Aosta","article_publisher":"https:\/\/www.facebook.com\/ExpressAosta","article_modified_time":"2024-12-10T17:19:20+00:00","og_image":[{"width":1024,"height":512,"url":"https:\/\/www.hotelexpressaosta.it\/wp-content\/uploads\/sites\/171\/2024\/10\/deluxe-DBL.jpg","type":"image\/jpeg"}],"twitter_card":"summary_large_image","twitter_site":"@hotelexpressao","twitter_misc":{"Dur\u00e9e de lecture estim\u00e9e":"1 minute"},"schema":{"@context":"https:\/\/schema.org","@graph":[{"@type":"WebPage","@id":"https:\/\/www.hotelexpressaosta.it\/fr\/chambres\/chambre-deluxe\/deluxe-quadruple\/","url":"https:\/\/www.hotelexpressaosta.it\/fr\/chambres\/chambre-deluxe\/deluxe-quadruple\/","name":"Deluxe Quadruple &#8211; Express Hotel Aosta","isPartOf":{"@id":"https:\/\/www.hotelexpressaosta.it\/fr\/#website"},"primaryImageOfPage":{"@id":"https:\/\/www.hotelexpressaosta.it\/fr\/chambres\/chambre-deluxe\/deluxe-quadruple\/#primaryimage"},"image":{"@id":"https:\/\/www.hotelexpressaosta.it\/fr\/chambres\/chambre-deluxe\/deluxe-quadruple\/#primaryimage"},"thumbnailUrl":"https:\/\/www.hotelexpressaosta.it\/wp-content\/uploads\/sites\/171\/2025\/12\/Deluxe-MXX-10pro.jpeg","datePublished":"2024-10-18T08:30:49+00:00","dateModified":"2024-12-10T17:19:20+00:00","description":"R\u00e9cemment r\u00e9nov\u00e9es, les chambres Deluxe offrent un environnement accueillant et moderne. Chaque chambre est embellie par un mur d\u00e9coratif avec une impression saisissante des montagnes ou des ch\u00e2teaux de la Vall\u00e9e d'Aoste, pour savourer \u00e0 tout moment les beaut\u00e9s de la r\u00e9gion. Con\u00e7ues pour garantir un confort maximal, ces chambres disposent d'un vaste espace de s\u00e9jour avec un canap\u00e9 et deux fauteuils, parfaits pour se d\u00e9tendre \u00e0 la fin de la journ\u00e9e","breadcrumb":{"@id":"https:\/\/www.hotelexpressaosta.it\/fr\/chambres\/chambre-deluxe\/deluxe-quadruple\/#breadcrumb"},"inLanguage":"fr-FR","potentialAction":[{"@type":"ReadAction","target":["https:\/\/www.hotelexpressaosta.it\/fr\/chambres\/chambre-deluxe\/deluxe-quadruple\/"]}]},{"@type":"ImageObject","inLanguage":"fr-FR","@id":"https:\/\/www.hotelexpressaosta.it\/fr\/chambres\/chambre-deluxe\/deluxe-quadruple\/#primaryimage","url":"https:\/\/www.hotelexpressaosta.it\/wp-content\/uploads\/sites\/171\/2025\/12\/Deluxe-MXX-10pro.jpeg","contentUrl":"https:\/\/www.hotelexpressaosta.it\/wp-content\/uploads\/sites\/171\/2025\/12\/Deluxe-MXX-10pro.jpeg","width":1595,"height":1200},{"@type":"BreadcrumbList","@id":"https:\/\/www.hotelexpressaosta.it\/fr\/chambres\/chambre-deluxe\/deluxe-quadruple\/#breadcrumb","itemListElement":[{"@type":"ListItem","position":1,"name":"Home","item":"https:\/\/www.hotelexpressaosta.it\/fr\/"},{"@type":"ListItem","position":2,"name":"Chambres","item":"https:\/\/www.hotelexpressaosta.it\/fr\/chambres\/"},{"@type":"ListItem","position":3,"name":"Chambre Deluxe","item":"https:\/\/www.hotelexpressaosta.it\/fr\/chambres\/chambre-deluxe\/"},{"@type":"ListItem","position":4,"name":"Deluxe Quadruple"}]},{"@type":"WebSite","@id":"https:\/\/www.hotelexpressaosta.it\/fr\/#website","url":"https:\/\/www.hotelexpressaosta.it\/fr\/","name":"Express Hotel Aosta","description":"Express H\u00f4tel situ\u00e9 au c\u0153ur d'Aoste","publisher":{"@id":"https:\/\/www.hotelexpressaosta.it\/fr\/#organization"},"alternateName":"Express Hotel Aosta","potentialAction":[{"@type":"SearchAction","target":{"@type":"EntryPoint","urlTemplate":"https:\/\/www.hotelexpressaosta.it\/fr\/?s={search_term_string}"},"query-input":{"@type":"PropertyValueSpecification","valueRequired":true,"valueName":"search_term_string"}}],"inLanguage":"fr-FR"},{"@type":"Organization","@id":"https:\/\/www.hotelexpressaosta.it\/fr\/#organization","name":"Express Hotel Aosta","alternateName":"Express Hotel Aosta","url":"https:\/\/www.hotelexpressaosta.it\/fr\/","logo":{"@type":"ImageObject","inLanguage":"fr-FR","@id":"https:\/\/www.hotelexpressaosta.it\/fr\/#\/schema\/logo\/image\/","url":"https:\/\/www.hotelexpressaosta.it\/wp-content\/uploads\/sites\/171\/2024\/10\/1-logo-express.png","contentUrl":"https:\/\/www.hotelexpressaosta.it\/wp-content\/uploads\/sites\/171\/2024\/10\/1-logo-express.png","width":250,"height":77,"caption":"Express Hotel Aosta"},"image":{"@id":"https:\/\/www.hotelexpressaosta.it\/fr\/#\/schema\/logo\/image\/"},"sameAs":["https:\/\/www.facebook.com\/ExpressAosta","https:\/\/x.com\/hotelexpressao"]}]}},"acf":[],"_links":{"self":[{"href":"https:\/\/www.hotelexpressaosta.it\/fr\/wp-json\/wp\/v2\/pages\/760","targetHints":{"allow":["GET"]}}],"collection":[{"href":"https:\/\/www.hotelexpressaosta.it\/fr\/wp-json\/wp\/v2\/pages"}],"about":[{"href":"https:\/\/www.hotelexpressaosta.it\/fr\/wp-json\/wp\/v2\/types\/page"}],"author":[{"embeddable":true,"href":"https:\/\/www.hotelexpressaosta.it\/fr\/wp-json\/wp\/v2\/users\/12"}],"replies":[{"embeddable":true,"href":"https:\/\/www.hotelexpressaosta.it\/fr\/wp-json\/wp\/v2\/comments?post=760"}],"version-history":[{"count":0,"href":"https:\/\/www.hotelexpressaosta.it\/fr\/wp-json\/wp\/v2\/pages\/760\/revisions"}],"up":[{"embeddable":true,"href":"https:\/\/www.hotelexpressaosta.it\/fr\/wp-json\/wp\/v2\/pages\/763"}],"wp:featuredmedia":[{"embeddable":true,"href":"https:\/\/www.hotelexpressaosta.it\/fr\/wp-json\/wp\/v2\/media\/1241"}],"wp:attachment":[{"href":"https:\/\/www.hotelexpressaosta.it\/fr\/wp-json\/wp\/v2\/media?parent=760"}],"curies":[{"name":"wp","href":"https:\/\/api.w.org\/{rel}","templated":true}]}}