{"id":763,"date":"2024-10-03T13:50:29","date_gmt":"2024-10-03T13:50:29","guid":{"rendered":"https:\/\/express-hotel-aosta.ms2.decms.eu\/?page_id=763"},"modified":"2024-12-10T18:04:25","modified_gmt":"2024-12-10T18:04:25","slug":"chambre-deluxe","status":"publish","type":"page","link":"https:\/\/www.hotelexpressaosta.it\/fr\/chambres\/chambre-deluxe\/","title":{"rendered":"Chambre Deluxe"},"content":{"rendered":"<p>Les chambres Deluxe, d&rsquo;une superficie de 30 m\u00b2, sont spacieuses et confortables, dot\u00e9es de grandes fen\u00eatres panoramiques offrant une vue imprenable.<\/p>\n<p>Chaque chambre dispose d&rsquo;un canap\u00e9-lit confortable et de deux fauteuils, id\u00e9aux pour se d\u00e9tendre. R\u00e9cemment r\u00e9nov\u00e9es, les chambres situ\u00e9es au 2e \u00e9tage sont orn\u00e9es d&rsquo;un mur d\u00e9cor\u00e9 de gigantographies des montagnes pittoresques ou des ch\u00e2teaux de la Vall\u00e9e d&rsquo;Aoste, apportant une touche de caract\u00e8re unique \u00e0 l&rsquo;environnement.<\/p>\n<details>\n<summary>OCCUPANCY<\/summary>\n<ul>\n<li><a href=\"https:\/\/express-hotel-aosta.ms2.decms.eu\/fr\/chambres\/chambre-deluxe\/deluxe-usage-simple\/\">DELUXE USAGE SIMPLE<\/a><br \/>\nMax 1 personne &#8211; Lit double<\/li>\n<li><a href=\"https:\/\/express-hotel-aosta.ms2.decms.eu\/fr\/chambres\/chambre-deluxe\/chambre-deluxe-double\/\">DELUXE DOUBLE<\/a><br \/>\nMax 2 personnes &#8211; 2 lits simples ou 1 lit double<\/li>\n<li><a href=\"https:\/\/express-hotel-aosta.ms2.decms.eu\/fr\/chambres\/chambre-deluxe\/deluxe-triple\/\">DELUXE TRIPLE<\/a><br \/>\nMax 3 personnes &#8211; 3 lits simples ou 1 lit double + 1 lit simple<\/li>\n<li><a href=\"https:\/\/express-hotel-aosta.ms2.decms.eu\/fr\/chambres\/chambre-deluxe\/deluxe-quadruple\/\">DELUXE QUADRUPLE<\/a><br \/>\nMax 4 personnes &#8211; 4 lits simples ou 1 lit double + 2 lits simples<\/li>\n<\/ul>\n<\/details>\n<details>\n<summary>Services dans toutes les chambres<\/summary>\n<p><em>Espace de s\u00e9jour spacieux &#8211; Climatisation &#8211; Wi-Fi &#8211; <span style=\"font-weight: 400;\">Smart TV 43\u201d<\/span> &#8211; Salle de bain priv\u00e9e avec douche, s\u00e8che-cheveux et produits de bain &#8211; Parking &#8211; Parquet &#8211; Grande baie vitr\u00e9e panoramique &#8211; Bureau &#8211; Prises \u00e9lectriques pr\u00e8s du lit et du bureau &#8211; Coin salon avec canap\u00e9 &#8211; Bouilloire pour th\u00e9 et caf\u00e9 &#8211; Serrures \u00e9lectroniques<\/em><\/p>\n<\/details>\n","protected":false},"excerpt":{"rendered":"<p>Les chambres Deluxe, d&rsquo;une superficie de 30 m\u00b2, sont spacieuses et confortables, dot\u00e9es de grandes fen\u00eatres panoramiques offrant une vue imprenable. Chaque chambre dispose d&rsquo;un canap\u00e9-lit confortable et de deux fauteuils, id\u00e9aux pour se d\u00e9tendre. R\u00e9cemment r\u00e9nov\u00e9es, les chambres situ\u00e9es au 2e \u00e9tage sont orn\u00e9es d&rsquo;un mur d\u00e9cor\u00e9 de gigantographies des montagnes pittoresques ou des [&hellip;]<\/p>\n","protected":false},"author":12,"featured_media":1302,"parent":690,"menu_order":25,"comment_status":"closed","ping_status":"closed","template":"template-rooms-2.php","meta":{"footnotes":""},"yoast_head":"<!-- This site is optimized with the Yoast SEO plugin v22.3 - https:\/\/yoast.com\/wordpress\/plugins\/seo\/ -->\n<title>Chambre Deluxe &#8211; Express Hotel Aosta<\/title>\n<meta name=\"description\" content=\"Les chambres Deluxe, d&#039;une superficie de 30 m\u00b2, sont spacieuses et confortables, dot\u00e9es de grandes fen\u00eatres panoramiques offrant une vue imprenable.  Chaque chambre dispose d&#039;un canap\u00e9-lit confortable et de deux fauteuils, id\u00e9aux pour se d\u00e9tendre. R\u00e9cemment r\u00e9nov\u00e9es, les chambres situ\u00e9es au 2e \u00e9tage sont orn\u00e9es d&#039;un mur d\u00e9cor\u00e9 de gigantographies des montagnes pittoresques ou des ch\u00e2teaux de la Vall\u00e9e d&#039;Aoste, apportant une touche de caract\u00e8re unique \u00e0 l&#039;environnement.  OCCUPANCY   DELUXE USAGE SIMPLE Max 1 personne - Lit double  DELUXE DOUBLE Max 2 personnes - 2 lits simples ou 1 lit double  DELUXE TRIPLE Max 3 personnes - 3 lits simples ou 1 lit double + 1 lit simple  DELUXE QUADRUPLE Max 4 personnes - 4 lits simples ou 1 lit double + 2 lits simples  Services dans toutes les chambresEspace de s\u00e9jour spacieux - Climatisation - Wi-Fi - Smart TV 43\u201d - Salle de bain priv\u00e9e avec douche, s\u00e8che-cheveux et produits de bain - Parking - Parquet - Grande baie vitr\u00e9e panoramique - Bureau - Prises \u00e9lectriques pr\u00e8s du lit et du bureau - Coin salon avec canap\u00e9 - Bouilloire pour th\u00e9 et caf\u00e9 - Serrures \u00e9lectroniques\" \/>\n<meta name=\"robots\" content=\"index, follow, max-snippet:-1, max-image-preview:large, max-video-preview:-1\" \/>\n<link rel=\"canonical\" href=\"https:\/\/www.hotelexpressaosta.it\/fr\/chambres\/chambre-deluxe\/\" \/>\n<meta property=\"og:locale\" content=\"fr_FR\" \/>\n<meta property=\"og:type\" content=\"article\" \/>\n<meta property=\"og:title\" content=\"Chambre Deluxe &#8211; Express Hotel Aosta\" \/>\n<meta property=\"og:description\" content=\"Les chambres Deluxe, d&#039;une superficie de 30 m\u00b2, sont spacieuses et confortables, dot\u00e9es de grandes fen\u00eatres panoramiques offrant une vue imprenable.  Chaque chambre dispose d&#039;un canap\u00e9-lit confortable et de deux fauteuils, id\u00e9aux pour se d\u00e9tendre. R\u00e9cemment r\u00e9nov\u00e9es, les chambres situ\u00e9es au 2e \u00e9tage sont orn\u00e9es d&#039;un mur d\u00e9cor\u00e9 de gigantographies des montagnes pittoresques ou des ch\u00e2teaux de la Vall\u00e9e d&#039;Aoste, apportant une touche de caract\u00e8re unique \u00e0 l&#039;environnement.  OCCUPANCY   DELUXE USAGE SIMPLE Max 1 personne - Lit double  DELUXE DOUBLE Max 2 personnes - 2 lits simples ou 1 lit double  DELUXE TRIPLE Max 3 personnes - 3 lits simples ou 1 lit double + 1 lit simple  DELUXE QUADRUPLE Max 4 personnes - 4 lits simples ou 1 lit double + 2 lits simples  Services dans toutes les chambresEspace de s\u00e9jour spacieux - Climatisation - Wi-Fi - Smart TV 43\u201d - Salle de bain priv\u00e9e avec douche, s\u00e8che-cheveux et produits de bain - Parking - Parquet - Grande baie vitr\u00e9e panoramique - Bureau - Prises \u00e9lectriques pr\u00e8s du lit et du bureau - Coin salon avec canap\u00e9 - Bouilloire pour th\u00e9 et caf\u00e9 - Serrures \u00e9lectroniques\" \/>\n<meta property=\"og:url\" content=\"https:\/\/www.hotelexpressaosta.it\/fr\/chambres\/chambre-deluxe\/\" \/>\n<meta property=\"og:site_name\" content=\"Express Hotel Aosta\" \/>\n<meta property=\"article:publisher\" content=\"https:\/\/www.facebook.com\/ExpressAosta\" \/>\n<meta property=\"article:modified_time\" content=\"2024-12-10T18:04:25+00:00\" \/>\n<meta property=\"og:image\" content=\"https:\/\/www.hotelexpressaosta.it\/wp-content\/uploads\/sites\/171\/2024\/10\/Doppia-Deluxe-Matrimoniale.jpg\" \/>\n\t<meta property=\"og:image:width\" content=\"1200\" \/>\n\t<meta property=\"og:image:height\" content=\"586\" \/>\n\t<meta property=\"og:image:type\" content=\"image\/jpeg\" \/>\n<meta name=\"twitter:card\" content=\"summary_large_image\" \/>\n<meta name=\"twitter:site\" content=\"@hotelexpressao\" \/>\n<meta name=\"twitter:label1\" content=\"Dur\u00e9e de lecture estim\u00e9e\" \/>\n\t<meta name=\"twitter:data1\" content=\"1 minute\" \/>\n<script type=\"application\/ld+json\" class=\"yoast-schema-graph\">{\"@context\":\"https:\/\/schema.org\",\"@graph\":[{\"@type\":\"WebPage\",\"@id\":\"https:\/\/www.hotelexpressaosta.it\/fr\/chambres\/chambre-deluxe\/\",\"url\":\"https:\/\/www.hotelexpressaosta.it\/fr\/chambres\/chambre-deluxe\/\",\"name\":\"Chambre Deluxe &#8211; Express Hotel Aosta\",\"isPartOf\":{\"@id\":\"https:\/\/www.hotelexpressaosta.it\/fr\/#website\"},\"primaryImageOfPage\":{\"@id\":\"https:\/\/www.hotelexpressaosta.it\/fr\/chambres\/chambre-deluxe\/#primaryimage\"},\"image\":{\"@id\":\"https:\/\/www.hotelexpressaosta.it\/fr\/chambres\/chambre-deluxe\/#primaryimage\"},\"thumbnailUrl\":\"https:\/\/www.hotelexpressaosta.it\/wp-content\/uploads\/sites\/171\/2025\/12\/220-Deluxe-M-2\u00b0p-10pro.jpeg\",\"datePublished\":\"2024-10-03T13:50:29+00:00\",\"dateModified\":\"2024-12-10T18:04:25+00:00\",\"description\":\"Les chambres Deluxe, d'une superficie de 30 m\u00b2, sont spacieuses et confortables, dot\u00e9es de grandes fen\u00eatres panoramiques offrant une vue imprenable. Chaque chambre dispose d'un canap\u00e9-lit confortable et de deux fauteuils, id\u00e9aux pour se d\u00e9tendre. R\u00e9cemment r\u00e9nov\u00e9es, les chambres situ\u00e9es au 2e \u00e9tage sont orn\u00e9es d'un mur d\u00e9cor\u00e9 de gigantographies des montagnes pittoresques ou des ch\u00e2teaux de la Vall\u00e9e d'Aoste, apportant une touche de caract\u00e8re unique \u00e0 l'environnement. OCCUPANCY \u2022 DELUXE USAGE SIMPLE Max 1 personne - Lit double \u2022 DELUXE DOUBLE Max 2 personnes - 2 lits simples ou 1 lit double \u2022 DELUXE TRIPLE Max 3 personnes - 3 lits simples ou 1 lit double + 1 lit simple \u2022 DELUXE QUADRUPLE Max 4 personnes - 4 lits simples ou 1 lit double + 2 lits simples Services dans toutes les chambresEspace de s\u00e9jour spacieux - Climatisation - Wi-Fi - Smart TV 43\u201d - Salle de bain priv\u00e9e avec douche, s\u00e8che-cheveux et produits de bain - Parking - Parquet - Grande baie vitr\u00e9e panoramique - Bureau - Prises \u00e9lectriques pr\u00e8s du lit et du bureau - Coin salon avec canap\u00e9 - Bouilloire pour th\u00e9 et caf\u00e9 - Serrures \u00e9lectroniques\",\"breadcrumb\":{\"@id\":\"https:\/\/www.hotelexpressaosta.it\/fr\/chambres\/chambre-deluxe\/#breadcrumb\"},\"inLanguage\":\"fr-FR\",\"potentialAction\":[{\"@type\":\"ReadAction\",\"target\":[\"https:\/\/www.hotelexpressaosta.it\/fr\/chambres\/chambre-deluxe\/\"]}]},{\"@type\":\"ImageObject\",\"inLanguage\":\"fr-FR\",\"@id\":\"https:\/\/www.hotelexpressaosta.it\/fr\/chambres\/chambre-deluxe\/#primaryimage\",\"url\":\"https:\/\/www.hotelexpressaosta.it\/wp-content\/uploads\/sites\/171\/2025\/12\/220-Deluxe-M-2\u00b0p-10pro.jpeg\",\"contentUrl\":\"https:\/\/www.hotelexpressaosta.it\/wp-content\/uploads\/sites\/171\/2025\/12\/220-Deluxe-M-2\u00b0p-10pro.jpeg\",\"width\":1594,\"height\":1200},{\"@type\":\"BreadcrumbList\",\"@id\":\"https:\/\/www.hotelexpressaosta.it\/fr\/chambres\/chambre-deluxe\/#breadcrumb\",\"itemListElement\":[{\"@type\":\"ListItem\",\"position\":1,\"name\":\"Home\",\"item\":\"https:\/\/www.hotelexpressaosta.it\/fr\/\"},{\"@type\":\"ListItem\",\"position\":2,\"name\":\"Chambres\",\"item\":\"https:\/\/www.hotelexpressaosta.it\/fr\/chambres\/\"},{\"@type\":\"ListItem\",\"position\":3,\"name\":\"Chambre Deluxe\"}]},{\"@type\":\"WebSite\",\"@id\":\"https:\/\/www.hotelexpressaosta.it\/fr\/#website\",\"url\":\"https:\/\/www.hotelexpressaosta.it\/fr\/\",\"name\":\"Express Hotel Aosta\",\"description\":\"Express H\u00f4tel situ\u00e9 au c\u0153ur d'Aoste\",\"publisher\":{\"@id\":\"https:\/\/www.hotelexpressaosta.it\/fr\/#organization\"},\"alternateName\":\"Express Hotel Aosta\",\"potentialAction\":[{\"@type\":\"SearchAction\",\"target\":{\"@type\":\"EntryPoint\",\"urlTemplate\":\"https:\/\/www.hotelexpressaosta.it\/fr\/?s={search_term_string}\"},\"query-input\":\"required name=search_term_string\"}],\"inLanguage\":\"fr-FR\"},{\"@type\":\"Organization\",\"@id\":\"https:\/\/www.hotelexpressaosta.it\/fr\/#organization\",\"name\":\"Express Hotel Aosta\",\"alternateName\":\"Express Hotel Aosta\",\"url\":\"https:\/\/www.hotelexpressaosta.it\/fr\/\",\"logo\":{\"@type\":\"ImageObject\",\"inLanguage\":\"fr-FR\",\"@id\":\"https:\/\/www.hotelexpressaosta.it\/fr\/#\/schema\/logo\/image\/\",\"url\":\"https:\/\/www.hotelexpressaosta.it\/wp-content\/uploads\/sites\/171\/2024\/10\/1-logo-express.png\",\"contentUrl\":\"https:\/\/www.hotelexpressaosta.it\/wp-content\/uploads\/sites\/171\/2024\/10\/1-logo-express.png\",\"width\":250,\"height\":77,\"caption\":\"Express Hotel Aosta\"},\"image\":{\"@id\":\"https:\/\/www.hotelexpressaosta.it\/fr\/#\/schema\/logo\/image\/\"},\"sameAs\":[\"https:\/\/www.facebook.com\/ExpressAosta\",\"https:\/\/twitter.com\/hotelexpressao\"]}]}<\/script>\n<!-- \/ Yoast SEO plugin. -->","yoast_head_json":{"title":"Chambre Deluxe &#8211; Express Hotel Aosta","description":"Les chambres Deluxe, d'une superficie de 30 m\u00b2, sont spacieuses et confortables, dot\u00e9es de grandes fen\u00eatres panoramiques offrant une vue imprenable.  Chaque chambre dispose d'un canap\u00e9-lit confortable et de deux fauteuils, id\u00e9aux pour se d\u00e9tendre. R\u00e9cemment r\u00e9nov\u00e9es, les chambres situ\u00e9es au 2e \u00e9tage sont orn\u00e9es d'un mur d\u00e9cor\u00e9 de gigantographies des montagnes pittoresques ou des ch\u00e2teaux de la Vall\u00e9e d'Aoste, apportant une touche de caract\u00e8re unique \u00e0 l'environnement.  OCCUPANCY   DELUXE USAGE SIMPLE Max 1 personne - Lit double  DELUXE DOUBLE Max 2 personnes - 2 lits simples ou 1 lit double  DELUXE TRIPLE Max 3 personnes - 3 lits simples ou 1 lit double + 1 lit simple  DELUXE QUADRUPLE Max 4 personnes - 4 lits simples ou 1 lit double + 2 lits simples  Services dans toutes les chambresEspace de s\u00e9jour spacieux - Climatisation - Wi-Fi - Smart TV 43\u201d - Salle de bain priv\u00e9e avec douche, s\u00e8che-cheveux et produits de bain - Parking - Parquet - Grande baie vitr\u00e9e panoramique - Bureau - Prises \u00e9lectriques pr\u00e8s du lit et du bureau - Coin salon avec canap\u00e9 - Bouilloire pour th\u00e9 et caf\u00e9 - Serrures \u00e9lectroniques","robots":{"index":"index","follow":"follow","max-snippet":"max-snippet:-1","max-image-preview":"max-image-preview:large","max-video-preview":"max-video-preview:-1"},"canonical":"https:\/\/www.hotelexpressaosta.it\/fr\/chambres\/chambre-deluxe\/","og_locale":"fr_FR","og_type":"article","og_title":"Chambre Deluxe &#8211; Express Hotel Aosta","og_description":"Les chambres Deluxe, d'une superficie de 30 m\u00b2, sont spacieuses et confortables, dot\u00e9es de grandes fen\u00eatres panoramiques offrant une vue imprenable.  Chaque chambre dispose d'un canap\u00e9-lit confortable et de deux fauteuils, id\u00e9aux pour se d\u00e9tendre. R\u00e9cemment r\u00e9nov\u00e9es, les chambres situ\u00e9es au 2e \u00e9tage sont orn\u00e9es d'un mur d\u00e9cor\u00e9 de gigantographies des montagnes pittoresques ou des ch\u00e2teaux de la Vall\u00e9e d'Aoste, apportant une touche de caract\u00e8re unique \u00e0 l'environnement.  OCCUPANCY   DELUXE USAGE SIMPLE Max 1 personne - Lit double  DELUXE DOUBLE Max 2 personnes - 2 lits simples ou 1 lit double  DELUXE TRIPLE Max 3 personnes - 3 lits simples ou 1 lit double + 1 lit simple  DELUXE QUADRUPLE Max 4 personnes - 4 lits simples ou 1 lit double + 2 lits simples  Services dans toutes les chambresEspace de s\u00e9jour spacieux - Climatisation - Wi-Fi - Smart TV 43\u201d - Salle de bain priv\u00e9e avec douche, s\u00e8che-cheveux et produits de bain - Parking - Parquet - Grande baie vitr\u00e9e panoramique - Bureau - Prises \u00e9lectriques pr\u00e8s du lit et du bureau - Coin salon avec canap\u00e9 - Bouilloire pour th\u00e9 et caf\u00e9 - Serrures \u00e9lectroniques","og_url":"https:\/\/www.hotelexpressaosta.it\/fr\/chambres\/chambre-deluxe\/","og_site_name":"Express Hotel Aosta","article_publisher":"https:\/\/www.facebook.com\/ExpressAosta","article_modified_time":"2024-12-10T18:04:25+00:00","og_image":[{"width":1200,"height":586,"url":"https:\/\/www.hotelexpressaosta.it\/wp-content\/uploads\/sites\/171\/2024\/10\/Doppia-Deluxe-Matrimoniale.jpg","type":"image\/jpeg"}],"twitter_card":"summary_large_image","twitter_site":"@hotelexpressao","twitter_misc":{"Dur\u00e9e de lecture estim\u00e9e":"1 minute"},"schema":{"@context":"https:\/\/schema.org","@graph":[{"@type":"WebPage","@id":"https:\/\/www.hotelexpressaosta.it\/fr\/chambres\/chambre-deluxe\/","url":"https:\/\/www.hotelexpressaosta.it\/fr\/chambres\/chambre-deluxe\/","name":"Chambre Deluxe &#8211; Express Hotel Aosta","isPartOf":{"@id":"https:\/\/www.hotelexpressaosta.it\/fr\/#website"},"primaryImageOfPage":{"@id":"https:\/\/www.hotelexpressaosta.it\/fr\/chambres\/chambre-deluxe\/#primaryimage"},"image":{"@id":"https:\/\/www.hotelexpressaosta.it\/fr\/chambres\/chambre-deluxe\/#primaryimage"},"thumbnailUrl":"https:\/\/www.hotelexpressaosta.it\/wp-content\/uploads\/sites\/171\/2025\/12\/220-Deluxe-M-2\u00b0p-10pro.jpeg","datePublished":"2024-10-03T13:50:29+00:00","dateModified":"2024-12-10T18:04:25+00:00","description":"Les chambres Deluxe, d'une superficie de 30 m\u00b2, sont spacieuses et confortables, dot\u00e9es de grandes fen\u00eatres panoramiques offrant une vue imprenable. Chaque chambre dispose d'un canap\u00e9-lit confortable et de deux fauteuils, id\u00e9aux pour se d\u00e9tendre. R\u00e9cemment r\u00e9nov\u00e9es, les chambres situ\u00e9es au 2e \u00e9tage sont orn\u00e9es d'un mur d\u00e9cor\u00e9 de gigantographies des montagnes pittoresques ou des ch\u00e2teaux de la Vall\u00e9e d'Aoste, apportant une touche de caract\u00e8re unique \u00e0 l'environnement. OCCUPANCY \u2022 DELUXE USAGE SIMPLE Max 1 personne - Lit double \u2022 DELUXE DOUBLE Max 2 personnes - 2 lits simples ou 1 lit double \u2022 DELUXE TRIPLE Max 3 personnes - 3 lits simples ou 1 lit double + 1 lit simple \u2022 DELUXE QUADRUPLE Max 4 personnes - 4 lits simples ou 1 lit double + 2 lits simples Services dans toutes les chambresEspace de s\u00e9jour spacieux - Climatisation - Wi-Fi - Smart TV 43\u201d - Salle de bain priv\u00e9e avec douche, s\u00e8che-cheveux et produits de bain - Parking - Parquet - Grande baie vitr\u00e9e panoramique - Bureau - Prises \u00e9lectriques pr\u00e8s du lit et du bureau - Coin salon avec canap\u00e9 - Bouilloire pour th\u00e9 et caf\u00e9 - Serrures \u00e9lectroniques","breadcrumb":{"@id":"https:\/\/www.hotelexpressaosta.it\/fr\/chambres\/chambre-deluxe\/#breadcrumb"},"inLanguage":"fr-FR","potentialAction":[{"@type":"ReadAction","target":["https:\/\/www.hotelexpressaosta.it\/fr\/chambres\/chambre-deluxe\/"]}]},{"@type":"ImageObject","inLanguage":"fr-FR","@id":"https:\/\/www.hotelexpressaosta.it\/fr\/chambres\/chambre-deluxe\/#primaryimage","url":"https:\/\/www.hotelexpressaosta.it\/wp-content\/uploads\/sites\/171\/2025\/12\/220-Deluxe-M-2\u00b0p-10pro.jpeg","contentUrl":"https:\/\/www.hotelexpressaosta.it\/wp-content\/uploads\/sites\/171\/2025\/12\/220-Deluxe-M-2\u00b0p-10pro.jpeg","width":1594,"height":1200},{"@type":"BreadcrumbList","@id":"https:\/\/www.hotelexpressaosta.it\/fr\/chambres\/chambre-deluxe\/#breadcrumb","itemListElement":[{"@type":"ListItem","position":1,"name":"Home","item":"https:\/\/www.hotelexpressaosta.it\/fr\/"},{"@type":"ListItem","position":2,"name":"Chambres","item":"https:\/\/www.hotelexpressaosta.it\/fr\/chambres\/"},{"@type":"ListItem","position":3,"name":"Chambre Deluxe"}]},{"@type":"WebSite","@id":"https:\/\/www.hotelexpressaosta.it\/fr\/#website","url":"https:\/\/www.hotelexpressaosta.it\/fr\/","name":"Express Hotel Aosta","description":"Express H\u00f4tel situ\u00e9 au c\u0153ur d'Aoste","publisher":{"@id":"https:\/\/www.hotelexpressaosta.it\/fr\/#organization"},"alternateName":"Express Hotel Aosta","potentialAction":[{"@type":"SearchAction","target":{"@type":"EntryPoint","urlTemplate":"https:\/\/www.hotelexpressaosta.it\/fr\/?s={search_term_string}"},"query-input":"required name=search_term_string"}],"inLanguage":"fr-FR"},{"@type":"Organization","@id":"https:\/\/www.hotelexpressaosta.it\/fr\/#organization","name":"Express Hotel Aosta","alternateName":"Express Hotel Aosta","url":"https:\/\/www.hotelexpressaosta.it\/fr\/","logo":{"@type":"ImageObject","inLanguage":"fr-FR","@id":"https:\/\/www.hotelexpressaosta.it\/fr\/#\/schema\/logo\/image\/","url":"https:\/\/www.hotelexpressaosta.it\/wp-content\/uploads\/sites\/171\/2024\/10\/1-logo-express.png","contentUrl":"https:\/\/www.hotelexpressaosta.it\/wp-content\/uploads\/sites\/171\/2024\/10\/1-logo-express.png","width":250,"height":77,"caption":"Express Hotel Aosta"},"image":{"@id":"https:\/\/www.hotelexpressaosta.it\/fr\/#\/schema\/logo\/image\/"},"sameAs":["https:\/\/www.facebook.com\/ExpressAosta","https:\/\/twitter.com\/hotelexpressao"]}]}},"acf":[],"_links":{"self":[{"href":"https:\/\/www.hotelexpressaosta.it\/fr\/wp-json\/wp\/v2\/pages\/763"}],"collection":[{"href":"https:\/\/www.hotelexpressaosta.it\/fr\/wp-json\/wp\/v2\/pages"}],"about":[{"href":"https:\/\/www.hotelexpressaosta.it\/fr\/wp-json\/wp\/v2\/types\/page"}],"author":[{"embeddable":true,"href":"https:\/\/www.hotelexpressaosta.it\/fr\/wp-json\/wp\/v2\/users\/12"}],"replies":[{"embeddable":true,"href":"https:\/\/www.hotelexpressaosta.it\/fr\/wp-json\/wp\/v2\/comments?post=763"}],"version-history":[{"count":0,"href":"https:\/\/www.hotelexpressaosta.it\/fr\/wp-json\/wp\/v2\/pages\/763\/revisions"}],"up":[{"embeddable":true,"href":"https:\/\/www.hotelexpressaosta.it\/fr\/wp-json\/wp\/v2\/pages\/690"}],"wp:featuredmedia":[{"embeddable":true,"href":"https:\/\/www.hotelexpressaosta.it\/fr\/wp-json\/wp\/v2\/media\/1302"}],"wp:attachment":[{"href":"https:\/\/www.hotelexpressaosta.it\/fr\/wp-json\/wp\/v2\/media?parent=763"}],"curies":[{"name":"wp","href":"https:\/\/api.w.org\/{rel}","templated":true}]}}