{"id":766,"date":"2024-09-30T13:31:47","date_gmt":"2024-09-30T13:31:47","guid":{"rendered":"https:\/\/express-hotel-aosta.ms2.decms.eu\/?page_id=766"},"modified":"2025-01-07T17:23:54","modified_gmt":"2025-01-07T17:23:54","slug":"hotel-express","status":"publish","type":"page","link":"https:\/\/www.hotelexpressaosta.it\/fr\/","title":{"rendered":"Hotel Express"},"content":{"rendered":"<p><strong>L&rsquo;H\u00f4tel Express d&rsquo;Aoste Est <\/strong>se distingue par sa <strong>position strat\u00e9gique, id\u00e9ale aussi bien pour les voyageurs d&rsquo;affaires que pour ceux qui souhaitent d\u00e9couvrir les beaut\u00e9s de la Vall\u00e9e d&rsquo;Aoste<\/strong>. Situ\u00e9 \u00e0 quelques minutes du centre historique et proche de la sortie d&rsquo;autoroute, l&rsquo;h\u00f4tel est le point de d\u00e9part id\u00e9al pour d\u00e9couvrir les stations de ski, les sentiers naturels et les suggestifs ch\u00e2teaux de la Vall\u00e9e d&rsquo;Aoste.<\/p>\n<p>L&rsquo;\u00e9tablissement propose des <strong>chambres modernes et confortables<\/strong>, toutes \u00e9quip\u00e9es de la climatisation, d&rsquo;une t\u00e9l\u00e9vision \u00e0 \u00e9cran plat et d&rsquo;une vue sur les montagnes environnantes. Le personnel amical et toujours disponible se fera un plaisir de vous conseiller sur les itin\u00e9raires, les restaurants typiques et les lieux \u00e0 visiter. L&rsquo;environnement familier et accueillant, combin\u00e9 \u00e0 la qualit\u00e9 des services, fait de notre h\u00f4tel le choix id\u00e9al pour des vacances r\u00e9g\u00e9n\u00e9rantes ou un court s\u00e9jour d&rsquo;affaires.<\/p>\n","protected":false},"excerpt":{"rendered":"<p>L&rsquo;H\u00f4tel Express d&rsquo;Aoste Est se distingue par sa position strat\u00e9gique, id\u00e9ale aussi bien pour les voyageurs d&rsquo;affaires que pour ceux qui souhaitent d\u00e9couvrir les beaut\u00e9s de la Vall\u00e9e d&rsquo;Aoste. Situ\u00e9 \u00e0 quelques minutes du centre historique et proche de la sortie d&rsquo;autoroute, l&rsquo;h\u00f4tel est le point de d\u00e9part id\u00e9al pour d\u00e9couvrir les stations de ski, [&hellip;]<\/p>\n","protected":false},"author":12,"featured_media":1326,"parent":0,"menu_order":-1,"comment_status":"closed","ping_status":"closed","template":"","meta":{"footnotes":""},"yoast_head":"<!-- This site is optimized with the Yoast SEO plugin v22.3 - https:\/\/yoast.com\/wordpress\/plugins\/seo\/ -->\n<title>Hotel Express &#8211; Express Hotel Aosta<\/title>\n<meta name=\"description\" content=\"L&#039;H\u00f4tel Express d&#039;Aoste Est se distingue par sa position strat\u00e9gique, id\u00e9ale aussi bien pour les voyageurs d&#039;affaires que pour ceux qui souhaitent d\u00e9couvrir les beaut\u00e9s de la Vall\u00e9e d&#039;Aoste. Situ\u00e9 \u00e0 quelques minutes du centre historique et proche de la sortie d&#039;autoroute, l&#039;h\u00f4tel est le point de d\u00e9part id\u00e9al pour d\u00e9couvrir les stations de ski, les sentiers naturels et les suggestifs ch\u00e2teaux de la Vall\u00e9e d&#039;Aoste.  L&#039;\u00e9tablissement propose des chambres modernes et confortables, toutes \u00e9quip\u00e9es de la climatisation, d&#039;une t\u00e9l\u00e9vision \u00e0 \u00e9cran plat et d&#039;une vue sur les montagnes environnantes\" \/>\n<meta name=\"robots\" content=\"index, follow, max-snippet:-1, max-image-preview:large, max-video-preview:-1\" \/>\n<link rel=\"canonical\" href=\"https:\/\/www.hotelexpressaosta.it\/fr\/\" \/>\n<meta property=\"og:locale\" content=\"fr_FR\" \/>\n<meta property=\"og:type\" content=\"article\" \/>\n<meta property=\"og:title\" content=\"Hotel Express &#8211; Express Hotel Aosta\" \/>\n<meta property=\"og:description\" content=\"L&#039;H\u00f4tel Express d&#039;Aoste Est se distingue par sa position strat\u00e9gique, id\u00e9ale aussi bien pour les voyageurs d&#039;affaires que pour ceux qui souhaitent d\u00e9couvrir les beaut\u00e9s de la Vall\u00e9e d&#039;Aoste. Situ\u00e9 \u00e0 quelques minutes du centre historique et proche de la sortie d&#039;autoroute, l&#039;h\u00f4tel est le point de d\u00e9part id\u00e9al pour d\u00e9couvrir les stations de ski, les sentiers naturels et les suggestifs ch\u00e2teaux de la Vall\u00e9e d&#039;Aoste.  L&#039;\u00e9tablissement propose des chambres modernes et confortables, toutes \u00e9quip\u00e9es de la climatisation, d&#039;une t\u00e9l\u00e9vision \u00e0 \u00e9cran plat et d&#039;une vue sur les montagnes environnantes\" \/>\n<meta property=\"og:url\" content=\"https:\/\/www.hotelexpressaosta.it\/fr\/\" \/>\n<meta property=\"og:site_name\" content=\"Express Hotel Aosta\" \/>\n<meta property=\"article:publisher\" content=\"https:\/\/www.facebook.com\/ExpressAosta\" \/>\n<meta property=\"article:modified_time\" content=\"2025-01-07T17:23:54+00:00\" \/>\n<meta property=\"og:image\" content=\"https:\/\/www.hotelexpressaosta.it\/wp-content\/uploads\/sites\/171\/2024\/12\/HALL-INGRESSO-3.jpg\" \/>\n\t<meta property=\"og:image:width\" content=\"1200\" \/>\n\t<meta property=\"og:image:height\" content=\"674\" \/>\n\t<meta property=\"og:image:type\" content=\"image\/jpeg\" \/>\n<meta name=\"twitter:card\" content=\"summary_large_image\" \/>\n<meta name=\"twitter:site\" content=\"@hotelexpressao\" \/>\n<meta name=\"twitter:label1\" content=\"Dur\u00e9e de lecture estim\u00e9e\" \/>\n\t<meta name=\"twitter:data1\" content=\"1 minute\" \/>\n<script type=\"application\/ld+json\" class=\"yoast-schema-graph\">{\"@context\":\"https:\/\/schema.org\",\"@graph\":[{\"@type\":\"WebPage\",\"@id\":\"https:\/\/www.hotelexpressaosta.it\/fr\/\",\"url\":\"https:\/\/www.hotelexpressaosta.it\/fr\/\",\"name\":\"Hotel Express &#8211; Express Hotel Aosta\",\"isPartOf\":{\"@id\":\"https:\/\/www.hotelexpressaosta.it\/fr\/#website\"},\"primaryImageOfPage\":{\"@id\":\"https:\/\/www.hotelexpressaosta.it\/fr\/#primaryimage\"},\"image\":{\"@id\":\"https:\/\/www.hotelexpressaosta.it\/fr\/#primaryimage\"},\"thumbnailUrl\":\"https:\/\/www.hotelexpressaosta.it\/wp-content\/uploads\/sites\/171\/2025\/12\/320-10pro.jpeg\",\"datePublished\":\"2024-09-30T13:31:47+00:00\",\"dateModified\":\"2025-01-07T17:23:54+00:00\",\"description\":\"L'H\u00f4tel Express d'Aoste Est se distingue par sa position strat\u00e9gique, id\u00e9ale aussi bien pour les voyageurs d'affaires que pour ceux qui souhaitent d\u00e9couvrir les beaut\u00e9s de la Vall\u00e9e d'Aoste. Situ\u00e9 \u00e0 quelques minutes du centre historique et proche de la sortie d'autoroute, l'h\u00f4tel est le point de d\u00e9part id\u00e9al pour d\u00e9couvrir les stations de ski, les sentiers naturels et les suggestifs ch\u00e2teaux de la Vall\u00e9e d'Aoste. L'\u00e9tablissement propose des chambres modernes et confortables, toutes \u00e9quip\u00e9es de la climatisation, d'une t\u00e9l\u00e9vision \u00e0 \u00e9cran plat et d'une vue sur les montagnes environnantes\",\"breadcrumb\":{\"@id\":\"https:\/\/www.hotelexpressaosta.it\/fr\/#breadcrumb\"},\"inLanguage\":\"fr-FR\",\"potentialAction\":[{\"@type\":\"ReadAction\",\"target\":[\"https:\/\/www.hotelexpressaosta.it\/fr\/\"]}]},{\"@type\":\"ImageObject\",\"inLanguage\":\"fr-FR\",\"@id\":\"https:\/\/www.hotelexpressaosta.it\/fr\/#primaryimage\",\"url\":\"https:\/\/www.hotelexpressaosta.it\/wp-content\/uploads\/sites\/171\/2025\/12\/320-10pro.jpeg\",\"contentUrl\":\"https:\/\/www.hotelexpressaosta.it\/wp-content\/uploads\/sites\/171\/2025\/12\/320-10pro.jpeg\",\"width\":1594,\"height\":1200},{\"@type\":\"BreadcrumbList\",\"@id\":\"https:\/\/www.hotelexpressaosta.it\/fr\/#breadcrumb\",\"itemListElement\":[{\"@type\":\"ListItem\",\"position\":1,\"name\":\"Home\",\"item\":\"https:\/\/www.hotelexpressaosta.it\/fr\/\"},{\"@type\":\"ListItem\",\"position\":2,\"name\":\"Hotel Express\"}]},{\"@type\":\"WebSite\",\"@id\":\"https:\/\/www.hotelexpressaosta.it\/fr\/#website\",\"url\":\"https:\/\/www.hotelexpressaosta.it\/fr\/\",\"name\":\"Express Hotel Aosta\",\"description\":\"Express H\u00f4tel situ\u00e9 au c\u0153ur d'Aoste\",\"publisher\":{\"@id\":\"https:\/\/www.hotelexpressaosta.it\/fr\/#organization\"},\"alternateName\":\"Express Hotel Aosta\",\"potentialAction\":[{\"@type\":\"SearchAction\",\"target\":{\"@type\":\"EntryPoint\",\"urlTemplate\":\"https:\/\/www.hotelexpressaosta.it\/fr\/?s={search_term_string}\"},\"query-input\":\"required name=search_term_string\"}],\"inLanguage\":\"fr-FR\"},{\"@type\":\"Organization\",\"@id\":\"https:\/\/www.hotelexpressaosta.it\/fr\/#organization\",\"name\":\"Express Hotel Aosta\",\"alternateName\":\"Express Hotel Aosta\",\"url\":\"https:\/\/www.hotelexpressaosta.it\/fr\/\",\"logo\":{\"@type\":\"ImageObject\",\"inLanguage\":\"fr-FR\",\"@id\":\"https:\/\/www.hotelexpressaosta.it\/fr\/#\/schema\/logo\/image\/\",\"url\":\"https:\/\/www.hotelexpressaosta.it\/wp-content\/uploads\/sites\/171\/2024\/10\/1-logo-express.png\",\"contentUrl\":\"https:\/\/www.hotelexpressaosta.it\/wp-content\/uploads\/sites\/171\/2024\/10\/1-logo-express.png\",\"width\":250,\"height\":77,\"caption\":\"Express Hotel Aosta\"},\"image\":{\"@id\":\"https:\/\/www.hotelexpressaosta.it\/fr\/#\/schema\/logo\/image\/\"},\"sameAs\":[\"https:\/\/www.facebook.com\/ExpressAosta\",\"https:\/\/twitter.com\/hotelexpressao\"]}]}<\/script>\n<!-- \/ Yoast SEO plugin. -->","yoast_head_json":{"title":"Hotel Express &#8211; Express Hotel Aosta","description":"L'H\u00f4tel Express d'Aoste Est se distingue par sa position strat\u00e9gique, id\u00e9ale aussi bien pour les voyageurs d'affaires que pour ceux qui souhaitent d\u00e9couvrir les beaut\u00e9s de la Vall\u00e9e d'Aoste. Situ\u00e9 \u00e0 quelques minutes du centre historique et proche de la sortie d'autoroute, l'h\u00f4tel est le point de d\u00e9part id\u00e9al pour d\u00e9couvrir les stations de ski, les sentiers naturels et les suggestifs ch\u00e2teaux de la Vall\u00e9e d'Aoste.  L'\u00e9tablissement propose des chambres modernes et confortables, toutes \u00e9quip\u00e9es de la climatisation, d'une t\u00e9l\u00e9vision \u00e0 \u00e9cran plat et d'une vue sur les montagnes environnantes","robots":{"index":"index","follow":"follow","max-snippet":"max-snippet:-1","max-image-preview":"max-image-preview:large","max-video-preview":"max-video-preview:-1"},"canonical":"https:\/\/www.hotelexpressaosta.it\/fr\/","og_locale":"fr_FR","og_type":"article","og_title":"Hotel Express &#8211; Express Hotel Aosta","og_description":"L'H\u00f4tel Express d'Aoste Est se distingue par sa position strat\u00e9gique, id\u00e9ale aussi bien pour les voyageurs d'affaires que pour ceux qui souhaitent d\u00e9couvrir les beaut\u00e9s de la Vall\u00e9e d'Aoste. Situ\u00e9 \u00e0 quelques minutes du centre historique et proche de la sortie d'autoroute, l'h\u00f4tel est le point de d\u00e9part id\u00e9al pour d\u00e9couvrir les stations de ski, les sentiers naturels et les suggestifs ch\u00e2teaux de la Vall\u00e9e d'Aoste.  L'\u00e9tablissement propose des chambres modernes et confortables, toutes \u00e9quip\u00e9es de la climatisation, d'une t\u00e9l\u00e9vision \u00e0 \u00e9cran plat et d'une vue sur les montagnes environnantes","og_url":"https:\/\/www.hotelexpressaosta.it\/fr\/","og_site_name":"Express Hotel Aosta","article_publisher":"https:\/\/www.facebook.com\/ExpressAosta","article_modified_time":"2025-01-07T17:23:54+00:00","og_image":[{"width":1200,"height":674,"url":"https:\/\/www.hotelexpressaosta.it\/wp-content\/uploads\/sites\/171\/2024\/12\/HALL-INGRESSO-3.jpg","type":"image\/jpeg"}],"twitter_card":"summary_large_image","twitter_site":"@hotelexpressao","twitter_misc":{"Dur\u00e9e de lecture estim\u00e9e":"1 minute"},"schema":{"@context":"https:\/\/schema.org","@graph":[{"@type":"WebPage","@id":"https:\/\/www.hotelexpressaosta.it\/fr\/","url":"https:\/\/www.hotelexpressaosta.it\/fr\/","name":"Hotel Express &#8211; Express Hotel Aosta","isPartOf":{"@id":"https:\/\/www.hotelexpressaosta.it\/fr\/#website"},"primaryImageOfPage":{"@id":"https:\/\/www.hotelexpressaosta.it\/fr\/#primaryimage"},"image":{"@id":"https:\/\/www.hotelexpressaosta.it\/fr\/#primaryimage"},"thumbnailUrl":"https:\/\/www.hotelexpressaosta.it\/wp-content\/uploads\/sites\/171\/2025\/12\/320-10pro.jpeg","datePublished":"2024-09-30T13:31:47+00:00","dateModified":"2025-01-07T17:23:54+00:00","description":"L'H\u00f4tel Express d'Aoste Est se distingue par sa position strat\u00e9gique, id\u00e9ale aussi bien pour les voyageurs d'affaires que pour ceux qui souhaitent d\u00e9couvrir les beaut\u00e9s de la Vall\u00e9e d'Aoste. Situ\u00e9 \u00e0 quelques minutes du centre historique et proche de la sortie d'autoroute, l'h\u00f4tel est le point de d\u00e9part id\u00e9al pour d\u00e9couvrir les stations de ski, les sentiers naturels et les suggestifs ch\u00e2teaux de la Vall\u00e9e d'Aoste. L'\u00e9tablissement propose des chambres modernes et confortables, toutes \u00e9quip\u00e9es de la climatisation, d'une t\u00e9l\u00e9vision \u00e0 \u00e9cran plat et d'une vue sur les montagnes environnantes","breadcrumb":{"@id":"https:\/\/www.hotelexpressaosta.it\/fr\/#breadcrumb"},"inLanguage":"fr-FR","potentialAction":[{"@type":"ReadAction","target":["https:\/\/www.hotelexpressaosta.it\/fr\/"]}]},{"@type":"ImageObject","inLanguage":"fr-FR","@id":"https:\/\/www.hotelexpressaosta.it\/fr\/#primaryimage","url":"https:\/\/www.hotelexpressaosta.it\/wp-content\/uploads\/sites\/171\/2025\/12\/320-10pro.jpeg","contentUrl":"https:\/\/www.hotelexpressaosta.it\/wp-content\/uploads\/sites\/171\/2025\/12\/320-10pro.jpeg","width":1594,"height":1200},{"@type":"BreadcrumbList","@id":"https:\/\/www.hotelexpressaosta.it\/fr\/#breadcrumb","itemListElement":[{"@type":"ListItem","position":1,"name":"Home","item":"https:\/\/www.hotelexpressaosta.it\/fr\/"},{"@type":"ListItem","position":2,"name":"Hotel Express"}]},{"@type":"WebSite","@id":"https:\/\/www.hotelexpressaosta.it\/fr\/#website","url":"https:\/\/www.hotelexpressaosta.it\/fr\/","name":"Express Hotel Aosta","description":"Express H\u00f4tel situ\u00e9 au c\u0153ur d'Aoste","publisher":{"@id":"https:\/\/www.hotelexpressaosta.it\/fr\/#organization"},"alternateName":"Express Hotel Aosta","potentialAction":[{"@type":"SearchAction","target":{"@type":"EntryPoint","urlTemplate":"https:\/\/www.hotelexpressaosta.it\/fr\/?s={search_term_string}"},"query-input":"required name=search_term_string"}],"inLanguage":"fr-FR"},{"@type":"Organization","@id":"https:\/\/www.hotelexpressaosta.it\/fr\/#organization","name":"Express Hotel Aosta","alternateName":"Express Hotel Aosta","url":"https:\/\/www.hotelexpressaosta.it\/fr\/","logo":{"@type":"ImageObject","inLanguage":"fr-FR","@id":"https:\/\/www.hotelexpressaosta.it\/fr\/#\/schema\/logo\/image\/","url":"https:\/\/www.hotelexpressaosta.it\/wp-content\/uploads\/sites\/171\/2024\/10\/1-logo-express.png","contentUrl":"https:\/\/www.hotelexpressaosta.it\/wp-content\/uploads\/sites\/171\/2024\/10\/1-logo-express.png","width":250,"height":77,"caption":"Express Hotel Aosta"},"image":{"@id":"https:\/\/www.hotelexpressaosta.it\/fr\/#\/schema\/logo\/image\/"},"sameAs":["https:\/\/www.facebook.com\/ExpressAosta","https:\/\/twitter.com\/hotelexpressao"]}]}},"acf":[],"_links":{"self":[{"href":"https:\/\/www.hotelexpressaosta.it\/fr\/wp-json\/wp\/v2\/pages\/766"}],"collection":[{"href":"https:\/\/www.hotelexpressaosta.it\/fr\/wp-json\/wp\/v2\/pages"}],"about":[{"href":"https:\/\/www.hotelexpressaosta.it\/fr\/wp-json\/wp\/v2\/types\/page"}],"author":[{"embeddable":true,"href":"https:\/\/www.hotelexpressaosta.it\/fr\/wp-json\/wp\/v2\/users\/12"}],"replies":[{"embeddable":true,"href":"https:\/\/www.hotelexpressaosta.it\/fr\/wp-json\/wp\/v2\/comments?post=766"}],"version-history":[{"count":0,"href":"https:\/\/www.hotelexpressaosta.it\/fr\/wp-json\/wp\/v2\/pages\/766\/revisions"}],"wp:featuredmedia":[{"embeddable":true,"href":"https:\/\/www.hotelexpressaosta.it\/fr\/wp-json\/wp\/v2\/media\/1326"}],"wp:attachment":[{"href":"https:\/\/www.hotelexpressaosta.it\/fr\/wp-json\/wp\/v2\/media?parent=766"}],"curies":[{"name":"wp","href":"https:\/\/api.w.org\/{rel}","templated":true}]}}